{"id":3485,"date":"2024-07-17T08:28:57","date_gmt":"2024-07-17T08:28:57","guid":{"rendered":"https:\/\/www.ceramicbasin.com\/?post_type=product&#038;p=3485"},"modified":"2024-11-02T03:38:54","modified_gmt":"2024-11-02T03:38:54","slug":"matte-wholesale-countertop-sinks","status":"publish","type":"product","link":"https:\/\/www.ceramicbasin.com\/fr\/produit\/matte-wholesale-countertop-sinks\/","title":{"rendered":"Double Color Wholesale Countertop Sinks With Matte Glazing (\u00e9viers de comptoir \u00e0 double couleur avec vitrage mat)"},"content":{"rendered":"<div class=\"wp-block-columns is-layout-flex wp-container-core-columns-is-layout-9d6595d7 wp-block-columns-is-layout-flex\">\n<div class=\"wp-block-column is-layout-flow wp-block-column-is-layout-flow\">\n<h2 class=\"wp-block-heading\">Premium Wholesale Countertop Sinks Caract\u00e9ristiques :<\/h2>\n\n\n\n<ul class=\"wp-block-list\">\n<li><strong>Conception cr\u00e9ative en deux couleurs : <\/strong>Ces \u00e9viers de comptoir en gros pr\u00e9sentent deux couleurs diff\u00e9rentes sur un seul bassin, apportant un impact visuel unique \u00e0 l'espace de la salle de bains et r\u00e9pondant aux besoins de conception personnalis\u00e9s.<\/li>\n\n\n\n<li><strong>Gla\u00e7ure mate exceptionnelle :<\/strong> Nos \u00e9viers de comptoir en gros adoptent un traitement de gla\u00e7age mat de haute qualit\u00e9, qui conf\u00e8re \u00e0 l'\u00e9vier une surface d\u00e9licate tout en \u00e9tant facile \u00e0 nettoyer et \u00e0 entretenir.<\/li>\n\n\n\n<li><strong>Service personnalis\u00e9 : <\/strong>Nos bassins mats en gros sont disponibles dans une vari\u00e9t\u00e9 de combinaisons de couleurs, et nous acceptons \u00e9galement les services personnalis\u00e9s. Nous pouvons ajuster la couleur et la taille en fonction des besoins sp\u00e9cifiques afin de garantir que le produit corresponde parfaitement \u00e0 votre concept de design.<\/li>\n\n\n\n<li><strong>Vente directe \u00e0 l'usine : <\/strong>HanYu ceramic basin factory vous fournit directement des lavabos de salle de bain de haute qualit\u00e9 \u00e0 un prix pr\u00e9f\u00e9rentiel pour vous aider \u00e0 contr\u00f4ler les co\u00fbts de votre projet.<\/li>\n<\/ul>\n<\/div>\n\n\n\n<div class=\"wp-block-column is-layout-flow wp-block-column-is-layout-flow\">\n<figure class=\"wp-block-image size-full\"><img fetchpriority=\"high\" decoding=\"async\" width=\"827\" height=\"1248\" src=\"https:\/\/www.ceramicbasin.com\/wp-content\/uploads\/2024\/07\/double-color-wholesale-bathroom-sinks-with-matte-glazing-6.webp\" alt=\"double-color-wholesale-countertop-sinks-with-matte-glazing\" class=\"wp-image-3491\" srcset=\"https:\/\/www.ceramicbasin.com\/wp-content\/uploads\/2024\/07\/double-color-wholesale-bathroom-sinks-with-matte-glazing-6.webp 827w, https:\/\/www.ceramicbasin.com\/wp-content\/uploads\/2024\/07\/double-color-wholesale-bathroom-sinks-with-matte-glazing-6-199x300.webp 199w, https:\/\/www.ceramicbasin.com\/wp-content\/uploads\/2024\/07\/double-color-wholesale-bathroom-sinks-with-matte-glazing-6-768x1159.webp 768w, https:\/\/www.ceramicbasin.com\/wp-content\/uploads\/2024\/07\/double-color-wholesale-bathroom-sinks-with-matte-glazing-6-8x12.webp 8w, https:\/\/www.ceramicbasin.com\/wp-content\/uploads\/2024\/07\/double-color-wholesale-bathroom-sinks-with-matte-glazing-6-285x430.webp 285w, https:\/\/www.ceramicbasin.com\/wp-content\/uploads\/2024\/07\/double-color-wholesale-bathroom-sinks-with-matte-glazing-6-437x660.webp 437w, https:\/\/www.ceramicbasin.com\/wp-content\/uploads\/2024\/07\/double-color-wholesale-bathroom-sinks-with-matte-glazing-6-99x150.webp 99w\" sizes=\"(max-width: 827px) 100vw, 827px\" \/><\/figure>\n<\/div>\n<\/div>","protected":false},"excerpt":{"rendered":"<p>Bienvenue \u00e0 l'achat de vasques en c\u00e9ramique. Gr\u00e2ce \u00e0 leur design unique et \u00e0 leur excellente qualit\u00e9 de fabrication, nos \u00e9viers \u00e0 poser bicolores mats sont devenus un choix populaire pour la d\u00e9coration des salles de bains modernes. L'\u00e9mail mat rehausse le toucher et l'aspect de l'\u00e9vier, et le design bicolore rompt avec la limitation traditionnelle d'une seule couleur, rendant l'espace de la salle de bain plein de vitalit\u00e9 et de cr\u00e9ativit\u00e9.<\/p>\n<table style=\"border-collapse: collapse; width: 311.02pt;\" border=\"0\" width=\"311\" cellspacing=\"0\" cellpadding=\"0\">\n<tbody>\n<tr style=\"height: 17.60pt;\">\n<td class=\"et3\" style=\"height: 17.60pt; width: 108.35pt;\" width=\"108\" height=\"17\">Fabricant<\/td>\n<td class=\"et3\" style=\"width: 202.95pt;\" width=\"202\">HanYu<\/td>\n<\/tr>\n<tr style=\"height: 17.60pt;\">\n<td class=\"et3\" style=\"height: 17.60pt;\" height=\"17\">Num\u00e9ro de mod\u00e8le.<\/td>\n<td class=\"et4\">HY5006WB<\/td>\n<\/tr>\n<tr style=\"height: 18.00pt;\">\n<td class=\"et3\" style=\"height: 18.00pt;\" height=\"18\">Type<\/td>\n<td class=\"et5\" style=\"width: 202.95pt;\" width=\"202\">Cuvette mate, cuvette de comptoir<\/td>\n<\/tr>\n<tr style=\"height: 17.60pt;\">\n<td class=\"et3\" style=\"height: 17.60pt;\" height=\"17\">Forme<\/td>\n<td class=\"et3\">Forme ovale<\/td>\n<\/tr>\n<tr style=\"height: 36.00pt;\">\n<td class=\"et4\" style=\"height: 36.00pt;\" height=\"36\">Couleur<\/td>\n<td class=\"et5\" style=\"width: 202.95pt;\" width=\"202\">Noir\/Blanc\/Bleu\/Gris\/Rose\/Vert\/Marron\/Kaki......<\/td>\n<\/tr>\n<tr style=\"height: 18.00pt;\">\n<td class=\"et3\" style=\"height: 18.00pt;\" height=\"18\">Dimension<\/td>\n<td class=\"et5\" style=\"width: 202.95pt;\" width=\"202\">59*42*14<\/td>\n<\/tr>\n<tr style=\"height: 17.60pt;\">\n<td class=\"et3\" style=\"height: 17.60pt;\" height=\"17\">N.W \/SET<\/td>\n<td class=\"et3\">9.5KGS\/PCS<\/td>\n<\/tr>\n<tr style=\"height: 17.60pt;\">\n<td class=\"et3\" style=\"height: 17.60pt;\" height=\"17\">MOQ<\/td>\n<td class=\"et3\">20pcs<\/td>\n<\/tr>\n<tr style=\"height: 17.60pt;\">\n<td class=\"et3\" style=\"height: 17.60pt;\" height=\"17\">Option personnalis\u00e9e<\/td>\n<td class=\"et3\">Couleur\/Pattenue\/Taille\/Logo\/Emballage<\/td>\n<\/tr>\n<\/tbody>\n<\/table>","protected":false},"featured_media":3487,"comment_status":"closed","ping_status":"closed","template":"","meta":{"_acf_changed":false},"product_brand":[],"product_cat":[55,50],"product_tag":[],"class_list":{"0":"post-3485","1":"product","2":"type-product","3":"status-publish","4":"has-post-thumbnail","6":"product_cat-wholesale-matte-sinks","7":"product_cat-wholesale-countertop-sinks","9":"first","10":"instock","11":"shipping-taxable","12":"product-type-simple"},"acf":[],"_links":{"self":[{"href":"https:\/\/www.ceramicbasin.com\/fr\/wp-json\/wp\/v2\/product\/3485","targetHints":{"allow":["GET"]}}],"collection":[{"href":"https:\/\/www.ceramicbasin.com\/fr\/wp-json\/wp\/v2\/product"}],"about":[{"href":"https:\/\/www.ceramicbasin.com\/fr\/wp-json\/wp\/v2\/types\/product"}],"replies":[{"embeddable":true,"href":"https:\/\/www.ceramicbasin.com\/fr\/wp-json\/wp\/v2\/comments?post=3485"}],"wp:featuredmedia":[{"embeddable":true,"href":"https:\/\/www.ceramicbasin.com\/fr\/wp-json\/wp\/v2\/media\/3487"}],"wp:attachment":[{"href":"https:\/\/www.ceramicbasin.com\/fr\/wp-json\/wp\/v2\/media?parent=3485"}],"wp:term":[{"taxonomy":"product_brand","embeddable":true,"href":"https:\/\/www.ceramicbasin.com\/fr\/wp-json\/wp\/v2\/product_brand?post=3485"},{"taxonomy":"product_cat","embeddable":true,"href":"https:\/\/www.ceramicbasin.com\/fr\/wp-json\/wp\/v2\/product_cat?post=3485"},{"taxonomy":"product_tag","embeddable":true,"href":"https:\/\/www.ceramicbasin.com\/fr\/wp-json\/wp\/v2\/product_tag?post=3485"}],"curies":[{"name":"wp","href":"https:\/\/api.w.org\/{rel}","templated":true}]}}