{"id":3493,"date":"2024-07-17T08:41:50","date_gmt":"2024-07-17T08:41:50","guid":{"rendered":"https:\/\/www.ceramicbasin.com\/?post_type=product&#038;p=3493"},"modified":"2024-11-02T03:36:53","modified_gmt":"2024-11-02T03:36:53","slug":"matte-countertop-sink-wholesale","status":"publish","type":"product","link":"https:\/\/www.ceramicbasin.com\/fr\/produit\/matte-countertop-sink-wholesale\/","title":{"rendered":"\u00c9vier de comptoir moderne en porcelaine avec gla\u00e7ure mate"},"content":{"rendered":"<div class=\"wp-block-columns is-layout-flex wp-container-core-columns-is-layout-9d6595d7 wp-block-columns-is-layout-flex\">\n<div class=\"wp-block-column is-layout-flow wp-block-column-is-layout-flow\">\n<h2 class=\"wp-block-heading\">Premium Countertop Sink Wholesale Caract\u00e9ristiques :<\/h2>\n\n\n\n<ul class=\"wp-block-list\">\n<li><strong>Style moderne et minimaliste :<\/strong> Notre \u00e9vier en porcelaine pour comptoir utilise des lignes \u00e9pur\u00e9es et un langage de conception moderne pour apporter une atmosph\u00e8re \u00e9l\u00e9gante et styl\u00e9e \u00e0 toute salle de bains.<\/li>\n\n\n\n<li><strong>Gla\u00e7age mat d\u00e9licat : <\/strong>La d\u00e9licate couche de gla\u00e7ure mate recouvre ce bassin en c\u00e9ramique en gros, le faisant se noyer dans le luxe. Le traitement de l'\u00e9mail mat am\u00e9liore non seulement l'effet visuel de notre \u00e9vier en gros, mais aussi sa surface, ce qui le rend plus facile \u00e0 nettoyer et \u00e0 entretenir.<\/li>\n\n\n\n<li><strong>Excellente performance : <\/strong>Nos \u00e9viers de comptoir en porcelaine sont fabriqu\u00e9s \u00e0 partir de mat\u00e9riaux c\u00e9ramiques de haute qualit\u00e9, ce qui leur conf\u00e8re une excellente durabilit\u00e9 et une grande r\u00e9sistance aux rayures et leur permet de rester en bon \u00e9tat m\u00eame apr\u00e8s une longue p\u00e9riode d'utilisation.<\/li>\n\n\n\n<li><strong>R\u00e9duction des co\u00fbts : <\/strong>Notre \u00e9vier de comptoir en gros allie un design esth\u00e9tique simple \u00e0 une fonctionnalit\u00e9 pratique, un choix id\u00e9al pour les salles de bains \u00e9l\u00e9gantes. Vente en gros d'\u00e9viers de salle de bain \u00e0 des prix raisonnables, et livraison rapide pour r\u00e9pondre aux besoins des grosses commandes tout en garantissant la qualit\u00e9 du produit.<\/li>\n<\/ul>\n<\/div>\n\n\n\n<div class=\"wp-block-column is-layout-flow wp-block-column-is-layout-flow\">\n<figure class=\"wp-block-image size-full\"><img fetchpriority=\"high\" decoding=\"async\" width=\"827\" height=\"1224\" src=\"https:\/\/www.ceramicbasin.com\/wp-content\/uploads\/2024\/07\/modern-porcelain-countertop-sink-wholesale-with-matte-glaze-6.webp\" alt=\"modern-porcelain-countertop-sink-wholesale-with-matte-glaze-6\" class=\"wp-image-3499\" srcset=\"https:\/\/www.ceramicbasin.com\/wp-content\/uploads\/2024\/07\/modern-porcelain-countertop-sink-wholesale-with-matte-glaze-6.webp 827w, https:\/\/www.ceramicbasin.com\/wp-content\/uploads\/2024\/07\/modern-porcelain-countertop-sink-wholesale-with-matte-glaze-6-203x300.webp 203w, https:\/\/www.ceramicbasin.com\/wp-content\/uploads\/2024\/07\/modern-porcelain-countertop-sink-wholesale-with-matte-glaze-6-768x1137.webp 768w, https:\/\/www.ceramicbasin.com\/wp-content\/uploads\/2024\/07\/modern-porcelain-countertop-sink-wholesale-with-matte-glaze-6-8x12.webp 8w, https:\/\/www.ceramicbasin.com\/wp-content\/uploads\/2024\/07\/modern-porcelain-countertop-sink-wholesale-with-matte-glaze-6-285x422.webp 285w, https:\/\/www.ceramicbasin.com\/wp-content\/uploads\/2024\/07\/modern-porcelain-countertop-sink-wholesale-with-matte-glaze-6-446x660.webp 446w, https:\/\/www.ceramicbasin.com\/wp-content\/uploads\/2024\/07\/modern-porcelain-countertop-sink-wholesale-with-matte-glaze-6-101x150.webp 101w\" sizes=\"(max-width: 827px) 100vw, 827px\" \/><\/figure>\n<\/div>\n<\/div>","protected":false},"excerpt":{"rendered":"<p>Bienvenue pour l'achat de lavabos en c\u00e9ramique. Notre \u00e9vier de comptoir en porcelaine est parfait pour une salle de bain de bon go\u00fbt, il allie l'esth\u00e9tique d'un design simple \u00e0 une fonctionnalit\u00e9 pratique. Le traitement de gla\u00e7age mat am\u00e9liore non seulement l'effet visuel de l'\u00e9vier, mais rend \u00e9galement sa surface beaucoup plus facile \u00e0 nettoyer et \u00e0 entretenir.<\/p>\n<table style=\"border-collapse: collapse; width: 311.02pt;\" border=\"0\" width=\"311\" cellspacing=\"0\" cellpadding=\"0\">\n<tbody>\n<tr style=\"height: 17.60pt;\">\n<td class=\"et3\" style=\"height: 17.60pt; width: 108.35pt;\" width=\"108\" height=\"17\">Fabricant<\/td>\n<td class=\"et3\" style=\"width: 202.95pt;\" width=\"202\">HanYu<\/td>\n<\/tr>\n<tr style=\"height: 17.60pt;\">\n<td class=\"et3\" style=\"height: 17.60pt;\" height=\"17\">Num\u00e9ro de mod\u00e8le.<\/td>\n<td class=\"et4\">HY8018AMW<\/td>\n<\/tr>\n<tr style=\"height: 18.00pt;\">\n<td class=\"et3\" style=\"height: 18.00pt;\" height=\"18\">Type<\/td>\n<td class=\"et5\" style=\"width: 202.95pt;\" width=\"202\">Cuvette mate, cuvette de comptoir<\/td>\n<\/tr>\n<tr style=\"height: 17.60pt;\">\n<td class=\"et3\" style=\"height: 17.60pt;\" height=\"17\">Forme<\/td>\n<td class=\"et3\">Forme rectangulaire<\/td>\n<\/tr>\n<tr style=\"height: 36.00pt;\">\n<td class=\"et4\" style=\"height: 36.00pt;\" height=\"36\">Couleur<\/td>\n<td class=\"et5\" style=\"width: 202.95pt;\" width=\"202\">Noir\/Blanc\/Bleu\/Gris\/Rose\/Vert\/Marron\/Kaki......<\/td>\n<\/tr>\n<tr style=\"height: 18.00pt;\">\n<td class=\"et3\" style=\"height: 18.00pt;\" height=\"18\">Dimension<\/td>\n<td class=\"et5\" style=\"width: 202.95pt;\" width=\"202\">46*32*13.5<\/td>\n<\/tr>\n<tr style=\"height: 17.60pt;\">\n<td class=\"et3\" style=\"height: 17.60pt;\" height=\"17\">N.W \/SET<\/td>\n<td class=\"et3\">8.5KGS\/PCS<\/td>\n<\/tr>\n<tr style=\"height: 17.60pt;\">\n<td class=\"et3\" style=\"height: 17.60pt;\" height=\"17\">MOQ<\/td>\n<td class=\"et3\">20pcs<\/td>\n<\/tr>\n<tr style=\"height: 17.60pt;\">\n<td class=\"et3\" style=\"height: 17.60pt;\" height=\"17\">Option personnalis\u00e9e<\/td>\n<td class=\"et3\">Couleur\/Pattenue\/Taille\/Logo\/Emballage<\/td>\n<\/tr>\n<\/tbody>\n<\/table>","protected":false},"featured_media":3498,"comment_status":"closed","ping_status":"closed","template":"","meta":{"_acf_changed":false},"product_brand":[],"product_cat":[55,50],"product_tag":[],"class_list":{"0":"post-3493","1":"product","2":"type-product","3":"status-publish","4":"has-post-thumbnail","6":"product_cat-wholesale-matte-sinks","7":"product_cat-wholesale-countertop-sinks","9":"first","10":"instock","11":"shipping-taxable","12":"product-type-simple"},"acf":[],"_links":{"self":[{"href":"https:\/\/www.ceramicbasin.com\/fr\/wp-json\/wp\/v2\/product\/3493","targetHints":{"allow":["GET"]}}],"collection":[{"href":"https:\/\/www.ceramicbasin.com\/fr\/wp-json\/wp\/v2\/product"}],"about":[{"href":"https:\/\/www.ceramicbasin.com\/fr\/wp-json\/wp\/v2\/types\/product"}],"replies":[{"embeddable":true,"href":"https:\/\/www.ceramicbasin.com\/fr\/wp-json\/wp\/v2\/comments?post=3493"}],"wp:featuredmedia":[{"embeddable":true,"href":"https:\/\/www.ceramicbasin.com\/fr\/wp-json\/wp\/v2\/media\/3498"}],"wp:attachment":[{"href":"https:\/\/www.ceramicbasin.com\/fr\/wp-json\/wp\/v2\/media?parent=3493"}],"wp:term":[{"taxonomy":"product_brand","embeddable":true,"href":"https:\/\/www.ceramicbasin.com\/fr\/wp-json\/wp\/v2\/product_brand?post=3493"},{"taxonomy":"product_cat","embeddable":true,"href":"https:\/\/www.ceramicbasin.com\/fr\/wp-json\/wp\/v2\/product_cat?post=3493"},{"taxonomy":"product_tag","embeddable":true,"href":"https:\/\/www.ceramicbasin.com\/fr\/wp-json\/wp\/v2\/product_tag?post=3493"}],"curies":[{"name":"wp","href":"https:\/\/api.w.org\/{rel}","templated":true}]}}