{"id":3502,"date":"2024-07-17T08:55:34","date_gmt":"2024-07-17T08:55:34","guid":{"rendered":"https:\/\/www.ceramicbasin.com\/?post_type=product&#038;p=3502"},"modified":"2024-11-02T03:32:00","modified_gmt":"2024-11-02T03:32:00","slug":"small-matt-basins-wholesale","status":"publish","type":"product","link":"https:\/\/www.ceramicbasin.com\/fr\/produit\/small-matt-basins-wholesale\/","title":{"rendered":"Petits bacs Matt suspendus Wholesale, Compact Vessel Sinks"},"content":{"rendered":"<div class=\"wp-block-columns is-layout-flex wp-container-core-columns-is-layout-9d6595d7 wp-block-columns-is-layout-flex\">\n<div class=\"wp-block-column is-layout-flow wp-block-column-is-layout-flow\">\n<h2 class=\"wp-block-heading\">Petits bassins mats de qualit\u00e9 sup\u00e9rieure Caract\u00e9ristiques de la vente en gros :<\/h2>\n\n\n\n<ul class=\"wp-block-list\">\n<li><strong>Conception peu encombrante :<\/strong> Nos petits lavabos en gros sont sp\u00e9cialement con\u00e7us pour les salles de bains ou les salles d'eau compactes, avec une petite installation murale pour maximiser l'utilisation d'un espace limit\u00e9.<\/li>\n\n\n\n<li><strong>Texture mate : <\/strong>Le traitement de surface mat de ce lavabo mural en gros lui conf\u00e8re une touche de modernit\u00e9 et de d\u00e9licatesse. Facile \u00e0 nettoyer, il convient aux familles modernes adeptes d'un style minimaliste.<\/li>\n\n\n\n<li><strong>Mat\u00e9riaux c\u00e9ramiques de haute qualit\u00e9 : <\/strong>Nos petites vasques mates en gros sont fabriqu\u00e9es \u00e0 partir de mat\u00e9riaux c\u00e9ramiques de haute qualit\u00e9 afin de garantir une excellente durabilit\u00e9 et une r\u00e9sistance aux taches.<\/li>\n\n\n\n<li><strong>Remise sur les achats en gros : <\/strong>En tant que fabricant de lavabos de salle de bains, HanYu fournit \u00e0 ses clients des lavabos en c\u00e9ramique de haute qualit\u00e9 et \u00e0 des prix pr\u00e9f\u00e9rentiels afin de les aider \u00e0 r\u00e9duire leurs co\u00fbts d'approvisionnement.<\/li>\n<\/ul>\n<\/div>\n\n\n\n<div class=\"wp-block-column is-layout-flow wp-block-column-is-layout-flow\">\n<figure class=\"wp-block-image size-full\"><img fetchpriority=\"high\" decoding=\"async\" width=\"980\" height=\"1351\" src=\"https:\/\/www.ceramicbasin.com\/wp-content\/uploads\/2024\/07\/wall-mounted-small-matt-basins-wholesale-for-compact-space-6.webp\" alt=\"lavabos muraux-petits-matelas-en-gros-pour-espace-compact-6\" class=\"wp-image-3511\" srcset=\"https:\/\/www.ceramicbasin.com\/wp-content\/uploads\/2024\/07\/wall-mounted-small-matt-basins-wholesale-for-compact-space-6.webp 980w, https:\/\/www.ceramicbasin.com\/wp-content\/uploads\/2024\/07\/wall-mounted-small-matt-basins-wholesale-for-compact-space-6-218x300.webp 218w, https:\/\/www.ceramicbasin.com\/wp-content\/uploads\/2024\/07\/wall-mounted-small-matt-basins-wholesale-for-compact-space-6-768x1059.webp 768w, https:\/\/www.ceramicbasin.com\/wp-content\/uploads\/2024\/07\/wall-mounted-small-matt-basins-wholesale-for-compact-space-6-9x12.webp 9w, https:\/\/www.ceramicbasin.com\/wp-content\/uploads\/2024\/07\/wall-mounted-small-matt-basins-wholesale-for-compact-space-6-285x393.webp 285w, https:\/\/www.ceramicbasin.com\/wp-content\/uploads\/2024\/07\/wall-mounted-small-matt-basins-wholesale-for-compact-space-6-479x660.webp 479w, https:\/\/www.ceramicbasin.com\/wp-content\/uploads\/2024\/07\/wall-mounted-small-matt-basins-wholesale-for-compact-space-6-109x150.webp 109w\" sizes=\"(max-width: 980px) 100vw, 980px\" \/><\/figure>\n<\/div>\n<\/div>","protected":false},"excerpt":{"rendered":"<p>Bienvenue sur le site d'achat de lavabos. Nos petites vasques mates murales sont con\u00e7ues pour les salles de bains de petite taille. La surface mate a un toucher d\u00e9licat, garantissant que le bassin est \u00e0 la fois beau et durable. Nous offrons un large \u00e9ventail d'options de personnalisation et pouvons ajuster le design en fonction de vos besoins sp\u00e9cifiques.<\/p>\n<table style=\"border-collapse: collapse; width: 311.02pt;\" border=\"0\" width=\"311\" cellspacing=\"0\" cellpadding=\"0\">\n<tbody>\n<tr style=\"height: 17.60pt;\">\n<td class=\"et3\" style=\"height: 17.60pt; width: 108.35pt;\" width=\"108\" height=\"17\">Fabricant<\/td>\n<td class=\"et3\" style=\"width: 202.95pt;\" width=\"202\">HanYu<\/td>\n<\/tr>\n<tr style=\"height: 17.60pt;\">\n<td class=\"et3\" style=\"height: 17.60pt;\" height=\"17\">Num\u00e9ro de mod\u00e8le.<\/td>\n<td class=\"et4\">HY-3053ALMB<\/td>\n<\/tr>\n<tr style=\"height: 36.00pt;\">\n<td class=\"et3\" style=\"height: 36.00pt;\" height=\"36\">Type<\/td>\n<td class=\"et5\" style=\"width: 202.95pt;\" width=\"202\">Cuvette mate, Cuvette murale, Petite cuvette<\/td>\n<\/tr>\n<tr style=\"height: 17.60pt;\">\n<td class=\"et3\" style=\"height: 17.60pt;\" height=\"17\">Forme<\/td>\n<td class=\"et3\">Forme rectangulaire<\/td>\n<\/tr>\n<tr style=\"height: 36.00pt;\">\n<td class=\"et4\" style=\"height: 36.00pt;\" height=\"36\">Couleur<\/td>\n<td class=\"et5\" style=\"width: 202.95pt;\" width=\"202\">Noir\/Blanc\/Bleu\/Gris\/Rose\/Vert\/Marron\/Kaki......<\/td>\n<\/tr>\n<tr style=\"height: 18.00pt;\">\n<td class=\"et3\" style=\"height: 18.00pt;\" height=\"18\">Dimension<\/td>\n<td class=\"et5\" style=\"width: 202.95pt;\" width=\"202\">40*22*11<\/td>\n<\/tr>\n<tr style=\"height: 17.60pt;\">\n<td class=\"et3\" style=\"height: 17.60pt;\" height=\"17\">N.W \/SET<\/td>\n<td class=\"et3\">8KGS\/PCS<\/td>\n<\/tr>\n<tr style=\"height: 17.60pt;\">\n<td class=\"et3\" style=\"height: 17.60pt;\" height=\"17\">MOQ<\/td>\n<td class=\"et3\">20pcs<\/td>\n<\/tr>\n<tr style=\"height: 17.60pt;\">\n<td class=\"et3\" style=\"height: 17.60pt;\" height=\"17\">Option personnalis\u00e9e<\/td>\n<td class=\"et3\">Couleur\/Pattenue\/Taille\/Logo\/Emballage<\/td>\n<\/tr>\n<\/tbody>\n<\/table>","protected":false},"featured_media":3507,"comment_status":"closed","ping_status":"closed","template":"","meta":{"_acf_changed":false},"product_brand":[],"product_cat":[55,56],"product_tag":[],"class_list":{"0":"post-3502","1":"product","2":"type-product","3":"status-publish","4":"has-post-thumbnail","6":"product_cat-wholesale-matte-sinks","7":"product_cat-wholesale-small-bathroom-sinks","9":"first","10":"instock","11":"shipping-taxable","12":"product-type-simple"},"acf":[],"_links":{"self":[{"href":"https:\/\/www.ceramicbasin.com\/fr\/wp-json\/wp\/v2\/product\/3502","targetHints":{"allow":["GET"]}}],"collection":[{"href":"https:\/\/www.ceramicbasin.com\/fr\/wp-json\/wp\/v2\/product"}],"about":[{"href":"https:\/\/www.ceramicbasin.com\/fr\/wp-json\/wp\/v2\/types\/product"}],"replies":[{"embeddable":true,"href":"https:\/\/www.ceramicbasin.com\/fr\/wp-json\/wp\/v2\/comments?post=3502"}],"wp:featuredmedia":[{"embeddable":true,"href":"https:\/\/www.ceramicbasin.com\/fr\/wp-json\/wp\/v2\/media\/3507"}],"wp:attachment":[{"href":"https:\/\/www.ceramicbasin.com\/fr\/wp-json\/wp\/v2\/media?parent=3502"}],"wp:term":[{"taxonomy":"product_brand","embeddable":true,"href":"https:\/\/www.ceramicbasin.com\/fr\/wp-json\/wp\/v2\/product_brand?post=3502"},{"taxonomy":"product_cat","embeddable":true,"href":"https:\/\/www.ceramicbasin.com\/fr\/wp-json\/wp\/v2\/product_cat?post=3502"},{"taxonomy":"product_tag","embeddable":true,"href":"https:\/\/www.ceramicbasin.com\/fr\/wp-json\/wp\/v2\/product_tag?post=3502"}],"curies":[{"name":"wp","href":"https:\/\/api.w.org\/{rel}","templated":true}]}}