{"id":3523,"date":"2024-07-17T09:51:21","date_gmt":"2024-07-17T09:51:21","guid":{"rendered":"https:\/\/www.ceramicbasin.com\/?post_type=product&#038;p=3523"},"modified":"2025-10-23T09:14:10","modified_gmt":"2025-10-23T09:14:10","slug":"matte-rose-gold-sinks-bulk","status":"publish","type":"product","link":"https:\/\/www.ceramicbasin.com\/fr\/produit\/matte-rose-gold-sinks-bulk\/","title":{"rendered":"Lavabos or rose mat en vrac, vasques en c\u00e9ramique"},"content":{"rendered":"<div class=\"wp-block-columns is-layout-flex wp-container-core-columns-is-layout-9d6595d7 wp-block-columns-is-layout-flex\">\n<div class=\"wp-block-column is-layout-flow wp-block-column-is-layout-flow\">\n<h2 class=\"wp-block-heading\">Premium Matte Rose Gold Sinks Bulk Features :<\/h2>\n\n\n\n<ul class=\"wp-block-list\">\n<li><strong>Design moderne : <\/strong>La combinaison parfaite du concept de design moderne et de l'or rose mat de ce lavabo en gros apporte une double am\u00e9lioration de la mode et de l'art \u00e0 l'espace de la salle de bains.<\/li>\n\n\n\n<li><strong>Luxe et \u00e9l\u00e9gance : <\/strong>Le traitement de surface de ces lavabos en or rose mat conf\u00e8re \u00e0 l'\u00e9vier une beaut\u00e9 discr\u00e8te et luxueuse, ajoutant une touche d'\u00e9l\u00e9gance \u00e0 la salle de bains de luxe.<\/li>\n\n\n\n<li><strong>Durable et facile \u00e0 nettoyer : <\/strong>Nos \u00e9viers or rose mat en vrac utilisent des c\u00e9ramiques de haute qualit\u00e9 pour garantir la solidit\u00e9 et la durabilit\u00e9 de l'\u00e9vier, tandis que la surface mate est facile \u00e0 nettoyer et conserve une beaut\u00e9 durable.<\/li>\n\n\n\n<li><strong>Remise sur les achats en gros : <\/strong>Nous vous invitons \u00e0 acheter nos lavabos de salle de bains en gros pour vous assurer des produits de haute qualit\u00e9 \u00e0 un prix plus comp\u00e9titif. Ils conviennent aux grands projets ou aux installations en cha\u00eene.<\/li>\n<\/ul>\n<\/div>\n\n\n\n<div class=\"wp-block-column is-layout-flow wp-block-column-is-layout-flow\">\n<figure class=\"wp-block-image size-full\"><img fetchpriority=\"high\" decoding=\"async\" width=\"980\" height=\"1348\" src=\"https:\/\/www.ceramicbasin.com\/wp-content\/uploads\/2024\/07\/ceramic-matte-rose-gold-sinks-bulk-for-luxury-bathrooms-6.webp\" alt=\"lavabos en c\u00e9ramique-matte-rose-or-bulk-for-luxury-bathrooms-6\" class=\"wp-image-3531\" srcset=\"https:\/\/www.ceramicbasin.com\/wp-content\/uploads\/2024\/07\/ceramic-matte-rose-gold-sinks-bulk-for-luxury-bathrooms-6.webp 980w, https:\/\/www.ceramicbasin.com\/wp-content\/uploads\/2024\/07\/ceramic-matte-rose-gold-sinks-bulk-for-luxury-bathrooms-6-218x300.webp 218w, https:\/\/www.ceramicbasin.com\/wp-content\/uploads\/2024\/07\/ceramic-matte-rose-gold-sinks-bulk-for-luxury-bathrooms-6-768x1056.webp 768w, https:\/\/www.ceramicbasin.com\/wp-content\/uploads\/2024\/07\/ceramic-matte-rose-gold-sinks-bulk-for-luxury-bathrooms-6-9x12.webp 9w, https:\/\/www.ceramicbasin.com\/wp-content\/uploads\/2024\/07\/ceramic-matte-rose-gold-sinks-bulk-for-luxury-bathrooms-6-285x392.webp 285w, https:\/\/www.ceramicbasin.com\/wp-content\/uploads\/2024\/07\/ceramic-matte-rose-gold-sinks-bulk-for-luxury-bathrooms-6-480x660.webp 480w, https:\/\/www.ceramicbasin.com\/wp-content\/uploads\/2024\/07\/ceramic-matte-rose-gold-sinks-bulk-for-luxury-bathrooms-6-109x150.webp 109w\" sizes=\"(max-width: 980px) 100vw, 980px\" \/><\/figure>\n<\/div>\n<\/div>","protected":false},"excerpt":{"rendered":"<p>Bienvenue sur le site d'achat en gros de lavabos. Nos lavabos en vrac en or rose mat sont sp\u00e9cialement con\u00e7us pour les salles de bains luxueuses. Les finitions mates et or rose produisent un effet visuel extraordinaire. L'utilisation de mat\u00e9riaux c\u00e9ramiques de haute qualit\u00e9 garantit que l'\u00e9vier est robuste, durable et facile \u00e0 nettoyer.<\/p>\n<table style=\"border-collapse: collapse; width: 311.02pt;\" border=\"0\" width=\"311\" cellspacing=\"0\" cellpadding=\"0\">\n<tbody>\n<tr style=\"height: 17.60pt;\">\n<td class=\"et3\" style=\"height: 17.60pt; width: 108.35pt;\" width=\"108\" height=\"17\">Fabricant<\/td>\n<td class=\"et3\" style=\"width: 202.95pt;\" width=\"202\">HanYu<\/td>\n<\/tr>\n<tr style=\"height: 17.60pt;\">\n<td class=\"et3\" style=\"height: 17.60pt;\" height=\"17\">Num\u00e9ro de mod\u00e8le.<\/td>\n<td class=\"et4\">HY-8070MRS<\/td>\n<\/tr>\n<tr style=\"height: 36.00pt;\">\n<td class=\"et3\" style=\"height: 36.00pt;\" height=\"36\">Type<\/td>\n<td class=\"et5\" style=\"width: 202.95pt;\" width=\"202\">Cuvette galvanis\u00e9e, Cuvette mate, Cuvette de comptoir<\/td>\n<\/tr>\n<tr style=\"height: 17.60pt;\">\n<td class=\"et3\" style=\"height: 17.60pt;\" height=\"17\">Forme<\/td>\n<td class=\"et3\">Forme ronde<\/td>\n<\/tr>\n<tr style=\"height: 18.00pt;\">\n<td class=\"et4\" style=\"height: 18.00pt;\" height=\"18\">Couleur<\/td>\n<td class=\"et5\" style=\"width: 202.95pt;\" width=\"202\">Noir mat + or rose bross\u00e9<\/td>\n<\/tr>\n<tr style=\"height: 18.00pt;\">\n<td class=\"et3\" style=\"height: 18.00pt;\" height=\"18\">Dimension<\/td>\n<td class=\"et5\" style=\"width: 202.95pt;\" width=\"202\">36*36*12<\/td>\n<\/tr>\n<tr style=\"height: 17.60pt;\">\n<td class=\"et3\" style=\"height: 17.60pt;\" height=\"17\">N.W \/SET<\/td>\n<td class=\"et3\">8KGS\/PCS<\/td>\n<\/tr>\n<tr style=\"height: 17.60pt;\">\n<td class=\"et3\" style=\"height: 17.60pt;\" height=\"17\">MOQ<\/td>\n<td class=\"et3\">20pcs<\/td>\n<\/tr>\n<tr style=\"height: 17.60pt;\">\n<td class=\"et3\" style=\"height: 17.60pt;\" height=\"17\">Option personnalis\u00e9e<\/td>\n<td class=\"et3\">Couleur\/Pattenue\/Taille\/Logo\/Emballage<\/td>\n<\/tr>\n<\/tbody>\n<\/table>","protected":false},"featured_media":3525,"comment_status":"closed","ping_status":"closed","template":"","meta":{"_acf_changed":false},"product_brand":[],"product_cat":[55,50,53],"product_tag":[],"class_list":{"0":"post-3523","1":"product","2":"type-product","3":"status-publish","4":"has-post-thumbnail","6":"product_cat-wholesale-matte-sinks","7":"product_cat-wholesale-countertop-sinks","8":"product_cat-electroplated-bathroom-sinks","10":"first","11":"instock","12":"shipping-taxable","13":"product-type-simple"},"acf":[],"_links":{"self":[{"href":"https:\/\/www.ceramicbasin.com\/fr\/wp-json\/wp\/v2\/product\/3523","targetHints":{"allow":["GET"]}}],"collection":[{"href":"https:\/\/www.ceramicbasin.com\/fr\/wp-json\/wp\/v2\/product"}],"about":[{"href":"https:\/\/www.ceramicbasin.com\/fr\/wp-json\/wp\/v2\/types\/product"}],"replies":[{"embeddable":true,"href":"https:\/\/www.ceramicbasin.com\/fr\/wp-json\/wp\/v2\/comments?post=3523"}],"wp:featuredmedia":[{"embeddable":true,"href":"https:\/\/www.ceramicbasin.com\/fr\/wp-json\/wp\/v2\/media\/3525"}],"wp:attachment":[{"href":"https:\/\/www.ceramicbasin.com\/fr\/wp-json\/wp\/v2\/media?parent=3523"}],"wp:term":[{"taxonomy":"product_brand","embeddable":true,"href":"https:\/\/www.ceramicbasin.com\/fr\/wp-json\/wp\/v2\/product_brand?post=3523"},{"taxonomy":"product_cat","embeddable":true,"href":"https:\/\/www.ceramicbasin.com\/fr\/wp-json\/wp\/v2\/product_cat?post=3523"},{"taxonomy":"product_tag","embeddable":true,"href":"https:\/\/www.ceramicbasin.com\/fr\/wp-json\/wp\/v2\/product_tag?post=3523"}],"curies":[{"name":"wp","href":"https:\/\/api.w.org\/{rel}","templated":true}]}}