{"id":3892,"date":"2024-07-23T07:53:41","date_gmt":"2024-07-23T07:53:41","guid":{"rendered":"https:\/\/www.ceramicbasin.com\/?post_type=product&#038;p=3892"},"modified":"2024-12-06T09:22:17","modified_gmt":"2024-12-06T09:22:17","slug":"fancy-wholesale-white-basins","status":"publish","type":"product","link":"https:\/\/www.ceramicbasin.com\/fr\/produit\/fancy-wholesale-white-basins\/","title":{"rendered":"Wholesale White Basins With Gold Edge, Fancy Ceramic Sinks (\u00e9viers en c\u00e9ramique de fantaisie)"},"content":{"rendered":"<div class=\"wp-block-columns is-layout-flex wp-container-core-columns-is-layout-9d6595d7 wp-block-columns-is-layout-flex\">\n<div class=\"wp-block-column is-layout-flow wp-block-column-is-layout-flow\">\n<h2 class=\"wp-block-heading\">Premium Wholesale White Basins Caract\u00e9ristiques :<\/h2>\n\n\n\n<ul class=\"wp-block-list\">\n<li><strong>Bassin blanc pur avec des accents dor\u00e9s : <\/strong>Nos lavabos blancs en gros sont associ\u00e9s \u00e0 des bords dor\u00e9s pour cr\u00e9er une impression simple et luxueuse de l'effet visuel.<\/li>\n\n\n\n<li><strong>Am\u00e9liorer la mode pour l'espace : <\/strong>Notre lavabo de salle de bain personnalis\u00e9 avec des bords dor\u00e9s utilise des \u00e9l\u00e9ments de design modernes et des couleurs classiques, ce qui non seulement am\u00e9liore l'aspect pratique du lavabo, mais apporte \u00e9galement un sens de la mode dans l'espace de la salle de bain.<\/li>\n\n\n\n<li><strong>Facile \u00e0 entretenir : <\/strong>Ces bassins blancs en gros utilisent des mat\u00e9riaux de la plus haute qualit\u00e9 pour garantir que ce bassin est durable et facile \u00e0 nettoyer ; il peut conserver sa beaut\u00e9 apr\u00e8s une longue utilisation.<\/li>\n\n\n\n<li><strong>Rentable : <\/strong>En tant que fabricant d'\u00e9vier de salle de bain, nous pouvons offrir un prix de gros tr\u00e8s comp\u00e9titif pour l'\u00e9vier de salle de bain personnalis\u00e9 afin d'assurer un plaisir de haute qualit\u00e9 sans d\u00e9passer votre budget.<\/li>\n<\/ul>\n<\/div>\n\n\n\n<div class=\"wp-block-column is-layout-flow wp-block-column-is-layout-flow\">\n<figure class=\"wp-block-image size-full\"><img fetchpriority=\"high\" decoding=\"async\" width=\"827\" height=\"1208\" src=\"https:\/\/www.ceramicbasin.com\/wp-content\/uploads\/2024\/07\/buy-fancy-wholesale-white-basins-with-gold-edge-design-6.webp\" alt=\"buy-fancy-wholesale-white-basins-with-gold-edge-design-6\" class=\"wp-image-3898\" srcset=\"https:\/\/www.ceramicbasin.com\/wp-content\/uploads\/2024\/07\/buy-fancy-wholesale-white-basins-with-gold-edge-design-6.webp 827w, https:\/\/www.ceramicbasin.com\/wp-content\/uploads\/2024\/07\/buy-fancy-wholesale-white-basins-with-gold-edge-design-6-205x300.webp 205w, https:\/\/www.ceramicbasin.com\/wp-content\/uploads\/2024\/07\/buy-fancy-wholesale-white-basins-with-gold-edge-design-6-768x1122.webp 768w, https:\/\/www.ceramicbasin.com\/wp-content\/uploads\/2024\/07\/buy-fancy-wholesale-white-basins-with-gold-edge-design-6-8x12.webp 8w, https:\/\/www.ceramicbasin.com\/wp-content\/uploads\/2024\/07\/buy-fancy-wholesale-white-basins-with-gold-edge-design-6-285x416.webp 285w, https:\/\/www.ceramicbasin.com\/wp-content\/uploads\/2024\/07\/buy-fancy-wholesale-white-basins-with-gold-edge-design-6-452x660.webp 452w, https:\/\/www.ceramicbasin.com\/wp-content\/uploads\/2024\/07\/buy-fancy-wholesale-white-basins-with-gold-edge-design-6-103x150.webp 103w\" sizes=\"(max-width: 827px) 100vw, 827px\" \/><\/figure>\n<\/div>\n<\/div>","protected":false},"excerpt":{"rendered":"<p>Bienvenue dans le domaine des lavabos de salle de bains sur mesure. En raison de leur aspect \u00e9l\u00e9gant et de leur excellent rapport qualit\u00e9-prix, nos lavabos blancs \u00e0 bordures dor\u00e9es sont devenus le choix id\u00e9al pour la d\u00e9coration des salles de bains de luxe. La parfaite ad\u00e9quation entre le corps blanc et le bord dor\u00e9 fait ressortir la beaut\u00e9 de la simplicit\u00e9 sans perdre les d\u00e9tails luxueux.<\/p>\n<table style=\"border-collapse: collapse; width: 311.02pt;\" border=\"0\" width=\"311\" cellspacing=\"0\" cellpadding=\"0\">\n<tbody>\n<tr style=\"height: 17.60pt;\">\n<td class=\"et3\" style=\"height: 17.60pt; width: 108.35pt;\" width=\"108\" height=\"17\">Fabricant<\/td>\n<td class=\"et3\" style=\"width: 202.95pt;\" width=\"202\">HanYu<\/td>\n<\/tr>\n<tr style=\"height: 17.60pt;\">\n<td class=\"et3\" style=\"height: 17.60pt;\" height=\"17\">Num\u00e9ro de mod\u00e8le.<\/td>\n<td class=\"et4\">HY-8030GL<\/td>\n<\/tr>\n<tr style=\"height: 36.00pt;\">\n<td class=\"et3\" style=\"height: 36.00pt;\" height=\"36\">Type<\/td>\n<td class=\"et5\" style=\"width: 202.95pt;\" width=\"202\">Cuvette galvanis\u00e9e, Cuvette de comptoir<\/td>\n<\/tr>\n<tr style=\"height: 17.60pt;\">\n<td class=\"et3\" style=\"height: 17.60pt;\" height=\"17\">Forme<\/td>\n<td class=\"et3\">Forme rectangulaire<\/td>\n<\/tr>\n<tr style=\"height: 18.00pt;\">\n<td class=\"et4\" style=\"height: 18.00pt;\" height=\"18\">Couleur<\/td>\n<td class=\"et5\" style=\"width: 202.95pt;\" width=\"202\">Bordure blanche + or<\/td>\n<\/tr>\n<tr style=\"height: 18.00pt;\">\n<td class=\"et3\" style=\"height: 18.00pt;\" height=\"18\">Dimension<\/td>\n<td class=\"et5\" style=\"width: 202.95pt;\" width=\"202\">62*35*11<\/td>\n<\/tr>\n<tr style=\"height: 17.60pt;\">\n<td class=\"et3\" style=\"height: 17.60pt;\" height=\"17\">N.W \/SET<\/td>\n<td class=\"et3\">10KGS\/PCS<\/td>\n<\/tr>\n<tr style=\"height: 17.60pt;\">\n<td class=\"et3\" style=\"height: 17.60pt;\" height=\"17\">MOQ<\/td>\n<td class=\"et3\">20pcs<\/td>\n<\/tr>\n<tr style=\"height: 17.60pt;\">\n<td class=\"et3\" style=\"height: 17.60pt;\" height=\"17\">Option personnalis\u00e9e<\/td>\n<td class=\"et3\">Couleur\/Pattenue\/Taille\/Logo\/Emballage<\/td>\n<\/tr>\n<\/tbody>\n<\/table>","protected":false},"featured_media":3896,"comment_status":"closed","ping_status":"closed","template":"","meta":{"_acf_changed":false},"product_brand":[],"product_cat":[53,50],"product_tag":[],"class_list":{"0":"post-3892","1":"product","2":"type-product","3":"status-publish","4":"has-post-thumbnail","6":"product_cat-electroplated-bathroom-sinks","7":"product_cat-wholesale-countertop-sinks","9":"first","10":"instock","11":"shipping-taxable","12":"product-type-simple"},"acf":[],"_links":{"self":[{"href":"https:\/\/www.ceramicbasin.com\/fr\/wp-json\/wp\/v2\/product\/3892","targetHints":{"allow":["GET"]}}],"collection":[{"href":"https:\/\/www.ceramicbasin.com\/fr\/wp-json\/wp\/v2\/product"}],"about":[{"href":"https:\/\/www.ceramicbasin.com\/fr\/wp-json\/wp\/v2\/types\/product"}],"replies":[{"embeddable":true,"href":"https:\/\/www.ceramicbasin.com\/fr\/wp-json\/wp\/v2\/comments?post=3892"}],"wp:featuredmedia":[{"embeddable":true,"href":"https:\/\/www.ceramicbasin.com\/fr\/wp-json\/wp\/v2\/media\/3896"}],"wp:attachment":[{"href":"https:\/\/www.ceramicbasin.com\/fr\/wp-json\/wp\/v2\/media?parent=3892"}],"wp:term":[{"taxonomy":"product_brand","embeddable":true,"href":"https:\/\/www.ceramicbasin.com\/fr\/wp-json\/wp\/v2\/product_brand?post=3892"},{"taxonomy":"product_cat","embeddable":true,"href":"https:\/\/www.ceramicbasin.com\/fr\/wp-json\/wp\/v2\/product_cat?post=3892"},{"taxonomy":"product_tag","embeddable":true,"href":"https:\/\/www.ceramicbasin.com\/fr\/wp-json\/wp\/v2\/product_tag?post=3892"}],"curies":[{"name":"wp","href":"https:\/\/api.w.org\/{rel}","templated":true}]}}