{"id":3899,"date":"2024-07-23T08:07:18","date_gmt":"2024-07-23T08:07:18","guid":{"rendered":"https:\/\/www.ceramicbasin.com\/?post_type=product&#038;p=3899"},"modified":"2025-10-23T09:42:27","modified_gmt":"2025-10-23T09:42:27","slug":"wholesale-white-silver-basins","status":"publish","type":"product","link":"https:\/\/www.ceramicbasin.com\/fr\/produit\/wholesale-white-silver-basins\/","title":{"rendered":"Wholesale White Silver Basins, Luxury Above Counter Sinks (lavabos de luxe au-dessus du comptoir)"},"content":{"rendered":"<div class=\"wp-block-columns is-layout-flex wp-container-core-columns-is-layout-9d6595d7 wp-block-columns-is-layout-flex\">\n<div class=\"wp-block-column is-layout-flow wp-block-column-is-layout-flow\">\n<h2 class=\"wp-block-heading\">Premium Wholesale White Silver Basins Caract\u00e9ristiques :<\/h2>\n\n\n\n<ul class=\"wp-block-list\">\n<li><strong>Esth\u00e9tique moderne : <\/strong>Ces lavabos de salle de bains en c\u00e9ramique de marque Factory Wholesale utilisent une combinaison astucieuse de blanc et d'argent pour cr\u00e9er un effet visuel simple et moderne, apportant un sens unique du design \u00e0 l'espace de la salle de bains.<\/li>\n\n\n\n<li><strong>Bonne durabilit\u00e9 : <\/strong>Nos bassins en gros en argent blanc sont fabriqu\u00e9s en c\u00e9ramique de haute qualit\u00e9, associ\u00e9e \u00e0 une technologie de galvanoplastie, afin de garantir que les bassins sont robustes et durables, avec une surface lisse et facile \u00e0 nettoyer.<\/li>\n\n\n\n<li><strong>Optimisation de l'espace :<\/strong> Ces vasques en argent blanc sont con\u00e7ues pour \u00eatre install\u00e9es au-dessus du plan de travail, ce qui permet non seulement de gagner de la place, mais aussi de faciliter l'utilisation et le nettoyage quotidiens, am\u00e9liorant ainsi la praticit\u00e9 et la beaut\u00e9 de l'ensemble de la salle de bains.<\/li>\n\n\n\n<li><strong>Service sur mesure : <\/strong>Nous fournissons un service personnalis\u00e9 pour les \u00e9viers de salle de bain en c\u00e9ramique en gros pour les projets \u00e0 grande \u00e9chelle, qu'il s'agisse d'une taille, d'une couleur, d'une forme ou d'une direction de trou d'\u00e9vier personnalis\u00e9es.<\/li>\n<\/ul>\n<\/div>\n\n\n\n<div class=\"wp-block-column is-layout-flow wp-block-column-is-layout-flow\">\n<figure class=\"wp-block-image size-full\"><img fetchpriority=\"high\" decoding=\"async\" width=\"827\" height=\"1232\" src=\"https:\/\/www.ceramicbasin.com\/wp-content\/uploads\/2024\/07\/buy-unique-wholesale-white-silver-basins-above-counter-sinks-6.webp\" alt=\"buy-unique-wholesale-white-silver-basins-above-counter-sinks-6\" class=\"wp-image-3905\" srcset=\"https:\/\/www.ceramicbasin.com\/wp-content\/uploads\/2024\/07\/buy-unique-wholesale-white-silver-basins-above-counter-sinks-6.webp 827w, https:\/\/www.ceramicbasin.com\/wp-content\/uploads\/2024\/07\/buy-unique-wholesale-white-silver-basins-above-counter-sinks-6-201x300.webp 201w, https:\/\/www.ceramicbasin.com\/wp-content\/uploads\/2024\/07\/buy-unique-wholesale-white-silver-basins-above-counter-sinks-6-768x1144.webp 768w, https:\/\/www.ceramicbasin.com\/wp-content\/uploads\/2024\/07\/buy-unique-wholesale-white-silver-basins-above-counter-sinks-6-8x12.webp 8w, https:\/\/www.ceramicbasin.com\/wp-content\/uploads\/2024\/07\/buy-unique-wholesale-white-silver-basins-above-counter-sinks-6-285x425.webp 285w, https:\/\/www.ceramicbasin.com\/wp-content\/uploads\/2024\/07\/buy-unique-wholesale-white-silver-basins-above-counter-sinks-6-443x660.webp 443w, https:\/\/www.ceramicbasin.com\/wp-content\/uploads\/2024\/07\/buy-unique-wholesale-white-silver-basins-above-counter-sinks-6-101x150.webp 101w\" sizes=\"(max-width: 827px) 100vw, 827px\" \/><\/figure>\n<\/div>\n<\/div>","protected":false},"excerpt":{"rendered":"<p>Bienvenue dans l'achat en gros de lavabos de salle de bains. Nos lavabos blancs argent\u00e9s en gros combinent un design unique avec des fonctions pratiques, fournissant une solution parfaite pour les espaces de salle de bain modernes. La combinaison du blanc et de l'argent s'int\u00e8gre facilement dans diff\u00e9rents styles de d\u00e9coration.<\/p>\n<table style=\"border-collapse: collapse; width: 311.02pt;\" border=\"0\" width=\"311\" cellspacing=\"0\" cellpadding=\"0\">\n<tbody>\n<tr style=\"height: 17.60pt;\">\n<td class=\"et3\" style=\"height: 17.60pt; width: 108.35pt;\" width=\"108\" height=\"17\">Fabricant<\/td>\n<td class=\"et3\" style=\"width: 202.95pt;\" width=\"202\">HanYu<\/td>\n<\/tr>\n<tr style=\"height: 17.60pt;\">\n<td class=\"et3\" style=\"height: 17.60pt;\" height=\"17\">Num\u00e9ro de mod\u00e8le.<\/td>\n<td class=\"et4\">HY-8025SY<\/td>\n<\/tr>\n<tr style=\"height: 36.00pt;\">\n<td class=\"et3\" style=\"height: 36.00pt;\" height=\"36\">Type<\/td>\n<td class=\"et5\" style=\"width: 202.95pt;\" width=\"202\">Cuvette galvanis\u00e9e, Cuvette de comptoir<\/td>\n<\/tr>\n<tr style=\"height: 17.60pt;\">\n<td class=\"et3\" style=\"height: 17.60pt;\" height=\"17\">Forme<\/td>\n<td class=\"et3\">Forme rectangulaire<\/td>\n<\/tr>\n<tr style=\"height: 18.00pt;\">\n<td class=\"et4\" style=\"height: 18.00pt;\" height=\"18\">Couleur<\/td>\n<td class=\"et5\" style=\"width: 202.95pt;\" width=\"202\">Blanc + argent<\/td>\n<\/tr>\n<tr style=\"height: 18.00pt;\">\n<td class=\"et3\" style=\"height: 18.00pt;\" height=\"18\">Dimension<\/td>\n<td class=\"et5\" style=\"width: 202.95pt;\" width=\"202\">39*39*14<\/td>\n<\/tr>\n<tr style=\"height: 17.60pt;\">\n<td class=\"et3\" style=\"height: 17.60pt;\" height=\"17\">N.W \/SET<\/td>\n<td class=\"et3\">8KGS\/PCS<\/td>\n<\/tr>\n<tr style=\"height: 17.60pt;\">\n<td class=\"et3\" style=\"height: 17.60pt;\" height=\"17\">MOQ<\/td>\n<td class=\"et3\">20pcs<\/td>\n<\/tr>\n<tr style=\"height: 17.60pt;\">\n<td class=\"et3\" style=\"height: 17.60pt;\" height=\"17\">Option personnalis\u00e9e<\/td>\n<td class=\"et3\">Couleur\/Pattenue\/Taille\/Logo\/Emballage<\/td>\n<\/tr>\n<\/tbody>\n<\/table>","protected":false},"featured_media":3901,"comment_status":"closed","ping_status":"closed","template":"","meta":{"_acf_changed":false},"product_brand":[],"product_cat":[53,50],"product_tag":[],"class_list":{"0":"post-3899","1":"product","2":"type-product","3":"status-publish","4":"has-post-thumbnail","6":"product_cat-electroplated-bathroom-sinks","7":"product_cat-wholesale-countertop-sinks","9":"first","10":"instock","11":"shipping-taxable","12":"product-type-simple"},"acf":[],"_links":{"self":[{"href":"https:\/\/www.ceramicbasin.com\/fr\/wp-json\/wp\/v2\/product\/3899","targetHints":{"allow":["GET"]}}],"collection":[{"href":"https:\/\/www.ceramicbasin.com\/fr\/wp-json\/wp\/v2\/product"}],"about":[{"href":"https:\/\/www.ceramicbasin.com\/fr\/wp-json\/wp\/v2\/types\/product"}],"replies":[{"embeddable":true,"href":"https:\/\/www.ceramicbasin.com\/fr\/wp-json\/wp\/v2\/comments?post=3899"}],"wp:featuredmedia":[{"embeddable":true,"href":"https:\/\/www.ceramicbasin.com\/fr\/wp-json\/wp\/v2\/media\/3901"}],"wp:attachment":[{"href":"https:\/\/www.ceramicbasin.com\/fr\/wp-json\/wp\/v2\/media?parent=3899"}],"wp:term":[{"taxonomy":"product_brand","embeddable":true,"href":"https:\/\/www.ceramicbasin.com\/fr\/wp-json\/wp\/v2\/product_brand?post=3899"},{"taxonomy":"product_cat","embeddable":true,"href":"https:\/\/www.ceramicbasin.com\/fr\/wp-json\/wp\/v2\/product_cat?post=3899"},{"taxonomy":"product_tag","embeddable":true,"href":"https:\/\/www.ceramicbasin.com\/fr\/wp-json\/wp\/v2\/product_tag?post=3899"}],"curies":[{"name":"wp","href":"https:\/\/api.w.org\/{rel}","templated":true}]}}