{"id":3913,"date":"2024-07-23T08:37:41","date_gmt":"2024-07-23T08:37:41","guid":{"rendered":"https:\/\/www.ceramicbasin.com\/?post_type=product&#038;p=3913"},"modified":"2024-12-06T09:22:16","modified_gmt":"2024-12-06T09:22:16","slug":"rose-gold-top-counter-basin-wholesale","status":"publish","type":"product","link":"https:\/\/www.ceramicbasin.com\/fr\/produit\/rose-gold-top-counter-basin-wholesale\/","title":{"rendered":"Premium Rose Gold Top Counter Basin Wholesale For Washroom"},"content":{"rendered":"<div class=\"wp-block-columns is-layout-flex wp-container-core-columns-is-layout-9d6595d7 wp-block-columns-is-layout-flex\">\n<div class=\"wp-block-column is-layout-flow wp-block-column-is-layout-flow\">\n<h2 class=\"wp-block-heading\">Premium Top Counter Basin Wholesale Caract\u00e9ristiques :<\/h2>\n\n\n\n<ul class=\"wp-block-list\">\n<li><strong>Or rose exquis :<\/strong> Cette vasque \u00e0 poser en gros est fabriqu\u00e9e avec une \u00e9l\u00e9gante finition or rose, apportant une beaut\u00e9 douce et luxueuse \u00e0 la salle de bains et rehaussant l'aspect haut de gamme de l'espace.<\/li>\n\n\n\n<li><strong>Durable : <\/strong>Nos \u00e9viers en gros sont fabriqu\u00e9s avec de la c\u00e9ramique de haute qualit\u00e9 et un placage m\u00e9tallique, ce qui garantit que le bassin est robuste et durable, avec une surface lisse, facile \u00e0 nettoyer, et qu'il conserve une beaut\u00e9 durable.<\/li>\n\n\n\n<li><strong>Conception de l'installation du comptoir :<\/strong> Ces vasques en gros sur mesure sont con\u00e7ues pour \u00eatre install\u00e9es sur le plan de travail, ce qui permet d'\u00e9conomiser de l'espace et de faciliter l'utilisation quotidienne, le nettoyage, ainsi que l'aspect pratique et esth\u00e9tique de l'ensemble de la salle de bains.<\/li>\n\n\n\n<li><strong>Approvisionnement rapide : <\/strong>En tant que fabricant d'\u00e9viers de salle de bain, nous poss\u00e9dons un puissant r\u00e9seau de production et de logistique pour les \u00e9viers de salle de bain en gros qui peut r\u00e9pondre rapidement aux commandes et assurer une livraison rapide des produits pour les besoins urgents des projets.<\/li>\n<\/ul>\n<\/div>\n\n\n\n<div class=\"wp-block-column is-layout-flow wp-block-column-is-layout-flow\">\n<figure class=\"wp-block-image size-full\"><img fetchpriority=\"high\" decoding=\"async\" width=\"827\" height=\"1224\" src=\"https:\/\/www.ceramicbasin.com\/wp-content\/uploads\/2024\/07\/premium-rose-gold-top-counter-basin-wholesale-for-washroom-6.webp\" alt=\"premium-rose-gold-top-counter-basin-wholesale-for-washroom-6\" class=\"wp-image-3925\" srcset=\"https:\/\/www.ceramicbasin.com\/wp-content\/uploads\/2024\/07\/premium-rose-gold-top-counter-basin-wholesale-for-washroom-6.webp 827w, https:\/\/www.ceramicbasin.com\/wp-content\/uploads\/2024\/07\/premium-rose-gold-top-counter-basin-wholesale-for-washroom-6-203x300.webp 203w, https:\/\/www.ceramicbasin.com\/wp-content\/uploads\/2024\/07\/premium-rose-gold-top-counter-basin-wholesale-for-washroom-6-768x1137.webp 768w, https:\/\/www.ceramicbasin.com\/wp-content\/uploads\/2024\/07\/premium-rose-gold-top-counter-basin-wholesale-for-washroom-6-8x12.webp 8w, https:\/\/www.ceramicbasin.com\/wp-content\/uploads\/2024\/07\/premium-rose-gold-top-counter-basin-wholesale-for-washroom-6-285x422.webp 285w, https:\/\/www.ceramicbasin.com\/wp-content\/uploads\/2024\/07\/premium-rose-gold-top-counter-basin-wholesale-for-washroom-6-446x660.webp 446w, https:\/\/www.ceramicbasin.com\/wp-content\/uploads\/2024\/07\/premium-rose-gold-top-counter-basin-wholesale-for-washroom-6-101x150.webp 101w\" sizes=\"(max-width: 827px) 100vw, 827px\" \/><\/figure>\n<\/div>\n<\/div>","protected":false},"excerpt":{"rendered":"<p>Bienvenue pour l'achat de lavabos en gros. Notre lavabo de comptoir en or rose en gros est fait de mat\u00e9riaux de qualit\u00e9 qui garantissent la durabilit\u00e9 et le type d'installation - la m\u00e9thode de comptoir pair \u00e0 pair \u00e9conomise l'espace excellemment. Nous poss\u00e9dons un syst\u00e8me de production et de logistique efficace capable de r\u00e9pondre rapidement aux commandes dans un d\u00e9lai tr\u00e8s court et d'assurer la livraison des produits en temps voulu.<\/p>\n<table style=\"border-collapse: collapse; width: 311.02pt;\" border=\"0\" width=\"311\" cellspacing=\"0\" cellpadding=\"0\">\n<tbody>\n<tr style=\"height: 17.60pt;\">\n<td class=\"et3\" style=\"height: 17.60pt; width: 108.35pt;\" width=\"108\" height=\"17\">Fabricant<\/td>\n<td class=\"et3\" style=\"width: 202.95pt;\" width=\"202\">HanYu<\/td>\n<\/tr>\n<tr style=\"height: 17.60pt;\">\n<td class=\"et3\" style=\"height: 17.60pt;\" height=\"17\">Num\u00e9ro de mod\u00e8le.<\/td>\n<td class=\"et4\">HY-8018ARGS<\/td>\n<\/tr>\n<tr style=\"height: 36.00pt;\">\n<td class=\"et3\" style=\"height: 36.00pt;\" height=\"36\">Type<\/td>\n<td class=\"et5\" style=\"width: 202.95pt;\" width=\"202\">Cuvette galvanis\u00e9e, Cuvette de comptoir<\/td>\n<\/tr>\n<tr style=\"height: 17.60pt;\">\n<td class=\"et3\" style=\"height: 17.60pt;\" height=\"17\">Forme<\/td>\n<td class=\"et3\">Forme rectangulaire<\/td>\n<\/tr>\n<tr style=\"height: 18.00pt;\">\n<td class=\"et4\" style=\"height: 18.00pt;\" height=\"18\">Couleur<\/td>\n<td class=\"et5\" style=\"width: 202.95pt;\" width=\"202\">Blanc+ or rose bross\u00e9<\/td>\n<\/tr>\n<tr style=\"height: 18.00pt;\">\n<td class=\"et3\" style=\"height: 18.00pt;\" height=\"18\">Dimension<\/td>\n<td class=\"et5\" style=\"width: 202.95pt;\" width=\"202\">46*33*14<\/td>\n<\/tr>\n<tr style=\"height: 17.60pt;\">\n<td class=\"et3\" style=\"height: 17.60pt;\" height=\"17\">N.W \/SET<\/td>\n<td class=\"et3\">10KGS\/PCS<\/td>\n<\/tr>\n<tr style=\"height: 17.60pt;\">\n<td class=\"et3\" style=\"height: 17.60pt;\" height=\"17\">MOQ<\/td>\n<td class=\"et3\">20pcs<\/td>\n<\/tr>\n<tr style=\"height: 17.60pt;\">\n<td class=\"et3\" style=\"height: 17.60pt;\" height=\"17\">Option personnalis\u00e9e<\/td>\n<td class=\"et3\">Couleur\/Pattenue\/Taille\/Logo\/Emballage<\/td>\n<\/tr>\n<\/tbody>\n<\/table>","protected":false},"featured_media":3924,"comment_status":"closed","ping_status":"closed","template":"","meta":{"_acf_changed":false},"product_brand":[],"product_cat":[53,50],"product_tag":[],"class_list":{"0":"post-3913","1":"product","2":"type-product","3":"status-publish","4":"has-post-thumbnail","6":"product_cat-electroplated-bathroom-sinks","7":"product_cat-wholesale-countertop-sinks","9":"first","10":"instock","11":"shipping-taxable","12":"product-type-simple"},"acf":[],"_links":{"self":[{"href":"https:\/\/www.ceramicbasin.com\/fr\/wp-json\/wp\/v2\/product\/3913","targetHints":{"allow":["GET"]}}],"collection":[{"href":"https:\/\/www.ceramicbasin.com\/fr\/wp-json\/wp\/v2\/product"}],"about":[{"href":"https:\/\/www.ceramicbasin.com\/fr\/wp-json\/wp\/v2\/types\/product"}],"replies":[{"embeddable":true,"href":"https:\/\/www.ceramicbasin.com\/fr\/wp-json\/wp\/v2\/comments?post=3913"}],"wp:featuredmedia":[{"embeddable":true,"href":"https:\/\/www.ceramicbasin.com\/fr\/wp-json\/wp\/v2\/media\/3924"}],"wp:attachment":[{"href":"https:\/\/www.ceramicbasin.com\/fr\/wp-json\/wp\/v2\/media?parent=3913"}],"wp:term":[{"taxonomy":"product_brand","embeddable":true,"href":"https:\/\/www.ceramicbasin.com\/fr\/wp-json\/wp\/v2\/product_brand?post=3913"},{"taxonomy":"product_cat","embeddable":true,"href":"https:\/\/www.ceramicbasin.com\/fr\/wp-json\/wp\/v2\/product_cat?post=3913"},{"taxonomy":"product_tag","embeddable":true,"href":"https:\/\/www.ceramicbasin.com\/fr\/wp-json\/wp\/v2\/product_tag?post=3913"}],"curies":[{"name":"wp","href":"https:\/\/api.w.org\/{rel}","templated":true}]}}