{"id":3935,"date":"2024-07-23T08:55:40","date_gmt":"2024-07-23T08:55:40","guid":{"rendered":"https:\/\/www.ceramicbasin.com\/?post_type=product&#038;p=3935"},"modified":"2024-12-06T09:22:16","modified_gmt":"2024-12-06T09:22:16","slug":"silver-finish-basin-wholesale","status":"publish","type":"product","link":"https:\/\/www.ceramicbasin.com\/fr\/produit\/silver-finish-basin-wholesale\/","title":{"rendered":"New Design Silver Finish Basin Wholesale With Fast Supply"},"content":{"rendered":"<div class=\"wp-block-columns is-layout-flex wp-container-core-columns-is-layout-9d6595d7 wp-block-columns-is-layout-flex\">\n<div class=\"wp-block-column is-layout-flow wp-block-column-is-layout-flow\">\n<h2 class=\"wp-block-heading\">Premium Silver Finish Basin Wholesale Features :<\/h2>\n\n\n\n<ul class=\"wp-block-list\">\n<li><strong>Dessin de mode :<\/strong> Le design de cette nouvelle vasque en finition argent\u00e9e ajoute une touche moderne et \u00e9l\u00e9gante \u00e0 la vasque, am\u00e9liorant ainsi le style d\u00e9coratif de votre salle de bains ou de votre salle d'eau.<\/li>\n\n\n\n<li><strong>Mat\u00e9riaux de haute qualit\u00e9 : <\/strong>Ces lavabos argent\u00e9s sont fabriqu\u00e9s \u00e0 partir de mat\u00e9riaux c\u00e9ramiques de qualit\u00e9 sup\u00e9rieure afin de garantir la solidit\u00e9 et la durabilit\u00e9 du bassin, tandis que sa couche ext\u00e9rieure pr\u00e9sente une finition \u00e9lectrolytique argent\u00e9e lisse et facile \u00e0 nettoyer au quotidien.<\/li>\n\n\n\n<li><strong>Fourniture rapide :<\/strong> En tant que fournisseur d'\u00e9viers en c\u00e9ramique, nous disposons d'une cha\u00eene d'approvisionnement rapide qui peut traiter rapidement les commandes et assurer la livraison en temps voulu des \u00e9viers en finition argent\u00e9e en gros.<\/li>\n\n\n\n<li><strong>Rentable : <\/strong>Nous offrons des prix plus favorables pour les commandes importantes de lavabos en gros, ce qui signifie une haute qualit\u00e9 mais toujours \u00e0 un prix raisonnable pour vous aider \u00e0 \u00e9conomiser des co\u00fbts dans les grands projets.<\/li>\n<\/ul>\n<\/div>\n\n\n\n<div class=\"wp-block-column is-layout-flow wp-block-column-is-layout-flow\">\n<figure class=\"wp-block-image size-full\"><img fetchpriority=\"high\" decoding=\"async\" width=\"827\" height=\"1224\" src=\"https:\/\/www.ceramicbasin.com\/wp-content\/uploads\/2024\/07\/new-design-silver-finish-basin-wholesale-with-fast-supply-6.jpg\" alt=\"new-design-silver-finish-basin-wholesale-with-fast-supply-6\" class=\"wp-image-3950\" srcset=\"https:\/\/www.ceramicbasin.com\/wp-content\/uploads\/2024\/07\/new-design-silver-finish-basin-wholesale-with-fast-supply-6.jpg 827w, https:\/\/www.ceramicbasin.com\/wp-content\/uploads\/2024\/07\/new-design-silver-finish-basin-wholesale-with-fast-supply-6-203x300.jpg 203w, https:\/\/www.ceramicbasin.com\/wp-content\/uploads\/2024\/07\/new-design-silver-finish-basin-wholesale-with-fast-supply-6-768x1137.jpg 768w, https:\/\/www.ceramicbasin.com\/wp-content\/uploads\/2024\/07\/new-design-silver-finish-basin-wholesale-with-fast-supply-6-8x12.jpg 8w, https:\/\/www.ceramicbasin.com\/wp-content\/uploads\/2024\/07\/new-design-silver-finish-basin-wholesale-with-fast-supply-6-285x422.jpg 285w, https:\/\/www.ceramicbasin.com\/wp-content\/uploads\/2024\/07\/new-design-silver-finish-basin-wholesale-with-fast-supply-6-446x660.jpg 446w, https:\/\/www.ceramicbasin.com\/wp-content\/uploads\/2024\/07\/new-design-silver-finish-basin-wholesale-with-fast-supply-6-101x150.jpg 101w\" sizes=\"(max-width: 827px) 100vw, 827px\" \/><\/figure>\n<\/div>\n<\/div>","protected":false},"excerpt":{"rendered":"<p>Bienvenue pour acheter des lavabos en gros. Notre nouveau design de lavabo en finition argent\u00e9e donne un sens esth\u00e9tique au design moderne tout en combinant l'aspect pratique. La beaut\u00e9 de la finition argent\u00e9e galvanis\u00e9e ajoute une touche moderne \u00e0 l'espace et permet un nettoyage facile pour maintenir sa beaut\u00e9 durable.<\/p>\n<table width=\"311\">\n<tbody>\n<tr>\n<td width=\"108\">Fabricant<\/td>\n<td width=\"202\">HanYu<\/td>\n<\/tr>\n<tr>\n<td>Num\u00e9ro de mod\u00e8le.<\/td>\n<td>HY-8018SS\u00a0<\/td>\n<\/tr>\n<tr>\n<td>Type<\/td>\n<td width=\"202\">Cuvette galvanis\u00e9e, Cuvette de comptoir<\/td>\n<\/tr>\n<tr>\n<td>Forme<\/td>\n<td>Forme rectangulaire<\/td>\n<\/tr>\n<tr>\n<td>Couleur<\/td>\n<td width=\"202\">Blanc + argent bross\u00e9<\/td>\n<\/tr>\n<tr>\n<td>Dimension<\/td>\n<td width=\"202\">50*40*15<\/td>\n<\/tr>\n<tr>\n<td>N.W \/SET<\/td>\n<td>11KGS\/PCS<\/td>\n<\/tr>\n<tr>\n<td>MOQ<\/td>\n<td>20pcs<\/td>\n<\/tr>\n<tr>\n<td>Option personnalis\u00e9e<\/td>\n<td>Couleur\/Pattenue\/Taille\/Logo\/Emballage<\/td>\n<\/tr>\n<\/tbody>\n<\/table>","protected":false},"featured_media":3947,"comment_status":"closed","ping_status":"closed","template":"","meta":{"_acf_changed":false},"product_brand":[],"product_cat":[53,50],"product_tag":[],"class_list":{"0":"post-3935","1":"product","2":"type-product","3":"status-publish","4":"has-post-thumbnail","6":"product_cat-electroplated-bathroom-sinks","7":"product_cat-wholesale-countertop-sinks","9":"first","10":"instock","11":"shipping-taxable","12":"product-type-simple"},"acf":[],"_links":{"self":[{"href":"https:\/\/www.ceramicbasin.com\/fr\/wp-json\/wp\/v2\/product\/3935","targetHints":{"allow":["GET"]}}],"collection":[{"href":"https:\/\/www.ceramicbasin.com\/fr\/wp-json\/wp\/v2\/product"}],"about":[{"href":"https:\/\/www.ceramicbasin.com\/fr\/wp-json\/wp\/v2\/types\/product"}],"replies":[{"embeddable":true,"href":"https:\/\/www.ceramicbasin.com\/fr\/wp-json\/wp\/v2\/comments?post=3935"}],"wp:featuredmedia":[{"embeddable":true,"href":"https:\/\/www.ceramicbasin.com\/fr\/wp-json\/wp\/v2\/media\/3947"}],"wp:attachment":[{"href":"https:\/\/www.ceramicbasin.com\/fr\/wp-json\/wp\/v2\/media?parent=3935"}],"wp:term":[{"taxonomy":"product_brand","embeddable":true,"href":"https:\/\/www.ceramicbasin.com\/fr\/wp-json\/wp\/v2\/product_brand?post=3935"},{"taxonomy":"product_cat","embeddable":true,"href":"https:\/\/www.ceramicbasin.com\/fr\/wp-json\/wp\/v2\/product_cat?post=3935"},{"taxonomy":"product_tag","embeddable":true,"href":"https:\/\/www.ceramicbasin.com\/fr\/wp-json\/wp\/v2\/product_tag?post=3935"}],"curies":[{"name":"wp","href":"https:\/\/api.w.org\/{rel}","templated":true}]}}