{"id":3957,"date":"2024-07-23T09:07:44","date_gmt":"2024-07-23T09:07:44","guid":{"rendered":"https:\/\/www.ceramicbasin.com\/?post_type=product&#038;p=3957"},"modified":"2024-12-06T09:23:55","modified_gmt":"2024-12-06T09:23:55","slug":"wholesale-marble-color-basins","status":"publish","type":"product","link":"https:\/\/www.ceramicbasin.com\/fr\/produit\/wholesale-marble-color-basins\/","title":{"rendered":"Livraison Rapide Wholesale Marble Color Basins With Great Price"},"content":{"rendered":"<div class=\"wp-block-columns is-layout-flex wp-container-core-columns-is-layout-9d6595d7 wp-block-columns-is-layout-flex\">\n<div class=\"wp-block-column is-layout-flow wp-block-column-is-layout-flow\">\n<h2 class=\"wp-block-heading\">Premium Wholesale Marble Color Basins Caract\u00e9ristiques :<\/h2>\n\n\n\n<ul class=\"wp-block-list\">\n<li><strong>Texture imitation marbre : <\/strong>Ce lavabo personnalis\u00e9 adopte la technologie de l'impression par transfert d'eau, en utilisant la couleur et la texture de l'imitation du marbre, apportant une beaut\u00e9 naturelle et une texture de haute qualit\u00e9 au lavabo.<\/li>\n\n\n\n<li><strong>Rentable : <\/strong>Les lavabos de couleur en marbre sont fournis en gros directement par notre usine, ce qui \u00e9limine les interm\u00e9diaires et garantit que vous obtenez des lavabos de haute qualit\u00e9 \u00e0 un prix tr\u00e8s comp\u00e9titif.<\/li>\n\n\n\n<li><strong>Une tarification flexible : <\/strong>Nous fournissons des services de lavabos de salle de bain personnalis\u00e9s pour cr\u00e9er des lavabos de haute qualit\u00e9 et parfaitement fonctionnels selon vos besoins.<\/li>\n\n\n\n<li><strong>Service efficace :<\/strong> HanYu dispose d'un syst\u00e8me de production et de logistique mature, capable de r\u00e9pondre rapidement aux besoins des commandes et d'assurer une livraison dans les d\u00e9lais pour respecter le calendrier des projets urgents.<\/li>\n<\/ul>\n<\/div>\n\n\n\n<div class=\"wp-block-column is-layout-flow wp-block-column-is-layout-flow\">\n<figure class=\"wp-block-image size-full\"><img fetchpriority=\"high\" decoding=\"async\" width=\"980\" height=\"1352\" src=\"https:\/\/www.ceramicbasin.com\/wp-content\/uploads\/2024\/07\/factory-direct-wholesale-marble-color-basins-with-good-price-6.webp\" alt=\"factory-direct-wholesale-marble-color-basins-with-good-price-6\" class=\"wp-image-3970\" srcset=\"https:\/\/www.ceramicbasin.com\/wp-content\/uploads\/2024\/07\/factory-direct-wholesale-marble-color-basins-with-good-price-6.webp 980w, https:\/\/www.ceramicbasin.com\/wp-content\/uploads\/2024\/07\/factory-direct-wholesale-marble-color-basins-with-good-price-6-217x300.webp 217w, https:\/\/www.ceramicbasin.com\/wp-content\/uploads\/2024\/07\/factory-direct-wholesale-marble-color-basins-with-good-price-6-768x1060.webp 768w, https:\/\/www.ceramicbasin.com\/wp-content\/uploads\/2024\/07\/factory-direct-wholesale-marble-color-basins-with-good-price-6-9x12.webp 9w, https:\/\/www.ceramicbasin.com\/wp-content\/uploads\/2024\/07\/factory-direct-wholesale-marble-color-basins-with-good-price-6-285x393.webp 285w, https:\/\/www.ceramicbasin.com\/wp-content\/uploads\/2024\/07\/factory-direct-wholesale-marble-color-basins-with-good-price-6-478x660.webp 478w, https:\/\/www.ceramicbasin.com\/wp-content\/uploads\/2024\/07\/factory-direct-wholesale-marble-color-basins-with-good-price-6-109x150.webp 109w\" sizes=\"(max-width: 980px) 100vw, 980px\" \/><\/figure>\n<\/div>\n<\/div>","protected":false},"excerpt":{"rendered":"<p>Ces lavabos de couleur marbre utilisent la technologie d'impression par transfert d'eau qui imite la texture et la couleur de la pierre naturelle, ajoutant une beaut\u00e9 naturelle unique et une texture luxueuse \u00e0 l'espace de la salle de bains. Nous vous fournissons des lavabos en gros de haute qualit\u00e9 et \u00e0 bas prix avec le mode de vente direct de l'usine, et fournissons rapidement pour r\u00e9pondre aux besoins de vos projets.<\/p>\n<table width=\"311\">\n<tbody>\n<tr>\n<td width=\"108\">Fabricant<\/td>\n<td width=\"202\">HanYu<\/td>\n<\/tr>\n<tr>\n<td>Num\u00e9ro de mod\u00e8le.<\/td>\n<td>HY-8018SS\u00a0<\/td>\n<\/tr>\n<tr>\n<td>Type<\/td>\n<td width=\"202\">Cuvette en marbre, cuvette de comptoir<\/td>\n<\/tr>\n<tr>\n<td>Forme<\/td>\n<td>Forme rectangulaire<\/td>\n<\/tr>\n<tr>\n<td>Couleur<\/td>\n<td width=\"202\">Noir<\/td>\n<\/tr>\n<tr>\n<td>Dimension<\/td>\n<td width=\"202\">50*40*15<\/td>\n<\/tr>\n<tr>\n<td>N.W \/SET<\/td>\n<td>11KGS\/PCS<\/td>\n<\/tr>\n<tr>\n<td>MOQ<\/td>\n<td>20pcs<\/td>\n<\/tr>\n<tr>\n<td>Option personnalis\u00e9e<\/td>\n<td>Couleur\/Pattenue\/Taille\/Logo\/Emballage<\/td>\n<\/tr>\n<\/tbody>\n<\/table>","protected":false},"featured_media":3965,"comment_status":"closed","ping_status":"closed","template":"","meta":{"_acf_changed":false},"product_brand":[],"product_cat":[54,50],"product_tag":[],"class_list":{"0":"post-3957","1":"product","2":"type-product","3":"status-publish","4":"has-post-thumbnail","6":"product_cat-wholesale-marble-sinks","7":"product_cat-wholesale-countertop-sinks","9":"first","10":"instock","11":"shipping-taxable","12":"product-type-simple"},"acf":[],"_links":{"self":[{"href":"https:\/\/www.ceramicbasin.com\/fr\/wp-json\/wp\/v2\/product\/3957","targetHints":{"allow":["GET"]}}],"collection":[{"href":"https:\/\/www.ceramicbasin.com\/fr\/wp-json\/wp\/v2\/product"}],"about":[{"href":"https:\/\/www.ceramicbasin.com\/fr\/wp-json\/wp\/v2\/types\/product"}],"replies":[{"embeddable":true,"href":"https:\/\/www.ceramicbasin.com\/fr\/wp-json\/wp\/v2\/comments?post=3957"}],"wp:featuredmedia":[{"embeddable":true,"href":"https:\/\/www.ceramicbasin.com\/fr\/wp-json\/wp\/v2\/media\/3965"}],"wp:attachment":[{"href":"https:\/\/www.ceramicbasin.com\/fr\/wp-json\/wp\/v2\/media?parent=3957"}],"wp:term":[{"taxonomy":"product_brand","embeddable":true,"href":"https:\/\/www.ceramicbasin.com\/fr\/wp-json\/wp\/v2\/product_brand?post=3957"},{"taxonomy":"product_cat","embeddable":true,"href":"https:\/\/www.ceramicbasin.com\/fr\/wp-json\/wp\/v2\/product_cat?post=3957"},{"taxonomy":"product_tag","embeddable":true,"href":"https:\/\/www.ceramicbasin.com\/fr\/wp-json\/wp\/v2\/product_tag?post=3957"}],"curies":[{"name":"wp","href":"https:\/\/api.w.org\/{rel}","templated":true}]}}