{"id":3993,"date":"2024-07-23T09:47:21","date_gmt":"2024-07-23T09:47:21","guid":{"rendered":"https:\/\/www.ceramicbasin.com\/?post_type=product&#038;p=3993"},"modified":"2024-12-06T09:23:55","modified_gmt":"2024-12-06T09:23:55","slug":"marble-color-basins-wholesale","status":"publish","type":"product","link":"https:\/\/www.ceramicbasin.com\/fr\/produit\/marble-color-basins-wholesale\/","title":{"rendered":"Cuvette en marbre \u00e0 transfert d'eau Wholesale Countertop Sink"},"content":{"rendered":"<div class=\"wp-block-columns is-layout-flex wp-container-core-columns-is-layout-9d6595d7 wp-block-columns-is-layout-flex\">\n<div class=\"wp-block-column is-layout-flow wp-block-column-is-layout-flow\">\n<h2 class=\"wp-block-heading\">Bassins de couleur marbre de premi\u00e8re qualit\u00e9 Caract\u00e9ristiques en gros :<\/h2>\n\n\n\n<ul class=\"wp-block-list\">\n<li><strong>Motif de marbre r\u00e9aliste : <\/strong>Ces bassins en marbre utilisent une technologie avanc\u00e9e de transfert d'eau pour reproduire avec pr\u00e9cision la texture et la couleur naturelles du marbre, ce qui conf\u00e8re un charme visuel unique au bassin. <\/li>\n\n\n\n<li><strong>Mat\u00e9riaux de haute qualit\u00e9 :<\/strong> Nos bassins en marbre utilisent des mat\u00e9riaux c\u00e9ramiques de haute qualit\u00e9 pour garantir une structure stable, une surface lisse, un nettoyage facile et une beaut\u00e9 \u00e0 long terme. <\/li>\n\n\n\n<li><strong>Rentable : <\/strong>Nous sommes votre fabricant de bassins en c\u00e9ramique de confiance, et les ventes directes d'usine vous garantissent des produits de haute qualit\u00e9 \u00e0 un prix raisonnable et des \u00e9conomies de co\u00fbts. <\/li>\n\n\n\n<li><strong>Fourniture rapide : <\/strong>Gr\u00e2ce \u00e0 des processus de production et des r\u00e9seaux logistiques efficaces, nous pouvons r\u00e9pondre rapidement aux commandes d'\u00e9viers sur mesure afin de garantir que les produits sont livr\u00e9s \u00e0 temps pour r\u00e9pondre aux besoins urgents des projets.<\/li>\n<\/ul>\n<\/div>\n\n\n\n<div class=\"wp-block-column is-layout-flow wp-block-column-is-layout-flow\">\n<figure class=\"wp-block-image size-full\"><img fetchpriority=\"high\" decoding=\"async\" width=\"912\" height=\"1213\" src=\"https:\/\/www.ceramicbasin.com\/wp-content\/uploads\/2024\/07\/water-transfer-marble-color-basins-wholesale-countertop-sink-6.webp\" alt=\"water-transfer-marble-color-basins-wholesale-countertop-sink-6\" class=\"wp-image-4002\" srcset=\"https:\/\/www.ceramicbasin.com\/wp-content\/uploads\/2024\/07\/water-transfer-marble-color-basins-wholesale-countertop-sink-6.webp 912w, https:\/\/www.ceramicbasin.com\/wp-content\/uploads\/2024\/07\/water-transfer-marble-color-basins-wholesale-countertop-sink-6-226x300.webp 226w, https:\/\/www.ceramicbasin.com\/wp-content\/uploads\/2024\/07\/water-transfer-marble-color-basins-wholesale-countertop-sink-6-768x1021.webp 768w, https:\/\/www.ceramicbasin.com\/wp-content\/uploads\/2024\/07\/water-transfer-marble-color-basins-wholesale-countertop-sink-6-9x12.webp 9w, https:\/\/www.ceramicbasin.com\/wp-content\/uploads\/2024\/07\/water-transfer-marble-color-basins-wholesale-countertop-sink-6-285x379.webp 285w, https:\/\/www.ceramicbasin.com\/wp-content\/uploads\/2024\/07\/water-transfer-marble-color-basins-wholesale-countertop-sink-6-496x660.webp 496w, https:\/\/www.ceramicbasin.com\/wp-content\/uploads\/2024\/07\/water-transfer-marble-color-basins-wholesale-countertop-sink-6-113x150.webp 113w\" sizes=\"(max-width: 912px) 100vw, 912px\" \/><\/figure>\n<\/div>\n<\/div>","protected":false},"excerpt":{"rendered":"<p>Bienvenue sur notre site de vente en gros de lavabos de salle de bain. Nos lavabos en marbre \u00e0 transfert d'eau reproduisent la beaut\u00e9 naturelle du marbre et conf\u00e8rent une atmosph\u00e8re artistique aux lavabos de comptoir. Les mat\u00e9riaux de haute qualit\u00e9 garantissent la durabilit\u00e9 du produit et la facilit\u00e9 d'entretien quotidien. Nous pouvons fournir rapidement vos commandes de gros volumes.<\/p>\n<table style=\"border-collapse: collapse; width: 311.02pt;\" border=\"0\" width=\"311\" cellspacing=\"0\" cellpadding=\"0\">\n<tbody>\n<tr style=\"height: 17.60pt;\">\n<td class=\"et3\" style=\"height: 17.60pt; width: 108.35pt;\" width=\"108\" height=\"17\">Fabricant<\/td>\n<td class=\"et3\" style=\"width: 202.95pt;\" width=\"202\">HanYu<\/td>\n<\/tr>\n<tr style=\"height: 17.60pt;\">\n<td class=\"et3\" style=\"height: 17.60pt;\" height=\"17\">Num\u00e9ro de mod\u00e8le.<\/td>\n<td class=\"et4\">HY-8010D93<\/td>\n<\/tr>\n<tr style=\"height: 36.00pt;\">\n<td class=\"et3\" style=\"height: 36.00pt;\" height=\"36\">Type<\/td>\n<td class=\"et5\" style=\"width: 202.95pt;\" width=\"202\">Cuvette en marbre, cuvette de comptoir<\/td>\n<\/tr>\n<tr style=\"height: 17.60pt;\">\n<td class=\"et3\" style=\"height: 17.60pt;\" height=\"17\">Forme<\/td>\n<td class=\"et3\">Forme irr\u00e9guli\u00e8re<\/td>\n<\/tr>\n<tr style=\"height: 18.00pt;\">\n<td class=\"et4\" style=\"height: 18.00pt;\" height=\"18\">Couleur<\/td>\n<td class=\"et5\" style=\"width: 202.95pt;\" width=\"202\">Bleu fonc\u00e9<\/td>\n<\/tr>\n<tr style=\"height: 18.00pt;\">\n<td class=\"et3\" style=\"height: 18.00pt;\" height=\"18\">Dimension<\/td>\n<td class=\"et5\" style=\"width: 202.95pt;\" width=\"202\">65*44*16<\/td>\n<\/tr>\n<tr style=\"height: 17.60pt;\">\n<td class=\"et3\" style=\"height: 17.60pt;\" height=\"17\">N.W \/SET<\/td>\n<td class=\"et3\">12KGS\/PCS<\/td>\n<\/tr>\n<tr style=\"height: 17.60pt;\">\n<td class=\"et3\" style=\"height: 17.60pt;\" height=\"17\">MOQ<\/td>\n<td class=\"et3\">20pcs<\/td>\n<\/tr>\n<tr style=\"height: 17.60pt;\">\n<td class=\"et3\" style=\"height: 17.60pt;\" height=\"17\">Option personnalis\u00e9e<\/td>\n<td class=\"et3\">Couleur\/Pattenue\/Taille\/Logo\/Emballage<\/td>\n<\/tr>\n<\/tbody>\n<\/table>","protected":false},"featured_media":3997,"comment_status":"closed","ping_status":"closed","template":"","meta":{"_acf_changed":false},"product_brand":[],"product_cat":[54,50],"product_tag":[],"class_list":{"0":"post-3993","1":"product","2":"type-product","3":"status-publish","4":"has-post-thumbnail","6":"product_cat-wholesale-marble-sinks","7":"product_cat-wholesale-countertop-sinks","9":"first","10":"instock","11":"shipping-taxable","12":"product-type-simple"},"acf":[],"_links":{"self":[{"href":"https:\/\/www.ceramicbasin.com\/fr\/wp-json\/wp\/v2\/product\/3993","targetHints":{"allow":["GET"]}}],"collection":[{"href":"https:\/\/www.ceramicbasin.com\/fr\/wp-json\/wp\/v2\/product"}],"about":[{"href":"https:\/\/www.ceramicbasin.com\/fr\/wp-json\/wp\/v2\/types\/product"}],"replies":[{"embeddable":true,"href":"https:\/\/www.ceramicbasin.com\/fr\/wp-json\/wp\/v2\/comments?post=3993"}],"wp:featuredmedia":[{"embeddable":true,"href":"https:\/\/www.ceramicbasin.com\/fr\/wp-json\/wp\/v2\/media\/3997"}],"wp:attachment":[{"href":"https:\/\/www.ceramicbasin.com\/fr\/wp-json\/wp\/v2\/media?parent=3993"}],"wp:term":[{"taxonomy":"product_brand","embeddable":true,"href":"https:\/\/www.ceramicbasin.com\/fr\/wp-json\/wp\/v2\/product_brand?post=3993"},{"taxonomy":"product_cat","embeddable":true,"href":"https:\/\/www.ceramicbasin.com\/fr\/wp-json\/wp\/v2\/product_cat?post=3993"},{"taxonomy":"product_tag","embeddable":true,"href":"https:\/\/www.ceramicbasin.com\/fr\/wp-json\/wp\/v2\/product_tag?post=3993"}],"curies":[{"name":"wp","href":"https:\/\/api.w.org\/{rel}","templated":true}]}}