{"id":4031,"date":"2024-07-24T01:00:54","date_gmt":"2024-07-24T01:00:54","guid":{"rendered":"https:\/\/www.ceramicbasin.com\/?post_type=product&#038;p=4031"},"modified":"2024-12-06T09:23:54","modified_gmt":"2024-12-06T09:23:54","slug":"artificial-marble-sink-wholesale","status":"publish","type":"product","link":"https:\/\/www.ceramicbasin.com\/fr\/produit\/artificial-marble-sink-wholesale\/","title":{"rendered":"Evier en marbre artificiel Wholesale Vessel Sink For Bathroom"},"content":{"rendered":"<div class=\"wp-block-columns is-layout-flex wp-container-core-columns-is-layout-9d6595d7 wp-block-columns-is-layout-flex\">\n<div class=\"wp-block-column is-layout-flow wp-block-column-is-layout-flow\">\n<h2 class=\"wp-block-heading\">Premium Marble Sink Wholesale Caract\u00e9ristiques :<\/h2>\n\n\n\n<ul class=\"wp-block-list\">\n<li><strong>Texture imitation marbre :<\/strong> Ce lavabo en marbre utilise la technologie du transfert d'eau pour pr\u00e9senter une texture de marbre r\u00e9aliste sur la surface, ajoutant une sensation de luxe naturel \u00e0 la salle de bains.<\/li>\n\n\n\n<li><strong>Durable et facile \u00e0 entretenir : <\/strong>Notre \u00e9vier en marbre artificiel a une bonne r\u00e9sistance aux rayures et aux taches, un nettoyage quotidien simple, et garde le bassin brillant et neuf pendant longtemps.<\/li>\n\n\n\n<li><strong>Forte capacit\u00e9 d'adaptation : <\/strong>Nos lavabos de salle de bains sont disponibles dans une grande vari\u00e9t\u00e9 de tailles, de formes et de couleurs, s'adaptant facilement aux diff\u00e9rents styles de d\u00e9coration de la salle de bains, qu'il s'agisse d'une simplicit\u00e9 moderne ou d'une \u00e9l\u00e9gance classique.<\/li>\n\n\n\n<li><strong>Production et livraison rapides : <\/strong>HanYu dispose d'une ligne de production moderne et d'un syst\u00e8me logistique efficace pour garantir que votre commande d'\u00e9viers de salle de bain soit trait\u00e9e rapidement, livr\u00e9e \u00e0 temps et que le temps d'attente soit r\u00e9duit.<\/li>\n<\/ul>\n<\/div>\n\n\n\n<div class=\"wp-block-column is-layout-flow wp-block-column-is-layout-flow\">\n<figure class=\"wp-block-image size-full\"><img fetchpriority=\"high\" decoding=\"async\" width=\"980\" height=\"1245\" src=\"https:\/\/www.ceramicbasin.com\/wp-content\/uploads\/2024\/07\/artificial-marble-sink-wholesale-vessel-sink-for-bathroom-6.jpg\" alt=\"\u00e9vier artificiel en marbre - \u00e9vier en gros pour salle de bain - 6\" class=\"wp-image-4036\" srcset=\"https:\/\/www.ceramicbasin.com\/wp-content\/uploads\/2024\/07\/artificial-marble-sink-wholesale-vessel-sink-for-bathroom-6.jpg 980w, https:\/\/www.ceramicbasin.com\/wp-content\/uploads\/2024\/07\/artificial-marble-sink-wholesale-vessel-sink-for-bathroom-6-236x300.jpg 236w, https:\/\/www.ceramicbasin.com\/wp-content\/uploads\/2024\/07\/artificial-marble-sink-wholesale-vessel-sink-for-bathroom-6-768x976.jpg 768w, https:\/\/www.ceramicbasin.com\/wp-content\/uploads\/2024\/07\/artificial-marble-sink-wholesale-vessel-sink-for-bathroom-6-9x12.jpg 9w, https:\/\/www.ceramicbasin.com\/wp-content\/uploads\/2024\/07\/artificial-marble-sink-wholesale-vessel-sink-for-bathroom-6-285x362.jpg 285w, https:\/\/www.ceramicbasin.com\/wp-content\/uploads\/2024\/07\/artificial-marble-sink-wholesale-vessel-sink-for-bathroom-6-520x660.jpg 520w, https:\/\/www.ceramicbasin.com\/wp-content\/uploads\/2024\/07\/artificial-marble-sink-wholesale-vessel-sink-for-bathroom-6-118x150.jpg 118w\" sizes=\"(max-width: 980px) 100vw, 980px\" \/><\/figure>\n<\/div>\n<\/div>","protected":false},"excerpt":{"rendered":"<p>Bienvenue pour acheter des \u00e9viers en gros. Nos \u00e9viers en marbre artificiel offrent une solution durable et \u00e9l\u00e9gante pour l'espace de la salle de bain. La texture du marbre simul\u00e9 donne au bassin une beaut\u00e9 naturelle, tandis que son mat\u00e9riau solide assure la durabilit\u00e9 du produit.<\/p>\n<table style=\"border-collapse: collapse; width: 311.02pt;\" border=\"0\" width=\"311\" cellspacing=\"0\" cellpadding=\"0\">\n<tbody>\n<tr style=\"height: 17.60pt;\">\n<td class=\"et3\" style=\"height: 17.60pt; width: 108.35pt;\" width=\"108\" height=\"17\">Fabricant<\/td>\n<td class=\"et3\" style=\"width: 202.95pt;\" width=\"202\">HanYu<\/td>\n<\/tr>\n<tr style=\"height: 17.60pt;\">\n<td class=\"et3\" style=\"height: 17.60pt;\" height=\"17\">Num\u00e9ro de mod\u00e8le.<\/td>\n<td class=\"et4\">HY-8064-75D83<\/td>\n<\/tr>\n<tr style=\"height: 36.00pt;\">\n<td class=\"et3\" style=\"height: 36.00pt;\" height=\"36\">Type<\/td>\n<td class=\"et5\" style=\"width: 202.95pt;\" width=\"202\">Cuvette en marbre, cuvette de comptoir<\/td>\n<\/tr>\n<tr style=\"height: 17.60pt;\">\n<td class=\"et3\" style=\"height: 17.60pt;\" height=\"17\">Forme<\/td>\n<td class=\"et3\">Forme rectangulaire<\/td>\n<\/tr>\n<tr style=\"height: 18.00pt;\">\n<td class=\"et4\" style=\"height: 18.00pt;\" height=\"18\">Couleur<\/td>\n<td class=\"et5\" style=\"width: 202.95pt;\" width=\"202\">Noir<\/td>\n<\/tr>\n<tr style=\"height: 18.00pt;\">\n<td class=\"et3\" style=\"height: 18.00pt;\" height=\"18\">Dimension<\/td>\n<td class=\"et5\" style=\"width: 202.95pt;\" width=\"202\">75*38*13<\/td>\n<\/tr>\n<tr style=\"height: 17.60pt;\">\n<td class=\"et3\" style=\"height: 17.60pt;\" height=\"17\">N.W \/SET<\/td>\n<td class=\"et3\">17KGS\/PCS<\/td>\n<\/tr>\n<tr style=\"height: 17.60pt;\">\n<td class=\"et3\" style=\"height: 17.60pt;\" height=\"17\">MOQ<\/td>\n<td class=\"et3\">20pcs<\/td>\n<\/tr>\n<tr style=\"height: 17.60pt;\">\n<td class=\"et3\" style=\"height: 17.60pt;\" height=\"17\">Option personnalis\u00e9e<\/td>\n<td class=\"et3\">Couleur\/Pattenue\/Taille\/Logo\/Emballage<\/td>\n<\/tr>\n<\/tbody>\n<\/table>","protected":false},"featured_media":4032,"comment_status":"closed","ping_status":"closed","template":"","meta":{"_acf_changed":false},"product_brand":[],"product_cat":[54,50],"product_tag":[],"class_list":{"0":"post-4031","1":"product","2":"type-product","3":"status-publish","4":"has-post-thumbnail","6":"product_cat-wholesale-marble-sinks","7":"product_cat-wholesale-countertop-sinks","9":"first","10":"instock","11":"shipping-taxable","12":"product-type-simple"},"acf":[],"_links":{"self":[{"href":"https:\/\/www.ceramicbasin.com\/fr\/wp-json\/wp\/v2\/product\/4031","targetHints":{"allow":["GET"]}}],"collection":[{"href":"https:\/\/www.ceramicbasin.com\/fr\/wp-json\/wp\/v2\/product"}],"about":[{"href":"https:\/\/www.ceramicbasin.com\/fr\/wp-json\/wp\/v2\/types\/product"}],"replies":[{"embeddable":true,"href":"https:\/\/www.ceramicbasin.com\/fr\/wp-json\/wp\/v2\/comments?post=4031"}],"wp:featuredmedia":[{"embeddable":true,"href":"https:\/\/www.ceramicbasin.com\/fr\/wp-json\/wp\/v2\/media\/4032"}],"wp:attachment":[{"href":"https:\/\/www.ceramicbasin.com\/fr\/wp-json\/wp\/v2\/media?parent=4031"}],"wp:term":[{"taxonomy":"product_brand","embeddable":true,"href":"https:\/\/www.ceramicbasin.com\/fr\/wp-json\/wp\/v2\/product_brand?post=4031"},{"taxonomy":"product_cat","embeddable":true,"href":"https:\/\/www.ceramicbasin.com\/fr\/wp-json\/wp\/v2\/product_cat?post=4031"},{"taxonomy":"product_tag","embeddable":true,"href":"https:\/\/www.ceramicbasin.com\/fr\/wp-json\/wp\/v2\/product_tag?post=4031"}],"curies":[{"name":"wp","href":"https:\/\/api.w.org\/{rel}","templated":true}]}}