{"id":4317,"date":"2024-07-26T03:24:27","date_gmt":"2024-07-26T03:24:27","guid":{"rendered":"https:\/\/www.ceramicbasin.com\/?post_type=product&#038;p=4317"},"modified":"2024-07-26T04:10:06","modified_gmt":"2024-07-26T04:10:06","slug":"custom-undermount-sinks-in-bulk","status":"publish","type":"product","link":"https:\/\/www.ceramicbasin.com\/fr\/produit\/custom-undermount-sinks-in-bulk\/","title":{"rendered":"Livraison rapide \u00e9viers sur mesure en vrac pour salle de bain"},"content":{"rendered":"<div class=\"wp-block-columns is-layout-flex wp-container-core-columns-is-layout-9d6595d7 wp-block-columns-is-layout-flex\">\n<div class=\"wp-block-column is-layout-flow wp-block-column-is-layout-flow\">\n<h2 class=\"wp-block-heading\">Premium Custom Undermount Sinks Caract\u00e9ristiques :<\/h2>\n\n\n\n<ul class=\"wp-block-list\">\n<li><strong>Durable : <\/strong>Nos \u00e9viers sous plan sur mesure sont fabriqu\u00e9s \u00e0 partir de mati\u00e8res premi\u00e8res c\u00e9ramiques de haute qualit\u00e9 et cuits \u00e0 haute temp\u00e9rature pour garantir que les produits pr\u00e9sentent une duret\u00e9 et une r\u00e9sistance \u00e0 la corrosion extr\u00eamement \u00e9lev\u00e9es, qu'ils sont durables et faciles \u00e0 nettoyer.<\/li>\n\n\n\n<li><strong>Livraison rapide :<\/strong> Nous promettons une logistique et une distribution efficaces pour garantir que nos \u00e9viers sous plan personnalis\u00e9s en vrac sont livr\u00e9s rapidement, acc\u00e9l\u00e9rant ainsi l'avancement de votre projet et r\u00e9pondant aux besoins urgents de la construction.<\/li>\n\n\n\n<li><strong>Options de personnalisation : <\/strong>Nous fournissons des services personnalis\u00e9s pour les lavabos de salle de bain dans une vari\u00e9t\u00e9 de tailles, de formes et de couleurs pour s'assurer que chaque lavabo sous plan s'adapte parfaitement au style de d\u00e9coration de votre salle de bain et \u00e0 vos besoins personnels.<\/li>\n\n\n\n<li><strong>Remise sur les achats en gros : <\/strong>En tant que fabricant professionnel, nous offrons des prix tr\u00e8s comp\u00e9titifs pour les \u00e9viers sous plan en gros, et b\u00e9n\u00e9ficions de remises suppl\u00e9mentaires pour les achats en gros, ce qui convient aux grands projets tels que les h\u00f4tels, les appartements, les bureaux, etc.<\/li>\n<\/ul>\n<\/div>\n\n\n\n<div class=\"wp-block-column is-layout-flow wp-block-column-is-layout-flow\">\n<figure class=\"wp-block-image size-full\"><img fetchpriority=\"high\" decoding=\"async\" width=\"604\" height=\"836\" src=\"https:\/\/www.ceramicbasin.com\/wp-content\/uploads\/2024\/07\/fast-delivery-custom-undermount-sinks-in-bulk-for-bathroom-2.webp\" alt=\"fast-delivery-custom-undermount-sinks-in-bulk-for-bathroom-2\" class=\"wp-image-4319\" srcset=\"https:\/\/www.ceramicbasin.com\/wp-content\/uploads\/2024\/07\/fast-delivery-custom-undermount-sinks-in-bulk-for-bathroom-2.webp 604w, https:\/\/www.ceramicbasin.com\/wp-content\/uploads\/2024\/07\/fast-delivery-custom-undermount-sinks-in-bulk-for-bathroom-2-217x300.webp 217w, https:\/\/www.ceramicbasin.com\/wp-content\/uploads\/2024\/07\/fast-delivery-custom-undermount-sinks-in-bulk-for-bathroom-2-9x12.webp 9w, https:\/\/www.ceramicbasin.com\/wp-content\/uploads\/2024\/07\/fast-delivery-custom-undermount-sinks-in-bulk-for-bathroom-2-285x394.webp 285w, https:\/\/www.ceramicbasin.com\/wp-content\/uploads\/2024\/07\/fast-delivery-custom-undermount-sinks-in-bulk-for-bathroom-2-477x660.webp 477w, https:\/\/www.ceramicbasin.com\/wp-content\/uploads\/2024\/07\/fast-delivery-custom-undermount-sinks-in-bulk-for-bathroom-2-108x150.webp 108w\" sizes=\"(max-width: 604px) 100vw, 604px\" \/><\/figure>\n<\/div>\n<\/div>","protected":false},"excerpt":{"rendered":"<p>Nos \u00e9viers sous plan personnalis\u00e9s sont fabriqu\u00e9s en c\u00e9ramique de haute qualit\u00e9, durable et facile \u00e0 nettoyer. Nous sommes en mesure de livrer rapidement afin que les commandes importantes puissent arriver rapidement sur le chantier.<\/p>\n<table style=\"border-collapse: collapse; width: 311.02pt;\" border=\"0\" width=\"311\" cellspacing=\"0\" cellpadding=\"0\">\n<tbody>\n<tr style=\"height: 17.60pt;\">\n<td class=\"et3\" style=\"height: 17.60pt; width: 108.35pt;\" width=\"108\" height=\"17\">Fabricant<\/td>\n<td class=\"et3\" style=\"width: 202.95pt;\" width=\"202\">HanYu<\/td>\n<\/tr>\n<tr style=\"height: 17.60pt;\">\n<td class=\"et3\" style=\"height: 17.60pt;\" height=\"17\">Num\u00e9ro de mod\u00e8le.<\/td>\n<td class=\"et4\">HY-3026<\/td>\n<\/tr>\n<tr style=\"height: 18.00pt;\">\n<td class=\"et3\" style=\"height: 18.00pt;\" height=\"18\">Type<\/td>\n<td class=\"et5\" style=\"width: 202.95pt;\" width=\"202\">Bassins \u00e0 encastrer<\/td>\n<\/tr>\n<tr style=\"height: 17.60pt;\">\n<td class=\"et3\" style=\"height: 17.60pt;\" height=\"17\">Forme<\/td>\n<td class=\"et3\">Forme rectangulaire<\/td>\n<\/tr>\n<tr style=\"height: 18.00pt;\">\n<td class=\"et4\" style=\"height: 18.00pt;\" height=\"18\">Couleur<\/td>\n<td class=\"et5\" style=\"width: 202.95pt;\" width=\"202\">Blanc<\/td>\n<\/tr>\n<tr style=\"height: 18.00pt;\">\n<td class=\"et3\" style=\"height: 18.00pt;\" height=\"18\">Dimension<\/td>\n<td class=\"et5\" style=\"width: 202.95pt;\" width=\"202\">47*35.5*19.5<\/td>\n<\/tr>\n<tr style=\"height: 17.60pt;\">\n<td class=\"et3\" style=\"height: 17.60pt;\" height=\"17\">N.W \/SET<\/td>\n<td class=\"et3\">7.5KGS\/PCS<\/td>\n<\/tr>\n<tr style=\"height: 17.60pt;\">\n<td class=\"et3\" style=\"height: 17.60pt;\" height=\"17\">MOQ<\/td>\n<td class=\"et3\">20pcs<\/td>\n<\/tr>\n<tr style=\"height: 17.60pt;\">\n<td class=\"et3\" style=\"height: 17.60pt;\" height=\"17\">Option personnalis\u00e9e<\/td>\n<td class=\"et3\">Couleur\/Pattenue\/Taille\/Logo\/Emballage<\/td>\n<\/tr>\n<\/tbody>\n<\/table>","protected":false},"featured_media":4325,"comment_status":"closed","ping_status":"closed","template":"","meta":{"_acf_changed":false},"product_brand":[],"product_cat":[59],"product_tag":[],"class_list":{"0":"post-4317","1":"product","2":"type-product","3":"status-publish","4":"has-post-thumbnail","6":"product_cat-wholesale-undermount-sinks","8":"first","9":"instock","10":"shipping-taxable","11":"product-type-simple"},"acf":[],"_links":{"self":[{"href":"https:\/\/www.ceramicbasin.com\/fr\/wp-json\/wp\/v2\/product\/4317","targetHints":{"allow":["GET"]}}],"collection":[{"href":"https:\/\/www.ceramicbasin.com\/fr\/wp-json\/wp\/v2\/product"}],"about":[{"href":"https:\/\/www.ceramicbasin.com\/fr\/wp-json\/wp\/v2\/types\/product"}],"replies":[{"embeddable":true,"href":"https:\/\/www.ceramicbasin.com\/fr\/wp-json\/wp\/v2\/comments?post=4317"}],"wp:featuredmedia":[{"embeddable":true,"href":"https:\/\/www.ceramicbasin.com\/fr\/wp-json\/wp\/v2\/media\/4325"}],"wp:attachment":[{"href":"https:\/\/www.ceramicbasin.com\/fr\/wp-json\/wp\/v2\/media?parent=4317"}],"wp:term":[{"taxonomy":"product_brand","embeddable":true,"href":"https:\/\/www.ceramicbasin.com\/fr\/wp-json\/wp\/v2\/product_brand?post=4317"},{"taxonomy":"product_cat","embeddable":true,"href":"https:\/\/www.ceramicbasin.com\/fr\/wp-json\/wp\/v2\/product_cat?post=4317"},{"taxonomy":"product_tag","embeddable":true,"href":"https:\/\/www.ceramicbasin.com\/fr\/wp-json\/wp\/v2\/product_tag?post=4317"}],"curies":[{"name":"wp","href":"https:\/\/api.w.org\/{rel}","templated":true}]}}