{"id":4335,"date":"2024-07-26T06:21:44","date_gmt":"2024-07-26T06:21:44","guid":{"rendered":"https:\/\/www.ceramicbasin.com\/?post_type=product&#038;p=4335"},"modified":"2024-07-26T06:47:32","modified_gmt":"2024-07-26T06:47:32","slug":"wholesale-commercial-drop-in-sinks","status":"publish","type":"product","link":"https:\/\/www.ceramicbasin.com\/fr\/produit\/wholesale-commercial-drop-in-sinks\/","title":{"rendered":"Premium Wholesale Commercial Drop In Sinks For Bathrooms (\u00e9viers \u00e0 poser pour salles de bains)"},"content":{"rendered":"<div class=\"wp-block-columns is-layout-flex wp-container-core-columns-is-layout-9d6595d7 wp-block-columns-is-layout-flex\">\n<div class=\"wp-block-column is-layout-flow wp-block-column-is-layout-flow\">\n<h2 class=\"wp-block-heading\">Premium Wholesale Commercial Drop In Sinks Caract\u00e9ristiques :<\/h2>\n\n\n\n<ul class=\"wp-block-list\">\n<li><strong>Design exquis : <\/strong>Nos lavabos \u00e0 encastrer ont un profil carr\u00e9 \u00e9l\u00e9gant, avec des lignes dures et lisses, encastr\u00e9s dans le comptoir de la salle de bains, ajoutant un sentiment de simplicit\u00e9 et de modernit\u00e9 \u00e0 l'espace.<\/li>\n\n\n\n<li><strong>Mat\u00e9riaux c\u00e9ramiques de haute qualit\u00e9 : <\/strong>Nos \u00e9viers de salle de bain en gros sont fabriqu\u00e9s \u00e0 partir de mat\u00e9riaux c\u00e9ramiques de haute qualit\u00e9, combin\u00e9s \u00e0 un savoir-faire exquis, afin de garantir que la structure de l'\u00e9vier est stable, que la surface est lisse et d\u00e9licate, qu'elle est facile \u00e0 nettoyer et \u00e0 entretenir et qu'elle est durable.<\/li>\n\n\n\n<li><strong>Avantage du prix de gros : <\/strong>En tant que fabricant d'\u00e9viers en c\u00e9ramique, nous offrons des prix de gros tr\u00e8s comp\u00e9titifs, afin que vous puissiez obtenir les \u00e9viers commerciaux en gros les plus id\u00e9aux sous le contr\u00f4le des co\u00fbts.<\/li>\n\n\n\n<li><strong>Service personnalis\u00e9 : <\/strong>Fournir des services personnalis\u00e9s de lavabos de salle de bains pour vos projets commerciaux, en veillant \u00e0 ce que chaque produit r\u00e9ponde pr\u00e9cis\u00e9ment \u00e0 la conception de votre salle de bains et aux exigences en mati\u00e8re d'espace, cr\u00e9ant ainsi un style unique.<\/li>\n<\/ul>\n<\/div>\n\n\n\n<div class=\"wp-block-column is-layout-flow wp-block-column-is-layout-flow\">\n<figure class=\"wp-block-image size-full\"><img fetchpriority=\"high\" decoding=\"async\" width=\"725\" height=\"855\" src=\"https:\/\/www.ceramicbasin.com\/wp-content\/uploads\/2024\/07\/premium-wholesale-commercial-drop-in-sinks-for-bathrooms-5.webp\" alt=\"premium-wholesale-commercial-drop-in-sinks-for-bathrooms-5\" class=\"wp-image-4341\" srcset=\"https:\/\/www.ceramicbasin.com\/wp-content\/uploads\/2024\/07\/premium-wholesale-commercial-drop-in-sinks-for-bathrooms-5.webp 725w, https:\/\/www.ceramicbasin.com\/wp-content\/uploads\/2024\/07\/premium-wholesale-commercial-drop-in-sinks-for-bathrooms-5-254x300.webp 254w, https:\/\/www.ceramicbasin.com\/wp-content\/uploads\/2024\/07\/premium-wholesale-commercial-drop-in-sinks-for-bathrooms-5-10x12.webp 10w, https:\/\/www.ceramicbasin.com\/wp-content\/uploads\/2024\/07\/premium-wholesale-commercial-drop-in-sinks-for-bathrooms-5-285x336.webp 285w, https:\/\/www.ceramicbasin.com\/wp-content\/uploads\/2024\/07\/premium-wholesale-commercial-drop-in-sinks-for-bathrooms-5-560x660.webp 560w, https:\/\/www.ceramicbasin.com\/wp-content\/uploads\/2024\/07\/premium-wholesale-commercial-drop-in-sinks-for-bathrooms-5-127x150.webp 127w\" sizes=\"(max-width: 725px) 100vw, 725px\" \/><\/figure>\n<\/div>\n<\/div>\n\n\n\n<p><\/p>","protected":false},"excerpt":{"rendered":"<p>Les mat\u00e9riaux c\u00e9ramiques de haute qualit\u00e9 et l'artisanat exquis utilis\u00e9s dans nos \u00e9viers \u00e0 poser commerciaux garantissent la durabilit\u00e9 et la facilit\u00e9 de nettoyage de l'\u00e9vier, ce qui en fait un choix id\u00e9al pour les \u00e9viers de salles de bains commerciales. Le design rectangulaire exquis n'est pas seulement beau et g\u00e9n\u00e9reux, mais aussi un symbole \u00e0 la mode des salles de bains modernes.<\/p>\n<table style=\"border-collapse: collapse; width: 311.02pt;\" border=\"0\" width=\"311\" cellspacing=\"0\" cellpadding=\"0\">\n<tbody>\n<tr style=\"height: 17.60pt;\">\n<td class=\"et3\" style=\"height: 17.60pt; width: 108.35pt;\" width=\"108\" height=\"17\">Fabricant<\/td>\n<td class=\"et3\" style=\"width: 202.95pt;\" width=\"202\">HanYu<\/td>\n<\/tr>\n<tr style=\"height: 17.60pt;\">\n<td class=\"et3\" style=\"height: 17.60pt;\" height=\"17\">Num\u00e9ro de mod\u00e8le.<\/td>\n<td class=\"et4\">HY-8066<\/td>\n<\/tr>\n<tr style=\"height: 18.00pt;\">\n<td class=\"et3\" style=\"height: 18.00pt;\" height=\"18\">Type<\/td>\n<td class=\"et5\" style=\"width: 202.95pt;\" width=\"202\">Bassin d'abaissement<\/td>\n<\/tr>\n<tr style=\"height: 17.60pt;\">\n<td class=\"et3\" style=\"height: 17.60pt;\" height=\"17\">Forme<\/td>\n<td class=\"et3\">Forme rectangulaire<\/td>\n<\/tr>\n<tr style=\"height: 18.00pt;\">\n<td class=\"et4\" style=\"height: 18.00pt;\" height=\"18\">Couleur<\/td>\n<td class=\"et5\" style=\"width: 202.95pt;\" width=\"202\">Blanc<\/td>\n<\/tr>\n<tr style=\"height: 18.00pt;\">\n<td class=\"et3\" style=\"height: 18.00pt;\" height=\"18\">Dimension<\/td>\n<td class=\"et5\" style=\"width: 202.95pt;\" width=\"202\">48*29.5*12.5<\/td>\n<\/tr>\n<tr style=\"height: 17.60pt;\">\n<td class=\"et3\" style=\"height: 17.60pt;\" height=\"17\">N.W \/SET<\/td>\n<td class=\"et3\">9KGS\/PCS<\/td>\n<\/tr>\n<tr style=\"height: 17.60pt;\">\n<td class=\"et3\" style=\"height: 17.60pt;\" height=\"17\">MOQ<\/td>\n<td class=\"et3\">20pcs<\/td>\n<\/tr>\n<tr style=\"height: 17.60pt;\">\n<td class=\"et3\" style=\"height: 17.60pt;\" height=\"17\">Option personnalis\u00e9e<\/td>\n<td class=\"et3\">Couleur\/Pattenue\/Taille\/Logo\/Emballage<\/td>\n<\/tr>\n<\/tbody>\n<\/table>","protected":false},"featured_media":4336,"comment_status":"closed","ping_status":"closed","template":"","meta":{"_acf_changed":false},"product_brand":[],"product_cat":[51],"product_tag":[],"class_list":{"0":"post-4335","1":"product","2":"type-product","3":"status-publish","4":"has-post-thumbnail","6":"product_cat-wholesale-drop-in-sinks","8":"first","9":"instock","10":"shipping-taxable","11":"product-type-simple"},"acf":[],"_links":{"self":[{"href":"https:\/\/www.ceramicbasin.com\/fr\/wp-json\/wp\/v2\/product\/4335","targetHints":{"allow":["GET"]}}],"collection":[{"href":"https:\/\/www.ceramicbasin.com\/fr\/wp-json\/wp\/v2\/product"}],"about":[{"href":"https:\/\/www.ceramicbasin.com\/fr\/wp-json\/wp\/v2\/types\/product"}],"replies":[{"embeddable":true,"href":"https:\/\/www.ceramicbasin.com\/fr\/wp-json\/wp\/v2\/comments?post=4335"}],"wp:featuredmedia":[{"embeddable":true,"href":"https:\/\/www.ceramicbasin.com\/fr\/wp-json\/wp\/v2\/media\/4336"}],"wp:attachment":[{"href":"https:\/\/www.ceramicbasin.com\/fr\/wp-json\/wp\/v2\/media?parent=4335"}],"wp:term":[{"taxonomy":"product_brand","embeddable":true,"href":"https:\/\/www.ceramicbasin.com\/fr\/wp-json\/wp\/v2\/product_brand?post=4335"},{"taxonomy":"product_cat","embeddable":true,"href":"https:\/\/www.ceramicbasin.com\/fr\/wp-json\/wp\/v2\/product_cat?post=4335"},{"taxonomy":"product_tag","embeddable":true,"href":"https:\/\/www.ceramicbasin.com\/fr\/wp-json\/wp\/v2\/product_tag?post=4335"}],"curies":[{"name":"wp","href":"https:\/\/api.w.org\/{rel}","templated":true}]}}