{"id":4346,"date":"2024-07-26T06:48:45","date_gmt":"2024-07-26T06:48:45","guid":{"rendered":"https:\/\/www.ceramicbasin.com\/?post_type=product&#038;p=4346"},"modified":"2024-11-04T08:14:13","modified_gmt":"2024-11-04T08:14:13","slug":"drop-in-sinks-wholesale","status":"publish","type":"product","link":"https:\/\/www.ceramicbasin.com\/fr\/produit\/drop-in-sinks-wholesale\/","title":{"rendered":"Cuves \u00e0 encastrer durables et de qualit\u00e9 sup\u00e9rieure Wholesale For Bathrooms"},"content":{"rendered":"<div class=\"wp-block-columns is-layout-flex wp-container-core-columns-is-layout-9d6595d7 wp-block-columns-is-layout-flex\">\n<div class=\"wp-block-column is-layout-flow wp-block-column-is-layout-flow\">\n<h2 class=\"wp-block-heading\">Premium Drop In Sinks Wholesale Features :<\/h2>\n\n\n\n<ul class=\"wp-block-list\">\n<li><strong>Porcelaine de haute qualit\u00e9 :<\/strong> Les mat\u00e9riaux de qualit\u00e9 de nos lavabos \u00e0 encastrer en gros sont de haute qualit\u00e9, robustes, durables et excellents en termes de r\u00e9sistance aux rayures et \u00e0 l'usure. Nos lavabos en gros peuvent garantir une utilisation \u00e0 long terme sans endommager facilement l'apparence.<\/li>\n\n\n\n<li><strong>Cr\u00e9ation de mode : <\/strong>Le design moderne et simple, avec des lignes douces, convient \u00e0 diff\u00e9rents types de salles de bains. Si vous souhaitez ajouter de l'\u00e9l\u00e9gance et de la mode \u00e0 votre salle de bains, nos lavabos en gros seront parfaits.<\/li>\n\n\n\n<li><strong>Installation facile : <\/strong>Gr\u00e2ce \u00e0 cette conception int\u00e9gr\u00e9e, les \u00e9viers encastrables en gros facilitent et acc\u00e9l\u00e8rent le processus d'installation sans n\u00e9cessiter d'outils ou de comp\u00e9tences compliqu\u00e9s, ce qui permet d'\u00e9conomiser le temps et le co\u00fbt de l'installation.<\/li>\n\n\n\n<li><strong>Nettoyage facile : <\/strong>La surface lisse de nos lavabos a \u00e9t\u00e9 sp\u00e9cialement trait\u00e9e pour r\u00e9sister aux taches et aux moisissures. Ainsi, elle emp\u00eache efficacement la formation de tartre et de taches, ce qui rend le nettoyage et l'entretien plus pratiques et plus ais\u00e9s.<\/li>\n<\/ul>\n<\/div>\n\n\n\n<div class=\"wp-block-column is-layout-flow wp-block-column-is-layout-flow\">\n<figure class=\"wp-block-image size-full\"><img fetchpriority=\"high\" decoding=\"async\" width=\"980\" height=\"1351\" src=\"https:\/\/www.ceramicbasin.com\/wp-content\/uploads\/2024\/07\/durable-and-premium-drop-in-sinks-wholesale-for-bathrooms-5.webp\" alt=\"lavabos durables et de qualit\u00e9 sup\u00e9rieure \u00e0 encastrer - vente en gros pour salles de bains-5\" class=\"wp-image-4351\" srcset=\"https:\/\/www.ceramicbasin.com\/wp-content\/uploads\/2024\/07\/durable-and-premium-drop-in-sinks-wholesale-for-bathrooms-5.webp 980w, https:\/\/www.ceramicbasin.com\/wp-content\/uploads\/2024\/07\/durable-and-premium-drop-in-sinks-wholesale-for-bathrooms-5-218x300.webp 218w, https:\/\/www.ceramicbasin.com\/wp-content\/uploads\/2024\/07\/durable-and-premium-drop-in-sinks-wholesale-for-bathrooms-5-768x1059.webp 768w, https:\/\/www.ceramicbasin.com\/wp-content\/uploads\/2024\/07\/durable-and-premium-drop-in-sinks-wholesale-for-bathrooms-5-9x12.webp 9w, https:\/\/www.ceramicbasin.com\/wp-content\/uploads\/2024\/07\/durable-and-premium-drop-in-sinks-wholesale-for-bathrooms-5-285x393.webp 285w, https:\/\/www.ceramicbasin.com\/wp-content\/uploads\/2024\/07\/durable-and-premium-drop-in-sinks-wholesale-for-bathrooms-5-479x660.webp 479w, https:\/\/www.ceramicbasin.com\/wp-content\/uploads\/2024\/07\/durable-and-premium-drop-in-sinks-wholesale-for-bathrooms-5-109x150.webp 109w\" sizes=\"(max-width: 980px) 100vw, 980px\" \/><\/figure>\n<\/div>\n<\/div>\n\n\n\n<p><\/p>","protected":false},"excerpt":{"rendered":"<p>Bienvenue pour acheter des lavabos en gros. Le mat\u00e9riau des lavabos en gros est la c\u00e9ramique de haute qualit\u00e9, ferme et durable. En outre, la r\u00e9sistance aux rayures et \u00e0 l'usure est excellente, afin d'\u00e9viter d'endommager le produit m\u00eame s'il a \u00e9t\u00e9 utilis\u00e9 pendant une longue p\u00e9riode. Design moderne et simple, ligne d'aspect lisse et adapt\u00e9 \u00e0 toutes sortes de d\u00e9coration de salle de bains.<\/p>\n<table style=\"border-collapse: collapse; width: 311.02pt;\" border=\"0\" width=\"311\" cellspacing=\"0\" cellpadding=\"0\">\n<tbody>\n<tr style=\"height: 17.60pt;\">\n<td class=\"et3\" style=\"height: 17.60pt; width: 108.35pt;\" width=\"108\" height=\"17\">Fabricant<\/td>\n<td class=\"et3\" style=\"width: 202.95pt;\" width=\"202\">HanYu<\/td>\n<\/tr>\n<tr style=\"height: 17.60pt;\">\n<td class=\"et3\" style=\"height: 17.60pt;\" height=\"17\">Num\u00e9ro de mod\u00e8le.<\/td>\n<td class=\"et4\">HY-5402<\/td>\n<\/tr>\n<tr style=\"height: 18.00pt;\">\n<td class=\"et3\" style=\"height: 18.00pt;\" height=\"18\">Type<\/td>\n<td class=\"et5\" style=\"width: 202.95pt;\" width=\"202\">Bassin d'abaissement<\/td>\n<\/tr>\n<tr style=\"height: 17.60pt;\">\n<td class=\"et3\" style=\"height: 17.60pt;\" height=\"17\">Forme<\/td>\n<td class=\"et3\">Forme rectangulaire<\/td>\n<\/tr>\n<tr style=\"height: 18.00pt;\">\n<td class=\"et4\" style=\"height: 18.00pt;\" height=\"18\">Couleur<\/td>\n<td class=\"et5\" style=\"width: 202.95pt;\" width=\"202\">Blanc<\/td>\n<\/tr>\n<tr style=\"height: 18.00pt;\">\n<td class=\"et3\" style=\"height: 18.00pt;\" height=\"18\">Dimension<\/td>\n<td class=\"et5\" style=\"width: 202.95pt;\" width=\"202\">46*33*17<\/td>\n<\/tr>\n<tr style=\"height: 17.60pt;\">\n<td class=\"et3\" style=\"height: 17.60pt;\" height=\"17\">N.W \/SET<\/td>\n<td class=\"et3\">10KGS\/PCS<\/td>\n<\/tr>\n<tr style=\"height: 17.60pt;\">\n<td class=\"et3\" style=\"height: 17.60pt;\" height=\"17\">MOQ<\/td>\n<td class=\"et3\">20pcs<\/td>\n<\/tr>\n<tr style=\"height: 17.60pt;\">\n<td class=\"et3\" style=\"height: 17.60pt;\" height=\"17\">Option personnalis\u00e9e<\/td>\n<td class=\"et3\">Couleur\/Pattenue\/Taille\/Logo\/Emballage<\/td>\n<\/tr>\n<\/tbody>\n<\/table>","protected":false},"featured_media":4353,"comment_status":"closed","ping_status":"closed","template":"","meta":{"_acf_changed":false},"product_brand":[],"product_cat":[51],"product_tag":[],"class_list":{"0":"post-4346","1":"product","2":"type-product","3":"status-publish","4":"has-post-thumbnail","6":"product_cat-wholesale-drop-in-sinks","8":"first","9":"instock","10":"shipping-taxable","11":"product-type-simple"},"acf":[],"_links":{"self":[{"href":"https:\/\/www.ceramicbasin.com\/fr\/wp-json\/wp\/v2\/product\/4346","targetHints":{"allow":["GET"]}}],"collection":[{"href":"https:\/\/www.ceramicbasin.com\/fr\/wp-json\/wp\/v2\/product"}],"about":[{"href":"https:\/\/www.ceramicbasin.com\/fr\/wp-json\/wp\/v2\/types\/product"}],"replies":[{"embeddable":true,"href":"https:\/\/www.ceramicbasin.com\/fr\/wp-json\/wp\/v2\/comments?post=4346"}],"wp:featuredmedia":[{"embeddable":true,"href":"https:\/\/www.ceramicbasin.com\/fr\/wp-json\/wp\/v2\/media\/4353"}],"wp:attachment":[{"href":"https:\/\/www.ceramicbasin.com\/fr\/wp-json\/wp\/v2\/media?parent=4346"}],"wp:term":[{"taxonomy":"product_brand","embeddable":true,"href":"https:\/\/www.ceramicbasin.com\/fr\/wp-json\/wp\/v2\/product_brand?post=4346"},{"taxonomy":"product_cat","embeddable":true,"href":"https:\/\/www.ceramicbasin.com\/fr\/wp-json\/wp\/v2\/product_cat?post=4346"},{"taxonomy":"product_tag","embeddable":true,"href":"https:\/\/www.ceramicbasin.com\/fr\/wp-json\/wp\/v2\/product_tag?post=4346"}],"curies":[{"name":"wp","href":"https:\/\/api.w.org\/{rel}","templated":true}]}}