{"id":4354,"date":"2024-07-26T07:02:00","date_gmt":"2024-07-26T07:02:00","guid":{"rendered":"https:\/\/www.ceramicbasin.com\/?post_type=product&#038;p=4354"},"modified":"2024-11-04T08:08:30","modified_gmt":"2024-11-04T08:08:30","slug":"wholesale-in-counter-basin","status":"publish","type":"product","link":"https:\/\/www.ceramicbasin.com\/fr\/produit\/wholesale-in-counter-basin\/","title":{"rendered":"Achetez en gros des vasques de comptoir de haute qualit\u00e9 pour votre projet"},"content":{"rendered":"<div class=\"wp-block-columns is-layout-flex wp-container-core-columns-is-layout-9d6595d7 wp-block-columns-is-layout-flex\">\n<div class=\"wp-block-column is-layout-flow wp-block-column-is-layout-flow\">\n<h2 class=\"wp-block-heading\">Premium Wholesale In Counter Basin Caract\u00e9ristiques :<\/h2>\n\n\n\n<ul class=\"wp-block-list\">\n<li><strong>Mat\u00e9riau de haute qualit\u00e9 : <\/strong>Notre vasque de comptoir en gros est fabriqu\u00e9e en c\u00e9ramique de haute qualit\u00e9, suffisamment robuste et durable pour r\u00e9sister aux temp\u00e9ratures \u00e9lev\u00e9es, aux rayures et \u00e0 l'usure, afin de garantir une longue dur\u00e9e de vie.<\/li>\n\n\n\n<li><strong>Design exquis : <\/strong>Avec le style de design moderne, cet \u00e9vier en c\u00e9ramique en gros a un design sans effort mais \u00e9l\u00e9gant, qui conviendrait \u00e0 n'importe quel style de d\u00e9coration de salles de bains et de toilettes. Il enrichit le go\u00fbt g\u00e9n\u00e9ral de l'endroit.<\/li>\n\n\n\n<li><strong>Facile \u00e0 installer : <\/strong>L'installation de cette vasque \u00e0 poser en gros est tr\u00e8s rapide et facile. Il convient \u00e0 diff\u00e9rents types de mat\u00e9riaux de comptoir de vanit\u00e9, et il est facile \u00e0 installer. Par cons\u00e9quent, il convient \u00e0 divers projets commerciaux ou concessionnaires.<\/li>\n\n\n\n<li><strong>Facile \u00e0 entretenir : <\/strong>La surface de cet \u00e9vier en c\u00e9ramique est uniforme et fine. R\u00e9sistant \u00e0 la salet\u00e9 et aux moisissures, il facilite le nettoyage et permet de le garder propre comme neuf, ce qui vous permet d'\u00e9conomiser du temps et de l'\u00e9nergie dans le nettoyage et l'entretien quotidiens.<\/li>\n<\/ul>\n<\/div>\n\n\n\n<div class=\"wp-block-column is-layout-flow wp-block-column-is-layout-flow\">\n<figure class=\"wp-block-image size-full\"><img fetchpriority=\"high\" decoding=\"async\" width=\"980\" height=\"1351\" src=\"https:\/\/www.ceramicbasin.com\/wp-content\/uploads\/2024\/07\/buy-high-quality-wholesale-in-counter-basin-for-your-project-6.webp\" alt=\"buy-high-quality-wholesale-in-counter-basin-for-your-project-5\" class=\"wp-image-4360\" srcset=\"https:\/\/www.ceramicbasin.com\/wp-content\/uploads\/2024\/07\/buy-high-quality-wholesale-in-counter-basin-for-your-project-6.webp 980w, https:\/\/www.ceramicbasin.com\/wp-content\/uploads\/2024\/07\/buy-high-quality-wholesale-in-counter-basin-for-your-project-6-218x300.webp 218w, https:\/\/www.ceramicbasin.com\/wp-content\/uploads\/2024\/07\/buy-high-quality-wholesale-in-counter-basin-for-your-project-6-768x1059.webp 768w, https:\/\/www.ceramicbasin.com\/wp-content\/uploads\/2024\/07\/buy-high-quality-wholesale-in-counter-basin-for-your-project-6-9x12.webp 9w, https:\/\/www.ceramicbasin.com\/wp-content\/uploads\/2024\/07\/buy-high-quality-wholesale-in-counter-basin-for-your-project-6-285x393.webp 285w, https:\/\/www.ceramicbasin.com\/wp-content\/uploads\/2024\/07\/buy-high-quality-wholesale-in-counter-basin-for-your-project-6-479x660.webp 479w, https:\/\/www.ceramicbasin.com\/wp-content\/uploads\/2024\/07\/buy-high-quality-wholesale-in-counter-basin-for-your-project-6-109x150.webp 109w\" sizes=\"(max-width: 980px) 100vw, 980px\" \/><\/figure>\n<\/div>\n<\/div>\n\n\n\n<p><\/p>","protected":false},"excerpt":{"rendered":"<p>Nous vous invitons \u00e0 acheter des \u00e9viers en c\u00e9ramique. Nos lavabos en gros sont fabriqu\u00e9s en porcelaine de haute qualit\u00e9, avec des caract\u00e9ristiques robustes et durables, r\u00e9sistant aux temp\u00e9ratures \u00e9lev\u00e9es, aux rayures et \u00e0 l'usure, garantissant une longue dur\u00e9e de vie du produit. Le style de conception moderne exquis, simple et \u00e9l\u00e9gant, convient aux salles de bains et aux toilettes dans divers styles de d\u00e9coration, promouvant le go\u00fbt total de l'espace.<\/p>\n<table style=\"border-collapse: collapse; width: 311.02pt;\" border=\"0\" width=\"311\" cellspacing=\"0\" cellpadding=\"0\">\n<tbody>\n<tr style=\"height: 17.60pt;\">\n<td class=\"et3\" style=\"height: 17.60pt; width: 108.35pt;\" width=\"108\" height=\"17\">Fabricant<\/td>\n<td class=\"et3\" style=\"width: 202.95pt;\" width=\"202\">HanYu<\/td>\n<\/tr>\n<tr style=\"height: 17.60pt;\">\n<td class=\"et3\" style=\"height: 17.60pt;\" height=\"17\">Num\u00e9ro de mod\u00e8le.<\/td>\n<td class=\"et4\">HY-5401A<\/td>\n<\/tr>\n<tr style=\"height: 18.00pt;\">\n<td class=\"et3\" style=\"height: 18.00pt;\" height=\"18\">Type<\/td>\n<td class=\"et5\" style=\"width: 202.95pt;\" width=\"202\">Bassin d'abaissement<\/td>\n<\/tr>\n<tr style=\"height: 17.60pt;\">\n<td class=\"et3\" style=\"height: 17.60pt;\" height=\"17\">Forme<\/td>\n<td class=\"et3\">Forme rectangulaire<\/td>\n<\/tr>\n<tr style=\"height: 18.00pt;\">\n<td class=\"et4\" style=\"height: 18.00pt;\" height=\"18\">Couleur<\/td>\n<td class=\"et5\" style=\"width: 202.95pt;\" width=\"202\">Blanc<\/td>\n<\/tr>\n<tr style=\"height: 18.00pt;\">\n<td class=\"et3\" style=\"height: 18.00pt;\" height=\"18\">Dimension<\/td>\n<td class=\"et5\" style=\"width: 202.95pt;\" width=\"202\">50.5*39*14<\/td>\n<\/tr>\n<tr style=\"height: 17.60pt;\">\n<td class=\"et3\" style=\"height: 17.60pt;\" height=\"17\">N.W \/SET<\/td>\n<td class=\"et3\">11KGS\/PCS<\/td>\n<\/tr>\n<tr style=\"height: 17.60pt;\">\n<td class=\"et3\" style=\"height: 17.60pt;\" height=\"17\">MOQ<\/td>\n<td class=\"et3\">20pcs<\/td>\n<\/tr>\n<tr style=\"height: 17.60pt;\">\n<td class=\"et3\" style=\"height: 17.60pt;\" height=\"17\">Option personnalis\u00e9e<\/td>\n<td class=\"et3\">Couleur\/Pattenue\/Taille\/Logo\/Emballage<\/td>\n<\/tr>\n<\/tbody>\n<\/table>","protected":false},"featured_media":4361,"comment_status":"closed","ping_status":"closed","template":"","meta":{"_acf_changed":false},"product_brand":[],"product_cat":[51],"product_tag":[],"class_list":{"0":"post-4354","1":"product","2":"type-product","3":"status-publish","4":"has-post-thumbnail","6":"product_cat-wholesale-drop-in-sinks","8":"first","9":"instock","10":"shipping-taxable","11":"product-type-simple"},"acf":[],"_links":{"self":[{"href":"https:\/\/www.ceramicbasin.com\/fr\/wp-json\/wp\/v2\/product\/4354","targetHints":{"allow":["GET"]}}],"collection":[{"href":"https:\/\/www.ceramicbasin.com\/fr\/wp-json\/wp\/v2\/product"}],"about":[{"href":"https:\/\/www.ceramicbasin.com\/fr\/wp-json\/wp\/v2\/types\/product"}],"replies":[{"embeddable":true,"href":"https:\/\/www.ceramicbasin.com\/fr\/wp-json\/wp\/v2\/comments?post=4354"}],"wp:featuredmedia":[{"embeddable":true,"href":"https:\/\/www.ceramicbasin.com\/fr\/wp-json\/wp\/v2\/media\/4361"}],"wp:attachment":[{"href":"https:\/\/www.ceramicbasin.com\/fr\/wp-json\/wp\/v2\/media?parent=4354"}],"wp:term":[{"taxonomy":"product_brand","embeddable":true,"href":"https:\/\/www.ceramicbasin.com\/fr\/wp-json\/wp\/v2\/product_brand?post=4354"},{"taxonomy":"product_cat","embeddable":true,"href":"https:\/\/www.ceramicbasin.com\/fr\/wp-json\/wp\/v2\/product_cat?post=4354"},{"taxonomy":"product_tag","embeddable":true,"href":"https:\/\/www.ceramicbasin.com\/fr\/wp-json\/wp\/v2\/product_tag?post=4354"}],"curies":[{"name":"wp","href":"https:\/\/api.w.org\/{rel}","templated":true}]}}