{"id":4362,"date":"2024-07-26T07:16:14","date_gmt":"2024-07-26T07:16:14","guid":{"rendered":"https:\/\/www.ceramicbasin.com\/?post_type=product&#038;p=4362"},"modified":"2024-07-26T07:29:51","modified_gmt":"2024-07-26T07:29:51","slug":"wholesale-wash-basin-semi-recessed","status":"publish","type":"product","link":"https:\/\/www.ceramicbasin.com\/fr\/produit\/wholesale-wash-basin-semi-recessed\/","title":{"rendered":"Wholesale Wash Basin Semi Recessed Basin With Faucet Hole (Lavabo semi-encastr\u00e9 avec trou de robinet)"},"content":{"rendered":"<div class=\"wp-block-columns is-layout-flex wp-container-core-columns-is-layout-9d6595d7 wp-block-columns-is-layout-flex\">\n<div class=\"wp-block-column is-layout-flow wp-block-column-is-layout-flow\">\n<h2 class=\"wp-block-heading\">Premium Wholesale Wash Basin Caract\u00e9ristiques :<\/h2>\n\n\n\n<ul class=\"wp-block-list\">\n<li><strong>Mat\u00e9riau de haute qualit\u00e9 : <\/strong>Notre lavabo semi-encastr\u00e9 est fabriqu\u00e9 en c\u00e9ramique de haute qualit\u00e9, robuste et durable, avec une excellente r\u00e9sistance aux rayures et \u00e0 l'usure, ce qui garantit une fiabilit\u00e9 \u00e0 long terme.<\/li>\n\n\n\n<li><strong>Conception semi-encastr\u00e9e : <\/strong>Le design semi-encastr\u00e9 de ce lavabo en gros permet de gagner de l'espace et est facile \u00e0 installer. Il s'adapte \u00e0 divers plans de travail et agencements de salle de bains, am\u00e9liorant ainsi l'utilisation de l'espace et l'esth\u00e9tique.<\/li>\n\n\n\n<li><strong>Trou de robinet r\u00e9serv\u00e9 : <\/strong>Cette vasque semi-encastr\u00e9e est con\u00e7ue avec un trou de robinet r\u00e9serv\u00e9, ce qui permet aux utilisateurs d'installer diff\u00e9rents types de robinets pour r\u00e9pondre aux besoins de diff\u00e9rents clients.<\/li>\n\n\n\n<li><strong>Facile \u00e0 nettoyer : <\/strong>Notre \u00e9vier en c\u00e9ramique en gros a un \u00e9mail lisse, r\u00e9sistant aux taches et \u00e0 la moisissure, facile \u00e0 nettoyer et \u00e0 entretenir, garantissant l'hygi\u00e8ne et la propret\u00e9 dans l'utilisation quotidienne.<\/li>\n<\/ul>\n<\/div>\n\n\n\n<div class=\"wp-block-column is-layout-flow wp-block-column-is-layout-flow\">\n<figure class=\"wp-block-image size-full\"><img fetchpriority=\"high\" decoding=\"async\" width=\"682\" height=\"967\" src=\"https:\/\/www.ceramicbasin.com\/wp-content\/uploads\/2024\/07\/wholesale-wash-basin-semi-recessed-basin-with-faucet-hole-5.webp\" alt=\"wholesale-wash-basin-semi-bassin encastr\u00e9-avec-trou-de-robinet-5\" class=\"wp-image-4367\" srcset=\"https:\/\/www.ceramicbasin.com\/wp-content\/uploads\/2024\/07\/wholesale-wash-basin-semi-recessed-basin-with-faucet-hole-5.webp 682w, https:\/\/www.ceramicbasin.com\/wp-content\/uploads\/2024\/07\/wholesale-wash-basin-semi-recessed-basin-with-faucet-hole-5-212x300.webp 212w, https:\/\/www.ceramicbasin.com\/wp-content\/uploads\/2024\/07\/wholesale-wash-basin-semi-recessed-basin-with-faucet-hole-5-8x12.webp 8w, https:\/\/www.ceramicbasin.com\/wp-content\/uploads\/2024\/07\/wholesale-wash-basin-semi-recessed-basin-with-faucet-hole-5-285x404.webp 285w, https:\/\/www.ceramicbasin.com\/wp-content\/uploads\/2024\/07\/wholesale-wash-basin-semi-recessed-basin-with-faucet-hole-5-465x660.webp 465w, https:\/\/www.ceramicbasin.com\/wp-content\/uploads\/2024\/07\/wholesale-wash-basin-semi-recessed-basin-with-faucet-hole-5-106x150.webp 106w\" sizes=\"(max-width: 682px) 100vw, 682px\" \/><\/figure>\n<\/div>\n<\/div>\n\n\n\n<p><\/p>","protected":false},"excerpt":{"rendered":"<p>Ce lavabo semi-encastr\u00e9 est fabriqu\u00e9 en c\u00e9ramique de haute qualit\u00e9, robuste et durable, avec une excellente r\u00e9sistance aux rayures et \u00e0 l'usure, garantissant une fiabilit\u00e9 \u00e0 long terme. Sa conception semi-encastr\u00e9e unique permet de gagner de l'espace et est facile \u00e0 installer. Il convient \u00e0 divers plans de travail et agencements de salle de bains, am\u00e9liorant l'utilisation de l'espace et l'esth\u00e9tique.<\/p>\n<table style=\"border-collapse: collapse; width: 311.02pt;\" border=\"0\" width=\"311\" cellspacing=\"0\" cellpadding=\"0\">\n<tbody>\n<tr style=\"height: 17.60pt;\">\n<td class=\"et3\" style=\"height: 17.60pt; width: 108.35pt;\" width=\"108\" height=\"17\">Fabricant<\/td>\n<td class=\"et3\" style=\"width: 202.95pt;\" width=\"202\">HanYu<\/td>\n<\/tr>\n<tr style=\"height: 17.60pt;\">\n<td class=\"et3\" style=\"height: 17.60pt;\" height=\"17\">Num\u00e9ro de mod\u00e8le.<\/td>\n<td class=\"et4\">HY-5307<\/td>\n<\/tr>\n<tr style=\"height: 18.00pt;\">\n<td class=\"et3\" style=\"height: 18.00pt;\" height=\"18\">Type<\/td>\n<td class=\"et5\" style=\"width: 202.95pt;\" width=\"202\">Cuvette semi-encastr\u00e9e<\/td>\n<\/tr>\n<tr style=\"height: 17.60pt;\">\n<td class=\"et3\" style=\"height: 17.60pt;\" height=\"17\">Forme<\/td>\n<td class=\"et3\">Forme rectangulaire<\/td>\n<\/tr>\n<tr style=\"height: 18.00pt;\">\n<td class=\"et4\" style=\"height: 18.00pt;\" height=\"18\">Couleur<\/td>\n<td class=\"et5\" style=\"width: 202.95pt;\" width=\"202\">Blanc<\/td>\n<\/tr>\n<tr style=\"height: 18.00pt;\">\n<td class=\"et3\" style=\"height: 18.00pt;\" height=\"18\">Dimension<\/td>\n<td class=\"et5\" style=\"width: 202.95pt;\" width=\"202\">40*40*14<\/td>\n<\/tr>\n<tr style=\"height: 17.60pt;\">\n<td class=\"et3\" style=\"height: 17.60pt;\" height=\"17\">N.W \/SET<\/td>\n<td class=\"et3\">8KGS\/PCS<\/td>\n<\/tr>\n<tr style=\"height: 17.60pt;\">\n<td class=\"et3\" style=\"height: 17.60pt;\" height=\"17\">MOQ<\/td>\n<td class=\"et3\">20pcs<\/td>\n<\/tr>\n<tr style=\"height: 17.60pt;\">\n<td class=\"et3\" style=\"height: 17.60pt;\" height=\"17\">Option personnalis\u00e9e<\/td>\n<td class=\"et3\">Couleur\/Pattenue\/Taille\/Logo\/Emballage<\/td>\n<\/tr>\n<\/tbody>\n<\/table>","protected":false},"featured_media":4368,"comment_status":"closed","ping_status":"closed","template":"","meta":{"_acf_changed":false},"product_brand":[],"product_cat":[58],"product_tag":[],"class_list":{"0":"post-4362","1":"product","2":"type-product","3":"status-publish","4":"has-post-thumbnail","6":"product_cat-wholesale-semi-recessed-sinks","8":"first","9":"instock","10":"shipping-taxable","11":"product-type-simple"},"acf":[],"_links":{"self":[{"href":"https:\/\/www.ceramicbasin.com\/fr\/wp-json\/wp\/v2\/product\/4362","targetHints":{"allow":["GET"]}}],"collection":[{"href":"https:\/\/www.ceramicbasin.com\/fr\/wp-json\/wp\/v2\/product"}],"about":[{"href":"https:\/\/www.ceramicbasin.com\/fr\/wp-json\/wp\/v2\/types\/product"}],"replies":[{"embeddable":true,"href":"https:\/\/www.ceramicbasin.com\/fr\/wp-json\/wp\/v2\/comments?post=4362"}],"wp:featuredmedia":[{"embeddable":true,"href":"https:\/\/www.ceramicbasin.com\/fr\/wp-json\/wp\/v2\/media\/4368"}],"wp:attachment":[{"href":"https:\/\/www.ceramicbasin.com\/fr\/wp-json\/wp\/v2\/media?parent=4362"}],"wp:term":[{"taxonomy":"product_brand","embeddable":true,"href":"https:\/\/www.ceramicbasin.com\/fr\/wp-json\/wp\/v2\/product_brand?post=4362"},{"taxonomy":"product_cat","embeddable":true,"href":"https:\/\/www.ceramicbasin.com\/fr\/wp-json\/wp\/v2\/product_cat?post=4362"},{"taxonomy":"product_tag","embeddable":true,"href":"https:\/\/www.ceramicbasin.com\/fr\/wp-json\/wp\/v2\/product_tag?post=4362"}],"curies":[{"name":"wp","href":"https:\/\/api.w.org\/{rel}","templated":true}]}}