{"id":4369,"date":"2024-07-26T07:30:19","date_gmt":"2024-07-26T07:30:19","guid":{"rendered":"https:\/\/www.ceramicbasin.com\/?post_type=product&#038;p=4369"},"modified":"2024-11-04T08:00:54","modified_gmt":"2024-11-04T08:00:54","slug":"factory-supply-wash-basin","status":"publish","type":"product","link":"https:\/\/www.ceramicbasin.com\/fr\/produit\/factory-supply-wash-basin\/","title":{"rendered":"Factory Supply Wash Basin, Semi-Recessed Sinks Wholesale"},"content":{"rendered":"<div class=\"wp-block-columns is-layout-flex wp-container-core-columns-is-layout-9d6595d7 wp-block-columns-is-layout-flex\">\n<div class=\"wp-block-column is-layout-flow wp-block-column-is-layout-flow\">\n<h2 class=\"wp-block-heading\">Premium Factory Supply Wash Basin Features :<\/h2>\n\n\n\n<ul class=\"wp-block-list\">\n<li><strong>C\u00e9ramique d'excellente qualit\u00e9 : <\/strong>Notre lavabo est fabriqu\u00e9 en c\u00e9ramique de haute qualit\u00e9, robuste, durable, r\u00e9sistant aux rayures et \u00e0 l'usure pour garantir une fiabilit\u00e9 et une beaut\u00e9 durables.<\/li>\n\n\n\n<li><strong>Conception semi-encastr\u00e9e :<\/strong> Ces lavabos semi-encastr\u00e9s permettent de gagner beaucoup de place et sont tr\u00e8s faciles \u00e0 installer. Ils s'adaptent \u00e0 divers plans de travail et agencements de salle de bains, et favorisent l'utilisation et la beaut\u00e9 de l'espace.<\/li>\n\n\n\n<li><strong>Facile \u00e0 nettoyer : <\/strong>La surface lisse et d\u00e9licate de notre lavabo fourni par l'usine ne se tache pas et ne d\u00e9veloppe pas de moisissures, ce qui rend le nettoyage tr\u00e8s facile. Il peut \u00e9galement \u00eatre facilement conserv\u00e9 comme neuf, ce qui r\u00e9duit le temps et l'\u00e9nergie n\u00e9cessaires \u00e0 son nettoyage quotidien.<\/li>\n\n\n\n<li><strong>Des sp\u00e9cifications diversifi\u00e9es : <\/strong>Nous proposons diff\u00e9rentes tailles et sp\u00e9cifications pour les \u00e9viers de salle de bains en gros, afin de r\u00e9pondre aux diff\u00e9rentes exigences des clients. Ils peuvent \u00eatre utilis\u00e9s dans divers m\u00e9nages et projets commerciaux. Nous vous invitons \u00e0 nous contacter pour toute demande de renseignements ou de personnalisation.<\/li>\n<\/ul>\n<\/div>\n\n\n\n<div class=\"wp-block-column is-layout-flow wp-block-column-is-layout-flow\">\n<figure class=\"wp-block-image size-full\"><img fetchpriority=\"high\" decoding=\"async\" width=\"775\" height=\"946\" src=\"https:\/\/www.ceramicbasin.com\/wp-content\/uploads\/2024\/07\/factory-supply-wash-basin-semi-recessed-basin-wholesale-1.webp\" alt=\"factory-supply-wash-basin-semi-recessed-basin-wholesale-1\" class=\"wp-image-4370\" srcset=\"https:\/\/www.ceramicbasin.com\/wp-content\/uploads\/2024\/07\/factory-supply-wash-basin-semi-recessed-basin-wholesale-1.webp 775w, https:\/\/www.ceramicbasin.com\/wp-content\/uploads\/2024\/07\/factory-supply-wash-basin-semi-recessed-basin-wholesale-1-246x300.webp 246w, https:\/\/www.ceramicbasin.com\/wp-content\/uploads\/2024\/07\/factory-supply-wash-basin-semi-recessed-basin-wholesale-1-768x937.webp 768w, https:\/\/www.ceramicbasin.com\/wp-content\/uploads\/2024\/07\/factory-supply-wash-basin-semi-recessed-basin-wholesale-1-10x12.webp 10w, https:\/\/www.ceramicbasin.com\/wp-content\/uploads\/2024\/07\/factory-supply-wash-basin-semi-recessed-basin-wholesale-1-285x348.webp 285w, https:\/\/www.ceramicbasin.com\/wp-content\/uploads\/2024\/07\/factory-supply-wash-basin-semi-recessed-basin-wholesale-1-541x660.webp 541w, https:\/\/www.ceramicbasin.com\/wp-content\/uploads\/2024\/07\/factory-supply-wash-basin-semi-recessed-basin-wholesale-1-123x150.webp 123w\" sizes=\"(max-width: 775px) 100vw, 775px\" \/><\/figure>\n<\/div>\n<\/div>\n\n\n\n<p><\/p>","protected":false},"excerpt":{"rendered":"<p>Bienvenue \u00e0 l'achat de lavabos de salle de bains. Notre usine fournit des lavabos qui adoptent un design semi-suspendu, robustes, durables, r\u00e9sistants aux rayures, r\u00e9sistants \u00e0 l'usure, fiables et esth\u00e9tiques \u00e0 long terme, s'adaptant \u00e0 divers comptoirs et agencements de salle de bains.<\/p>\n<table style=\"border-collapse: collapse; width: 311.02pt;\" border=\"0\" width=\"311\" cellspacing=\"0\" cellpadding=\"0\">\n<tbody>\n<tr style=\"height: 17.60pt;\">\n<td class=\"et3\" style=\"height: 17.60pt; width: 108.35pt;\" width=\"108\" height=\"17\">Fabricant<\/td>\n<td class=\"et3\" style=\"width: 202.95pt;\" width=\"202\">HanYu<\/td>\n<\/tr>\n<tr style=\"height: 17.60pt;\">\n<td class=\"et3\" style=\"height: 17.60pt;\" height=\"17\">Num\u00e9ro de mod\u00e8le.<\/td>\n<td class=\"et4\">HY-5072<\/td>\n<\/tr>\n<tr style=\"height: 18.00pt;\">\n<td class=\"et3\" style=\"height: 18.00pt;\" height=\"18\">Type<\/td>\n<td class=\"et5\" style=\"width: 202.95pt;\" width=\"202\">Cuvette semi-encastr\u00e9e<\/td>\n<\/tr>\n<tr style=\"height: 17.60pt;\">\n<td class=\"et3\" style=\"height: 17.60pt;\" height=\"17\">Forme<\/td>\n<td class=\"et3\">Forme rectangulaire<\/td>\n<\/tr>\n<tr style=\"height: 18.00pt;\">\n<td class=\"et4\" style=\"height: 18.00pt;\" height=\"18\">Couleur<\/td>\n<td class=\"et5\" style=\"width: 202.95pt;\" width=\"202\">Blanc<\/td>\n<\/tr>\n<tr style=\"height: 18.00pt;\">\n<td class=\"et3\" style=\"height: 18.00pt;\" height=\"18\">Dimension<\/td>\n<td class=\"et5\" style=\"width: 202.95pt;\" width=\"202\">60*50*20<\/td>\n<\/tr>\n<tr style=\"height: 17.60pt;\">\n<td class=\"et3\" style=\"height: 17.60pt;\" height=\"17\">N.W \/SET<\/td>\n<td class=\"et3\">14KGS\/PCS<\/td>\n<\/tr>\n<tr style=\"height: 17.60pt;\">\n<td class=\"et3\" style=\"height: 17.60pt;\" height=\"17\">MOQ<\/td>\n<td class=\"et3\">20pcs<\/td>\n<\/tr>\n<tr style=\"height: 17.60pt;\">\n<td class=\"et3\" style=\"height: 17.60pt;\" height=\"17\">Option personnalis\u00e9e<\/td>\n<td class=\"et3\">Couleur\/Pattenue\/Taille\/Logo\/Emballage<\/td>\n<\/tr>\n<\/tbody>\n<\/table>","protected":false},"featured_media":4373,"comment_status":"closed","ping_status":"closed","template":"","meta":{"_acf_changed":false},"product_brand":[],"product_cat":[58],"product_tag":[],"class_list":{"0":"post-4369","1":"product","2":"type-product","3":"status-publish","4":"has-post-thumbnail","6":"product_cat-wholesale-semi-recessed-sinks","8":"first","9":"instock","10":"shipping-taxable","11":"product-type-simple"},"acf":[],"_links":{"self":[{"href":"https:\/\/www.ceramicbasin.com\/fr\/wp-json\/wp\/v2\/product\/4369","targetHints":{"allow":["GET"]}}],"collection":[{"href":"https:\/\/www.ceramicbasin.com\/fr\/wp-json\/wp\/v2\/product"}],"about":[{"href":"https:\/\/www.ceramicbasin.com\/fr\/wp-json\/wp\/v2\/types\/product"}],"replies":[{"embeddable":true,"href":"https:\/\/www.ceramicbasin.com\/fr\/wp-json\/wp\/v2\/comments?post=4369"}],"wp:featuredmedia":[{"embeddable":true,"href":"https:\/\/www.ceramicbasin.com\/fr\/wp-json\/wp\/v2\/media\/4373"}],"wp:attachment":[{"href":"https:\/\/www.ceramicbasin.com\/fr\/wp-json\/wp\/v2\/media?parent=4369"}],"wp:term":[{"taxonomy":"product_brand","embeddable":true,"href":"https:\/\/www.ceramicbasin.com\/fr\/wp-json\/wp\/v2\/product_brand?post=4369"},{"taxonomy":"product_cat","embeddable":true,"href":"https:\/\/www.ceramicbasin.com\/fr\/wp-json\/wp\/v2\/product_cat?post=4369"},{"taxonomy":"product_tag","embeddable":true,"href":"https:\/\/www.ceramicbasin.com\/fr\/wp-json\/wp\/v2\/product_tag?post=4369"}],"curies":[{"name":"wp","href":"https:\/\/api.w.org\/{rel}","templated":true}]}}