{"id":4378,"date":"2024-07-26T07:43:40","date_gmt":"2024-07-26T07:43:40","guid":{"rendered":"https:\/\/www.ceramicbasin.com\/?post_type=product&#038;p=4378"},"modified":"2024-11-04T07:55:21","modified_gmt":"2024-11-04T07:55:21","slug":"wholesale-ceramic-basins","status":"publish","type":"product","link":"https:\/\/www.ceramicbasin.com\/fr\/produit\/wholesale-ceramic-basins\/","title":{"rendered":"Wholesale Ceramic Basins Semi-Recessed Basin Fast Supply"},"content":{"rendered":"<div class=\"wp-block-columns is-layout-flex wp-container-core-columns-is-layout-9d6595d7 wp-block-columns-is-layout-flex\">\n<div class=\"wp-block-column is-layout-flow wp-block-column-is-layout-flow\">\n<h2 class=\"wp-block-heading\">Bassins en c\u00e9ramique de premi\u00e8re qualit\u00e9 en gros Caract\u00e9ristiques :<\/h2>\n\n\n\n<ul class=\"wp-block-list\">\n<li><strong>Mat\u00e9riau c\u00e9ramique de haute qualit\u00e9 : <\/strong>Nos vasques en c\u00e9ramique en gros ont une excellente robustesse et durabilit\u00e9 gr\u00e2ce au mat\u00e9riau c\u00e9ramique de haute qualit\u00e9, qui est r\u00e9sistant aux rayures et \u00e0 l'usure pour assurer une beaut\u00e9 et une fiabilit\u00e9 \u00e0 long terme.<\/li>\n\n\n\n<li><strong>Conception semi-encastr\u00e9e : <\/strong>Ce lavabo en c\u00e9ramique est semi-encastr\u00e9, ce qui permet d'\u00e9conomiser de l'espace et d'\u00eatre facile \u00e0 installer. Il convient \u00e0 divers agencements de salles de bains et permet d'am\u00e9liorer l'utilisation des espaces, tout en rehaussant la beaut\u00e9 de l'ensemble.<\/li>\n\n\n\n<li><strong>Multi-sp\u00e9cification : <\/strong>Nous vendons en gros des bassins en c\u00e9ramique de diff\u00e9rentes tailles et conceptions pour r\u00e9pondre aux besoins des diff\u00e9rents clients ou \u00e0 divers projets qui conviennent aux maisons, aux h\u00f4tels ou aux lieux commerciaux.<\/li>\n\n\n\n<li><strong>Fourniture rapide : <\/strong>Nous sommes un fabricant professionnel de lavabos en c\u00e9ramique qui est bien \u00e9quip\u00e9 d'un syst\u00e8me de production et de logistique efficace pour assurer un approvisionnement rapide et r\u00e9pondre \u00e0 vos besoins d'achat en gros de lavabos en temps voulu.<\/li>\n<\/ul>\n<\/div>\n\n\n\n<div class=\"wp-block-column is-layout-flow wp-block-column-is-layout-flow\">\n<figure class=\"wp-block-image size-full\"><img fetchpriority=\"high\" decoding=\"async\" width=\"679\" height=\"931\" src=\"https:\/\/www.ceramicbasin.com\/wp-content\/uploads\/2024\/07\/wholesale-ceramic-basin-semi-recessed-basin-for-bathroom-9.webp\" alt=\"wholesale-ceramic-basins-semi-recessed-basin-for-bathroom-9\" class=\"wp-image-4386\" srcset=\"https:\/\/www.ceramicbasin.com\/wp-content\/uploads\/2024\/07\/wholesale-ceramic-basin-semi-recessed-basin-for-bathroom-9.webp 679w, https:\/\/www.ceramicbasin.com\/wp-content\/uploads\/2024\/07\/wholesale-ceramic-basin-semi-recessed-basin-for-bathroom-9-219x300.webp 219w, https:\/\/www.ceramicbasin.com\/wp-content\/uploads\/2024\/07\/wholesale-ceramic-basin-semi-recessed-basin-for-bathroom-9-9x12.webp 9w, https:\/\/www.ceramicbasin.com\/wp-content\/uploads\/2024\/07\/wholesale-ceramic-basin-semi-recessed-basin-for-bathroom-9-285x391.webp 285w, https:\/\/www.ceramicbasin.com\/wp-content\/uploads\/2024\/07\/wholesale-ceramic-basin-semi-recessed-basin-for-bathroom-9-481x660.webp 481w, https:\/\/www.ceramicbasin.com\/wp-content\/uploads\/2024\/07\/wholesale-ceramic-basin-semi-recessed-basin-for-bathroom-9-109x150.webp 109w\" sizes=\"(max-width: 679px) 100vw, 679px\" \/><\/figure>\n<\/div>\n<\/div>\n\n\n\n<p><\/p>","protected":false},"excerpt":{"rendered":"<p>Bienvenue \u00e0 l'achat en gros de lavabos de salle de bain de l'usine. Semi-encastr\u00e9s pour \u00e9conomiser de l'espace, nos lavabos en c\u00e9ramique fabriqu\u00e9s \u00e0 partir de mat\u00e9riaux c\u00e9ramiques de haute qualit\u00e9 sont robustes et durables, r\u00e9sistants aux rayures et \u00e0 l'usure, assurant une beaut\u00e9 et une fiabilit\u00e9 \u00e0 long terme. Ce lavabo est facile \u00e0 installer, convient \u00e0 divers agencements de salle de bains et est disponible en diff\u00e9rentes tailles et styles pour r\u00e9pondre aux besoins de divers clients et projets.<\/p>\n<table style=\"border-collapse: collapse; width: 311.02pt;\" border=\"0\" width=\"311\" cellspacing=\"0\" cellpadding=\"0\">\n<tbody>\n<tr style=\"height: 17.60pt;\">\n<td class=\"et3\" style=\"height: 17.60pt; width: 108.35pt;\" width=\"108\" height=\"17\">Fabricant<\/td>\n<td class=\"et3\" style=\"width: 202.95pt;\" width=\"202\">HanYu<\/td>\n<\/tr>\n<tr style=\"height: 17.60pt;\">\n<td class=\"et3\" style=\"height: 17.60pt;\" height=\"17\">Num\u00e9ro de mod\u00e8le.<\/td>\n<td class=\"et4\">HY-401A<\/td>\n<\/tr>\n<tr style=\"height: 18.00pt;\">\n<td class=\"et3\" style=\"height: 18.00pt;\" height=\"18\">Type<\/td>\n<td class=\"et5\" style=\"width: 202.95pt;\" width=\"202\">Cuvette semi-encastr\u00e9e<\/td>\n<\/tr>\n<tr style=\"height: 17.60pt;\">\n<td class=\"et3\" style=\"height: 17.60pt;\" height=\"17\">Forme<\/td>\n<td class=\"et3\">Forme rectangulaire<\/td>\n<\/tr>\n<tr style=\"height: 18.00pt;\">\n<td class=\"et4\" style=\"height: 18.00pt;\" height=\"18\">Couleur<\/td>\n<td class=\"et5\" style=\"width: 202.95pt;\" width=\"202\">Blanc<\/td>\n<\/tr>\n<tr style=\"height: 18.00pt;\">\n<td class=\"et3\" style=\"height: 18.00pt;\" height=\"18\">Dimension<\/td>\n<td class=\"et5\" style=\"width: 202.95pt;\" width=\"202\">47*37*13<\/td>\n<\/tr>\n<tr style=\"height: 17.60pt;\">\n<td class=\"et3\" style=\"height: 17.60pt;\" height=\"17\">N.W \/SET<\/td>\n<td class=\"et3\">12KGS\/PCS<\/td>\n<\/tr>\n<tr style=\"height: 17.60pt;\">\n<td class=\"et3\" style=\"height: 17.60pt;\" height=\"17\">MOQ<\/td>\n<td class=\"et3\">20pcs<\/td>\n<\/tr>\n<tr style=\"height: 17.60pt;\">\n<td class=\"et3\" style=\"height: 17.60pt;\" height=\"17\">Option personnalis\u00e9e<\/td>\n<td class=\"et3\">Couleur\/Pattenue\/Taille\/Logo\/Emballage<\/td>\n<\/tr>\n<\/tbody>\n<\/table>","protected":false},"featured_media":4379,"comment_status":"closed","ping_status":"closed","template":"","meta":{"_acf_changed":false},"product_brand":[],"product_cat":[58],"product_tag":[],"class_list":{"0":"post-4378","1":"product","2":"type-product","3":"status-publish","4":"has-post-thumbnail","6":"product_cat-wholesale-semi-recessed-sinks","8":"first","9":"instock","10":"shipping-taxable","11":"product-type-simple"},"acf":[],"_links":{"self":[{"href":"https:\/\/www.ceramicbasin.com\/fr\/wp-json\/wp\/v2\/product\/4378","targetHints":{"allow":["GET"]}}],"collection":[{"href":"https:\/\/www.ceramicbasin.com\/fr\/wp-json\/wp\/v2\/product"}],"about":[{"href":"https:\/\/www.ceramicbasin.com\/fr\/wp-json\/wp\/v2\/types\/product"}],"replies":[{"embeddable":true,"href":"https:\/\/www.ceramicbasin.com\/fr\/wp-json\/wp\/v2\/comments?post=4378"}],"wp:featuredmedia":[{"embeddable":true,"href":"https:\/\/www.ceramicbasin.com\/fr\/wp-json\/wp\/v2\/media\/4379"}],"wp:attachment":[{"href":"https:\/\/www.ceramicbasin.com\/fr\/wp-json\/wp\/v2\/media?parent=4378"}],"wp:term":[{"taxonomy":"product_brand","embeddable":true,"href":"https:\/\/www.ceramicbasin.com\/fr\/wp-json\/wp\/v2\/product_brand?post=4378"},{"taxonomy":"product_cat","embeddable":true,"href":"https:\/\/www.ceramicbasin.com\/fr\/wp-json\/wp\/v2\/product_cat?post=4378"},{"taxonomy":"product_tag","embeddable":true,"href":"https:\/\/www.ceramicbasin.com\/fr\/wp-json\/wp\/v2\/product_tag?post=4378"}],"curies":[{"name":"wp","href":"https:\/\/api.w.org\/{rel}","templated":true}]}}