{"id":4637,"date":"2024-08-07T05:50:22","date_gmt":"2024-08-07T05:50:22","guid":{"rendered":"https:\/\/www.ceramicbasin.com\/?post_type=product&#038;p=4637"},"modified":"2024-11-04T07:32:37","modified_gmt":"2024-11-04T07:32:37","slug":"bathroom-sink-wholesale-countertop","status":"publish","type":"product","link":"https:\/\/www.ceramicbasin.com\/fr\/produit\/bathroom-sink-wholesale-countertop\/","title":{"rendered":"Lavabo de salle de bain en porcelaine Wholesale, Countertop Round Sinks (lavabos ronds de comptoir)"},"content":{"rendered":"<div class=\"wp-block-columns is-layout-flex wp-container-core-columns-is-layout-9d6595d7 wp-block-columns-is-layout-flex\">\n<div class=\"wp-block-column is-layout-flow wp-block-column-is-layout-flow\">\n<h2 class=\"wp-block-heading\">Premium Bathroom Sink Wholesale Caract\u00e9ristiques :<\/h2>\n\n\n\n<ul class=\"wp-block-list\">\n<li><strong>Conception simple : <\/strong>Notre \u00e9vier de salle de bain en c\u00e9ramique utilise des lignes \u00e9pur\u00e9es et un langage de conception moderne pour l'\u00e9l\u00e9gance et la beaut\u00e9.<\/li>\n\n\n\n<li><strong>Glace facile \u00e0 nettoyer :<\/strong> Cet \u00e9vier de comptoir en gros utilise une gla\u00e7ure brillante facile \u00e0 nettoyer, qui ne laisse pas de taches d'eau ni de salet\u00e9 et qui est facile \u00e0 nettoyer.<\/li>\n\n\n\n<li><strong>Excellente mati\u00e8re : <\/strong>Nos \u00e9viers de salle de bains en gros sont fabriqu\u00e9s en c\u00e9ramique de haute qualit\u00e9 pour garantir une excellente durabilit\u00e9 et une r\u00e9sistance aux rayures, et restent en bon \u00e9tat apr\u00e8s une utilisation prolong\u00e9e.<\/li>\n\n\n\n<li><strong>R\u00e9duction des co\u00fbts : <\/strong>Notre \u00e9vier de salle de bain en c\u00e9ramique est id\u00e9al pour les projets sp\u00e9ciaux et les r\u00e9novations de salle de bain. Le prix de gros de l'\u00e9vier de salle de bain est raisonnable, et la livraison rapide, pour assurer la qualit\u00e9 du produit en m\u00eame temps que pour r\u00e9pondre aux besoins des grosses commandes.<\/li>\n<\/ul>\n<\/div>\n\n\n\n<div class=\"wp-block-column is-layout-flow wp-block-column-is-layout-flow\">\n<figure class=\"wp-block-image size-full\"><img fetchpriority=\"high\" decoding=\"async\" width=\"750\" height=\"750\" src=\"https:\/\/www.ceramicbasin.com\/wp-content\/uploads\/2024\/08\/Porcelain-Bathroom-Sink-Wholesale-Countertop-Round-Sinks-1.webp\" alt=\"Porcelain Bathroom Sink Wholesale Countertop Round Sinks-1\" class=\"wp-image-4638\" srcset=\"https:\/\/www.ceramicbasin.com\/wp-content\/uploads\/2024\/08\/Porcelain-Bathroom-Sink-Wholesale-Countertop-Round-Sinks-1.webp 750w, https:\/\/www.ceramicbasin.com\/wp-content\/uploads\/2024\/08\/Porcelain-Bathroom-Sink-Wholesale-Countertop-Round-Sinks-1-300x300.webp 300w, https:\/\/www.ceramicbasin.com\/wp-content\/uploads\/2024\/08\/Porcelain-Bathroom-Sink-Wholesale-Countertop-Round-Sinks-1-150x150.webp 150w, https:\/\/www.ceramicbasin.com\/wp-content\/uploads\/2024\/08\/Porcelain-Bathroom-Sink-Wholesale-Countertop-Round-Sinks-1-12x12.webp 12w, https:\/\/www.ceramicbasin.com\/wp-content\/uploads\/2024\/08\/Porcelain-Bathroom-Sink-Wholesale-Countertop-Round-Sinks-1-285x285.webp 285w, https:\/\/www.ceramicbasin.com\/wp-content\/uploads\/2024\/08\/Porcelain-Bathroom-Sink-Wholesale-Countertop-Round-Sinks-1-270x270.webp 270w, https:\/\/www.ceramicbasin.com\/wp-content\/uploads\/2024\/08\/Porcelain-Bathroom-Sink-Wholesale-Countertop-Round-Sinks-1-540x540.webp 540w, https:\/\/www.ceramicbasin.com\/wp-content\/uploads\/2024\/08\/Porcelain-Bathroom-Sink-Wholesale-Countertop-Round-Sinks-1-660x660.webp 660w\" sizes=\"(max-width: 750px) 100vw, 750px\" \/><\/figure>\n<\/div>\n<\/div>","protected":false},"excerpt":{"rendered":"<p>Bienvenue pour acheter ou personnaliser l'\u00e9vier de salle de bain en gros du fabricant de lavabo. Ce lavabo rond en porcelaine combine un design simple et esth\u00e9tique avec une fonction pratique. Il est fabriqu\u00e9 en c\u00e9ramique de qualit\u00e9, durable et facile \u00e0 nettoyer. C'est le premier choix pour une salle de bain simple.<\/p>\n<table style=\"border-collapse: collapse; width: 311.02pt;\" border=\"0\" width=\"311\" cellspacing=\"0\" cellpadding=\"0\">\n<tbody>\n<tr style=\"height: 17.60pt;\">\n<td class=\"et3\" style=\"height: 17.60pt; width: 108.35pt;\" width=\"108\" height=\"17\">Fabricant<\/td>\n<td class=\"et3\" style=\"width: 202.95pt;\" width=\"202\">HanYu<\/td>\n<\/tr>\n<tr style=\"height: 17.60pt;\">\n<td class=\"et3\" style=\"height: 17.60pt;\" height=\"17\">Num\u00e9ro de mod\u00e8le.<\/td>\n<td class=\"et4\">HY-404<\/td>\n<\/tr>\n<tr style=\"height: 18.00pt;\">\n<td class=\"et3\" style=\"height: 18.00pt;\" height=\"18\">Type<\/td>\n<td class=\"et5\" style=\"width: 202.95pt;\" width=\"202\">Bassin de comptoir<\/td>\n<\/tr>\n<tr style=\"height: 17.60pt;\">\n<td class=\"et3\" style=\"height: 17.60pt;\" height=\"17\">Forme<\/td>\n<td class=\"et3\">Forme ronde<\/td>\n<\/tr>\n<tr style=\"height: 18.00pt;\">\n<td class=\"et4\" style=\"height: 18.00pt;\" height=\"18\">Couleur<\/td>\n<td class=\"et5\" style=\"width: 202.95pt;\" width=\"202\">Blanc<\/td>\n<\/tr>\n<tr style=\"height: 18.00pt;\">\n<td class=\"et3\" style=\"height: 18.00pt;\" height=\"18\">Dimension<\/td>\n<td class=\"et5\" style=\"width: 202.95pt;\" width=\"202\">46*46*16.5<\/td>\n<\/tr>\n<tr style=\"height: 17.60pt;\">\n<td class=\"et3\" style=\"height: 17.60pt;\" height=\"17\">N.W \/SET<\/td>\n<td class=\"et3\">13KGS\/PCS<\/td>\n<\/tr>\n<tr style=\"height: 17.60pt;\">\n<td class=\"et3\" style=\"height: 17.60pt;\" height=\"17\">MOQ<\/td>\n<td class=\"et3\">20pcs<\/td>\n<\/tr>\n<tr style=\"height: 17.60pt;\">\n<td class=\"et3\" style=\"height: 17.60pt;\" height=\"17\">Option personnalis\u00e9e<\/td>\n<td class=\"et3\">Couleur\/Pattenue\/Taille\/Logo\/Emballage<\/td>\n<\/tr>\n<\/tbody>\n<\/table>","protected":false},"featured_media":4641,"comment_status":"closed","ping_status":"closed","template":"","meta":{"_acf_changed":false},"product_brand":[],"product_cat":[50],"product_tag":[],"class_list":{"0":"post-4637","1":"product","2":"type-product","3":"status-publish","4":"has-post-thumbnail","6":"product_cat-wholesale-countertop-sinks","8":"first","9":"instock","10":"shipping-taxable","11":"product-type-simple"},"acf":[],"_links":{"self":[{"href":"https:\/\/www.ceramicbasin.com\/fr\/wp-json\/wp\/v2\/product\/4637","targetHints":{"allow":["GET"]}}],"collection":[{"href":"https:\/\/www.ceramicbasin.com\/fr\/wp-json\/wp\/v2\/product"}],"about":[{"href":"https:\/\/www.ceramicbasin.com\/fr\/wp-json\/wp\/v2\/types\/product"}],"replies":[{"embeddable":true,"href":"https:\/\/www.ceramicbasin.com\/fr\/wp-json\/wp\/v2\/comments?post=4637"}],"wp:featuredmedia":[{"embeddable":true,"href":"https:\/\/www.ceramicbasin.com\/fr\/wp-json\/wp\/v2\/media\/4641"}],"wp:attachment":[{"href":"https:\/\/www.ceramicbasin.com\/fr\/wp-json\/wp\/v2\/media?parent=4637"}],"wp:term":[{"taxonomy":"product_brand","embeddable":true,"href":"https:\/\/www.ceramicbasin.com\/fr\/wp-json\/wp\/v2\/product_brand?post=4637"},{"taxonomy":"product_cat","embeddable":true,"href":"https:\/\/www.ceramicbasin.com\/fr\/wp-json\/wp\/v2\/product_cat?post=4637"},{"taxonomy":"product_tag","embeddable":true,"href":"https:\/\/www.ceramicbasin.com\/fr\/wp-json\/wp\/v2\/product_tag?post=4637"}],"curies":[{"name":"wp","href":"https:\/\/api.w.org\/{rel}","templated":true}]}}