{"id":4671,"date":"2024-08-12T07:41:23","date_gmt":"2024-08-12T07:41:23","guid":{"rendered":"https:\/\/www.ceramicbasin.com\/?post_type=product&#038;p=4671"},"modified":"2024-11-04T07:25:21","modified_gmt":"2024-11-04T07:25:21","slug":"factory-wholesale-ceramic-washbasin","status":"publish","type":"product","link":"https:\/\/www.ceramicbasin.com\/fr\/produit\/factory-wholesale-ceramic-washbasin\/","title":{"rendered":"Factory Wholesale Ceramic Washbasin, Above Counter Sink"},"content":{"rendered":"<div class=\"wp-block-columns is-layout-flex wp-container-core-columns-is-layout-9d6595d7 wp-block-columns-is-layout-flex\">\n<div class=\"wp-block-column is-layout-flow wp-block-column-is-layout-flow\">\n<h2 class=\"wp-block-heading\">Premium Wholesale Ceramic Washbasin (lavabo en c\u00e9ramique) Caract\u00e9ristiques :<\/h2>\n\n\n\n<ul class=\"wp-block-list\">\n<li><strong>Design unique :<\/strong> Ces lavabos en c\u00e9ramique de gros, avec leur forme de bol artistique et leur orifice d'\u00e9vacuation carr\u00e9, ajoutent une \u00e9l\u00e9gance in\u00e9gal\u00e9e \u00e0 l'espace de la salle de bains.<\/li>\n\n\n\n<li><strong>Glacis facile \u00e0 nettoyer : <\/strong>Facile \u00e0 nettoyer, l'\u00e9mail de l'\u00e9vier de gros au-dessus du comptoir ne laisse pas de traces de doigts, de salet\u00e9 ou de taches d'eau.<\/li>\n\n\n\n<li><strong>Excellente durabilit\u00e9 : <\/strong>Nos lavabos en c\u00e9ramique sont fabriqu\u00e9s \u00e0 partir de mat\u00e9riaux c\u00e9ramiques de premi\u00e8re qualit\u00e9, qui offrent une excellente r\u00e9sistance aux rayures et une grande durabilit\u00e9. Dot\u00e9s d'une excellente r\u00e9sistance aux produits chimiques, ils sont lavables avec n'importe quel type de d\u00e9tergent.<\/li>\n\n\n\n<li><strong>Livraison rapide : <\/strong>Nos \u00e9viers au-dessus du comptoir sont parfaits pour les projets professionnels et les r\u00e9novations de salles de bains, les taches d'eau, ou la livraison rapide \u00e0 des prix raisonnables qui peuvent rapidement r\u00e9pondre aux exigences de votre projet de commande en vrac.<\/li>\n<\/ul>\n<\/div>\n\n\n\n<div class=\"wp-block-column is-layout-flow wp-block-column-is-layout-flow\">\n<figure class=\"wp-block-image size-full\"><img fetchpriority=\"high\" decoding=\"async\" width=\"750\" height=\"750\" src=\"https:\/\/www.ceramicbasin.com\/wp-content\/uploads\/2024\/08\/Factory-Supply-Wholesale-Ceramic-Washbasin-Above-Counter-Sink-1.webp\" alt=\"Factory Supply Wholesale Ceramic Washbasin, Above Counter Sink-1 (Lavabo en c\u00e9ramique, \u00e9vier \u00e0 poser)\" class=\"wp-image-4672\" srcset=\"https:\/\/www.ceramicbasin.com\/wp-content\/uploads\/2024\/08\/Factory-Supply-Wholesale-Ceramic-Washbasin-Above-Counter-Sink-1.webp 750w, https:\/\/www.ceramicbasin.com\/wp-content\/uploads\/2024\/08\/Factory-Supply-Wholesale-Ceramic-Washbasin-Above-Counter-Sink-1-300x300.webp 300w, https:\/\/www.ceramicbasin.com\/wp-content\/uploads\/2024\/08\/Factory-Supply-Wholesale-Ceramic-Washbasin-Above-Counter-Sink-1-150x150.webp 150w, https:\/\/www.ceramicbasin.com\/wp-content\/uploads\/2024\/08\/Factory-Supply-Wholesale-Ceramic-Washbasin-Above-Counter-Sink-1-12x12.webp 12w, https:\/\/www.ceramicbasin.com\/wp-content\/uploads\/2024\/08\/Factory-Supply-Wholesale-Ceramic-Washbasin-Above-Counter-Sink-1-285x285.webp 285w, https:\/\/www.ceramicbasin.com\/wp-content\/uploads\/2024\/08\/Factory-Supply-Wholesale-Ceramic-Washbasin-Above-Counter-Sink-1-270x270.webp 270w, https:\/\/www.ceramicbasin.com\/wp-content\/uploads\/2024\/08\/Factory-Supply-Wholesale-Ceramic-Washbasin-Above-Counter-Sink-1-540x540.webp 540w, https:\/\/www.ceramicbasin.com\/wp-content\/uploads\/2024\/08\/Factory-Supply-Wholesale-Ceramic-Washbasin-Above-Counter-Sink-1-660x660.webp 660w\" sizes=\"(max-width: 750px) 100vw, 750px\" \/><\/figure>\n<\/div>\n<\/div>","protected":false},"excerpt":{"rendered":"<p>Bienvenue sur le site d'achat en gros d'\u00e9viers de comptoir. Nos lavabos en c\u00e9ramique en gros en forme de cuvette avec gla\u00e7ure facile \u00e0 nettoyer sont faciles \u00e0 nettoyer sans laisser de traces de doigts, de salet\u00e9s ou de taches d'eau sur la surface. Ils sont fabriqu\u00e9s en c\u00e9ramique de haute qualit\u00e9 et pr\u00e9sentent une r\u00e9sistance aux rayures et une durabilit\u00e9 de premier ordre. Gr\u00e2ce \u00e0 leur excellente r\u00e9sistance chimique, ils peuvent \u00eatre nettoy\u00e9s avec n'importe quel d\u00e9tergent chimique.<\/p>\n<table style=\"border-collapse: collapse; width: 311.02pt;\" border=\"0\" width=\"311\" cellspacing=\"0\" cellpadding=\"0\">\n<tbody>\n<tr style=\"height: 17.60pt;\">\n<td class=\"et3\" style=\"height: 17.60pt; width: 108.35pt;\" width=\"108\" height=\"17\">Fabricant<\/td>\n<td class=\"et3\" style=\"width: 202.95pt;\" width=\"202\">HanYu<\/td>\n<\/tr>\n<tr style=\"height: 17.60pt;\">\n<td class=\"et3\" style=\"height: 17.60pt;\" height=\"17\">Num\u00e9ro de mod\u00e8le.<\/td>\n<td class=\"et4\">HY-8002<\/td>\n<\/tr>\n<tr style=\"height: 18.00pt;\">\n<td class=\"et3\" style=\"height: 18.00pt;\" height=\"18\">Type<\/td>\n<td class=\"et5\" style=\"width: 202.95pt;\" width=\"202\">Bassin de comptoir<\/td>\n<\/tr>\n<tr style=\"height: 17.60pt;\">\n<td class=\"et3\" style=\"height: 17.60pt;\" height=\"17\">Forme<\/td>\n<td class=\"et3\">Forme ronde<\/td>\n<\/tr>\n<tr style=\"height: 18.00pt;\">\n<td class=\"et4\" style=\"height: 18.00pt;\" height=\"18\">Couleur<\/td>\n<td class=\"et5\" style=\"width: 202.95pt;\" width=\"202\">Blanc<\/td>\n<\/tr>\n<tr style=\"height: 18.00pt;\">\n<td class=\"et3\" style=\"height: 18.00pt;\" height=\"18\">Dimension<\/td>\n<td class=\"et5\" style=\"width: 202.95pt;\" width=\"202\">40*40*13<\/td>\n<\/tr>\n<tr style=\"height: 17.60pt;\">\n<td class=\"et3\" style=\"height: 17.60pt;\" height=\"17\">N.W \/SET<\/td>\n<td class=\"et3\">8KGS\/PCS<\/td>\n<\/tr>\n<tr style=\"height: 17.60pt;\">\n<td class=\"et3\" style=\"height: 17.60pt;\" height=\"17\">MOQ<\/td>\n<td class=\"et3\">20pcs<\/td>\n<\/tr>\n<tr style=\"height: 17.60pt;\">\n<td class=\"et3\" style=\"height: 17.60pt;\" height=\"17\">Option personnalis\u00e9e<\/td>\n<td class=\"et3\">Couleur\/Pattenue\/Taille\/Logo\/Emballage<\/td>\n<\/tr>\n<\/tbody>\n<\/table>","protected":false},"featured_media":4675,"comment_status":"closed","ping_status":"closed","template":"","meta":{"_acf_changed":false},"product_brand":[],"product_cat":[50],"product_tag":[],"class_list":{"0":"post-4671","1":"product","2":"type-product","3":"status-publish","4":"has-post-thumbnail","6":"product_cat-wholesale-countertop-sinks","8":"first","9":"instock","10":"shipping-taxable","11":"product-type-simple"},"acf":[],"_links":{"self":[{"href":"https:\/\/www.ceramicbasin.com\/fr\/wp-json\/wp\/v2\/product\/4671","targetHints":{"allow":["GET"]}}],"collection":[{"href":"https:\/\/www.ceramicbasin.com\/fr\/wp-json\/wp\/v2\/product"}],"about":[{"href":"https:\/\/www.ceramicbasin.com\/fr\/wp-json\/wp\/v2\/types\/product"}],"replies":[{"embeddable":true,"href":"https:\/\/www.ceramicbasin.com\/fr\/wp-json\/wp\/v2\/comments?post=4671"}],"wp:featuredmedia":[{"embeddable":true,"href":"https:\/\/www.ceramicbasin.com\/fr\/wp-json\/wp\/v2\/media\/4675"}],"wp:attachment":[{"href":"https:\/\/www.ceramicbasin.com\/fr\/wp-json\/wp\/v2\/media?parent=4671"}],"wp:term":[{"taxonomy":"product_brand","embeddable":true,"href":"https:\/\/www.ceramicbasin.com\/fr\/wp-json\/wp\/v2\/product_brand?post=4671"},{"taxonomy":"product_cat","embeddable":true,"href":"https:\/\/www.ceramicbasin.com\/fr\/wp-json\/wp\/v2\/product_cat?post=4671"},{"taxonomy":"product_tag","embeddable":true,"href":"https:\/\/www.ceramicbasin.com\/fr\/wp-json\/wp\/v2\/product_tag?post=4671"}],"curies":[{"name":"wp","href":"https:\/\/api.w.org\/{rel}","templated":true}]}}