{"id":4692,"date":"2024-08-12T08:33:13","date_gmt":"2024-08-12T08:33:13","guid":{"rendered":"https:\/\/www.ceramicbasin.com\/?post_type=product&#038;p=4692"},"modified":"2024-11-04T07:03:31","modified_gmt":"2024-11-04T07:03:31","slug":"countertop-washbasins-wholesale","status":"publish","type":"product","link":"https:\/\/www.ceramicbasin.com\/fr\/produit\/countertop-washbasins-wholesale\/","title":{"rendered":"Lavabos de comptoir en gros, lavabos exquis et durables"},"content":{"rendered":"<div class=\"wp-block-columns is-layout-flex wp-container-core-columns-is-layout-9d6595d7 wp-block-columns-is-layout-flex\">\n<div class=\"wp-block-column is-layout-flow wp-block-column-is-layout-flow\">\n<h2 class=\"wp-block-heading\">Premium Countertop Washbasins Wholesale Caract\u00e9ristiques :<\/h2>\n\n\n\n<ul class=\"wp-block-list\">\n<li><strong>Conception noble : <\/strong>Les lavabos de comptoir pr\u00e9sentent une forme ronde. Pour le design int\u00e9rieur, il s'agit d'une texture exquise de d\u00e9coupe de briques, qui rompt avec le mur int\u00e9rieur lisse traditionnel et ajoute une hi\u00e9rarchie visuelle unique pour le rendre beaucoup plus \u00e9l\u00e9gant et luxueux.<\/li>\n\n\n\n<li><strong>Gla\u00e7age : <\/strong>Un traitement de gla\u00e7age \u00e0 haute temp\u00e9rature est appliqu\u00e9 \u00e0 la surface de cet \u00e9vier en gros pour garantir un toucher lisse, un nettoyage facile et d'excellentes performances anti-salissures. Le gla\u00e7age lisse r\u00e9duit l'accumulation des taches d'eau et de la salet\u00e9 ; il peut conserver son \u00e9clat pendant longtemps, m\u00eame en cas d'utilisation fr\u00e9quente.<\/li>\n\n\n\n<li><strong>Couleurs :<\/strong> Ces lavabos en gros offrent plusieurs types de couleurs, qui peuvent facilement s'adapter aux diff\u00e9rents th\u00e8mes de la conception de la salle de bains. Qu'il s'agisse d'un style simple et moderne ou d'un style r\u00e9tro et classique, il peut \u00eatre parfaitement int\u00e9gr\u00e9 gr\u00e2ce \u00e0 des couleurs personnalis\u00e9es.<\/li>\n\n\n\n<li><strong>Durable :<\/strong> Nos \u00e9viers en gros sont fabriqu\u00e9s \u00e0 partir de mat\u00e9riaux c\u00e9ramiques de haute qualit\u00e9. La structure est robuste et pr\u00e9sente une excellente r\u00e9sistance \u00e0 l'usure et aux fissures. Le processus de cuisson \u00e0 haute temp\u00e9rature la rend durable et ne la rend pas facile \u00e0 d\u00e9former. Il peut faire face \u00e0 diff\u00e9rents types de d\u00e9fis dans l'utilisation quotidienne ; par cons\u00e9quent, une dur\u00e9e de vie longue et fiable peut \u00eatre garantie, et il peut \u00eatre largement utilis\u00e9 pour la d\u00e9coration commerciale et domestique.<\/li>\n<\/ul>\n<\/div>\n\n\n\n<div class=\"wp-block-column is-layout-flow wp-block-column-is-layout-flow\">\n<figure class=\"wp-block-image size-full\"><img fetchpriority=\"high\" decoding=\"async\" width=\"750\" height=\"750\" src=\"https:\/\/www.ceramicbasin.com\/wp-content\/uploads\/2024\/08\/HY-8037.webp\" alt=\"Lavabos de comptoir Wholesale, Exquisite and Durable Sinks-1\" class=\"wp-image-4679\" srcset=\"https:\/\/www.ceramicbasin.com\/wp-content\/uploads\/2024\/08\/HY-8037.webp 750w, https:\/\/www.ceramicbasin.com\/wp-content\/uploads\/2024\/08\/HY-8037-300x300.webp 300w, https:\/\/www.ceramicbasin.com\/wp-content\/uploads\/2024\/08\/HY-8037-150x150.webp 150w, https:\/\/www.ceramicbasin.com\/wp-content\/uploads\/2024\/08\/HY-8037-12x12.webp 12w, https:\/\/www.ceramicbasin.com\/wp-content\/uploads\/2024\/08\/HY-8037-285x285.webp 285w, https:\/\/www.ceramicbasin.com\/wp-content\/uploads\/2024\/08\/HY-8037-270x270.webp 270w, https:\/\/www.ceramicbasin.com\/wp-content\/uploads\/2024\/08\/HY-8037-540x540.webp 540w, https:\/\/www.ceramicbasin.com\/wp-content\/uploads\/2024\/08\/HY-8037-660x660.webp 660w\" sizes=\"(max-width: 750px) 100vw, 750px\" \/><\/figure>\n<\/div>\n<\/div>\n\n\n\n<p><\/p>","protected":false},"excerpt":{"rendered":"<p>Bienvenue sur notre site de vente en gros de lavabos. Nos lavabos de comptoir en gros sont magnifiquement con\u00e7us avec une texture de coupe de ma\u00e7onnerie et une finition de gla\u00e7age lisse qui exsude la sophistication, ajoutant force et durabilit\u00e9 \u00e0 toute salle de bain de luxe. Disponibles en couleurs personnalis\u00e9es, fabriqu\u00e9s avec des mat\u00e9riaux c\u00e9ramiques de haute qualit\u00e9, ils sont solides et durables et conviennent parfaitement aux espaces r\u00e9sidentiels et commerciaux.<\/p>\n<table style=\"border-collapse: collapse; width: 311.02pt;\" border=\"0\" width=\"311\" cellspacing=\"0\" cellpadding=\"0\">\n<tbody>\n<tr style=\"height: 17.60pt;\">\n<td class=\"et3\" style=\"height: 17.60pt; width: 108.35pt;\" width=\"108\" height=\"17\">Fabricant<\/td>\n<td class=\"et3\" style=\"width: 202.95pt;\" width=\"202\">HanYu<\/td>\n<\/tr>\n<tr style=\"height: 17.60pt;\">\n<td class=\"et3\" style=\"height: 17.60pt;\" height=\"17\">Num\u00e9ro de mod\u00e8le.<\/td>\n<td class=\"et4\">HY-8037<\/td>\n<\/tr>\n<tr style=\"height: 18.00pt;\">\n<td class=\"et3\" style=\"height: 18.00pt;\" height=\"18\">Type<\/td>\n<td class=\"et5\" style=\"width: 202.95pt;\" width=\"202\">Bassin de comptoir<\/td>\n<\/tr>\n<tr style=\"height: 17.60pt;\">\n<td class=\"et3\" style=\"height: 17.60pt;\" height=\"17\">Forme<\/td>\n<td class=\"et3\">Forme ronde<\/td>\n<\/tr>\n<tr style=\"height: 18.00pt;\">\n<td class=\"et4\" style=\"height: 18.00pt;\" height=\"18\">Couleur<\/td>\n<td class=\"et5\" style=\"width: 202.95pt;\" width=\"202\">Blanc<\/td>\n<\/tr>\n<tr style=\"height: 18.00pt;\">\n<td class=\"et3\" style=\"height: 18.00pt;\" height=\"18\">Dimension<\/td>\n<td class=\"et5\" style=\"width: 202.95pt;\" width=\"202\">40.5*40.5*14.5<\/td>\n<\/tr>\n<tr style=\"height: 17.60pt;\">\n<td class=\"et3\" style=\"height: 17.60pt;\" height=\"17\">N.W \/SET<\/td>\n<td class=\"et3\">8KGS\/PCS<\/td>\n<\/tr>\n<tr style=\"height: 17.60pt;\">\n<td class=\"et3\" style=\"height: 17.60pt;\" height=\"17\">MOQ<\/td>\n<td class=\"et3\">20pcs<\/td>\n<\/tr>\n<tr style=\"height: 17.60pt;\">\n<td class=\"et3\" style=\"height: 17.60pt;\" height=\"17\">Option personnalis\u00e9e<\/td>\n<td class=\"et3\">Couleur\/Pattenue\/Taille\/Logo\/Emballage<\/td>\n<\/tr>\n<\/tbody>\n<\/table>","protected":false},"featured_media":4682,"comment_status":"closed","ping_status":"closed","template":"","meta":{"_acf_changed":false},"product_brand":[],"product_cat":[50],"product_tag":[],"class_list":{"0":"post-4692","1":"product","2":"type-product","3":"status-publish","4":"has-post-thumbnail","6":"product_cat-wholesale-countertop-sinks","8":"first","9":"instock","10":"shipping-taxable","11":"product-type-simple"},"acf":[],"_links":{"self":[{"href":"https:\/\/www.ceramicbasin.com\/fr\/wp-json\/wp\/v2\/product\/4692","targetHints":{"allow":["GET"]}}],"collection":[{"href":"https:\/\/www.ceramicbasin.com\/fr\/wp-json\/wp\/v2\/product"}],"about":[{"href":"https:\/\/www.ceramicbasin.com\/fr\/wp-json\/wp\/v2\/types\/product"}],"replies":[{"embeddable":true,"href":"https:\/\/www.ceramicbasin.com\/fr\/wp-json\/wp\/v2\/comments?post=4692"}],"wp:featuredmedia":[{"embeddable":true,"href":"https:\/\/www.ceramicbasin.com\/fr\/wp-json\/wp\/v2\/media\/4682"}],"wp:attachment":[{"href":"https:\/\/www.ceramicbasin.com\/fr\/wp-json\/wp\/v2\/media?parent=4692"}],"wp:term":[{"taxonomy":"product_brand","embeddable":true,"href":"https:\/\/www.ceramicbasin.com\/fr\/wp-json\/wp\/v2\/product_brand?post=4692"},{"taxonomy":"product_cat","embeddable":true,"href":"https:\/\/www.ceramicbasin.com\/fr\/wp-json\/wp\/v2\/product_cat?post=4692"},{"taxonomy":"product_tag","embeddable":true,"href":"https:\/\/www.ceramicbasin.com\/fr\/wp-json\/wp\/v2\/product_tag?post=4692"}],"curies":[{"name":"wp","href":"https:\/\/api.w.org\/{rel}","templated":true}]}}