{"id":4730,"date":"2024-08-14T08:25:59","date_gmt":"2024-08-14T08:25:59","guid":{"rendered":"https:\/\/www.ceramicbasin.com\/?post_type=product&#038;p=4730"},"modified":"2024-10-17T08:16:28","modified_gmt":"2024-10-17T08:16:28","slug":"wholesale-ceramic-bathroom-basins","status":"publish","type":"product","link":"https:\/\/www.ceramicbasin.com\/fr\/produit\/wholesale-ceramic-bathroom-basins\/","title":{"rendered":"Vasques de salle de bains en c\u00e9ramique, \u00e9vier de comptoir rectangulaire"},"content":{"rendered":"<div class=\"wp-block-columns is-layout-flex wp-container-core-columns-is-layout-9d6595d7 wp-block-columns-is-layout-flex\">\n<div class=\"wp-block-column is-layout-flow wp-block-column-is-layout-flow\">\n<h2 class=\"wp-block-heading\">Caract\u00e9ristiques des vasques de salle de bains en c\u00e9ramique Premium Wholesale<\/h2>\n\n\n\n<ul class=\"wp-block-list\">\n<li><strong>Design carr\u00e9 simple et moderne : <\/strong>Nos vasques de salle de bain en c\u00e9ramique adoptent une forme carr\u00e9e, des lignes simples et douces, soulignant le sens de la mode du design moderne de la salle de bain, convenant \u00e0 divers styles de d\u00e9coration int\u00e9rieure, en particulier aux espaces de salle de bain poursuivant des styles minimalistes et modernes.<\/li>\n\n\n\n<li><strong>Mat\u00e9riau c\u00e9ramique de haute qualit\u00e9 : <\/strong>Ces \u00e9viers de comptoir de salle de bains en gros sont fabriqu\u00e9s en c\u00e9ramique de haute qualit\u00e9 cuite \u00e0 haute temp\u00e9rature, avec une surface lisse et d\u00e9licate, une excellente durabilit\u00e9 et une r\u00e9sistance aux taches. Il est non seulement r\u00e9sistant aux rayures et \u00e0 l'usure, mais il r\u00e9siste aussi facilement \u00e0 la salet\u00e9 et aux taches d'eau lors d'une utilisation quotidienne, ce qui garantit qu'il reste comme neuf pendant longtemps.<\/li>\n\n\n\n<li><strong>Conception pratique de l'installation du comptoir : <\/strong>Nos vasques de salle de bain carr\u00e9es en c\u00e9ramique sont non seulement belles, mais aussi faciles et pratiques \u00e0 installer, et conviennent \u00e0 divers mat\u00e9riaux de comptoir. Sa grande capacit\u00e9 d'eau offre aux utilisateurs une meilleure exp\u00e9rience d'utilisation, ce qui est \u00e0 la fois pratique et beau.<\/li>\n\n\n\n<li><strong>Vente en gros et services personnalis\u00e9s :<\/strong> Nous fournissons des services personnalis\u00e9s pour les lavabos de salle de bains en gros, et les clients peuvent choisir la taille, la couleur et le traitement de surface en fonction de leurs besoins. Qu'il s'agisse de d\u00e9coration int\u00e9rieure ou de projets commerciaux, nous pouvons fabriquer des lavabos de comptoir sur mesure qui r\u00e9pondent \u00e0 des besoins de conception sp\u00e9cifiques.<\/li>\n<\/ul>\n<\/div>\n\n\n\n<div class=\"wp-block-column is-layout-flow wp-block-column-is-layout-flow\">\n<figure class=\"wp-block-image size-full\"><img fetchpriority=\"high\" decoding=\"async\" width=\"980\" height=\"1345\" src=\"https:\/\/www.ceramicbasin.com\/wp-content\/uploads\/2024\/08\/Ceramic-basin-manufacturercounter-top-rectangle-basin.webp\" alt=\"Wholesale Ceramic Bathroom Basins, Countertop Rectangle Sink (lavabo rectangulaire de comptoir)\" class=\"wp-image-4732\" srcset=\"https:\/\/www.ceramicbasin.com\/wp-content\/uploads\/2024\/08\/Ceramic-basin-manufacturercounter-top-rectangle-basin.webp 980w, https:\/\/www.ceramicbasin.com\/wp-content\/uploads\/2024\/08\/Ceramic-basin-manufacturercounter-top-rectangle-basin-219x300.webp 219w, https:\/\/www.ceramicbasin.com\/wp-content\/uploads\/2024\/08\/Ceramic-basin-manufacturercounter-top-rectangle-basin-768x1054.webp 768w, https:\/\/www.ceramicbasin.com\/wp-content\/uploads\/2024\/08\/Ceramic-basin-manufacturercounter-top-rectangle-basin-9x12.webp 9w, https:\/\/www.ceramicbasin.com\/wp-content\/uploads\/2024\/08\/Ceramic-basin-manufacturercounter-top-rectangle-basin-285x391.webp 285w, https:\/\/www.ceramicbasin.com\/wp-content\/uploads\/2024\/08\/Ceramic-basin-manufacturercounter-top-rectangle-basin-481x660.webp 481w, https:\/\/www.ceramicbasin.com\/wp-content\/uploads\/2024\/08\/Ceramic-basin-manufacturercounter-top-rectangle-basin-109x150.webp 109w\" sizes=\"(max-width: 980px) 100vw, 980px\" \/><\/figure>\n<\/div>\n<\/div>","protected":false},"excerpt":{"rendered":"<p>Bienvenue \u00e0 l'achat de lavabos de comptoir de salle de bains. Cette vasque de salle de bain carr\u00e9e en c\u00e9ramique a un design simple et \u00e9l\u00e9gant et est fabriqu\u00e9e \u00e0 partir de mat\u00e9riaux c\u00e9ramiques de haute qualit\u00e9. La surface est lisse, durable et facile \u00e0 nettoyer. Il est facile \u00e0 installer sur le comptoir et convient aux diff\u00e9rents styles de salles de bains modernes. C'est un choix id\u00e9al pour les projets domestiques et commerciaux.<\/p>\n<table style=\"border-collapse: collapse; width: 358.52pt;\" border=\"0\" width=\"478\" cellspacing=\"0\" cellpadding=\"0\">\n<tbody>\n<tr style=\"height: 17.25pt;\">\n<td class=\"et3\" style=\"height: 17.25pt; width: 125.00pt;\" width=\"166\" height=\"23\">Fabricant<\/td>\n<td class=\"et3\" style=\"width: 234.15pt;\" width=\"312\">HanYu<\/td>\n<\/tr>\n<tr style=\"height: 17.25pt;\">\n<td class=\"et3\" style=\"height: 17.25pt;\" height=\"23\">Num\u00e9ro de mod\u00e8le.<\/td>\n<td class=\"et4\">HY-8244<\/td>\n<\/tr>\n<tr style=\"height: 17.25pt;\">\n<td class=\"et3\" style=\"height: 17.25pt;\" height=\"23\">Type<\/td>\n<td class=\"et5\" style=\"width: 234.15pt;\" width=\"312\">Bassin de comptoir<\/td>\n<\/tr>\n<tr style=\"height: 18.00pt;\">\n<td class=\"et3\" style=\"height: 18.00pt;\" height=\"24\">Forme<\/td>\n<td class=\"et3\">Forme rectangulaire<\/td>\n<\/tr>\n<tr style=\"height: 34.50pt;\">\n<td class=\"et4\" style=\"height: 34.50pt;\" height=\"46\">Couleur<\/td>\n<td class=\"et5\" style=\"width: 234.15pt;\" width=\"312\">noir\/blanc\/bleu\/gris\/rose\/vert\/marron\/kaki<\/td>\n<\/tr>\n<tr style=\"height: 18.00pt;\">\n<td class=\"et3\" style=\"height: 18.00pt;\" height=\"24\">Dimension<\/td>\n<td class=\"et5\" style=\"width: 234.15pt;\" width=\"312\">51*41*17.5<\/td>\n<\/tr>\n<tr style=\"height: 17.25pt;\">\n<td class=\"et3\" style=\"height: 17.25pt;\" height=\"23\">N.W \/SET<\/td>\n<td class=\"et3\">12KGS\/PCS<\/td>\n<\/tr>\n<tr style=\"height: 17.25pt;\">\n<td class=\"et3\" style=\"height: 17.25pt;\" height=\"23\">MOQ<\/td>\n<td class=\"et3\">20pcs<\/td>\n<\/tr>\n<tr style=\"height: 17.25pt;\">\n<td class=\"et3\" style=\"height: 17.25pt;\" height=\"23\">Option personnalis\u00e9e<\/td>\n<td class=\"et3\">Couleur\/Pattenue\/Taille\/Logo\/Emballage<\/td>\n<\/tr>\n<\/tbody>\n<\/table>","protected":false},"featured_media":4734,"comment_status":"closed","ping_status":"closed","template":"","meta":{"_acf_changed":false},"product_brand":[],"product_cat":[50],"product_tag":[],"class_list":{"0":"post-4730","1":"product","2":"type-product","3":"status-publish","4":"has-post-thumbnail","6":"product_cat-wholesale-countertop-sinks","8":"first","9":"instock","10":"shipping-taxable","11":"product-type-simple"},"acf":[],"_links":{"self":[{"href":"https:\/\/www.ceramicbasin.com\/fr\/wp-json\/wp\/v2\/product\/4730","targetHints":{"allow":["GET"]}}],"collection":[{"href":"https:\/\/www.ceramicbasin.com\/fr\/wp-json\/wp\/v2\/product"}],"about":[{"href":"https:\/\/www.ceramicbasin.com\/fr\/wp-json\/wp\/v2\/types\/product"}],"replies":[{"embeddable":true,"href":"https:\/\/www.ceramicbasin.com\/fr\/wp-json\/wp\/v2\/comments?post=4730"}],"wp:featuredmedia":[{"embeddable":true,"href":"https:\/\/www.ceramicbasin.com\/fr\/wp-json\/wp\/v2\/media\/4734"}],"wp:attachment":[{"href":"https:\/\/www.ceramicbasin.com\/fr\/wp-json\/wp\/v2\/media?parent=4730"}],"wp:term":[{"taxonomy":"product_brand","embeddable":true,"href":"https:\/\/www.ceramicbasin.com\/fr\/wp-json\/wp\/v2\/product_brand?post=4730"},{"taxonomy":"product_cat","embeddable":true,"href":"https:\/\/www.ceramicbasin.com\/fr\/wp-json\/wp\/v2\/product_cat?post=4730"},{"taxonomy":"product_tag","embeddable":true,"href":"https:\/\/www.ceramicbasin.com\/fr\/wp-json\/wp\/v2\/product_tag?post=4730"}],"curies":[{"name":"wp","href":"https:\/\/api.w.org\/{rel}","templated":true}]}}