{"id":4749,"date":"2024-08-17T06:42:46","date_gmt":"2024-08-17T06:42:46","guid":{"rendered":"https:\/\/www.ceramicbasin.com\/?post_type=product&#038;p=4749"},"modified":"2024-11-04T09:01:25","modified_gmt":"2024-11-04T09:01:25","slug":"porcelain-wall-hung-basin-wholesale","status":"publish","type":"product","link":"https:\/\/www.ceramicbasin.com\/fr\/produit\/porcelain-wall-hung-basin-wholesale\/","title":{"rendered":"Vasque en porcelaine suspendue Wholesale, Narrow Bathroom Sinks"},"content":{"rendered":"<div class=\"wp-block-columns is-layout-flex wp-container-core-columns-is-layout-9d6595d7 wp-block-columns-is-layout-flex\">\n<div class=\"wp-block-column is-layout-flow wp-block-column-is-layout-flow\">\n<h2 class=\"wp-block-heading\">Cuvette murale en porcelaine de qualit\u00e9 sup\u00e9rieure Wholesale Features<\/h2>\n\n\n\n<ul class=\"wp-block-list\">\n<li><strong>Conception \u00e9troite et compacte : <\/strong>Cette vasque murale de gros a un design \u00e9troit, pour les petites salles de bains ou pi\u00e8ces afin d'\u00e9conomiser de l'espace, ce qui convient aux salles de bains des r\u00e9sidences modernes, des h\u00f4tels et des lieux commerciaux.<\/li>\n\n\n\n<li><strong>Mat\u00e9riau c\u00e9ramique de haute qualit\u00e9 : <\/strong>Ces \u00e9viers de salle de bains \u00e9troits sont fabriqu\u00e9s \u00e0 partir de mat\u00e9riaux c\u00e9ramiques de haute qualit\u00e9 cuits \u00e0 haute temp\u00e9rature pour garantir une excellente durabilit\u00e9 des produits, et la surface est lisse et d\u00e9licate, antisalissure et r\u00e9sistante aux rayures. La surface est lisse et d\u00e9licate, anti-salissures et r\u00e9sistante aux rayures, ce qui garantit qu'apr\u00e8s une longue utilisation, elle reste propre et brillante, et qu'elle est facile \u00e0 nettoyer et \u00e0 entretenir.<\/li>\n\n\n\n<li><strong>Con\u00e7u pour une installation murale : <\/strong>Il permet d'\u00e9conomiser de l'espace au sol et est facile \u00e0 installer. Par ailleurs, cette vasque murale en gros cr\u00e9e un effet visuel simple et g\u00e9n\u00e9reux, donnant \u00e0 la salle de bains un aspect plus spacieux et ordonn\u00e9, et la hauteur peut \u00eatre librement ajust\u00e9e pour augmenter la commodit\u00e9 d'utilisation si n\u00e9cessaire.<\/li>\n\n\n\n<li><strong>Vente en gros et personnalisation : <\/strong>Ces \u00e9viers de salle de bain en gros sont flexibles pour le service en gros et la personnalisation. Ils peuvent \u00eatre personnalis\u00e9s en termes de taille, de couleur et de style pour r\u00e9pondre aux besoins de conception de diff\u00e9rents projets et satisfaire \u00e0 diff\u00e9rents styles de d\u00e9coration int\u00e9rieure.<\/li>\n<\/ul>\n<\/div>\n\n\n\n<div class=\"wp-block-column is-layout-flow wp-block-column-is-layout-flow\">\n<figure class=\"wp-block-image size-full\"><img fetchpriority=\"high\" decoding=\"async\" width=\"573\" height=\"800\" src=\"https:\/\/www.ceramicbasin.com\/wp-content\/uploads\/2024\/08\/Porcelain-washbasin-factory-wall-hung-wash-basin.7.webp\" alt=\"Vasque en porcelaine suspendue Wholesale, Narrow Bathroom Sinks\" class=\"wp-image-4755\" srcset=\"https:\/\/www.ceramicbasin.com\/wp-content\/uploads\/2024\/08\/Porcelain-washbasin-factory-wall-hung-wash-basin.7.webp 573w, https:\/\/www.ceramicbasin.com\/wp-content\/uploads\/2024\/08\/Porcelain-washbasin-factory-wall-hung-wash-basin.7-215x300.webp 215w, https:\/\/www.ceramicbasin.com\/wp-content\/uploads\/2024\/08\/Porcelain-washbasin-factory-wall-hung-wash-basin.7-9x12.webp 9w, https:\/\/www.ceramicbasin.com\/wp-content\/uploads\/2024\/08\/Porcelain-washbasin-factory-wall-hung-wash-basin.7-285x398.webp 285w, https:\/\/www.ceramicbasin.com\/wp-content\/uploads\/2024\/08\/Porcelain-washbasin-factory-wall-hung-wash-basin.7-473x660.webp 473w, https:\/\/www.ceramicbasin.com\/wp-content\/uploads\/2024\/08\/Porcelain-washbasin-factory-wall-hung-wash-basin.7-107x150.webp 107w\" sizes=\"(max-width: 573px) 100vw, 573px\" \/><\/figure>\n<\/div>\n<\/div>","protected":false},"excerpt":{"rendered":"<p>Bienvenue sur le site d'achat en gros de petits lavabos de salle de bains. Cette vasque murale est con\u00e7ue pour \u00eatre compacte afin d'\u00e9conomiser de l'espace. Elle est fabriqu\u00e9e en c\u00e9ramique de haute qualit\u00e9, durable et facile \u00e0 nettoyer. Sa m\u00e9thode d'installation sur le mur am\u00e9liore l'utilisation de l'espace de la salle de bains, et il convient \u00e0 diff\u00e9rents styles de salles de bains modernes.<\/p>\n<table style=\"border-collapse: collapse; width: 358.52pt;\" border=\"0\" width=\"478\" cellspacing=\"0\" cellpadding=\"0\">\n<tbody>\n<tr style=\"height: 17.25pt;\">\n<td class=\"et3\" style=\"height: 17.25pt; width: 125.00pt;\" width=\"166\" height=\"23\">Fabricant<\/td>\n<td class=\"et3\" style=\"width: 234.15pt;\" width=\"312\">HanYu<\/td>\n<\/tr>\n<tr style=\"height: 17.25pt;\">\n<td class=\"et3\" style=\"height: 17.25pt;\" height=\"23\">Num\u00e9ro de mod\u00e8le.<\/td>\n<td class=\"et4\">HY-3043L<\/td>\n<\/tr>\n<tr style=\"height: 17.25pt;\">\n<td class=\"et3\" style=\"height: 17.25pt;\" height=\"23\">Type<\/td>\n<td class=\"et5\" style=\"width: 234.15pt;\" width=\"312\">\u00c9viers muraux<\/td>\n<\/tr>\n<tr style=\"height: 18.00pt;\">\n<td class=\"et3\" style=\"height: 18.00pt;\" height=\"24\">Forme<\/td>\n<td class=\"et3\">Forme rectangulaire<\/td>\n<\/tr>\n<tr style=\"height: 34.50pt;\">\n<td class=\"et4\" style=\"height: 34.50pt;\" height=\"46\">Couleur<\/td>\n<td class=\"et5\" style=\"width: 234.15pt;\" width=\"312\">noir\/blanc\/bleu\/gris\/rose\/vert\/marron\/kaki<\/td>\n<\/tr>\n<tr style=\"height: 18.00pt;\">\n<td class=\"et3\" style=\"height: 18.00pt;\" height=\"24\">Dimension<\/td>\n<td class=\"et5\" style=\"width: 234.15pt;\" width=\"312\">45.5*25*12<\/td>\n<\/tr>\n<tr style=\"height: 17.25pt;\">\n<td class=\"et3\" style=\"height: 17.25pt;\" height=\"23\">N.W \/SET<\/td>\n<td class=\"et3\">7KGS\/PCS<\/td>\n<\/tr>\n<tr style=\"height: 17.25pt;\">\n<td class=\"et3\" style=\"height: 17.25pt;\" height=\"23\">MOQ<\/td>\n<td class=\"et3\">20pcs<\/td>\n<\/tr>\n<tr style=\"height: 17.25pt;\">\n<td class=\"et3\" style=\"height: 17.25pt;\" height=\"23\">Option personnalis\u00e9e<\/td>\n<td class=\"et3\">Couleur\/Pattenue\/Taille\/Logo\/Emballage<\/td>\n<\/tr>\n<\/tbody>\n<\/table>","protected":false},"featured_media":4752,"comment_status":"closed","ping_status":"closed","template":"","meta":{"_acf_changed":false},"product_brand":[],"product_cat":[56],"product_tag":[],"class_list":{"0":"post-4749","1":"product","2":"type-product","3":"status-publish","4":"has-post-thumbnail","6":"product_cat-wholesale-small-bathroom-sinks","8":"first","9":"instock","10":"shipping-taxable","11":"product-type-simple"},"acf":[],"_links":{"self":[{"href":"https:\/\/www.ceramicbasin.com\/fr\/wp-json\/wp\/v2\/product\/4749","targetHints":{"allow":["GET"]}}],"collection":[{"href":"https:\/\/www.ceramicbasin.com\/fr\/wp-json\/wp\/v2\/product"}],"about":[{"href":"https:\/\/www.ceramicbasin.com\/fr\/wp-json\/wp\/v2\/types\/product"}],"replies":[{"embeddable":true,"href":"https:\/\/www.ceramicbasin.com\/fr\/wp-json\/wp\/v2\/comments?post=4749"}],"wp:featuredmedia":[{"embeddable":true,"href":"https:\/\/www.ceramicbasin.com\/fr\/wp-json\/wp\/v2\/media\/4752"}],"wp:attachment":[{"href":"https:\/\/www.ceramicbasin.com\/fr\/wp-json\/wp\/v2\/media?parent=4749"}],"wp:term":[{"taxonomy":"product_brand","embeddable":true,"href":"https:\/\/www.ceramicbasin.com\/fr\/wp-json\/wp\/v2\/product_brand?post=4749"},{"taxonomy":"product_cat","embeddable":true,"href":"https:\/\/www.ceramicbasin.com\/fr\/wp-json\/wp\/v2\/product_cat?post=4749"},{"taxonomy":"product_tag","embeddable":true,"href":"https:\/\/www.ceramicbasin.com\/fr\/wp-json\/wp\/v2\/product_tag?post=4749"}],"curies":[{"name":"wp","href":"https:\/\/api.w.org\/{rel}","templated":true}]}}