{"id":4766,"date":"2024-08-17T07:10:37","date_gmt":"2024-08-17T07:10:37","guid":{"rendered":"https:\/\/www.ceramicbasin.com\/?post_type=product&#038;p=4766"},"modified":"2024-08-17T07:10:39","modified_gmt":"2024-08-17T07:10:39","slug":"counter-top-basin-wholesale","status":"publish","type":"product","link":"https:\/\/www.ceramicbasin.com\/fr\/produit\/counter-top-basin-wholesale\/","title":{"rendered":"Vasque de comptoir ronde Wholesale, Custom Bathroom Sinks (lavabos de salle de bain personnalis\u00e9s)"},"content":{"rendered":"<div class=\"wp-block-columns is-layout-flex wp-container-core-columns-is-layout-9d6595d7 wp-block-columns-is-layout-flex\">\n<div class=\"wp-block-column is-layout-flow wp-block-column-is-layout-flow\" style=\"flex-basis:100%\">\n<div class=\"wp-block-group is-vertical is-layout-flex wp-container-core-group-is-layout-8cf370e7 wp-block-group-is-layout-flex\">\n<div class=\"wp-block-columns is-layout-flex wp-container-core-columns-is-layout-9d6595d7 wp-block-columns-is-layout-flex\">\n<div class=\"wp-block-column is-layout-flow wp-block-column-is-layout-flow\">\n<h2 class=\"wp-block-heading\">Premium Counter Top Basin Wholesale Caract\u00e9ristiques :<\/h2>\n\n\n\n<ul class=\"wp-block-list\">\n<li><strong>Mat\u00e9riaux de haute qualit\u00e9 :<\/strong> Notre bassin de comptoir en gros utilise des mat\u00e9riaux c\u00e9ramiques de haute qualit\u00e9 pour garantir que le bassin a une structure stable, une surface lisse, facile \u00e0 nettoyer et une beaut\u00e9 \u00e0 long terme.<\/li>\n\n\n\n<li><strong>Glace facile \u00e0 nettoyer : <\/strong>Nos \u00e9viers de salle de bains en gros utilisent un \u00e9mail brillant qui ne laisse pas de traces de doigts, de taches d'eau et de salet\u00e9, et qui est facile \u00e0 nettoyer.<\/li>\n\n\n\n<li><strong>Rentable :<\/strong> Nous sommes votre fabricant de bassins en c\u00e9ramique de confiance, et les ventes directes d'usine vous garantissent des produits de haute qualit\u00e9 \u00e0 un prix raisonnable et des \u00e9conomies de co\u00fbts.<\/li>\n\n\n\n<li><strong>Livraison rapide :<\/strong> Nos vasques de comptoir en gros sont id\u00e9ales pour les projets professionnels et les r\u00e9novations de salles de bains \u00e0 des prix raisonnables et une livraison rapide pour r\u00e9pondre aux besoins des grosses commandes et assurer une haute qualit\u00e9.<\/li>\n<\/ul>\n<\/div>\n\n\n\n<div class=\"wp-block-column is-layout-flow wp-block-column-is-layout-flow\">\n<figure class=\"wp-block-image size-full is-resized\"><img fetchpriority=\"high\" decoding=\"async\" width=\"750\" height=\"750\" src=\"https:\/\/www.ceramicbasin.com\/wp-content\/uploads\/2024\/08\/counter-topart-basinround-basin.webp\" alt=\"Vasque de comptoir ronde Wholesale, Custom Bathroom Sinks (lavabos de salle de bain personnalis\u00e9s)\" class=\"wp-image-4774\" style=\"width:385px;height:auto\" srcset=\"https:\/\/www.ceramicbasin.com\/wp-content\/uploads\/2024\/08\/counter-topart-basinround-basin.webp 750w, https:\/\/www.ceramicbasin.com\/wp-content\/uploads\/2024\/08\/counter-topart-basinround-basin-300x300.webp 300w, https:\/\/www.ceramicbasin.com\/wp-content\/uploads\/2024\/08\/counter-topart-basinround-basin-150x150.webp 150w, https:\/\/www.ceramicbasin.com\/wp-content\/uploads\/2024\/08\/counter-topart-basinround-basin-12x12.webp 12w, https:\/\/www.ceramicbasin.com\/wp-content\/uploads\/2024\/08\/counter-topart-basinround-basin-285x285.webp 285w, https:\/\/www.ceramicbasin.com\/wp-content\/uploads\/2024\/08\/counter-topart-basinround-basin-270x270.webp 270w, https:\/\/www.ceramicbasin.com\/wp-content\/uploads\/2024\/08\/counter-topart-basinround-basin-540x540.webp 540w, https:\/\/www.ceramicbasin.com\/wp-content\/uploads\/2024\/08\/counter-topart-basinround-basin-660x660.webp 660w\" sizes=\"(max-width: 750px) 100vw, 750px\" \/><\/figure>\n<\/div>\n<\/div>\n<\/div>\n<\/div>\n<\/div>","protected":false},"excerpt":{"rendered":"<p>Notre bassin de comptoir en c\u00e9ramique est fabriqu\u00e9 en c\u00e9ramique de haute qualit\u00e9, qui est robuste et durable, r\u00e9sistante aux rayures et \u00e0 l'usure, garantissant une beaut\u00e9 et une fiabilit\u00e9 \u00e0 long terme. Il utilise une gla\u00e7ure brillante qui ne laisse pas de traces de doigts, de taches d'eau et de salet\u00e9, et est facile \u00e0 nettoyer. Nous proposons une vari\u00e9t\u00e9 de tailles et de mod\u00e8les pour r\u00e9pondre aux besoins des diff\u00e9rents clients et projets.<\/p>\n<table style=\"border-collapse: collapse; width: 311.02pt;\" border=\"0\" width=\"311\" cellspacing=\"0\" cellpadding=\"0\">\n<tbody>\n<tr style=\"height: 17.60pt;\">\n<td class=\"et3\" style=\"height: 17.60pt; width: 108.35pt;\" width=\"108\" height=\"17\">Fabricant<\/td>\n<td class=\"et3\" style=\"width: 202.95pt;\" width=\"202\">HanYu<\/td>\n<\/tr>\n<tr style=\"height: 17.60pt;\">\n<td class=\"et3\" style=\"height: 17.60pt;\" height=\"17\">Num\u00e9ro de mod\u00e8le.<\/td>\n<td class=\"et4\">HY-8063<\/td>\n<\/tr>\n<tr style=\"height: 18.00pt;\">\n<td class=\"et3\" style=\"height: 18.00pt;\" height=\"18\">Type<\/td>\n<td class=\"et5\" style=\"width: 202.95pt;\" width=\"202\">Eviers de comptoir<\/td>\n<\/tr>\n<tr style=\"height: 17.60pt;\">\n<td class=\"et3\" style=\"height: 17.60pt;\" height=\"17\">Forme<\/td>\n<td class=\"et3\">\u00a0Forme ronde<\/td>\n<\/tr>\n<tr style=\"height: 18.00pt;\">\n<td class=\"et4\" style=\"height: 18.00pt;\" height=\"18\">Couleur<\/td>\n<td class=\"et5\" style=\"width: 202.95pt;\" width=\"202\">Blanc<\/td>\n<\/tr>\n<tr style=\"height: 18.00pt;\">\n<td class=\"et3\" style=\"height: 18.00pt;\" height=\"18\">Dimension<\/td>\n<td class=\"et5\" style=\"width: 202.95pt;\" width=\"202\">46.5*46.5*14<\/td>\n<\/tr>\n<tr style=\"height: 17.60pt;\">\n<td class=\"et3\" style=\"height: 17.60pt;\" height=\"17\">N.W \/SET<\/td>\n<td class=\"et3\">12KGS\/PCS<\/td>\n<\/tr>\n<tr style=\"height: 17.60pt;\">\n<td class=\"et3\" style=\"height: 17.60pt;\" height=\"17\">MOQ<\/td>\n<td class=\"et3\">20pcs<\/td>\n<\/tr>\n<tr style=\"height: 17.60pt;\">\n<td class=\"et3\" style=\"height: 17.60pt;\" height=\"17\">Option personnalis\u00e9e<\/td>\n<td class=\"et3\">Couleur\/Pattenue\/Taille\/Logo\/Emballage<\/td>\n<\/tr>\n<\/tbody>\n<\/table>","protected":false},"featured_media":4771,"comment_status":"closed","ping_status":"closed","template":"","meta":{"_acf_changed":false},"product_brand":[],"product_cat":[50],"product_tag":[],"class_list":{"0":"post-4766","1":"product","2":"type-product","3":"status-publish","4":"has-post-thumbnail","6":"product_cat-wholesale-countertop-sinks","8":"first","9":"instock","10":"shipping-taxable","11":"product-type-simple"},"acf":[],"_links":{"self":[{"href":"https:\/\/www.ceramicbasin.com\/fr\/wp-json\/wp\/v2\/product\/4766","targetHints":{"allow":["GET"]}}],"collection":[{"href":"https:\/\/www.ceramicbasin.com\/fr\/wp-json\/wp\/v2\/product"}],"about":[{"href":"https:\/\/www.ceramicbasin.com\/fr\/wp-json\/wp\/v2\/types\/product"}],"replies":[{"embeddable":true,"href":"https:\/\/www.ceramicbasin.com\/fr\/wp-json\/wp\/v2\/comments?post=4766"}],"wp:featuredmedia":[{"embeddable":true,"href":"https:\/\/www.ceramicbasin.com\/fr\/wp-json\/wp\/v2\/media\/4771"}],"wp:attachment":[{"href":"https:\/\/www.ceramicbasin.com\/fr\/wp-json\/wp\/v2\/media?parent=4766"}],"wp:term":[{"taxonomy":"product_brand","embeddable":true,"href":"https:\/\/www.ceramicbasin.com\/fr\/wp-json\/wp\/v2\/product_brand?post=4766"},{"taxonomy":"product_cat","embeddable":true,"href":"https:\/\/www.ceramicbasin.com\/fr\/wp-json\/wp\/v2\/product_cat?post=4766"},{"taxonomy":"product_tag","embeddable":true,"href":"https:\/\/www.ceramicbasin.com\/fr\/wp-json\/wp\/v2\/product_tag?post=4766"}],"curies":[{"name":"wp","href":"https:\/\/api.w.org\/{rel}","templated":true}]}}