{"id":4813,"date":"2024-08-17T08:33:37","date_gmt":"2024-08-17T08:33:37","guid":{"rendered":"https:\/\/www.ceramicbasin.com\/?post_type=product&#038;p=4813"},"modified":"2024-11-25T01:47:49","modified_gmt":"2024-11-25T01:47:49","slug":"wholesale-ceramic-vanity-sinks","status":"publish","type":"product","link":"https:\/\/www.ceramicbasin.com\/fr\/produit\/wholesale-ceramic-vanity-sinks\/","title":{"rendered":"Factory Wholesale Ceramic Vanity Sinks, Countertop Basins (lavabos de comptoir en c\u00e9ramique)"},"content":{"rendered":"<div class=\"wp-block-columns is-layout-flex wp-container-core-columns-is-layout-9d6595d7 wp-block-columns-is-layout-flex\">\n<div class=\"wp-block-column is-layout-flow wp-block-column-is-layout-flow\">\n<h2 class=\"wp-block-heading\">Premium Wholesale Ceramic Vanity Sinks Caract\u00e9ristiques :<\/h2>\n\n\n\n<ul class=\"wp-block-list\">\n<li><strong>Vente directe \u00e0 l'usine : <\/strong>Ces lavabos en c\u00e9ramique de HanYu sont vendus directement par l'usine, sans diff\u00e9rence de prix entre les interm\u00e9diaires. En achetant des \u00e9viers de salle de bain en gros, vous \u00eates s\u00fbr d'obtenir des \u00e9viers de salle de bain de haute qualit\u00e9 en gros au meilleur prix.<\/li>\n\n\n\n<li><strong>C\u00e9ramique de haute qualit\u00e9 : <\/strong>Les bassins de comptoir en gros produits par HanYu sont de haute qualit\u00e9. Sa mati\u00e8re premi\u00e8re est cuite \u00e0 haute temp\u00e9rature, sa texture est dure et sa surface est lisse, ce qui emp\u00eache efficacement la salet\u00e9 d'adh\u00e9rer.<\/li>\n\n\n\n<li><strong>Un choix diversifi\u00e9 : <\/strong>Nous avons diff\u00e9rents styles de lavabos en c\u00e9ramique en gros, dans des tailles et des couleurs variables pour s'adapter parfaitement aux diff\u00e9rentes modes de salles de bains et pour s'int\u00e9grer facilement dans les diff\u00e9rents designs de d\u00e9coration.<\/li>\n\n\n\n<li><strong>Remise en gros : <\/strong>Nous offrons une remise sur les achats en gros de lavabos de comptoir et de lavabos de salle de bain personnalis\u00e9s, pour r\u00e9pondre aux besoins des projets commerciaux ou de la d\u00e9coration r\u00e9sidentielle \u00e0 grande \u00e9chelle.<\/li>\n<\/ul>\n<\/div>\n\n\n\n<div class=\"wp-block-column is-layout-flow wp-block-column-is-layout-flow\">\n<figure class=\"wp-block-image size-full\"><img fetchpriority=\"high\" decoding=\"async\" width=\"619\" height=\"800\" src=\"https:\/\/www.ceramicbasin.com\/wp-content\/uploads\/2024\/08\/Wholesale-ceramic-washbasin-countertop-sinks-.webp\" alt=\"Factory Wholesale Ceramic Vanity Sinks, Countertop Basins (lavabos de comptoir en c\u00e9ramique)\" class=\"wp-image-4821\" srcset=\"https:\/\/www.ceramicbasin.com\/wp-content\/uploads\/2024\/08\/Wholesale-ceramic-washbasin-countertop-sinks-.webp 619w, https:\/\/www.ceramicbasin.com\/wp-content\/uploads\/2024\/08\/Wholesale-ceramic-washbasin-countertop-sinks--232x300.webp 232w, https:\/\/www.ceramicbasin.com\/wp-content\/uploads\/2024\/08\/Wholesale-ceramic-washbasin-countertop-sinks--9x12.webp 9w, https:\/\/www.ceramicbasin.com\/wp-content\/uploads\/2024\/08\/Wholesale-ceramic-washbasin-countertop-sinks--285x368.webp 285w, https:\/\/www.ceramicbasin.com\/wp-content\/uploads\/2024\/08\/Wholesale-ceramic-washbasin-countertop-sinks--511x660.webp 511w, https:\/\/www.ceramicbasin.com\/wp-content\/uploads\/2024\/08\/Wholesale-ceramic-washbasin-countertop-sinks--116x150.webp 116w\" sizes=\"(max-width: 619px) 100vw, 619px\" \/><\/figure>\n<\/div>\n<\/div>","protected":false},"excerpt":{"rendered":"<p>Bienvenue pour acheter en gros des lavabos de comptoir. Ces lavabos en c\u00e9ramique sont directement fournis par notre usine, ce qui r\u00e9duit consid\u00e9rablement vos co\u00fbts d'achat. Nous offrons des remises de gros pour r\u00e9pondre aux besoins des projets commerciaux ou des grandes r\u00e9novations r\u00e9sidentielles.<\/p>\n<table style=\"border-collapse: collapse; width: 358.52pt;\" border=\"0\" width=\"478\" cellspacing=\"0\" cellpadding=\"0\">\n<tbody>\n<tr style=\"height: 17.25pt;\">\n<td class=\"et3\" style=\"height: 17.25pt; width: 125.00pt;\" width=\"166\" height=\"23\">Fabricant<\/td>\n<td class=\"et3\" style=\"width: 234.15pt;\" width=\"312\">HanYu<\/td>\n<\/tr>\n<tr style=\"height: 17.25pt;\">\n<td class=\"et3\" style=\"height: 17.25pt;\" height=\"23\">Num\u00e9ro de mod\u00e8le.<\/td>\n<td class=\"et4\">HY-8018<\/td>\n<\/tr>\n<tr style=\"height: 17.25pt;\">\n<td class=\"et3\" style=\"height: 17.25pt;\" height=\"23\">Type<\/td>\n<td class=\"et5\" style=\"width: 234.15pt;\" width=\"312\">Bassins de comptoir<\/td>\n<\/tr>\n<tr style=\"height: 18.00pt;\">\n<td class=\"et3\" style=\"height: 18.00pt;\" height=\"24\">Forme<\/td>\n<td class=\"et3\">Forme rectangulaire<\/td>\n<\/tr>\n<tr style=\"height: 34.50pt;\">\n<td class=\"et4\" style=\"height: 34.50pt;\" height=\"46\">Couleur<\/td>\n<td class=\"et5\" style=\"width: 234.15pt;\" width=\"312\">noir\/blanc\/bleu\/gris\/rose\/vert\/marron\/kaki<\/td>\n<\/tr>\n<tr style=\"height: 18.00pt;\">\n<td class=\"et3\" style=\"height: 18.00pt;\" height=\"24\">Dimension<\/td>\n<td class=\"et5\" style=\"width: 234.15pt;\" width=\"312\">50*40*14.5<\/td>\n<\/tr>\n<tr style=\"height: 17.25pt;\">\n<td class=\"et3\" style=\"height: 17.25pt;\" height=\"23\">N.W \/SET<\/td>\n<td class=\"et3\">10KGS\/PCS<\/td>\n<\/tr>\n<tr style=\"height: 17.25pt;\">\n<td class=\"et3\" style=\"height: 17.25pt;\" height=\"23\">MOQ<\/td>\n<td class=\"et3\">20pcs<\/td>\n<\/tr>\n<tr style=\"height: 17.25pt;\">\n<td class=\"et3\" style=\"height: 17.25pt;\" height=\"23\">Option personnalis\u00e9e<\/td>\n<td class=\"et3\">Couleur\/Pattenue\/Taille\/Logo\/Emballage<\/td>\n<\/tr>\n<\/tbody>\n<\/table>","protected":false},"featured_media":4815,"comment_status":"closed","ping_status":"closed","template":"","meta":{"_acf_changed":false},"product_brand":[],"product_cat":[50],"product_tag":[],"class_list":{"0":"post-4813","1":"product","2":"type-product","3":"status-publish","4":"has-post-thumbnail","6":"product_cat-wholesale-countertop-sinks","8":"first","9":"instock","10":"shipping-taxable","11":"product-type-simple"},"acf":[],"_links":{"self":[{"href":"https:\/\/www.ceramicbasin.com\/fr\/wp-json\/wp\/v2\/product\/4813","targetHints":{"allow":["GET"]}}],"collection":[{"href":"https:\/\/www.ceramicbasin.com\/fr\/wp-json\/wp\/v2\/product"}],"about":[{"href":"https:\/\/www.ceramicbasin.com\/fr\/wp-json\/wp\/v2\/types\/product"}],"replies":[{"embeddable":true,"href":"https:\/\/www.ceramicbasin.com\/fr\/wp-json\/wp\/v2\/comments?post=4813"}],"wp:featuredmedia":[{"embeddable":true,"href":"https:\/\/www.ceramicbasin.com\/fr\/wp-json\/wp\/v2\/media\/4815"}],"wp:attachment":[{"href":"https:\/\/www.ceramicbasin.com\/fr\/wp-json\/wp\/v2\/media?parent=4813"}],"wp:term":[{"taxonomy":"product_brand","embeddable":true,"href":"https:\/\/www.ceramicbasin.com\/fr\/wp-json\/wp\/v2\/product_brand?post=4813"},{"taxonomy":"product_cat","embeddable":true,"href":"https:\/\/www.ceramicbasin.com\/fr\/wp-json\/wp\/v2\/product_cat?post=4813"},{"taxonomy":"product_tag","embeddable":true,"href":"https:\/\/www.ceramicbasin.com\/fr\/wp-json\/wp\/v2\/product_tag?post=4813"}],"curies":[{"name":"wp","href":"https:\/\/api.w.org\/{rel}","templated":true}]}}