{"id":4838,"date":"2024-08-19T06:35:44","date_gmt":"2024-08-19T06:35:44","guid":{"rendered":"https:\/\/www.ceramicbasin.com\/?post_type=product&#038;p=4838"},"modified":"2024-11-04T08:49:36","modified_gmt":"2024-11-04T08:49:36","slug":"porcelain-bathroom-sinks-wholesale","status":"publish","type":"product","link":"https:\/\/www.ceramicbasin.com\/fr\/produit\/porcelain-bathroom-sinks-wholesale\/","title":{"rendered":"Lavabos de salle de bain en porcelaine Wholesale, Countertop Round Basins"},"content":{"rendered":"<div class=\"wp-block-columns is-layout-flex wp-container-core-columns-is-layout-9d6595d7 wp-block-columns-is-layout-flex\">\n<div class=\"wp-block-column is-layout-flow wp-block-column-is-layout-flow\">\n<h2 class=\"wp-block-heading\">Premium Porcelain Bathroom Sinks Wholesale Caract\u00e9ristiques :<\/h2>\n\n\n\n<ul class=\"wp-block-list\">\n<li><strong>Design rond classique : <\/strong>La forme de ces lavabos de salle de bains en porcelaine est con\u00e7ue dans un style simple et \u00e9l\u00e9gant. Les lignes arrondies conf\u00e8rent \u00e0 l'espace de la salle de bains une atmosph\u00e8re harmonieuse, tout en s'adaptant parfaitement \u00e0 tous les styles de d\u00e9coration de la salle de bains, qu'il s'agisse d'une simplicit\u00e9 moderne ou d'un style traditionnel.<\/li>\n\n\n\n<li><strong>Mat\u00e9riau en porcelaine de haute qualit\u00e9 : <\/strong>La qualit\u00e9 du mat\u00e9riau porcelaine qui compose nos vasques rondes de comptoir en gros est superbe. Cuite \u00e0 haute temp\u00e9rature, la surface du produit est lisse et d\u00e9licate, avec une excellente r\u00e9sistance \u00e0 l'usure et aux taches. Il minimise la fr\u00e9quence de nettoyage car il ne consomme pas beaucoup de taches sur sa surface.<\/li>\n\n\n\n<li><strong>Conception \u00e9conomisant l'espace : <\/strong>Ces \u00e9viers de salle de bain en porcelaine ne sont pas seulement visuellement exquis et beaux, mais ils utilisent aussi pleinement l'espace du comptoir. Ils peuvent \u00eatre install\u00e9s dans des salles de bains de toutes tailles, en particulier dans des espaces restreints. Elle am\u00e9liore l'utilisation de l'espace sans compromettre les fonctions pratiques.<\/li>\n\n\n\n<li><strong>Vente en gros et services personnalis\u00e9s : <\/strong>Nous proposons des prix d'achat en gros et un service personnalis\u00e9 pour les bassins ronds de comptoir, qui peuvent \u00eatre configur\u00e9s selon les exigences concr\u00e8tes des clients pour s'adapter au style et aux besoins fonctionnels de diff\u00e9rents projets.<\/li>\n<\/ul>\n<\/div>\n\n\n\n<div class=\"wp-block-column is-layout-flow wp-block-column-is-layout-flow\">\n<figure class=\"wp-block-image size-full\"><img fetchpriority=\"high\" decoding=\"async\" width=\"800\" height=\"800\" src=\"https:\/\/www.ceramicbasin.com\/wp-content\/uploads\/2024\/08\/White-Washroom-Ceramic-Sinkcustom-sink-countertopporcelain-bathroom-sink-6.webp\" alt=\"Lavabos de salle de bain en porcelaine Wholesale, Countertop Round Basins\" class=\"wp-image-4844\" srcset=\"https:\/\/www.ceramicbasin.com\/wp-content\/uploads\/2024\/08\/White-Washroom-Ceramic-Sinkcustom-sink-countertopporcelain-bathroom-sink-6.webp 800w, https:\/\/www.ceramicbasin.com\/wp-content\/uploads\/2024\/08\/White-Washroom-Ceramic-Sinkcustom-sink-countertopporcelain-bathroom-sink-6-300x300.webp 300w, https:\/\/www.ceramicbasin.com\/wp-content\/uploads\/2024\/08\/White-Washroom-Ceramic-Sinkcustom-sink-countertopporcelain-bathroom-sink-6-150x150.webp 150w, https:\/\/www.ceramicbasin.com\/wp-content\/uploads\/2024\/08\/White-Washroom-Ceramic-Sinkcustom-sink-countertopporcelain-bathroom-sink-6-768x768.webp 768w, https:\/\/www.ceramicbasin.com\/wp-content\/uploads\/2024\/08\/White-Washroom-Ceramic-Sinkcustom-sink-countertopporcelain-bathroom-sink-6-12x12.webp 12w, https:\/\/www.ceramicbasin.com\/wp-content\/uploads\/2024\/08\/White-Washroom-Ceramic-Sinkcustom-sink-countertopporcelain-bathroom-sink-6-285x285.webp 285w, https:\/\/www.ceramicbasin.com\/wp-content\/uploads\/2024\/08\/White-Washroom-Ceramic-Sinkcustom-sink-countertopporcelain-bathroom-sink-6-270x270.webp 270w, https:\/\/www.ceramicbasin.com\/wp-content\/uploads\/2024\/08\/White-Washroom-Ceramic-Sinkcustom-sink-countertopporcelain-bathroom-sink-6-540x540.webp 540w, https:\/\/www.ceramicbasin.com\/wp-content\/uploads\/2024\/08\/White-Washroom-Ceramic-Sinkcustom-sink-countertopporcelain-bathroom-sink-6-660x660.webp 660w\" sizes=\"(max-width: 800px) 100vw, 800px\" \/><\/figure>\n<\/div>\n<\/div>","protected":false},"excerpt":{"rendered":"<p>Bienvenue pour acheter en gros des vasques rondes de comptoir. Nos lavabos de salle de bain en porcelaine s'adaptent \u00e0 de nombreux styles de salle de bain gr\u00e2ce \u00e0 leur design simple et atmosph\u00e9rique. Ils sont fabriqu\u00e9s en porcelaine de haute qualit\u00e9, avec une surface lisse, r\u00e9sistante \u00e0 l'usure et facile \u00e0 nettoyer.<\/p>\n<table style=\"border-collapse: collapse; width: 358.52pt;\" border=\"0\" width=\"478\" cellspacing=\"0\" cellpadding=\"0\">\n<tbody>\n<tr style=\"height: 17.25pt;\">\n<td class=\"et3\" style=\"height: 17.25pt; width: 125.00pt;\" width=\"166\" height=\"23\">Fabricant<\/td>\n<td class=\"et3\" style=\"width: 234.15pt;\" width=\"312\">HanYu<\/td>\n<\/tr>\n<tr style=\"height: 17.25pt;\">\n<td class=\"et3\" style=\"height: 17.25pt;\" height=\"23\">Num\u00e9ro de mod\u00e8le.<\/td>\n<td class=\"et4\">HY-8070<\/td>\n<\/tr>\n<tr style=\"height: 17.25pt;\">\n<td class=\"et3\" style=\"height: 17.25pt;\" height=\"23\">Type<\/td>\n<td class=\"et5\" style=\"width: 234.15pt;\" width=\"312\">Bassins de comptoir<\/td>\n<\/tr>\n<tr style=\"height: 18.00pt;\">\n<td class=\"et3\" style=\"height: 18.00pt;\" height=\"24\">Forme<\/td>\n<td class=\"et3\">Forme ronde<\/td>\n<\/tr>\n<tr style=\"height: 34.50pt;\">\n<td class=\"et4\" style=\"height: 34.50pt;\" height=\"46\">Couleur<\/td>\n<td class=\"et5\" style=\"width: 234.15pt;\" width=\"312\">noir\/blanc\/bleu\/gris\/rose\/vert\/marron\/kaki<\/td>\n<\/tr>\n<tr style=\"height: 18.00pt;\">\n<td class=\"et3\" style=\"height: 18.00pt;\" height=\"24\">Dimension<\/td>\n<td class=\"et5\" style=\"width: 234.15pt;\" width=\"312\">36*36*11.5<\/td>\n<\/tr>\n<tr style=\"height: 17.25pt;\">\n<td class=\"et3\" style=\"height: 17.25pt;\" height=\"23\">N.W \/SET<\/td>\n<td class=\"et3\">10KGS\/PCS<\/td>\n<\/tr>\n<tr style=\"height: 17.25pt;\">\n<td class=\"et3\" style=\"height: 17.25pt;\" height=\"23\">MOQ<\/td>\n<td class=\"et3\">20pcs<\/td>\n<\/tr>\n<tr style=\"height: 17.25pt;\">\n<td class=\"et3\" style=\"height: 17.25pt;\" height=\"23\">Option personnalis\u00e9e<\/td>\n<td class=\"et3\">Couleur\/Pattenue\/Taille\/Logo\/Emballage<\/td>\n<\/tr>\n<\/tbody>\n<\/table>","protected":false},"featured_media":4839,"comment_status":"closed","ping_status":"closed","template":"","meta":{"_acf_changed":false},"product_brand":[],"product_cat":[50],"product_tag":[],"class_list":{"0":"post-4838","1":"product","2":"type-product","3":"status-publish","4":"has-post-thumbnail","6":"product_cat-wholesale-countertop-sinks","8":"first","9":"instock","10":"shipping-taxable","11":"product-type-simple"},"acf":[],"_links":{"self":[{"href":"https:\/\/www.ceramicbasin.com\/fr\/wp-json\/wp\/v2\/product\/4838","targetHints":{"allow":["GET"]}}],"collection":[{"href":"https:\/\/www.ceramicbasin.com\/fr\/wp-json\/wp\/v2\/product"}],"about":[{"href":"https:\/\/www.ceramicbasin.com\/fr\/wp-json\/wp\/v2\/types\/product"}],"replies":[{"embeddable":true,"href":"https:\/\/www.ceramicbasin.com\/fr\/wp-json\/wp\/v2\/comments?post=4838"}],"wp:featuredmedia":[{"embeddable":true,"href":"https:\/\/www.ceramicbasin.com\/fr\/wp-json\/wp\/v2\/media\/4839"}],"wp:attachment":[{"href":"https:\/\/www.ceramicbasin.com\/fr\/wp-json\/wp\/v2\/media?parent=4838"}],"wp:term":[{"taxonomy":"product_brand","embeddable":true,"href":"https:\/\/www.ceramicbasin.com\/fr\/wp-json\/wp\/v2\/product_brand?post=4838"},{"taxonomy":"product_cat","embeddable":true,"href":"https:\/\/www.ceramicbasin.com\/fr\/wp-json\/wp\/v2\/product_cat?post=4838"},{"taxonomy":"product_tag","embeddable":true,"href":"https:\/\/www.ceramicbasin.com\/fr\/wp-json\/wp\/v2\/product_tag?post=4838"}],"curies":[{"name":"wp","href":"https:\/\/api.w.org\/{rel}","templated":true}]}}