{"id":4849,"date":"2024-08-20T06:42:40","date_gmt":"2024-08-20T06:42:40","guid":{"rendered":"https:\/\/www.ceramicbasin.com\/?post_type=product&#038;p=4849"},"modified":"2024-11-04T08:43:53","modified_gmt":"2024-11-04T08:43:53","slug":"wholesale-countertop-basins","status":"publish","type":"product","link":"https:\/\/www.ceramicbasin.com\/fr\/produit\/wholesale-countertop-basins\/","title":{"rendered":"Vasques de comptoir, \u00e9viers en c\u00e9ramique pour l'h\u00f4tellerie"},"content":{"rendered":"<div class=\"wp-block-columns is-layout-flex wp-container-core-columns-is-layout-9d6595d7 wp-block-columns-is-layout-flex\">\n<div class=\"wp-block-column is-layout-flow wp-block-column-is-layout-flow\">\n<h2 class=\"wp-block-heading\">Premium Wholesale Countertop Basin Caract\u00e9ristiques :<\/h2>\n\n\n\n<ul class=\"wp-block-list\">\n<li><strong>Vente directe \u00e0 l'usine :\u00a0<\/strong>Les lavabos en gros de HanYu sont vendus directement par l'usine, ce qui \u00e9limine la diff\u00e9rence de prix des interm\u00e9diaires. L'achat en gros de lavabos de salle de bain vous assure d'acheter des lavabos de salle de bain de haute qualit\u00e9 en gros au prix le plus bas.<\/li>\n\n\n\n<li><strong>S\u00e9lection vari\u00e9e :\u00a0<\/strong>Nous proposons une grande vari\u00e9t\u00e9 de styles, de tailles et de couleurs de cuvettes d'\u00e9vier de salle de bains, r\u00e9pondant aux besoins des diff\u00e9rents styles de salle de bains et s'int\u00e9grant facilement dans les diff\u00e9rents designs de d\u00e9coration.<\/li>\n\n\n\n<li><strong>Installation facile : <\/strong>Con\u00e7us pour \u00eatre install\u00e9s au-dessus du comptoir, nos lavabos en porcelaine pour comptoir de gros permettent une installation sans probl\u00e8me, qu'il s'agisse d'une nouvelle construction ou d'une r\u00e9novation de salle de bains.<\/li>\n\n\n\n<li><strong>Qualit\u00e9 sup\u00e9rieure : <\/strong>La c\u00e9ramique de haute qualit\u00e9 avec laquelle ces cuvettes d'\u00e9vier de salle de bain sont fabriqu\u00e9es assure la durabilit\u00e9, la douceur de la surface et la r\u00e9sistance aux taches et aux rayures, d'o\u00f9 une beaut\u00e9 durable.<\/li>\n<\/ul>\n<\/div>\n\n\n\n<div class=\"wp-block-column is-layout-flow wp-block-column-is-layout-flow\">\n<figure class=\"wp-block-image size-full\"><img fetchpriority=\"high\" decoding=\"async\" width=\"800\" height=\"800\" src=\"https:\/\/www.ceramicbasin.com\/wp-content\/uploads\/2024\/08\/custom-bathroom-sink-countertopbathroom-sink-wholesaleporcelain-sinks-6.webp\" alt=\"Vente en gros de vasques de comptoir pour salle de bains d&#039;h\u00f4tel\" class=\"wp-image-4855\" srcset=\"https:\/\/www.ceramicbasin.com\/wp-content\/uploads\/2024\/08\/custom-bathroom-sink-countertopbathroom-sink-wholesaleporcelain-sinks-6.webp 800w, https:\/\/www.ceramicbasin.com\/wp-content\/uploads\/2024\/08\/custom-bathroom-sink-countertopbathroom-sink-wholesaleporcelain-sinks-6-300x300.webp 300w, https:\/\/www.ceramicbasin.com\/wp-content\/uploads\/2024\/08\/custom-bathroom-sink-countertopbathroom-sink-wholesaleporcelain-sinks-6-150x150.webp 150w, https:\/\/www.ceramicbasin.com\/wp-content\/uploads\/2024\/08\/custom-bathroom-sink-countertopbathroom-sink-wholesaleporcelain-sinks-6-768x768.webp 768w, https:\/\/www.ceramicbasin.com\/wp-content\/uploads\/2024\/08\/custom-bathroom-sink-countertopbathroom-sink-wholesaleporcelain-sinks-6-12x12.webp 12w, https:\/\/www.ceramicbasin.com\/wp-content\/uploads\/2024\/08\/custom-bathroom-sink-countertopbathroom-sink-wholesaleporcelain-sinks-6-285x285.webp 285w, https:\/\/www.ceramicbasin.com\/wp-content\/uploads\/2024\/08\/custom-bathroom-sink-countertopbathroom-sink-wholesaleporcelain-sinks-6-270x270.webp 270w, https:\/\/www.ceramicbasin.com\/wp-content\/uploads\/2024\/08\/custom-bathroom-sink-countertopbathroom-sink-wholesaleporcelain-sinks-6-540x540.webp 540w, https:\/\/www.ceramicbasin.com\/wp-content\/uploads\/2024\/08\/custom-bathroom-sink-countertopbathroom-sink-wholesaleporcelain-sinks-6-660x660.webp 660w\" sizes=\"(max-width: 800px) 100vw, 800px\" \/><\/figure>\n<\/div>\n<\/div>","protected":false},"excerpt":{"rendered":"<p>Bienvenue pour acheter en gros des lavabos de salle de bain. Nos vasques de comptoir en gros sont vendues directement \u00e0 l'usine, \u00e9vitant ainsi les interm\u00e9diaires, pour des \u00e9viers de qualit\u00e9 sup\u00e9rieure au prix le plus bas. Notre s\u00e9lection vari\u00e9e comprend une vari\u00e9t\u00e9 de styles, de tailles et de couleurs qui s'adapteront \u00e0 n'importe quel design dans la salle de bain. Tr\u00e8s facile \u00e0 installer sur le comptoir, fabriqu\u00e9 en c\u00e9ramique de haute qualit\u00e9 durable, surface lisse, r\u00e9sistante aux taches et aux rayures.<\/p>\n<table style=\"border-collapse: collapse; width: 358.52pt;\" border=\"0\" width=\"478\" cellspacing=\"0\" cellpadding=\"0\">\n<tbody>\n<tr style=\"height: 17.25pt;\">\n<td class=\"et3\" style=\"height: 17.25pt; width: 125.00pt;\" width=\"166\" height=\"23\">Fabricant<\/td>\n<td class=\"et3\" style=\"width: 234.15pt;\" width=\"312\">HanYu<\/td>\n<\/tr>\n<tr style=\"height: 17.25pt;\">\n<td class=\"et3\" style=\"height: 17.25pt;\" height=\"23\">Num\u00e9ro de mod\u00e8le.<\/td>\n<td class=\"et4\">HY-8070H<\/td>\n<\/tr>\n<tr style=\"height: 17.25pt;\">\n<td class=\"et3\" style=\"height: 17.25pt;\" height=\"23\">Type<\/td>\n<td class=\"et5\" style=\"width: 234.15pt;\" width=\"312\">Bassins de comptoir<\/td>\n<\/tr>\n<tr style=\"height: 18.00pt;\">\n<td class=\"et3\" style=\"height: 18.00pt;\" height=\"24\">Forme<\/td>\n<td class=\"et3\">Forme ronde<\/td>\n<\/tr>\n<tr style=\"height: 34.50pt;\">\n<td class=\"et4\" style=\"height: 34.50pt;\" height=\"46\">Couleur<\/td>\n<td class=\"et5\" style=\"width: 234.15pt;\" width=\"312\">noir\/blanc\/bleu\/gris\/rose\/vert\/marron\/kaki<\/td>\n<\/tr>\n<tr style=\"height: 18.00pt;\">\n<td class=\"et3\" style=\"height: 18.00pt;\" height=\"24\">Dimension<\/td>\n<td class=\"et5\" style=\"width: 234.15pt;\" width=\"312\">35.5*35.5*11.5<\/td>\n<\/tr>\n<tr style=\"height: 17.25pt;\">\n<td class=\"et3\" style=\"height: 17.25pt;\" height=\"23\">N.W \/SET<\/td>\n<td class=\"et3\">12KGS\/PCS<\/td>\n<\/tr>\n<tr style=\"height: 17.25pt;\">\n<td class=\"et3\" style=\"height: 17.25pt;\" height=\"23\">MOQ<\/td>\n<td class=\"et3\">20pcs<\/td>\n<\/tr>\n<tr style=\"height: 17.25pt;\">\n<td class=\"et3\" style=\"height: 17.25pt;\" height=\"23\">Option personnalis\u00e9e<\/td>\n<td class=\"et3\">Couleur\/Pattenue\/Taille\/Logo\/Emballage<\/td>\n<\/tr>\n<\/tbody>\n<\/table>","protected":false},"featured_media":4850,"comment_status":"closed","ping_status":"closed","template":"","meta":{"_acf_changed":false},"product_brand":[],"product_cat":[50],"product_tag":[],"class_list":{"0":"post-4849","1":"product","2":"type-product","3":"status-publish","4":"has-post-thumbnail","6":"product_cat-wholesale-countertop-sinks","8":"first","9":"instock","10":"shipping-taxable","11":"product-type-simple"},"acf":[],"_links":{"self":[{"href":"https:\/\/www.ceramicbasin.com\/fr\/wp-json\/wp\/v2\/product\/4849","targetHints":{"allow":["GET"]}}],"collection":[{"href":"https:\/\/www.ceramicbasin.com\/fr\/wp-json\/wp\/v2\/product"}],"about":[{"href":"https:\/\/www.ceramicbasin.com\/fr\/wp-json\/wp\/v2\/types\/product"}],"replies":[{"embeddable":true,"href":"https:\/\/www.ceramicbasin.com\/fr\/wp-json\/wp\/v2\/comments?post=4849"}],"wp:featuredmedia":[{"embeddable":true,"href":"https:\/\/www.ceramicbasin.com\/fr\/wp-json\/wp\/v2\/media\/4850"}],"wp:attachment":[{"href":"https:\/\/www.ceramicbasin.com\/fr\/wp-json\/wp\/v2\/media?parent=4849"}],"wp:term":[{"taxonomy":"product_brand","embeddable":true,"href":"https:\/\/www.ceramicbasin.com\/fr\/wp-json\/wp\/v2\/product_brand?post=4849"},{"taxonomy":"product_cat","embeddable":true,"href":"https:\/\/www.ceramicbasin.com\/fr\/wp-json\/wp\/v2\/product_cat?post=4849"},{"taxonomy":"product_tag","embeddable":true,"href":"https:\/\/www.ceramicbasin.com\/fr\/wp-json\/wp\/v2\/product_tag?post=4849"}],"curies":[{"name":"wp","href":"https:\/\/api.w.org\/{rel}","templated":true}]}}