{"id":4869,"date":"2024-08-22T06:40:29","date_gmt":"2024-08-22T06:40:29","guid":{"rendered":"https:\/\/www.ceramicbasin.com\/?post_type=product&#038;p=4869"},"modified":"2024-10-17T07:25:30","modified_gmt":"2024-10-17T07:25:30","slug":"bulk-customized-bathroom-sinks","status":"publish","type":"product","link":"https:\/\/www.ceramicbasin.com\/fr\/produit\/bulk-customized-bathroom-sinks\/","title":{"rendered":"Lavabos de salle de bain personnalis\u00e9s en vrac, lavabos de comptoir de luxe en gros"},"content":{"rendered":"<div class=\"wp-block-columns is-layout-flex wp-container-core-columns-is-layout-9d6595d7 wp-block-columns-is-layout-flex\">\n<div class=\"wp-block-column is-layout-flow wp-block-column-is-layout-flow\">\n<h2 class=\"wp-block-heading\">Premium Bulk Customized Bathroom Sinks Caract\u00e9ristiques :<\/h2>\n\n\n\n<ul class=\"wp-block-list\">\n<li><strong>Design rond et \u00e9l\u00e9gant : <\/strong>Ce lavabo de salle de bains personnalis\u00e9 en vrac adopte un design rond classique avec des lignes douces et une forme simple et \u00e9l\u00e9gante, qui convient \u00e0 une vari\u00e9t\u00e9 de styles de d\u00e9coration de salles de bains modernes. Son apparence \u00e9l\u00e9gante ne fait pas qu'embellir l'espace.<\/li>\n\n\n\n<li><strong>Surface angulaire unique : <\/strong>La surface de nos vasques de comptoir adopte un design angulaire unique, rompant la monotonie de la surface lisse traditionnelle, augmentant la superposition visuelle et l'effet tridimensionnel, et renfor\u00e7ant la sophistication de la d\u00e9coration g\u00e9n\u00e9rale.<\/li>\n\n\n\n<li><strong>Mat\u00e9riaux c\u00e9ramiques de haute qualit\u00e9 : <\/strong>Nos \u00e9viers de salle de bains personnalis\u00e9s en vrac sont fabriqu\u00e9s \u00e0 partir de mat\u00e9riaux c\u00e9ramiques s\u00e9lectionn\u00e9s de haute qualit\u00e9. Apr\u00e8s une cuisson \u00e0 haute temp\u00e9rature, ils pr\u00e9sentent une excellente r\u00e9sistance \u00e0 l'usure et aux taches, et peuvent conserver un nouvel \u00e9clat apr\u00e8s une utilisation prolong\u00e9e. La surface en c\u00e9ramique est lisse et facile \u00e0 nettoyer et \u00e0 entretenir.<\/li>\n\n\n\n<li><strong>Solutions personnalis\u00e9es : <\/strong>Nous fournissons des services de personnalisation flexibles pour les vasques de comptoir en gros, et pouvons ajuster la taille, la couleur et le traitement de surface de la vasque de comptoir selon les besoins du client. Qu'il s'agisse d'une r\u00e9sidence de luxe, d'une salle de bains d'h\u00f4tel ou d'un projet commercial, nous pouvons fournir des solutions de personnalisation.<\/li>\n<\/ul>\n<\/div>\n\n\n\n<div class=\"wp-block-column is-layout-flow wp-block-column-is-layout-flow\">\n<figure class=\"wp-block-image size-full\"><img fetchpriority=\"high\" decoding=\"async\" width=\"800\" height=\"800\" src=\"https:\/\/www.ceramicbasin.com\/wp-content\/uploads\/2024\/08\/wholesale-wash-basincustom-ceramic-sink-bathroom-countertop-5.webp\" alt=\"Vasques de salle de bain personnalis\u00e9es en vrac, vasques de comptoir de luxe-1\" class=\"wp-image-4874\" srcset=\"https:\/\/www.ceramicbasin.com\/wp-content\/uploads\/2024\/08\/wholesale-wash-basincustom-ceramic-sink-bathroom-countertop-5.webp 800w, https:\/\/www.ceramicbasin.com\/wp-content\/uploads\/2024\/08\/wholesale-wash-basincustom-ceramic-sink-bathroom-countertop-5-300x300.webp 300w, https:\/\/www.ceramicbasin.com\/wp-content\/uploads\/2024\/08\/wholesale-wash-basincustom-ceramic-sink-bathroom-countertop-5-150x150.webp 150w, https:\/\/www.ceramicbasin.com\/wp-content\/uploads\/2024\/08\/wholesale-wash-basincustom-ceramic-sink-bathroom-countertop-5-768x768.webp 768w, https:\/\/www.ceramicbasin.com\/wp-content\/uploads\/2024\/08\/wholesale-wash-basincustom-ceramic-sink-bathroom-countertop-5-12x12.webp 12w, https:\/\/www.ceramicbasin.com\/wp-content\/uploads\/2024\/08\/wholesale-wash-basincustom-ceramic-sink-bathroom-countertop-5-285x285.webp 285w, https:\/\/www.ceramicbasin.com\/wp-content\/uploads\/2024\/08\/wholesale-wash-basincustom-ceramic-sink-bathroom-countertop-5-270x270.webp 270w, https:\/\/www.ceramicbasin.com\/wp-content\/uploads\/2024\/08\/wholesale-wash-basincustom-ceramic-sink-bathroom-countertop-5-540x540.webp 540w, https:\/\/www.ceramicbasin.com\/wp-content\/uploads\/2024\/08\/wholesale-wash-basincustom-ceramic-sink-bathroom-countertop-5-660x660.webp 660w\" sizes=\"(max-width: 800px) 100vw, 800px\" \/><\/figure>\n<\/div>\n<\/div>","protected":false},"excerpt":{"rendered":"<p>Bienvenue sur le site d'achat en gros de lavabos de comptoir. Ce lavabo de salle de bain rond en vrac personnalis\u00e9 se distingue par sa forme simple et \u00e9l\u00e9gante et son design de surface angulaire unique, montrant une texture luxueuse et un style personnalis\u00e9. Fabriqu\u00e9 en c\u00e9ramique haut de gamme, il pr\u00e9sente une excellente r\u00e9sistance \u00e0 l'usure et aux taches et est facile \u00e0 nettoyer.<\/p>\n<table style=\"border-collapse: collapse; width: 358.52pt;\" border=\"0\" width=\"478\" cellspacing=\"0\" cellpadding=\"0\">\n<tbody>\n<tr style=\"height: 17.25pt;\">\n<td class=\"et3\" style=\"height: 17.25pt; width: 125.00pt;\" width=\"166\" height=\"23\">Fabricant<\/td>\n<td class=\"et3\" style=\"width: 234.15pt;\" width=\"312\">HanYu<\/td>\n<\/tr>\n<tr style=\"height: 17.25pt;\">\n<td class=\"et3\" style=\"height: 17.25pt;\" height=\"23\">Num\u00e9ro de mod\u00e8le.<\/td>\n<td class=\"et4\">HY-8176<\/td>\n<\/tr>\n<tr style=\"height: 17.25pt;\">\n<td class=\"et3\" style=\"height: 17.25pt;\" height=\"23\">Type<\/td>\n<td class=\"et5\" style=\"width: 234.15pt;\" width=\"312\">Bassins de comptoir<\/td>\n<\/tr>\n<tr style=\"height: 18.00pt;\">\n<td class=\"et3\" style=\"height: 18.00pt;\" height=\"24\">Forme<\/td>\n<td class=\"et3\">Forme ronde<\/td>\n<\/tr>\n<tr style=\"height: 34.50pt;\">\n<td class=\"et4\" style=\"height: 34.50pt;\" height=\"46\">Couleur<\/td>\n<td class=\"et5\" style=\"width: 234.15pt;\" width=\"312\">noir\/blanc\/bleu\/gris\/rose\/vert\/marron\/kaki<\/td>\n<\/tr>\n<tr style=\"height: 18.00pt;\">\n<td class=\"et3\" style=\"height: 18.00pt;\" height=\"24\">Dimension<\/td>\n<td class=\"et5\" style=\"width: 234.15pt;\" width=\"312\">41.5*41.5*14<\/td>\n<\/tr>\n<tr style=\"height: 17.25pt;\">\n<td class=\"et3\" style=\"height: 17.25pt;\" height=\"23\">N.W \/SET<\/td>\n<td class=\"et3\">15KGS\/PCS<\/td>\n<\/tr>\n<tr style=\"height: 17.25pt;\">\n<td class=\"et3\" style=\"height: 17.25pt;\" height=\"23\">MOQ<\/td>\n<td class=\"et3\">20pcs<\/td>\n<\/tr>\n<tr style=\"height: 17.25pt;\">\n<td class=\"et3\" style=\"height: 17.25pt;\" height=\"23\">Option personnalis\u00e9e<\/td>\n<td class=\"et3\">Couleur\/Pattenue\/Taille\/Logo\/Emballage<\/td>\n<\/tr>\n<\/tbody>\n<\/table>","protected":false},"featured_media":4870,"comment_status":"closed","ping_status":"closed","template":"","meta":{"_acf_changed":false},"product_brand":[],"product_cat":[50],"product_tag":[],"class_list":{"0":"post-4869","1":"product","2":"type-product","3":"status-publish","4":"has-post-thumbnail","6":"product_cat-wholesale-countertop-sinks","8":"first","9":"instock","10":"shipping-taxable","11":"product-type-simple"},"acf":[],"_links":{"self":[{"href":"https:\/\/www.ceramicbasin.com\/fr\/wp-json\/wp\/v2\/product\/4869","targetHints":{"allow":["GET"]}}],"collection":[{"href":"https:\/\/www.ceramicbasin.com\/fr\/wp-json\/wp\/v2\/product"}],"about":[{"href":"https:\/\/www.ceramicbasin.com\/fr\/wp-json\/wp\/v2\/types\/product"}],"replies":[{"embeddable":true,"href":"https:\/\/www.ceramicbasin.com\/fr\/wp-json\/wp\/v2\/comments?post=4869"}],"wp:featuredmedia":[{"embeddable":true,"href":"https:\/\/www.ceramicbasin.com\/fr\/wp-json\/wp\/v2\/media\/4870"}],"wp:attachment":[{"href":"https:\/\/www.ceramicbasin.com\/fr\/wp-json\/wp\/v2\/media?parent=4869"}],"wp:term":[{"taxonomy":"product_brand","embeddable":true,"href":"https:\/\/www.ceramicbasin.com\/fr\/wp-json\/wp\/v2\/product_brand?post=4869"},{"taxonomy":"product_cat","embeddable":true,"href":"https:\/\/www.ceramicbasin.com\/fr\/wp-json\/wp\/v2\/product_cat?post=4869"},{"taxonomy":"product_tag","embeddable":true,"href":"https:\/\/www.ceramicbasin.com\/fr\/wp-json\/wp\/v2\/product_tag?post=4869"}],"curies":[{"name":"wp","href":"https:\/\/api.w.org\/{rel}","templated":true}]}}