{"id":4989,"date":"2024-09-03T01:07:05","date_gmt":"2024-09-03T01:07:05","guid":{"rendered":"https:\/\/www.ceramicbasin.com\/?post_type=product&#038;p=4989"},"modified":"2024-09-03T01:16:38","modified_gmt":"2024-09-03T01:16:38","slug":"small-bathroom-sinks-wholesale","status":"publish","type":"product","link":"https:\/\/www.ceramicbasin.com\/fr\/produit\/small-bathroom-sinks-wholesale\/","title":{"rendered":"Petits lavabos de salle de bain Wholesale, Petits lavabos suspendus"},"content":{"rendered":"<div class=\"wp-block-columns is-layout-flex wp-container-core-columns-is-layout-9d6595d7 wp-block-columns-is-layout-flex\">\n<div class=\"wp-block-column is-layout-flow wp-block-column-is-layout-flow\">\n<h2 class=\"wp-block-heading\">Premium Small Bathroom Sinks Wholesale Caract\u00e9ristiques :<\/h2>\n\n\n\n<ul class=\"wp-block-list\">\n<li><strong>Conception de l'optimisation de l'espace :<\/strong> Nos petits lavabos de salle de bain en gros sont con\u00e7us pour les petites salles de bain. Il permet d'\u00e9conomiser de l'espace et est id\u00e9al pour les petits appartements ou les chambres d'h\u00f4tel.<\/li>\n\n\n\n<li><strong>Mat\u00e9riaux c\u00e9ramiques de haute qualit\u00e9 : <\/strong>Nous utilisons des mati\u00e8res premi\u00e8res c\u00e9ramiques de haute qualit\u00e9, cuites \u00e0 une temp\u00e9rature \u00e9lev\u00e9e de 1280 degr\u00e9s, pour garantir que notre minuscule lavabo suspendu est durable, lisse, facile \u00e0 nettoyer, durable et beau.<\/li>\n\n\n\n<li><strong>Installation murale : <\/strong>Ces petits lavabos muraux sont fix\u00e9s au mur, ce qui permet non seulement de gagner de la place, mais aussi de faciliter le nettoyage du sol et d'am\u00e9liorer la propret\u00e9 g\u00e9n\u00e9rale de la salle de bains.<\/li>\n\n\n\n<li><strong>Avantage de l'encombrement : <\/strong>En tant que fabricant professionnel de vasques en c\u00e9ramique, Hanyu peut fournir en gros de minuscules \u00e9viers de salle de bains \u00e0 des prix tr\u00e8s comp\u00e9titifs, qui conviennent aux besoins de r\u00e9novation \u00e0 grande \u00e9chelle des h\u00f4tels, des appartements et des projets r\u00e9sidentiels.<\/li>\n<\/ul>\n<\/div>\n\n\n\n<div class=\"wp-block-column is-layout-flow wp-block-column-is-layout-flow\">\n<figure class=\"wp-block-image size-full\"><img fetchpriority=\"high\" decoding=\"async\" width=\"800\" height=\"800\" src=\"https:\/\/www.ceramicbasin.com\/wp-content\/uploads\/2024\/09\/Modern-Style-Lavatory-Small-Size-Ceramic-Hand-Wash-Basin-Wall-Hung-Mounted-Rectangular-Bathroom-Sink-6.webp\" alt=\"Petits lavabos de salle de bains Wholesale, Tiny Wall Hung Wash Basins-1\" class=\"wp-image-4984\" srcset=\"https:\/\/www.ceramicbasin.com\/wp-content\/uploads\/2024\/09\/Modern-Style-Lavatory-Small-Size-Ceramic-Hand-Wash-Basin-Wall-Hung-Mounted-Rectangular-Bathroom-Sink-6.webp 800w, https:\/\/www.ceramicbasin.com\/wp-content\/uploads\/2024\/09\/Modern-Style-Lavatory-Small-Size-Ceramic-Hand-Wash-Basin-Wall-Hung-Mounted-Rectangular-Bathroom-Sink-6-300x300.webp 300w, https:\/\/www.ceramicbasin.com\/wp-content\/uploads\/2024\/09\/Modern-Style-Lavatory-Small-Size-Ceramic-Hand-Wash-Basin-Wall-Hung-Mounted-Rectangular-Bathroom-Sink-6-150x150.webp 150w, https:\/\/www.ceramicbasin.com\/wp-content\/uploads\/2024\/09\/Modern-Style-Lavatory-Small-Size-Ceramic-Hand-Wash-Basin-Wall-Hung-Mounted-Rectangular-Bathroom-Sink-6-768x768.webp 768w, https:\/\/www.ceramicbasin.com\/wp-content\/uploads\/2024\/09\/Modern-Style-Lavatory-Small-Size-Ceramic-Hand-Wash-Basin-Wall-Hung-Mounted-Rectangular-Bathroom-Sink-6-12x12.webp 12w, https:\/\/www.ceramicbasin.com\/wp-content\/uploads\/2024\/09\/Modern-Style-Lavatory-Small-Size-Ceramic-Hand-Wash-Basin-Wall-Hung-Mounted-Rectangular-Bathroom-Sink-6-285x285.webp 285w, https:\/\/www.ceramicbasin.com\/wp-content\/uploads\/2024\/09\/Modern-Style-Lavatory-Small-Size-Ceramic-Hand-Wash-Basin-Wall-Hung-Mounted-Rectangular-Bathroom-Sink-6-270x270.webp 270w, https:\/\/www.ceramicbasin.com\/wp-content\/uploads\/2024\/09\/Modern-Style-Lavatory-Small-Size-Ceramic-Hand-Wash-Basin-Wall-Hung-Mounted-Rectangular-Bathroom-Sink-6-540x540.webp 540w, https:\/\/www.ceramicbasin.com\/wp-content\/uploads\/2024\/09\/Modern-Style-Lavatory-Small-Size-Ceramic-Hand-Wash-Basin-Wall-Hung-Mounted-Rectangular-Bathroom-Sink-6-660x660.webp 660w\" sizes=\"(max-width: 800px) 100vw, 800px\" \/><\/figure>\n<\/div>\n<\/div>","protected":false},"excerpt":{"rendered":"<p>Notre usine fournit des petits lavabos muraux pour salles de bains, ces lavabos muraux utilisent des mat\u00e9riaux s\u00e9lectionn\u00e9s et des processus de production de pr\u00e9cision pour s'assurer que les lavabos sont solidement construits, lisses et facilement nettoyables.<\/p>\n<table style=\"border-collapse: collapse; width: 358.52pt;\" border=\"0\" width=\"478\" cellspacing=\"0\" cellpadding=\"0\">\n<tbody>\n<tr style=\"height: 17.25pt;\">\n<td class=\"et3\" style=\"height: 17.25pt; width: 125.00pt;\" width=\"166\" height=\"23\">Fabricant<\/td>\n<td class=\"et3\" style=\"width: 234.15pt;\" width=\"312\">HanYu<\/td>\n<\/tr>\n<tr style=\"height: 17.25pt;\">\n<td class=\"et3\" style=\"height: 17.25pt;\" height=\"23\">Num\u00e9ro de mod\u00e8le.<\/td>\n<td class=\"et4\">HY-3053AL<\/td>\n<\/tr>\n<tr style=\"height: 17.25pt;\">\n<td class=\"et3\" style=\"height: 17.25pt;\" height=\"23\">Type<\/td>\n<td class=\"et5\" style=\"width: 234.15pt;\" width=\"312\">\u00c9viers muraux<\/td>\n<\/tr>\n<tr style=\"height: 18.00pt;\">\n<td class=\"et3\" style=\"height: 18.00pt;\" height=\"24\">Forme<\/td>\n<td class=\"et3\">Forme rectangulaire<\/td>\n<\/tr>\n<tr style=\"height: 34.50pt;\">\n<td class=\"et4\" style=\"height: 34.50pt;\" height=\"46\">Couleur<\/td>\n<td class=\"et5\" style=\"width: 234.15pt;\" width=\"312\">noir\/blanc\/bleu\/gris\/rose\/vert\/marron\/kaki<\/td>\n<\/tr>\n<tr style=\"height: 18.00pt;\">\n<td class=\"et3\" style=\"height: 18.00pt;\" height=\"24\">Dimension<\/td>\n<td class=\"et5\" style=\"width: 234.15pt;\" width=\"312\">40*22*11<\/td>\n<\/tr>\n<tr style=\"height: 17.25pt;\">\n<td class=\"et3\" style=\"height: 17.25pt;\" height=\"23\">N.W \/SET<\/td>\n<td class=\"et3\">8KGS\/PCS<\/td>\n<\/tr>\n<tr style=\"height: 17.25pt;\">\n<td class=\"et3\" style=\"height: 17.25pt;\" height=\"23\">MOQ<\/td>\n<td class=\"et3\">20pcs<\/td>\n<\/tr>\n<tr style=\"height: 17.25pt;\">\n<td class=\"et3\" style=\"height: 17.25pt;\" height=\"23\">Option personnalis\u00e9e<\/td>\n<td class=\"et3\">Couleur\/Pattenue\/Taille\/Logo\/Emballage<\/td>\n<\/tr>\n<\/tbody>\n<\/table>","protected":false},"featured_media":4982,"comment_status":"closed","ping_status":"closed","template":"","meta":{"_acf_changed":false},"product_brand":[],"product_cat":[56],"product_tag":[],"class_list":{"0":"post-4989","1":"product","2":"type-product","3":"status-publish","4":"has-post-thumbnail","6":"product_cat-wholesale-small-bathroom-sinks","8":"first","9":"instock","10":"shipping-taxable","11":"product-type-simple"},"acf":[],"_links":{"self":[{"href":"https:\/\/www.ceramicbasin.com\/fr\/wp-json\/wp\/v2\/product\/4989","targetHints":{"allow":["GET"]}}],"collection":[{"href":"https:\/\/www.ceramicbasin.com\/fr\/wp-json\/wp\/v2\/product"}],"about":[{"href":"https:\/\/www.ceramicbasin.com\/fr\/wp-json\/wp\/v2\/types\/product"}],"replies":[{"embeddable":true,"href":"https:\/\/www.ceramicbasin.com\/fr\/wp-json\/wp\/v2\/comments?post=4989"}],"wp:featuredmedia":[{"embeddable":true,"href":"https:\/\/www.ceramicbasin.com\/fr\/wp-json\/wp\/v2\/media\/4982"}],"wp:attachment":[{"href":"https:\/\/www.ceramicbasin.com\/fr\/wp-json\/wp\/v2\/media?parent=4989"}],"wp:term":[{"taxonomy":"product_brand","embeddable":true,"href":"https:\/\/www.ceramicbasin.com\/fr\/wp-json\/wp\/v2\/product_brand?post=4989"},{"taxonomy":"product_cat","embeddable":true,"href":"https:\/\/www.ceramicbasin.com\/fr\/wp-json\/wp\/v2\/product_cat?post=4989"},{"taxonomy":"product_tag","embeddable":true,"href":"https:\/\/www.ceramicbasin.com\/fr\/wp-json\/wp\/v2\/product_tag?post=4989"}],"curies":[{"name":"wp","href":"https:\/\/api.w.org\/{rel}","templated":true}]}}