{"id":4990,"date":"2024-09-03T01:16:02","date_gmt":"2024-09-03T01:16:02","guid":{"rendered":"https:\/\/www.ceramicbasin.com\/?post_type=product&#038;p=4990"},"modified":"2024-09-03T01:16:04","modified_gmt":"2024-09-03T01:16:04","slug":"bespoke-bathroom-sinks","status":"publish","type":"product","link":"https:\/\/www.ceramicbasin.com\/fr\/produit\/bespoke-bathroom-sinks\/","title":{"rendered":"Vasques de salle de bains sur mesure, vasques murales en porcelaine Wholesale"},"content":{"rendered":"<div class=\"wp-block-columns is-layout-flex wp-container-core-columns-is-layout-9d6595d7 wp-block-columns-is-layout-flex\">\n<div class=\"wp-block-column is-layout-flow wp-block-column-is-layout-flow\">\n<h2 class=\"wp-block-heading\">Premium Bespoke Bathroom Sinks Caract\u00e9ristiques :<\/h2>\n\n\n\n<ul class=\"wp-block-list\">\n<li>Nouveau design : Ces lavabos de salle de bains sur mesure suspendus au mur sont des lavabos en c\u00e9ramique personnalis\u00e9s. Ce lavabo personnalis\u00e9 en vrac a un aspect \u00e9pur\u00e9 qui s'int\u00e8gre parfaitement au style moderne de la salle de bains.<\/li>\n\n\n\n<li>Fabriqu\u00e9es en porcelaine de haute qualit\u00e9 : Nos vasques murales s\u00e9lectionnent en gros de la porcelaine de haute qualit\u00e9 et sont cuites \u00e0 haute temp\u00e9rature pour garantir une texture solide, une surface lisse, un nettoyage facile et une brillance durable.<\/li>\n\n\n\n<li>Installation murale : La conception murale de nos \u00e9viers de salle de bains sur mesure permet non seulement d'\u00e9conomiser de l'espace, mais aussi de faciliter le nettoyage du sol en dessous, ce qui permet de garder la salle de bains propre et de cr\u00e9er un environnement d'utilisation rafra\u00eechissant.<\/li>\n\n\n\n<li>R\u00e9duction des co\u00fbts d'achat en gros : En tant que fabricant de lavabos en c\u00e9ramique, HanYu peut vous fournir des prix comp\u00e9titifs pour l'achat de lavabos de salle de bain, afin de vous aider \u00e0 contr\u00f4ler efficacement les co\u00fbts de d\u00e9coration sans sacrifier la qualit\u00e9.<\/li>\n<\/ul>\n<\/div>\n\n\n\n<div class=\"wp-block-column is-layout-flow wp-block-column-is-layout-flow\">\n<figure class=\"wp-block-image size-full\"><img fetchpriority=\"high\" decoding=\"async\" width=\"800\" height=\"800\" src=\"https:\/\/www.ceramicbasin.com\/wp-content\/uploads\/2024\/09\/Customize-OEM-ODM-Ceramic-Wash-Hand-Basin-Sink-Lavabo-Porcelain-Rectangular-Wall-Hung-Mounted-Bathroom-Sinks-6.jpg\" alt=\"Vasques de salle de bains sur mesure, vasques murales en porcelaine Wholesale-1\" class=\"wp-image-4996\" srcset=\"https:\/\/www.ceramicbasin.com\/wp-content\/uploads\/2024\/09\/Customize-OEM-ODM-Ceramic-Wash-Hand-Basin-Sink-Lavabo-Porcelain-Rectangular-Wall-Hung-Mounted-Bathroom-Sinks-6.jpg 800w, https:\/\/www.ceramicbasin.com\/wp-content\/uploads\/2024\/09\/Customize-OEM-ODM-Ceramic-Wash-Hand-Basin-Sink-Lavabo-Porcelain-Rectangular-Wall-Hung-Mounted-Bathroom-Sinks-6-300x300.jpg 300w, https:\/\/www.ceramicbasin.com\/wp-content\/uploads\/2024\/09\/Customize-OEM-ODM-Ceramic-Wash-Hand-Basin-Sink-Lavabo-Porcelain-Rectangular-Wall-Hung-Mounted-Bathroom-Sinks-6-150x150.jpg 150w, https:\/\/www.ceramicbasin.com\/wp-content\/uploads\/2024\/09\/Customize-OEM-ODM-Ceramic-Wash-Hand-Basin-Sink-Lavabo-Porcelain-Rectangular-Wall-Hung-Mounted-Bathroom-Sinks-6-768x768.jpg 768w, https:\/\/www.ceramicbasin.com\/wp-content\/uploads\/2024\/09\/Customize-OEM-ODM-Ceramic-Wash-Hand-Basin-Sink-Lavabo-Porcelain-Rectangular-Wall-Hung-Mounted-Bathroom-Sinks-6-12x12.jpg 12w, https:\/\/www.ceramicbasin.com\/wp-content\/uploads\/2024\/09\/Customize-OEM-ODM-Ceramic-Wash-Hand-Basin-Sink-Lavabo-Porcelain-Rectangular-Wall-Hung-Mounted-Bathroom-Sinks-6-285x285.jpg 285w, https:\/\/www.ceramicbasin.com\/wp-content\/uploads\/2024\/09\/Customize-OEM-ODM-Ceramic-Wash-Hand-Basin-Sink-Lavabo-Porcelain-Rectangular-Wall-Hung-Mounted-Bathroom-Sinks-6-270x270.jpg 270w, https:\/\/www.ceramicbasin.com\/wp-content\/uploads\/2024\/09\/Customize-OEM-ODM-Ceramic-Wash-Hand-Basin-Sink-Lavabo-Porcelain-Rectangular-Wall-Hung-Mounted-Bathroom-Sinks-6-540x540.jpg 540w, https:\/\/www.ceramicbasin.com\/wp-content\/uploads\/2024\/09\/Customize-OEM-ODM-Ceramic-Wash-Hand-Basin-Sink-Lavabo-Porcelain-Rectangular-Wall-Hung-Mounted-Bathroom-Sinks-6-660x660.jpg 660w\" sizes=\"(max-width: 800px) 100vw, 800px\" \/><\/figure>\n<\/div>\n<\/div>","protected":false},"excerpt":{"rendered":"<p>Nos \u00e9viers de salle de bain muraux sur mesure en vrac sont soigneusement fabriqu\u00e9s pour garantir leur beaut\u00e9 et leur durabilit\u00e9. Nous proposons \u00e9galement des services personnalis\u00e9s, afin que vous puissiez ajuster les d\u00e9tails du produit en fonction des besoins de votre projet et obtenir un design parfaitement adapt\u00e9.<\/p>\n<table style=\"border-collapse: collapse; width: 311.02pt;\" border=\"0\" width=\"311\" cellspacing=\"0\" cellpadding=\"0\">\n<tbody>\n<tr style=\"height: 17.60pt;\">\n<td class=\"et3\" style=\"height: 17.60pt; width: 108.35pt;\" width=\"108\" height=\"17\">Fabricant<\/td>\n<td class=\"et3\" style=\"width: 202.95pt;\" width=\"202\">HanYu<\/td>\n<\/tr>\n<tr style=\"height: 17.60pt;\">\n<td class=\"et3\" style=\"height: 17.60pt;\" height=\"17\">Num\u00e9ro de mod\u00e8le.<\/td>\n<td class=\"et4\">HY3116A<\/td>\n<\/tr>\n<tr style=\"height: 17.60pt;\">\n<td class=\"et3\" style=\"height: 17.60pt;\" height=\"17\">Type<\/td>\n<td class=\"et3\">Cuvette murale<\/td>\n<\/tr>\n<tr style=\"height: 17.60pt;\">\n<td class=\"et3\" style=\"height: 17.60pt;\" height=\"17\">Forme<\/td>\n<td class=\"et3\">Forme rectangulaire<\/td>\n<\/tr>\n<tr style=\"height: 17.60pt;\">\n<td class=\"et4\" style=\"height: 17.60pt;\" height=\"17\">Couleur<\/td>\n<td class=\"et3\">Blanc<\/td>\n<\/tr>\n<tr style=\"height: 18.00pt;\">\n<td class=\"et3\" style=\"height: 18.00pt;\" height=\"18\">Dimension<\/td>\n<td class=\"et6\" style=\"width: 202.95pt;\" width=\"202\">55*40*15<\/td>\n<\/tr>\n<tr style=\"height: 17.60pt;\">\n<td class=\"et3\" style=\"height: 17.60pt;\" height=\"17\">N.W \/SET<\/td>\n<td class=\"et3\">13KGS\/PCS<\/td>\n<\/tr>\n<tr style=\"height: 17.60pt;\">\n<td class=\"et3\" style=\"height: 17.60pt;\" height=\"17\">MOQ<\/td>\n<td class=\"et3\">20pcs<\/td>\n<\/tr>\n<tr style=\"height: 17.60pt;\">\n<td class=\"et3\" style=\"height: 17.60pt;\" height=\"17\">Option personnalis\u00e9e<\/td>\n<td class=\"et3\">Couleur\/Pattenue\/Taille\/Logo\/Emballage<\/td>\n<\/tr>\n<\/tbody>\n<\/table>","protected":false},"featured_media":4994,"comment_status":"closed","ping_status":"closed","template":"","meta":{"_acf_changed":false},"product_brand":[],"product_cat":[57],"product_tag":[],"class_list":{"0":"post-4990","1":"product","2":"type-product","3":"status-publish","4":"has-post-thumbnail","6":"product_cat-wholesale-wall-mounted-sinks","8":"first","9":"instock","10":"shipping-taxable","11":"product-type-simple"},"acf":[],"_links":{"self":[{"href":"https:\/\/www.ceramicbasin.com\/fr\/wp-json\/wp\/v2\/product\/4990","targetHints":{"allow":["GET"]}}],"collection":[{"href":"https:\/\/www.ceramicbasin.com\/fr\/wp-json\/wp\/v2\/product"}],"about":[{"href":"https:\/\/www.ceramicbasin.com\/fr\/wp-json\/wp\/v2\/types\/product"}],"replies":[{"embeddable":true,"href":"https:\/\/www.ceramicbasin.com\/fr\/wp-json\/wp\/v2\/comments?post=4990"}],"wp:featuredmedia":[{"embeddable":true,"href":"https:\/\/www.ceramicbasin.com\/fr\/wp-json\/wp\/v2\/media\/4994"}],"wp:attachment":[{"href":"https:\/\/www.ceramicbasin.com\/fr\/wp-json\/wp\/v2\/media?parent=4990"}],"wp:term":[{"taxonomy":"product_brand","embeddable":true,"href":"https:\/\/www.ceramicbasin.com\/fr\/wp-json\/wp\/v2\/product_brand?post=4990"},{"taxonomy":"product_cat","embeddable":true,"href":"https:\/\/www.ceramicbasin.com\/fr\/wp-json\/wp\/v2\/product_cat?post=4990"},{"taxonomy":"product_tag","embeddable":true,"href":"https:\/\/www.ceramicbasin.com\/fr\/wp-json\/wp\/v2\/product_tag?post=4990"}],"curies":[{"name":"wp","href":"https:\/\/api.w.org\/{rel}","templated":true}]}}