{"id":5000,"date":"2024-09-05T01:47:37","date_gmt":"2024-09-05T01:47:37","guid":{"rendered":"https:\/\/www.ceramicbasin.com\/?post_type=product&#038;p=5000"},"modified":"2024-09-05T01:47:39","modified_gmt":"2024-09-05T01:47:39","slug":"mini-bathroom-sink-wholesale","status":"publish","type":"product","link":"https:\/\/www.ceramicbasin.com\/fr\/produit\/mini-bathroom-sink-wholesale\/","title":{"rendered":"Hot Sale Mini Bathroom Sink Wholesale, Tiny Wall Hung Basin"},"content":{"rendered":"<div class=\"wp-block-columns is-layout-flex wp-container-core-columns-is-layout-9d6595d7 wp-block-columns-is-layout-flex\">\n<div class=\"wp-block-column is-layout-flow wp-block-column-is-layout-flow\">\n<h2 class=\"wp-block-heading\">Premium Mini Bathroom Sink Wholesale Caract\u00e9ristiques :<\/h2>\n\n\n\n<ul class=\"wp-block-list\">\n<li><strong>Design classique :\u00a0<\/strong>Nos petits lavabos muraux sont dot\u00e9s d'un design classique et intemporel, avec une installation murale pour maximiser l'utilisation d'un espace limit\u00e9.<\/li>\n\n\n\n<li><strong>Installation murale :\u00a0<\/strong>La conception murale permet d'\u00e9conomiser de l'espace et est facile \u00e0 nettoyer. Ce mini lavabo de salle de bains en gros est particuli\u00e8rement adapt\u00e9 aux salles de bains modernes et compactes, mettant en valeur la nettet\u00e9 et la modernit\u00e9 de l'espace global.<\/li>\n\n\n\n<li><strong>Traitement de l'\u00e9mail facile \u00e0 nettoyer :<\/strong>\u00a0La surface de cette petite vasque murale de gros adopte une technologie sp\u00e9ciale de gla\u00e7age facile \u00e0 nettoyer, qui est lisse et d\u00e9licate, les taches n'adh\u00e8rent pas facilement et sont faciles \u00e0 nettoyer.<\/li>\n\n\n\n<li><strong>Remise sur les achats en gros :\u00a0<\/strong>En tant que fabricant et fournisseur professionnel de vasques en c\u00e9ramique, nous proposons des prix tr\u00e8s comp\u00e9titifs pour les mini-vasques de salle de bain en gros, adapt\u00e9s aux projets de d\u00e9coration \u00e0 grande \u00e9chelle tels que les h\u00f4tels, les appartements, les bureaux, etc.<\/li>\n<\/ul>\n<\/div>\n\n\n\n<div class=\"wp-block-column is-layout-flow wp-block-column-is-layout-flow\">\n<figure class=\"wp-block-image size-full\"><img fetchpriority=\"high\" decoding=\"async\" width=\"1784\" height=\"1784\" src=\"https:\/\/www.ceramicbasin.com\/wp-content\/uploads\/2024\/09\/Hot-sale-Mini-bathroom-porcelain-sink-wall-hung-wash-basin-with-faucet-5.webp\" alt=\"Hot Sale Mini Bathroom Sink Wholesale, Tiny Wall Hung Basin-1\" class=\"wp-image-5005\" srcset=\"https:\/\/www.ceramicbasin.com\/wp-content\/uploads\/2024\/09\/Hot-sale-Mini-bathroom-porcelain-sink-wall-hung-wash-basin-with-faucet-5.webp 1784w, https:\/\/www.ceramicbasin.com\/wp-content\/uploads\/2024\/09\/Hot-sale-Mini-bathroom-porcelain-sink-wall-hung-wash-basin-with-faucet-5-300x300.webp 300w, https:\/\/www.ceramicbasin.com\/wp-content\/uploads\/2024\/09\/Hot-sale-Mini-bathroom-porcelain-sink-wall-hung-wash-basin-with-faucet-5-150x150.webp 150w, https:\/\/www.ceramicbasin.com\/wp-content\/uploads\/2024\/09\/Hot-sale-Mini-bathroom-porcelain-sink-wall-hung-wash-basin-with-faucet-5-768x768.webp 768w, https:\/\/www.ceramicbasin.com\/wp-content\/uploads\/2024\/09\/Hot-sale-Mini-bathroom-porcelain-sink-wall-hung-wash-basin-with-faucet-5-12x12.webp 12w, https:\/\/www.ceramicbasin.com\/wp-content\/uploads\/2024\/09\/Hot-sale-Mini-bathroom-porcelain-sink-wall-hung-wash-basin-with-faucet-5-285x285.webp 285w, https:\/\/www.ceramicbasin.com\/wp-content\/uploads\/2024\/09\/Hot-sale-Mini-bathroom-porcelain-sink-wall-hung-wash-basin-with-faucet-5-1600x1600.webp 1600w, https:\/\/www.ceramicbasin.com\/wp-content\/uploads\/2024\/09\/Hot-sale-Mini-bathroom-porcelain-sink-wall-hung-wash-basin-with-faucet-5-270x270.webp 270w, https:\/\/www.ceramicbasin.com\/wp-content\/uploads\/2024\/09\/Hot-sale-Mini-bathroom-porcelain-sink-wall-hung-wash-basin-with-faucet-5-540x540.webp 540w, https:\/\/www.ceramicbasin.com\/wp-content\/uploads\/2024\/09\/Hot-sale-Mini-bathroom-porcelain-sink-wall-hung-wash-basin-with-faucet-5-660x660.webp 660w\" sizes=\"(max-width: 1784px) 100vw, 1784px\" \/><\/figure>\n<\/div>\n<\/div>","protected":false},"excerpt":{"rendered":"<p>Ce mini lavabo mural en c\u00e9ramique est con\u00e7u pour les salles de bains de petite taille qui recherchent la praticit\u00e9 et la beaut\u00e9. La s\u00e9lection de mat\u00e9riaux c\u00e9ramiques de qualit\u00e9 sup\u00e9rieure assure \u00e0 notre lavabo suspendu une excellente durabilit\u00e9 et une grande beaut\u00e9. La conception murale permet non seulement d'\u00e9conomiser de l'espace, mais aussi de faciliter le nettoyage du sol.<\/p>\n<table style=\"border-collapse: collapse; width: 311.02pt;\" border=\"0\" width=\"311\" cellspacing=\"0\" cellpadding=\"0\">\n<tbody>\n<tr style=\"height: 17.60pt;\">\n<td class=\"et3\" style=\"height: 17.60pt; width: 108.35pt;\" width=\"108\" height=\"17\">Fabricant<\/td>\n<td class=\"et3\" style=\"width: 202.95pt;\" width=\"202\">HanYu<\/td>\n<\/tr>\n<tr style=\"height: 17.60pt;\">\n<td class=\"et3\" style=\"height: 17.60pt;\" height=\"17\">Num\u00e9ro de mod\u00e8le.<\/td>\n<td class=\"et4\">HY3106<\/td>\n<\/tr>\n<tr style=\"height: 17.60pt;\">\n<td class=\"et3\" style=\"height: 17.60pt;\" height=\"17\">Type<\/td>\n<td class=\"et3\">Cuvette murale<\/td>\n<\/tr>\n<tr style=\"height: 17.60pt;\">\n<td class=\"et3\" style=\"height: 17.60pt;\" height=\"17\">Forme<\/td>\n<td class=\"et3\">Forme ronde<\/td>\n<\/tr>\n<tr style=\"height: 17.60pt;\">\n<td class=\"et4\" style=\"height: 17.60pt;\" height=\"17\">Couleur<\/td>\n<td class=\"et3\">Blanc<\/td>\n<\/tr>\n<tr style=\"height: 18.00pt;\">\n<td class=\"et3\" style=\"height: 18.00pt;\" height=\"18\">Dimension<\/td>\n<td class=\"et6\" style=\"width: 202.95pt;\" width=\"202\">37.5*31*16<\/td>\n<\/tr>\n<tr style=\"height: 17.60pt;\">\n<td class=\"et3\" style=\"height: 17.60pt;\" height=\"17\">N.W \/SET<\/td>\n<td class=\"et3\">6.5KGS\/PCS<\/td>\n<\/tr>\n<tr style=\"height: 17.60pt;\">\n<td class=\"et3\" style=\"height: 17.60pt;\" height=\"17\">MOQ<\/td>\n<td class=\"et3\">20pcs<\/td>\n<\/tr>\n<tr style=\"height: 17.60pt;\">\n<td class=\"et3\" style=\"height: 17.60pt;\" height=\"17\">Option personnalis\u00e9e<\/td>\n<td class=\"et3\">Couleur\/Pattenue\/Taille\/Logo\/Emballage<\/td>\n<\/tr>\n<\/tbody>\n<\/table>\n<p>&nbsp;<\/p>","protected":false},"featured_media":5002,"comment_status":"closed","ping_status":"closed","template":"","meta":{"_acf_changed":false},"product_brand":[],"product_cat":[56],"product_tag":[],"class_list":{"0":"post-5000","1":"product","2":"type-product","3":"status-publish","4":"has-post-thumbnail","6":"product_cat-wholesale-small-bathroom-sinks","8":"first","9":"instock","10":"shipping-taxable","11":"product-type-simple"},"acf":[],"_links":{"self":[{"href":"https:\/\/www.ceramicbasin.com\/fr\/wp-json\/wp\/v2\/product\/5000","targetHints":{"allow":["GET"]}}],"collection":[{"href":"https:\/\/www.ceramicbasin.com\/fr\/wp-json\/wp\/v2\/product"}],"about":[{"href":"https:\/\/www.ceramicbasin.com\/fr\/wp-json\/wp\/v2\/types\/product"}],"replies":[{"embeddable":true,"href":"https:\/\/www.ceramicbasin.com\/fr\/wp-json\/wp\/v2\/comments?post=5000"}],"wp:featuredmedia":[{"embeddable":true,"href":"https:\/\/www.ceramicbasin.com\/fr\/wp-json\/wp\/v2\/media\/5002"}],"wp:attachment":[{"href":"https:\/\/www.ceramicbasin.com\/fr\/wp-json\/wp\/v2\/media?parent=5000"}],"wp:term":[{"taxonomy":"product_brand","embeddable":true,"href":"https:\/\/www.ceramicbasin.com\/fr\/wp-json\/wp\/v2\/product_brand?post=5000"},{"taxonomy":"product_cat","embeddable":true,"href":"https:\/\/www.ceramicbasin.com\/fr\/wp-json\/wp\/v2\/product_cat?post=5000"},{"taxonomy":"product_tag","embeddable":true,"href":"https:\/\/www.ceramicbasin.com\/fr\/wp-json\/wp\/v2\/product_tag?post=5000"}],"curies":[{"name":"wp","href":"https:\/\/api.w.org\/{rel}","templated":true}]}}