{"id":5007,"date":"2024-09-05T01:56:30","date_gmt":"2024-09-05T01:56:30","guid":{"rendered":"https:\/\/www.ceramicbasin.com\/?post_type=product&#038;p=5007"},"modified":"2024-09-05T01:56:32","modified_gmt":"2024-09-05T01:56:32","slug":"tiny-bathroom-basins-wholesale","status":"publish","type":"product","link":"https:\/\/www.ceramicbasin.com\/fr\/produit\/tiny-bathroom-basins-wholesale\/","title":{"rendered":"Vasques de salle de bain murales avec porte-serviettes"},"content":{"rendered":"<div class=\"wp-block-columns is-layout-flex wp-container-core-columns-is-layout-9d6595d7 wp-block-columns-is-layout-flex\">\n<div class=\"wp-block-column is-layout-flow wp-block-column-is-layout-flow\">\n<div class=\"wp-block-columns is-layout-flex wp-container-core-columns-is-layout-9d6595d7 wp-block-columns-is-layout-flex\">\n<div class=\"wp-block-column is-layout-flow wp-block-column-is-layout-flow\" style=\"flex-basis:100%\">\n<div class=\"wp-block-columns is-layout-flex wp-container-core-columns-is-layout-9d6595d7 wp-block-columns-is-layout-flex\">\n<div class=\"wp-block-column is-layout-flow wp-block-column-is-layout-flow\">\n<h2 class=\"wp-block-heading\">Premium Tiny Bathroom Basins Wholesale Caract\u00e9ristiques :<\/h2>\n\n\n\n<ul class=\"wp-block-list\">\n<li><strong>\u00c9tag\u00e8re sp\u00e9ciale pour serviettes :\u00a0<\/strong>Ces petits lavabos muraux pour salle de bains en gros sont dot\u00e9s d'un \u00e9l\u00e9gant porte-serviettes et de lignes douces, ajoutant une touche de douceur et de modernit\u00e9 \u00e0 l'espace, \u00e9conomisant d'autres supports et permettant \u00e0 la salle de bains d'\u00eatre s\u00e8che et propre.<\/li>\n\n\n\n<li><strong>\u00c9viers de haute qualit\u00e9 :\u00a0<\/strong>Nos \u00e9viers de salle de bain muraux utilisent des mat\u00e9riaux de haute qualit\u00e9 et combinent un savoir-faire exquis pour garantir que la structure de l'\u00e9vier est stable, que la surface est lisse et d\u00e9licate, qu'elle est facile \u00e0 nettoyer et \u00e0 entretenir et qu'elle est durable.<\/li>\n\n\n\n<li><strong>Avantage du prix de gros :\u00a0<\/strong>En tant que fabricant de lavabos de salle de bain en c\u00e9ramique, HanYu propose des prix de gros tr\u00e8s comp\u00e9titifs pour les petits lavabos de salle de bain muraux, les achats en gros b\u00e9n\u00e9ficient de plus de remises, faisant des accessoires de salle de bain de haute qualit\u00e9 votre choix id\u00e9al sous le contr\u00f4le des co\u00fbts.<\/li>\n\n\n\n<li><strong>Service personnalis\u00e9 haut de gamme :\u00a0<\/strong>Nous fournissons un service de lavabos muraux sur mesure pour garantir que chaque lavabo de salle de bains r\u00e9pond aux exigences de conception et d'espace de votre salle de bains et cr\u00e9e un style exclusif.<\/li>\n<\/ul>\n<\/div>\n\n\n\n<div class=\"wp-block-column is-layout-flow wp-block-column-is-layout-flow\">\n<figure class=\"wp-block-image size-full\"><img fetchpriority=\"high\" decoding=\"async\" width=\"800\" height=\"800\" src=\"https:\/\/www.ceramicbasin.com\/wp-content\/uploads\/2024\/09\/Hot-sale-Porcelain-Sink-Quality-White-Bathroom-Wash-Basin-For-Sale-Ceramic-European-Hand-Wash-Basin-With-Towel-Shelf-5.webp\" alt=\"Vasques de salle de bain murales avec \u00e9tag\u00e8re pour serviettes-1\" class=\"wp-image-5012\" srcset=\"https:\/\/www.ceramicbasin.com\/wp-content\/uploads\/2024\/09\/Hot-sale-Porcelain-Sink-Quality-White-Bathroom-Wash-Basin-For-Sale-Ceramic-European-Hand-Wash-Basin-With-Towel-Shelf-5.webp 800w, https:\/\/www.ceramicbasin.com\/wp-content\/uploads\/2024\/09\/Hot-sale-Porcelain-Sink-Quality-White-Bathroom-Wash-Basin-For-Sale-Ceramic-European-Hand-Wash-Basin-With-Towel-Shelf-5-300x300.webp 300w, https:\/\/www.ceramicbasin.com\/wp-content\/uploads\/2024\/09\/Hot-sale-Porcelain-Sink-Quality-White-Bathroom-Wash-Basin-For-Sale-Ceramic-European-Hand-Wash-Basin-With-Towel-Shelf-5-150x150.webp 150w, https:\/\/www.ceramicbasin.com\/wp-content\/uploads\/2024\/09\/Hot-sale-Porcelain-Sink-Quality-White-Bathroom-Wash-Basin-For-Sale-Ceramic-European-Hand-Wash-Basin-With-Towel-Shelf-5-768x768.webp 768w, https:\/\/www.ceramicbasin.com\/wp-content\/uploads\/2024\/09\/Hot-sale-Porcelain-Sink-Quality-White-Bathroom-Wash-Basin-For-Sale-Ceramic-European-Hand-Wash-Basin-With-Towel-Shelf-5-12x12.webp 12w, https:\/\/www.ceramicbasin.com\/wp-content\/uploads\/2024\/09\/Hot-sale-Porcelain-Sink-Quality-White-Bathroom-Wash-Basin-For-Sale-Ceramic-European-Hand-Wash-Basin-With-Towel-Shelf-5-285x285.webp 285w, https:\/\/www.ceramicbasin.com\/wp-content\/uploads\/2024\/09\/Hot-sale-Porcelain-Sink-Quality-White-Bathroom-Wash-Basin-For-Sale-Ceramic-European-Hand-Wash-Basin-With-Towel-Shelf-5-270x270.webp 270w, https:\/\/www.ceramicbasin.com\/wp-content\/uploads\/2024\/09\/Hot-sale-Porcelain-Sink-Quality-White-Bathroom-Wash-Basin-For-Sale-Ceramic-European-Hand-Wash-Basin-With-Towel-Shelf-5-540x540.webp 540w, https:\/\/www.ceramicbasin.com\/wp-content\/uploads\/2024\/09\/Hot-sale-Porcelain-Sink-Quality-White-Bathroom-Wash-Basin-For-Sale-Ceramic-European-Hand-Wash-Basin-With-Towel-Shelf-5-660x660.webp 660w\" sizes=\"(max-width: 800px) 100vw, 800px\" \/><\/figure>\n<\/div>\n<\/div>\n<\/div>\n<\/div>\n<\/div>\n<\/div>","protected":false},"excerpt":{"rendered":"<p>Nos petits lavabos de salle de bain muraux en gros utilisent des mat\u00e9riaux de haute qualit\u00e9 et un artisanat exquis pour assurer la durabilit\u00e9 et la facilit\u00e9 de nettoyage de l'\u00e9vier. Nous fournissons \u00e9galement des services personnalis\u00e9s, de sorte que vous pouvez ajuster les d\u00e9tails du produit en fonction des besoins du projet pour obtenir une correspondance parfaite dans le design.<\/p>\n<table style=\"border-collapse: collapse; width: 311.02pt;\" border=\"0\" width=\"311\" cellspacing=\"0\" cellpadding=\"0\">\n<tbody>\n<tr style=\"height: 17.60pt;\">\n<td class=\"et3\" style=\"height: 17.60pt; width: 108.35pt;\" width=\"108\" height=\"17\">Fabricant<\/td>\n<td class=\"et3\" style=\"width: 202.95pt;\" width=\"202\">HanYu<\/td>\n<\/tr>\n<tr style=\"height: 17.60pt;\">\n<td class=\"et3\" style=\"height: 17.60pt;\" height=\"17\">Num\u00e9ro de mod\u00e8le.<\/td>\n<td class=\"et4\">HY3117<\/td>\n<\/tr>\n<tr style=\"height: 17.60pt;\">\n<td class=\"et3\" style=\"height: 17.60pt;\" height=\"17\">Type<\/td>\n<td class=\"et3\">Cuvette murale<\/td>\n<\/tr>\n<tr style=\"height: 17.60pt;\">\n<td class=\"et3\" style=\"height: 17.60pt;\" height=\"17\">Forme<\/td>\n<td class=\"et3\">Forme rectangulaire<\/td>\n<\/tr>\n<tr style=\"height: 17.60pt;\">\n<td class=\"et4\" style=\"height: 17.60pt;\" height=\"17\">Couleur<\/td>\n<td class=\"et3\">Blanc<\/td>\n<\/tr>\n<tr style=\"height: 18.00pt;\">\n<td class=\"et3\" style=\"height: 18.00pt;\" height=\"18\">Dimension<\/td>\n<td class=\"et6\" style=\"width: 202.95pt;\" width=\"202\">39.5*20*29.5<\/td>\n<\/tr>\n<tr style=\"height: 17.60pt;\">\n<td class=\"et3\" style=\"height: 17.60pt;\" height=\"17\">N.W \/SET<\/td>\n<td class=\"et3\">9.5KGS\/PCS<\/td>\n<\/tr>\n<tr style=\"height: 17.60pt;\">\n<td class=\"et3\" style=\"height: 17.60pt;\" height=\"17\">MOQ<\/td>\n<td class=\"et3\">20pcs<\/td>\n<\/tr>\n<tr style=\"height: 17.60pt;\">\n<td class=\"et3\" style=\"height: 17.60pt;\" height=\"17\">Option personnalis\u00e9e<\/td>\n<td class=\"et3\">Couleur\/Pattenue\/Taille\/Logo\/Emballage<\/td>\n<\/tr>\n<\/tbody>\n<\/table>","protected":false},"featured_media":5008,"comment_status":"closed","ping_status":"closed","template":"","meta":{"_acf_changed":false},"product_brand":[],"product_cat":[57],"product_tag":[],"class_list":{"0":"post-5007","1":"product","2":"type-product","3":"status-publish","4":"has-post-thumbnail","6":"product_cat-wholesale-wall-mounted-sinks","8":"first","9":"instock","10":"shipping-taxable","11":"product-type-simple"},"acf":[],"_links":{"self":[{"href":"https:\/\/www.ceramicbasin.com\/fr\/wp-json\/wp\/v2\/product\/5007","targetHints":{"allow":["GET"]}}],"collection":[{"href":"https:\/\/www.ceramicbasin.com\/fr\/wp-json\/wp\/v2\/product"}],"about":[{"href":"https:\/\/www.ceramicbasin.com\/fr\/wp-json\/wp\/v2\/types\/product"}],"replies":[{"embeddable":true,"href":"https:\/\/www.ceramicbasin.com\/fr\/wp-json\/wp\/v2\/comments?post=5007"}],"wp:featuredmedia":[{"embeddable":true,"href":"https:\/\/www.ceramicbasin.com\/fr\/wp-json\/wp\/v2\/media\/5008"}],"wp:attachment":[{"href":"https:\/\/www.ceramicbasin.com\/fr\/wp-json\/wp\/v2\/media?parent=5007"}],"wp:term":[{"taxonomy":"product_brand","embeddable":true,"href":"https:\/\/www.ceramicbasin.com\/fr\/wp-json\/wp\/v2\/product_brand?post=5007"},{"taxonomy":"product_cat","embeddable":true,"href":"https:\/\/www.ceramicbasin.com\/fr\/wp-json\/wp\/v2\/product_cat?post=5007"},{"taxonomy":"product_tag","embeddable":true,"href":"https:\/\/www.ceramicbasin.com\/fr\/wp-json\/wp\/v2\/product_tag?post=5007"}],"curies":[{"name":"wp","href":"https:\/\/api.w.org\/{rel}","templated":true}]}}