{"id":5027,"date":"2024-09-09T03:55:19","date_gmt":"2024-09-09T03:55:19","guid":{"rendered":"https:\/\/www.ceramicbasin.com\/?post_type=product&#038;p=5027"},"modified":"2024-09-09T10:07:44","modified_gmt":"2024-09-09T10:07:44","slug":"factory-supply-countertop-sink","status":"publish","type":"product","link":"https:\/\/www.ceramicbasin.com\/fr\/produit\/factory-supply-countertop-sink\/","title":{"rendered":"Factory Supply Countertop Sink With Special Round Design"},"content":{"rendered":"<div class=\"wp-block-columns is-layout-flex wp-container-core-columns-is-layout-9d6595d7 wp-block-columns-is-layout-flex\">\n<div class=\"wp-block-column is-layout-flow wp-block-column-is-layout-flow\">\n<h2 class=\"wp-block-heading\">Premium Factory Supply Caract\u00e9ristiques de l'\u00e9vier de comptoir :<\/h2>\n\n\n\n<ul class=\"wp-block-list\">\n<li><strong>Un design rond unique, qui met en valeur le charme individuel :<\/strong> L'\u00e9vier de comptoir que nous fournissons adopte un design rond et \u00e9pur\u00e9, avec de belles lignes et des formes uniques. Un tel design ne met pas seulement en valeur la beaut\u00e9 g\u00e9n\u00e9rale de la salle de bains, mais ajoute \u00e9galement de la douceur et de la chaleur \u00e0 l'espace.<\/li>\n\n\n\n<li><strong>Entretien quotidien simple : <\/strong>Compte tenu des besoins r\u00e9els des utilisateurs, la surface de l'\u00e9vier de comptoir en vrac a \u00e9t\u00e9 sp\u00e9cialement trait\u00e9e, ce qui ne facilite pas les taches. Le nettoyage quotidien ne n\u00e9cessite qu'un simple coup de chiffon pour r\u00e9tablir la propret\u00e9, ce qui permet d'\u00e9conomiser du temps et de l'\u00e9nergie.<\/li>\n\n\n\n<li><strong>Services de personnalisation diversifi\u00e9s :<\/strong> Afin de r\u00e9pondre aux diff\u00e9rents besoins des clients en mati\u00e8re d'\u00e9viers de comptoir, nous fournissons des services de personnalisation complets. Qu'il s'agisse de la couleur ou de la taille, nous pouvons l'ajuster en fonction de vos exigences pour qu'il corresponde parfaitement \u00e0 votre sc\u00e9nario d'utilisation, vraiment sur mesure.<\/li>\n\n\n\n<li><strong>Fourniture directe par l'usine, co\u00fbt \u00e9lev\u00e9 : <\/strong>En tant que fabricant d'\u00e9vier de comptoir avec des ann\u00e9es d'exp\u00e9rience, nous pouvons assurer que le prix des lavabos que nous offrons est le plus comp\u00e9titif du march\u00e9. Quelle que soit la taille de la commande, nous pouvons garantir une livraison dans les d\u00e9lais.<\/li>\n<\/ul>\n<\/div>\n\n\n\n<div class=\"wp-block-column is-layout-flow wp-block-column-is-layout-flow\">\n<figure class=\"wp-block-image size-full\"><img fetchpriority=\"high\" decoding=\"async\" width=\"750\" height=\"750\" src=\"https:\/\/www.ceramicbasin.com\/wp-content\/uploads\/2024\/09\/Factory-Supply-Countertop-Sink-With-Special-Round-Design-1.webp\" alt=\"Factory Supply Countertop Sink With Special Round Design 1\" class=\"wp-image-5028\" srcset=\"https:\/\/www.ceramicbasin.com\/wp-content\/uploads\/2024\/09\/Factory-Supply-Countertop-Sink-With-Special-Round-Design-1.webp 750w, https:\/\/www.ceramicbasin.com\/wp-content\/uploads\/2024\/09\/Factory-Supply-Countertop-Sink-With-Special-Round-Design-1-300x300.webp 300w, https:\/\/www.ceramicbasin.com\/wp-content\/uploads\/2024\/09\/Factory-Supply-Countertop-Sink-With-Special-Round-Design-1-150x150.webp 150w, https:\/\/www.ceramicbasin.com\/wp-content\/uploads\/2024\/09\/Factory-Supply-Countertop-Sink-With-Special-Round-Design-1-12x12.webp 12w, https:\/\/www.ceramicbasin.com\/wp-content\/uploads\/2024\/09\/Factory-Supply-Countertop-Sink-With-Special-Round-Design-1-285x285.webp 285w, https:\/\/www.ceramicbasin.com\/wp-content\/uploads\/2024\/09\/Factory-Supply-Countertop-Sink-With-Special-Round-Design-1-270x270.webp 270w, https:\/\/www.ceramicbasin.com\/wp-content\/uploads\/2024\/09\/Factory-Supply-Countertop-Sink-With-Special-Round-Design-1-540x540.webp 540w, https:\/\/www.ceramicbasin.com\/wp-content\/uploads\/2024\/09\/Factory-Supply-Countertop-Sink-With-Special-Round-Design-1-660x660.webp 660w\" sizes=\"(max-width: 750px) 100vw, 750px\" \/><\/figure>\n<\/div>\n<\/div>","protected":false},"excerpt":{"rendered":"<p>Bienvenue pour acheter en gros des \u00e9viers en c\u00e9ramique. Notre \u00e9vier de comptoir fourni par l'usine a un design rond unique qui est esth\u00e9tiquement plaisant et solidement construit pour une installation et un entretien faciles. Notre attention aux d\u00e9tails et nos services de personnalisation garantissent que le produit s'int\u00e8gre parfaitement dans une vari\u00e9t\u00e9 d'environnements de salle de bains.<\/p>\n<table style=\"border-collapse: collapse; width: 311.02pt;\" border=\"0\" width=\"311\" cellspacing=\"0\" cellpadding=\"0\">\n<tbody>\n<tr style=\"height: 17.60pt;\">\n<td class=\"et3\" style=\"height: 17.60pt; width: 108.35pt;\" width=\"108\" height=\"17\">Fabricant<\/td>\n<td class=\"et3\" style=\"width: 202.95pt;\" width=\"202\">HanYu<\/td>\n<\/tr>\n<tr style=\"height: 17.60pt;\">\n<td class=\"et3\" style=\"height: 17.60pt;\" height=\"17\">Num\u00e9ro de mod\u00e8le.<\/td>\n<td class=\"et4\">HY-8070<\/td>\n<\/tr>\n<tr style=\"height: 18.00pt;\">\n<td class=\"et3\" style=\"height: 18.00pt;\" height=\"18\">Type<\/td>\n<td class=\"et5\" style=\"width: 202.95pt;\" width=\"202\">Bassin de comptoir<\/td>\n<\/tr>\n<tr style=\"height: 17.60pt;\">\n<td class=\"et3\" style=\"height: 17.60pt;\" height=\"17\">Forme<\/td>\n<td class=\"et3\">Forme ronde<\/td>\n<\/tr>\n<tr style=\"height: 18.00pt;\">\n<td class=\"et4\" style=\"height: 18.00pt;\" height=\"18\">Couleur<\/td>\n<td class=\"et5\" style=\"width: 202.95pt;\" width=\"202\">Blanc<\/td>\n<\/tr>\n<tr style=\"height: 18.00pt;\">\n<td class=\"et3\" style=\"height: 18.00pt;\" height=\"18\">Dimension<\/td>\n<td class=\"et5\" style=\"width: 202.95pt;\" width=\"202\">36*36*11.5<\/td>\n<\/tr>\n<tr style=\"height: 17.60pt;\">\n<td class=\"et3\" style=\"height: 17.60pt;\" height=\"17\">N.W \/SET<\/td>\n<td class=\"et3\">8.5KGS\/PCS<\/td>\n<\/tr>\n<tr style=\"height: 17.60pt;\">\n<td class=\"et3\" style=\"height: 17.60pt;\" height=\"17\">MOQ<\/td>\n<td class=\"et3\">20pcs<\/td>\n<\/tr>\n<tr style=\"height: 17.60pt;\">\n<td class=\"et3\" style=\"height: 17.60pt;\" height=\"17\">Option personnalis\u00e9e<\/td>\n<td class=\"et3\">Couleur\/Pattenue\/Taille\/Logo\/Emballage<\/td>\n<\/tr>\n<\/tbody>\n<\/table>","protected":false},"featured_media":5032,"comment_status":"closed","ping_status":"closed","template":"","meta":{"_acf_changed":false},"product_brand":[],"product_cat":[50],"product_tag":[],"class_list":{"0":"post-5027","1":"product","2":"type-product","3":"status-publish","4":"has-post-thumbnail","6":"product_cat-wholesale-countertop-sinks","8":"first","9":"instock","10":"shipping-taxable","11":"product-type-simple"},"acf":[],"_links":{"self":[{"href":"https:\/\/www.ceramicbasin.com\/fr\/wp-json\/wp\/v2\/product\/5027","targetHints":{"allow":["GET"]}}],"collection":[{"href":"https:\/\/www.ceramicbasin.com\/fr\/wp-json\/wp\/v2\/product"}],"about":[{"href":"https:\/\/www.ceramicbasin.com\/fr\/wp-json\/wp\/v2\/types\/product"}],"replies":[{"embeddable":true,"href":"https:\/\/www.ceramicbasin.com\/fr\/wp-json\/wp\/v2\/comments?post=5027"}],"wp:featuredmedia":[{"embeddable":true,"href":"https:\/\/www.ceramicbasin.com\/fr\/wp-json\/wp\/v2\/media\/5032"}],"wp:attachment":[{"href":"https:\/\/www.ceramicbasin.com\/fr\/wp-json\/wp\/v2\/media?parent=5027"}],"wp:term":[{"taxonomy":"product_brand","embeddable":true,"href":"https:\/\/www.ceramicbasin.com\/fr\/wp-json\/wp\/v2\/product_brand?post=5027"},{"taxonomy":"product_cat","embeddable":true,"href":"https:\/\/www.ceramicbasin.com\/fr\/wp-json\/wp\/v2\/product_cat?post=5027"},{"taxonomy":"product_tag","embeddable":true,"href":"https:\/\/www.ceramicbasin.com\/fr\/wp-json\/wp\/v2\/product_tag?post=5027"}],"curies":[{"name":"wp","href":"https:\/\/api.w.org\/{rel}","templated":true}]}}