{"id":5034,"date":"2024-09-09T06:44:59","date_gmt":"2024-09-09T06:44:59","guid":{"rendered":"https:\/\/www.ceramicbasin.com\/?post_type=product&#038;p=5034"},"modified":"2024-11-21T08:16:58","modified_gmt":"2024-11-21T08:16:58","slug":"customized-above-counter-sink","status":"publish","type":"product","link":"https:\/\/www.ceramicbasin.com\/fr\/produit\/customized-above-counter-sink\/","title":{"rendered":"Customized Above Counter Sink Wholesale, Hot Selling Basins (\u00e9vier de comptoir personnalis\u00e9)"},"content":{"rendered":"<div class=\"wp-block-columns is-layout-flex wp-container-core-columns-is-layout-9d6595d7 wp-block-columns-is-layout-flex\">\n<div class=\"wp-block-column is-layout-flow wp-block-column-is-layout-flow\">\n<h2 class=\"wp-block-heading\">Premium Customized Above Counter Sink Features :<\/h2>\n\n\n\n<ul class=\"wp-block-list\">\n<li><strong>Design rond unique, \u00e9l\u00e9gant et beau : <\/strong>Ce lavabo personnalis\u00e9 au-dessus du comptoir adopte le populaire design rond. Ses lignes douces et ses courbes \u00e9l\u00e9gantes peuvent ajouter une touche de modernit\u00e9 et d'art \u00e0 n'importe quel espace de la salle de bains. Le design rond permet \u00e9galement une utilisation efficace de l'espace et convient aux salles de bains de diff\u00e9rents types, devenant ainsi un \u00e9l\u00e9ment phare de la d\u00e9coration int\u00e9rieure.<\/li>\n\n\n\n<li><strong>Produits tr\u00e8s vendus, largement pl\u00e9biscit\u00e9s : <\/strong>\u00c9vier de comptoir en gros, gr\u00e2ce \u00e0 un excellent concept de design et \u00e0 une excellente qualit\u00e9, ce bassin est devenu un produit tr\u00e8s demand\u00e9 sur le march\u00e9. Ce produit est bien accueilli sur le march\u00e9 international ; il a re\u00e7u de nombreux \u00e9loges et une \u00e9valuation \u00e9lev\u00e9e d\u00e8s son entr\u00e9e sur le march\u00e9.<\/li>\n\n\n\n<li><strong>Facile \u00e0 installer et \u00e0 nettoyer : <\/strong>Lors de la conception de cet \u00e9vier personnalis\u00e9 au-dessus du comptoir, nous avons pris en compte l'exp\u00e9rience compl\u00e8te de l'utilisateur. Nous avons veill\u00e9 \u00e0 ce que le processus d'installation soit facilement r\u00e9alisable par des non-professionnels. De plus, gr\u00e2ce \u00e0 un traitement sp\u00e9cial, la surface du bassin est tr\u00e8s lisse, ce qui rend son nettoyage quotidien tr\u00e8s simple et efficace.<\/li>\n\n\n\n<li><strong>Personnalisation en masse, performance \u00e0 co\u00fbt \u00e9lev\u00e9 : <\/strong>En tant que fournisseur professionnel d'\u00e9vier de comptoir en gros, nous fournissons des services de personnalisation en vrac pour r\u00e9pondre \u00e0 vos diff\u00e9rents besoins en termes de quantit\u00e9 et de design. Nous nous assurons que vous obtenez des produits de haute qualit\u00e9 au prix le plus comp\u00e9titif pour maximiser la rentabilit\u00e9.<\/li>\n<\/ul>\n<\/div>\n\n\n\n<div class=\"wp-block-column is-layout-flow wp-block-column-is-layout-flow\">\n<figure class=\"wp-block-image size-full is-resized\"><img fetchpriority=\"high\" decoding=\"async\" width=\"750\" height=\"750\" src=\"https:\/\/www.ceramicbasin.com\/wp-content\/uploads\/2024\/09\/Wholesale-Customized-Above-Counter-Sink-\uff0cRound-Hot-Selling-1.webp\" alt=\"\u00c9vier au-dessus du comptoir \uff0cRound Hot Selling 1\" class=\"wp-image-5035\" style=\"width:409px;height:auto\" srcset=\"https:\/\/www.ceramicbasin.com\/wp-content\/uploads\/2024\/09\/Wholesale-Customized-Above-Counter-Sink-\uff0cRound-Hot-Selling-1.webp 750w, https:\/\/www.ceramicbasin.com\/wp-content\/uploads\/2024\/09\/Wholesale-Customized-Above-Counter-Sink-\uff0cRound-Hot-Selling-1-300x300.webp 300w, https:\/\/www.ceramicbasin.com\/wp-content\/uploads\/2024\/09\/Wholesale-Customized-Above-Counter-Sink-\uff0cRound-Hot-Selling-1-150x150.webp 150w, https:\/\/www.ceramicbasin.com\/wp-content\/uploads\/2024\/09\/Wholesale-Customized-Above-Counter-Sink-\uff0cRound-Hot-Selling-1-12x12.webp 12w, https:\/\/www.ceramicbasin.com\/wp-content\/uploads\/2024\/09\/Wholesale-Customized-Above-Counter-Sink-\uff0cRound-Hot-Selling-1-285x285.webp 285w, https:\/\/www.ceramicbasin.com\/wp-content\/uploads\/2024\/09\/Wholesale-Customized-Above-Counter-Sink-\uff0cRound-Hot-Selling-1-270x270.webp 270w, https:\/\/www.ceramicbasin.com\/wp-content\/uploads\/2024\/09\/Wholesale-Customized-Above-Counter-Sink-\uff0cRound-Hot-Selling-1-540x540.webp 540w, https:\/\/www.ceramicbasin.com\/wp-content\/uploads\/2024\/09\/Wholesale-Customized-Above-Counter-Sink-\uff0cRound-Hot-Selling-1-660x660.webp 660w\" sizes=\"(max-width: 750px) 100vw, 750px\" \/><\/figure>\n<\/div>\n<\/div>","protected":false},"excerpt":{"rendered":"<p>Nous vous invitons \u00e0 acheter en gros des \u00e9viers en c\u00e9ramique. Notre \u00e9vier de comptoir personnalis\u00e9 est populaire sur le march\u00e9 pour son design rond unique et sa structure stable. Il est non seulement beau, mais aussi tr\u00e8s facile \u00e0 installer et \u00e0 entretenir. Notre soci\u00e9t\u00e9 insiste sur la garantie de produits de haute qualit\u00e9, fournissant des services personnalis\u00e9s afin que nos produits s'adaptent parfaitement \u00e0 toutes sortes d'environnements de salle de bain. En tant que produit le plus vendu, il gagne la confiance et les \u00e9loges d'innombrables utilisateurs. Il s'agit donc d'un choix id\u00e9al pour am\u00e9liorer l'espace de la salle de bains.<\/p>\n<table style=\"border-collapse: collapse; width: 311.02pt;\" border=\"0\" width=\"311\" cellspacing=\"0\" cellpadding=\"0\">\n<tbody>\n<tr style=\"height: 17.60pt;\">\n<td class=\"et3\" style=\"height: 17.60pt; width: 108.35pt;\" width=\"108\" height=\"17\">Fabricant<\/td>\n<td class=\"et3\" style=\"width: 202.95pt;\" width=\"202\">HanYu<\/td>\n<\/tr>\n<tr style=\"height: 17.60pt;\">\n<td class=\"et3\" style=\"height: 17.60pt;\" height=\"17\">Num\u00e9ro de mod\u00e8le.<\/td>\n<td class=\"et4\">HY-8070H<\/td>\n<\/tr>\n<tr style=\"height: 18.00pt;\">\n<td class=\"et3\" style=\"height: 18.00pt;\" height=\"18\">Type<\/td>\n<td class=\"et5\" style=\"width: 202.95pt;\" width=\"202\">Bassin de comptoir<\/td>\n<\/tr>\n<tr style=\"height: 17.60pt;\">\n<td class=\"et3\" style=\"height: 17.60pt;\" height=\"17\">Forme<\/td>\n<td class=\"et3\">Forme ronde<\/td>\n<\/tr>\n<tr style=\"height: 18.00pt;\">\n<td class=\"et4\" style=\"height: 18.00pt;\" height=\"18\">Couleur<\/td>\n<td class=\"et5\" style=\"width: 202.95pt;\" width=\"202\">Blanc<\/td>\n<\/tr>\n<tr style=\"height: 18.00pt;\">\n<td class=\"et3\" style=\"height: 18.00pt;\" height=\"18\">Dimension<\/td>\n<td class=\"et5\" style=\"width: 202.95pt;\" width=\"202\">35.5*35.5*11.5<\/td>\n<\/tr>\n<tr style=\"height: 17.60pt;\">\n<td class=\"et3\" style=\"height: 17.60pt;\" height=\"17\">N.W \/SET<\/td>\n<td class=\"et3\">9.5KGS\/PCS<\/td>\n<\/tr>\n<tr style=\"height: 17.60pt;\">\n<td class=\"et3\" style=\"height: 17.60pt;\" height=\"17\">MOQ<\/td>\n<td class=\"et3\">20pcs<\/td>\n<\/tr>\n<tr style=\"height: 17.60pt;\">\n<td class=\"et3\" style=\"height: 17.60pt;\" height=\"17\">Option personnalis\u00e9e<\/td>\n<td class=\"et3\">Couleur\/Pattenue\/Taille\/Logo\/Emballage<\/td>\n<\/tr>\n<\/tbody>\n<\/table>","protected":false},"featured_media":5039,"comment_status":"closed","ping_status":"closed","template":"","meta":{"_acf_changed":false},"product_brand":[],"product_cat":[50],"product_tag":[],"class_list":{"0":"post-5034","1":"product","2":"type-product","3":"status-publish","4":"has-post-thumbnail","6":"product_cat-wholesale-countertop-sinks","8":"first","9":"instock","10":"shipping-taxable","11":"product-type-simple"},"acf":[],"_links":{"self":[{"href":"https:\/\/www.ceramicbasin.com\/fr\/wp-json\/wp\/v2\/product\/5034","targetHints":{"allow":["GET"]}}],"collection":[{"href":"https:\/\/www.ceramicbasin.com\/fr\/wp-json\/wp\/v2\/product"}],"about":[{"href":"https:\/\/www.ceramicbasin.com\/fr\/wp-json\/wp\/v2\/types\/product"}],"replies":[{"embeddable":true,"href":"https:\/\/www.ceramicbasin.com\/fr\/wp-json\/wp\/v2\/comments?post=5034"}],"wp:featuredmedia":[{"embeddable":true,"href":"https:\/\/www.ceramicbasin.com\/fr\/wp-json\/wp\/v2\/media\/5039"}],"wp:attachment":[{"href":"https:\/\/www.ceramicbasin.com\/fr\/wp-json\/wp\/v2\/media?parent=5034"}],"wp:term":[{"taxonomy":"product_brand","embeddable":true,"href":"https:\/\/www.ceramicbasin.com\/fr\/wp-json\/wp\/v2\/product_brand?post=5034"},{"taxonomy":"product_cat","embeddable":true,"href":"https:\/\/www.ceramicbasin.com\/fr\/wp-json\/wp\/v2\/product_cat?post=5034"},{"taxonomy":"product_tag","embeddable":true,"href":"https:\/\/www.ceramicbasin.com\/fr\/wp-json\/wp\/v2\/product_tag?post=5034"}],"curies":[{"name":"wp","href":"https:\/\/api.w.org\/{rel}","templated":true}]}}