{"id":5077,"date":"2024-09-09T09:25:13","date_gmt":"2024-09-09T09:25:13","guid":{"rendered":"https:\/\/www.ceramicbasin.com\/?post_type=product&#038;p=5077"},"modified":"2024-09-11T02:06:44","modified_gmt":"2024-09-11T02:06:44","slug":"countertop-sinks-in-bulk","status":"publish","type":"product","link":"https:\/\/www.ceramicbasin.com\/fr\/produit\/countertop-sinks-in-bulk\/","title":{"rendered":"Eviers de comptoir en vrac, Mini bassins de forme ronde"},"content":{"rendered":"<div class=\"wp-block-columns is-layout-flex wp-container-core-columns-is-layout-9d6595d7 wp-block-columns-is-layout-flex\">\n<div class=\"wp-block-column is-layout-flow wp-block-column-is-layout-flow\">\n<h2 class=\"wp-block-heading\">Premium Countertop Sinks In Bulk Caract\u00e9ristiques :<\/h2>\n\n\n\n<ul class=\"wp-block-list\">\n<li><strong>Conception compacte, adaptation flexible :<\/strong> Nos \u00e9viers de comptoir en vrac Avec sa taille compacte et son design rond, notre mini \u00e9vier de comptoir rond s'int\u00e8gre parfaitement dans n'importe quel espace. Son aspect moderne peut \u00e9galement rehausser le style g\u00e9n\u00e9ral de la d\u00e9coration et r\u00e9soudre les probl\u00e8mes d'am\u00e9nagement des petits espaces. <\/li>\n\n\n\n<li><strong>Mat\u00e9riaux de haute qualit\u00e9<\/strong>: Nos \u00e9viers de comptoir sont fabriqu\u00e9s \u00e0 partir de mat\u00e9riaux c\u00e9ramiques de haute qualit\u00e9, qui pr\u00e9sentent une excellente durabilit\u00e9 et une r\u00e9sistance aux taches. M\u00eame en cas d'utilisation fr\u00e9quente, ils peuvent rester aussi brillants qu'\u00e0 l'\u00e9tat neuf. En m\u00eame temps, il est facile \u00e0 nettoyer, ce qui r\u00e9duit le travail d'entretien.<\/li>\n\n\n\n<li><strong>Emballage personnalis\u00e9 :<\/strong> Nous fournissons des solutions d'emballage sur mesure pour les \u00e9viers de comptoir en vrac et pouvons concevoir des emballages uniques en fonction des besoins des clients, tels que l'image de marque, les exigences du produit et le positionnement sur le march\u00e9.<\/li>\n\n\n\n<li><strong>Remises sur les achats en gros, \u00e9conomies de co\u00fbts :<\/strong>  Nos \u00e9viers de comptoir en vrac offrent des remises comp\u00e9titives pour les achats \u00e0 grande \u00e9chelle, ce qui vous permet de r\u00e9duire consid\u00e9rablement vos co\u00fbts.<\/li>\n<\/ul>\n<\/div>\n\n\n\n<div class=\"wp-block-column is-layout-flow wp-block-column-is-layout-flow\">\n<figure class=\"wp-block-image size-full\"><img fetchpriority=\"high\" decoding=\"async\" width=\"750\" height=\"750\" src=\"https:\/\/www.ceramicbasin.com\/wp-content\/uploads\/2024\/09\/Mini-Size-Round-Shape-Countertop-Sinks-In-Bulk\uff0cCustomized-Packaging-1.webp\" alt=\"Eviers de comptoir de taille mini et de forme ronde en vrac\uff0cEmballage personnalis\u00e9 1\" class=\"wp-image-5078\" srcset=\"https:\/\/www.ceramicbasin.com\/wp-content\/uploads\/2024\/09\/Mini-Size-Round-Shape-Countertop-Sinks-In-Bulk\uff0cCustomized-Packaging-1.webp 750w, https:\/\/www.ceramicbasin.com\/wp-content\/uploads\/2024\/09\/Mini-Size-Round-Shape-Countertop-Sinks-In-Bulk\uff0cCustomized-Packaging-1-300x300.webp 300w, https:\/\/www.ceramicbasin.com\/wp-content\/uploads\/2024\/09\/Mini-Size-Round-Shape-Countertop-Sinks-In-Bulk\uff0cCustomized-Packaging-1-150x150.webp 150w, https:\/\/www.ceramicbasin.com\/wp-content\/uploads\/2024\/09\/Mini-Size-Round-Shape-Countertop-Sinks-In-Bulk\uff0cCustomized-Packaging-1-12x12.webp 12w, https:\/\/www.ceramicbasin.com\/wp-content\/uploads\/2024\/09\/Mini-Size-Round-Shape-Countertop-Sinks-In-Bulk\uff0cCustomized-Packaging-1-285x285.webp 285w, https:\/\/www.ceramicbasin.com\/wp-content\/uploads\/2024\/09\/Mini-Size-Round-Shape-Countertop-Sinks-In-Bulk\uff0cCustomized-Packaging-1-270x270.webp 270w, https:\/\/www.ceramicbasin.com\/wp-content\/uploads\/2024\/09\/Mini-Size-Round-Shape-Countertop-Sinks-In-Bulk\uff0cCustomized-Packaging-1-540x540.webp 540w, https:\/\/www.ceramicbasin.com\/wp-content\/uploads\/2024\/09\/Mini-Size-Round-Shape-Countertop-Sinks-In-Bulk\uff0cCustomized-Packaging-1-660x660.webp 660w\" sizes=\"(max-width: 750px) 100vw, 750px\" \/><\/figure>\n<\/div>\n<\/div>","protected":false},"excerpt":{"rendered":"<p>Nos mini-\u00e9viers de comptoir ronds en vrac ont un design compact et moderne qui s'adapte \u00e0 tous les espaces, qu'ils soient \u00e0 usage domestique ou commercial. Fabriqu\u00e9s \u00e0 partir de mat\u00e9riaux de haute qualit\u00e9, ils sont durables et faciles \u00e0 entretenir. Nous offrons un service d'emballage personnalis\u00e9 pour r\u00e9pondre \u00e0 vos besoins sp\u00e9cifiques, et vous pouvez b\u00e9n\u00e9ficier de prix pr\u00e9f\u00e9rentiels en achetant en vrac, ce qui est id\u00e9al pour les achats \u00e0 grande \u00e9chelle.<\/p>\n<table style=\"border-collapse: collapse; width: 311.02pt;\" border=\"0\" width=\"311\" cellspacing=\"0\" cellpadding=\"0\">\n<tbody>\n<tr style=\"height: 17.60pt;\">\n<td class=\"et3\" style=\"height: 17.60pt; width: 108.35pt;\" width=\"108\" height=\"17\">Fabricant<\/td>\n<td class=\"et3\" style=\"width: 202.95pt;\" width=\"202\">HanYu<\/td>\n<\/tr>\n<tr style=\"height: 17.60pt;\">\n<td class=\"et3\" style=\"height: 17.60pt;\" height=\"17\">Num\u00e9ro de mod\u00e8le.<\/td>\n<td class=\"et4\">HY-8200<\/td>\n<\/tr>\n<tr style=\"height: 18.00pt;\">\n<td class=\"et3\" style=\"height: 18.00pt;\" height=\"18\">Type<\/td>\n<td class=\"et5\" style=\"width: 202.95pt;\" width=\"202\">Bassin de comptoir<\/td>\n<\/tr>\n<tr style=\"height: 17.60pt;\">\n<td class=\"et3\" style=\"height: 17.60pt;\" height=\"17\">Forme<\/td>\n<td class=\"et3\">Forme ronde<\/td>\n<\/tr>\n<tr style=\"height: 18.00pt;\">\n<td class=\"et4\" style=\"height: 18.00pt;\" height=\"18\">Couleur<\/td>\n<td class=\"et5\" style=\"width: 202.95pt;\" width=\"202\">Blanc<\/td>\n<\/tr>\n<tr style=\"height: 18.00pt;\">\n<td class=\"et3\" style=\"height: 18.00pt;\" height=\"18\">Dimension<\/td>\n<td class=\"et5\" style=\"width: 202.95pt;\" width=\"202\">20*20*9<\/td>\n<\/tr>\n<tr style=\"height: 17.60pt;\">\n<td class=\"et3\" style=\"height: 17.60pt;\" height=\"17\">N.W \/SET<\/td>\n<td class=\"et3\">5KGS\/PCS<\/td>\n<\/tr>\n<tr style=\"height: 17.60pt;\">\n<td class=\"et3\" style=\"height: 17.60pt;\" height=\"17\">MOQ<\/td>\n<td class=\"et3\">20pcs<\/td>\n<\/tr>\n<tr style=\"height: 17.60pt;\">\n<td class=\"et3\" style=\"height: 17.60pt;\" height=\"17\">Option personnalis\u00e9e<\/td>\n<td class=\"et3\">Couleur\/Pattenue\/Taille\/Logo\/Emballage<\/td>\n<\/tr>\n<\/tbody>\n<\/table>","protected":false},"featured_media":5080,"comment_status":"closed","ping_status":"closed","template":"","meta":{"_acf_changed":false},"product_brand":[],"product_cat":[56,50],"product_tag":[],"class_list":{"0":"post-5077","1":"product","2":"type-product","3":"status-publish","4":"has-post-thumbnail","6":"product_cat-wholesale-small-bathroom-sinks","7":"product_cat-wholesale-countertop-sinks","9":"first","10":"instock","11":"shipping-taxable","12":"product-type-simple"},"acf":[],"_links":{"self":[{"href":"https:\/\/www.ceramicbasin.com\/fr\/wp-json\/wp\/v2\/product\/5077","targetHints":{"allow":["GET"]}}],"collection":[{"href":"https:\/\/www.ceramicbasin.com\/fr\/wp-json\/wp\/v2\/product"}],"about":[{"href":"https:\/\/www.ceramicbasin.com\/fr\/wp-json\/wp\/v2\/types\/product"}],"replies":[{"embeddable":true,"href":"https:\/\/www.ceramicbasin.com\/fr\/wp-json\/wp\/v2\/comments?post=5077"}],"wp:featuredmedia":[{"embeddable":true,"href":"https:\/\/www.ceramicbasin.com\/fr\/wp-json\/wp\/v2\/media\/5080"}],"wp:attachment":[{"href":"https:\/\/www.ceramicbasin.com\/fr\/wp-json\/wp\/v2\/media?parent=5077"}],"wp:term":[{"taxonomy":"product_brand","embeddable":true,"href":"https:\/\/www.ceramicbasin.com\/fr\/wp-json\/wp\/v2\/product_brand?post=5077"},{"taxonomy":"product_cat","embeddable":true,"href":"https:\/\/www.ceramicbasin.com\/fr\/wp-json\/wp\/v2\/product_cat?post=5077"},{"taxonomy":"product_tag","embeddable":true,"href":"https:\/\/www.ceramicbasin.com\/fr\/wp-json\/wp\/v2\/product_tag?post=5077"}],"curies":[{"name":"wp","href":"https:\/\/api.w.org\/{rel}","templated":true}]}}