{"id":5112,"date":"2024-09-25T03:54:43","date_gmt":"2024-09-25T03:54:43","guid":{"rendered":"https:\/\/www.ceramicbasin.com\/?post_type=product&#038;p=5112"},"modified":"2024-09-25T03:54:46","modified_gmt":"2024-09-25T03:54:46","slug":"custom-porcelain-sinks","status":"publish","type":"product","link":"https:\/\/www.ceramicbasin.com\/fr\/produit\/custom-porcelain-sinks\/","title":{"rendered":"\u00c9viers en porcelaine en gros et sur mesure, lavabos de comptoir en vrac"},"content":{"rendered":"<div class=\"wp-block-columns is-layout-flex wp-container-core-columns-is-layout-9d6595d7 wp-block-columns-is-layout-flex\">\n<div class=\"wp-block-column is-layout-flow wp-block-column-is-layout-flow\">\n<h2 class=\"wp-block-heading\">Premium Custom Porcelain Sinks Caract\u00e9ristiques :<\/h2>\n\n\n\n<ul class=\"wp-block-list\">\n<li><strong>Fourniture directe par l'usine :&nbsp;<\/strong>Nos lavabos en porcelaine personnalis\u00e9s sont directement fournis par l'usine, ce qui \u00e9limine les interm\u00e9diaires et garantit que vous obtenez un lavabo de haute qualit\u00e9 au prix le plus comp\u00e9titif. Les lavabos achet\u00e9s en gros peuvent \u00e9galement b\u00e9n\u00e9ficier de remises suppl\u00e9mentaires, ce qui vous permet de r\u00e9duire vos co\u00fbts et d'augmenter vos marges b\u00e9n\u00e9ficiaires.<\/li>\n\n\n\n<li><strong>Design exquis :&nbsp;<\/strong>Cette vasque \u00e0 poser en gros a un style moderne, simple et \u00e9l\u00e9gant. Elle convient aux salles de bains et aux toilettes de diff\u00e9rents styles de d\u00e9coration et rehausse le go\u00fbt g\u00e9n\u00e9ral de l'espace.<\/li>\n\n\n\n<li><strong>L'assurance qualit\u00e9 :&nbsp;<\/strong>Nos \u00e9quipements de production avanc\u00e9s et notre syst\u00e8me strict de contr\u00f4le de la qualit\u00e9 garantissent que chaque \u00e9vier en porcelaine personnalis\u00e9 exp\u00e9di\u00e9 par l'usine r\u00e9pond \u00e0 des normes \u00e9lev\u00e9es. Qu'il s'agisse de durabilit\u00e9 ou d'esth\u00e9tique, ils peuvent r\u00e9pondre aux exigences \u00e9lev\u00e9es des clients.<\/li>\n\n\n\n<li><strong>Facile \u00e0 installer :&nbsp;<\/strong>Notre bassin en c\u00e9ramique en gros est con\u00e7u pour le bassin moyen, et le processus d'installation est simple et rapide. Il est adapt\u00e9 \u00e0 divers mat\u00e9riaux de comptoir, facile \u00e0 installer, et convient \u00e0 divers projets commerciaux ou concessionnaires.<\/li>\n<\/ul>\n<\/div>\n\n\n\n<div class=\"wp-block-column is-layout-flow wp-block-column-is-layout-flow\">\n<figure class=\"wp-block-image size-full\"><img fetchpriority=\"high\" decoding=\"async\" width=\"640\" height=\"800\" src=\"https:\/\/www.ceramicbasin.com\/wp-content\/uploads\/2024\/09\/Ceramic-basin-supplieroval-shape-drop-in-washbasin-1.webp\" alt=\"Vente en gros et sur mesure d&#039;\u00e9viers en porcelaine, de vasques de comptoir Bulk-1\" class=\"wp-image-5118\" srcset=\"https:\/\/www.ceramicbasin.com\/wp-content\/uploads\/2024\/09\/Ceramic-basin-supplieroval-shape-drop-in-washbasin-1.webp 640w, https:\/\/www.ceramicbasin.com\/wp-content\/uploads\/2024\/09\/Ceramic-basin-supplieroval-shape-drop-in-washbasin-1-240x300.webp 240w, https:\/\/www.ceramicbasin.com\/wp-content\/uploads\/2024\/09\/Ceramic-basin-supplieroval-shape-drop-in-washbasin-1-10x12.webp 10w, https:\/\/www.ceramicbasin.com\/wp-content\/uploads\/2024\/09\/Ceramic-basin-supplieroval-shape-drop-in-washbasin-1-285x356.webp 285w, https:\/\/www.ceramicbasin.com\/wp-content\/uploads\/2024\/09\/Ceramic-basin-supplieroval-shape-drop-in-washbasin-1-528x660.webp 528w, https:\/\/www.ceramicbasin.com\/wp-content\/uploads\/2024\/09\/Ceramic-basin-supplieroval-shape-drop-in-washbasin-1-120x150.webp 120w\" sizes=\"(max-width: 640px) 100vw, 640px\" \/><\/figure>\n<\/div>\n<\/div>","protected":false},"excerpt":{"rendered":"<p>Nos \u00e9viers en porcelaine personnalis\u00e9s en gros ont un design styl\u00e9 et moderne, simple et \u00e9l\u00e9gant, convenant aux salles de bains et aux toilettes de diff\u00e9rents styles de d\u00e9coration. Notre \u00e9quipement de production avanc\u00e9 et notre syst\u00e8me de contr\u00f4le de qualit\u00e9 strict garantissent que chaque \u00e9vier en porcelaine personnalis\u00e9 exp\u00e9di\u00e9 par l'usine r\u00e9pond \u00e0 des normes \u00e9lev\u00e9es.<\/p>\n<table style=\"border-collapse: collapse; width: 358.52pt;\" border=\"0\" width=\"478\" cellspacing=\"0\" cellpadding=\"0\">\n<tbody>\n<tr style=\"height: 17.25pt;\">\n<td class=\"et3\" style=\"height: 17.25pt; width: 125.00pt;\" width=\"166\" height=\"23\">Fabricant<\/td>\n<td class=\"et3\" style=\"width: 234.15pt;\" width=\"312\">HanYu<\/td>\n<\/tr>\n<tr style=\"height: 17.25pt;\">\n<td class=\"et3\" style=\"height: 17.25pt;\" height=\"23\">Num\u00e9ro de mod\u00e8le.<\/td>\n<td class=\"et4\">HY-5006C<\/td>\n<\/tr>\n<tr style=\"height: 17.25pt;\">\n<td class=\"et3\" style=\"height: 17.25pt;\" height=\"23\">Type<\/td>\n<td class=\"et5\" style=\"width: 234.15pt;\" width=\"312\">Dans les \u00e9viers de comptoir<\/td>\n<\/tr>\n<tr style=\"height: 18.00pt;\">\n<td class=\"et3\" style=\"height: 18.00pt;\" height=\"24\">Forme<\/td>\n<td class=\"et3\">Forme ovale<\/td>\n<\/tr>\n<tr style=\"height: 34.50pt;\">\n<td class=\"et4\" style=\"height: 34.50pt;\" height=\"46\">Couleur<\/td>\n<td class=\"et5\" style=\"width: 234.15pt;\" width=\"312\">noir\/blanc\/bleu\/gris\/rose\/vert\/marron\/kaki<\/td>\n<\/tr>\n<tr style=\"height: 18.00pt;\">\n<td class=\"et3\" style=\"height: 18.00pt;\" height=\"24\">Dimension<\/td>\n<td class=\"et5\" style=\"width: 234.15pt;\" width=\"312\">60.5*40.5*18.5<\/td>\n<\/tr>\n<tr style=\"height: 17.25pt;\">\n<td class=\"et3\" style=\"height: 17.25pt;\" height=\"23\">N.W \/SET<\/td>\n<td class=\"et3\">8KGS\/PCS<\/td>\n<\/tr>\n<tr style=\"height: 17.25pt;\">\n<td class=\"et3\" style=\"height: 17.25pt;\" height=\"23\">MOQ<\/td>\n<td class=\"et3\">20pcs<\/td>\n<\/tr>\n<tr style=\"height: 17.25pt;\">\n<td class=\"et3\" style=\"height: 17.25pt;\" height=\"23\">Option personnalis\u00e9e<\/td>\n<td class=\"et3\">Couleur\/Pattenue\/Taille\/Logo\/Emballage<\/td>\n<\/tr>\n<\/tbody>\n<\/table>","protected":false},"featured_media":5119,"comment_status":"closed","ping_status":"closed","template":"","meta":{"_acf_changed":false},"product_brand":[],"product_cat":[51],"product_tag":[],"class_list":{"0":"post-5112","1":"product","2":"type-product","3":"status-publish","4":"has-post-thumbnail","6":"product_cat-wholesale-drop-in-sinks","8":"first","9":"instock","10":"shipping-taxable","11":"product-type-simple"},"acf":[],"_links":{"self":[{"href":"https:\/\/www.ceramicbasin.com\/fr\/wp-json\/wp\/v2\/product\/5112","targetHints":{"allow":["GET"]}}],"collection":[{"href":"https:\/\/www.ceramicbasin.com\/fr\/wp-json\/wp\/v2\/product"}],"about":[{"href":"https:\/\/www.ceramicbasin.com\/fr\/wp-json\/wp\/v2\/types\/product"}],"replies":[{"embeddable":true,"href":"https:\/\/www.ceramicbasin.com\/fr\/wp-json\/wp\/v2\/comments?post=5112"}],"wp:featuredmedia":[{"embeddable":true,"href":"https:\/\/www.ceramicbasin.com\/fr\/wp-json\/wp\/v2\/media\/5119"}],"wp:attachment":[{"href":"https:\/\/www.ceramicbasin.com\/fr\/wp-json\/wp\/v2\/media?parent=5112"}],"wp:term":[{"taxonomy":"product_brand","embeddable":true,"href":"https:\/\/www.ceramicbasin.com\/fr\/wp-json\/wp\/v2\/product_brand?post=5112"},{"taxonomy":"product_cat","embeddable":true,"href":"https:\/\/www.ceramicbasin.com\/fr\/wp-json\/wp\/v2\/product_cat?post=5112"},{"taxonomy":"product_tag","embeddable":true,"href":"https:\/\/www.ceramicbasin.com\/fr\/wp-json\/wp\/v2\/product_tag?post=5112"}],"curies":[{"name":"wp","href":"https:\/\/api.w.org\/{rel}","templated":true}]}}