{"id":5126,"date":"2024-09-19T08:16:55","date_gmt":"2024-09-19T08:16:55","guid":{"rendered":"https:\/\/www.ceramicbasin.com\/?post_type=product&#038;p=5126"},"modified":"2024-09-19T08:16:57","modified_gmt":"2024-09-19T08:16:57","slug":"wholesale-in-counter-wash-basin","status":"publish","type":"product","link":"https:\/\/www.ceramicbasin.com\/fr\/produit\/wholesale-in-counter-wash-basin\/","title":{"rendered":"Lavabo de comptoir en gros, \u00e9viers \u00e0 poser en c\u00e9ramique"},"content":{"rendered":"<div class=\"wp-block-columns is-layout-flex wp-container-core-columns-is-layout-9d6595d7 wp-block-columns-is-layout-flex\">\n<div class=\"wp-block-column is-layout-flow wp-block-column-is-layout-flow\">\n<h2 class=\"wp-block-heading\">Premium Wholesale In Counter Wash Basin Features :<\/h2>\n\n\n\n<ul class=\"wp-block-list\">\n<li><strong>Fourniture directe par l'usine :\u00a0<\/strong>En tant que fabricant de lavabos de salle de bain, nous vendons en gros des lavabos de comptoir avec des ann\u00e9es d'exp\u00e9rience, nous pouvons assurer que le prix des lavabos que nous offrons en gros est le plus comp\u00e9titif sur le march\u00e9. Quelle que soit la taille de la commande, nous pouvons garantir une livraison dans les d\u00e9lais.<\/li>\n\n\n\n<li><strong>Facile \u00e0 entretenir :&nbsp;<\/strong>La surface de cette vasque en c\u00e9ramique est lisse et d\u00e9licate, r\u00e9sistante aux taches et aux moisissures, facile \u00e0 nettoyer et \u00e0 garder comme neuve, ce qui r\u00e9duit le temps et l'\u00e9nergie consacr\u00e9s au nettoyage et \u00e0 l'entretien quotidiens.<\/li>\n\n\n\n<li><strong>S\u00e9lection vari\u00e9e :<\/strong>\u00a0HanYu propose une vari\u00e9t\u00e9 de styles, de tailles et de couleurs de lavabos de comptoir, r\u00e9pondant aux besoins des diff\u00e9rents styles de salle de bains et s'int\u00e9grant facilement dans les diff\u00e9rents designs de d\u00e9coration.<\/li>\n\n\n\n<li><strong>Capacit\u00e9 de livraison rapide :&nbsp;<\/strong>Avec un inventaire et un r\u00e9seau logistique solides, nous promettons de r\u00e9pondre rapidement aux commandes d'\u00e9viers de salle de bain en vrac, d'assurer une livraison dans les d\u00e9lais et d'aider votre projet \u00e0 progresser.<\/li>\n<\/ul>\n<\/div>\n\n\n\n<div class=\"wp-block-column is-layout-flow wp-block-column-is-layout-flow\">\n<figure class=\"wp-block-image size-full\"><img fetchpriority=\"high\" decoding=\"async\" width=\"612\" height=\"800\" src=\"https:\/\/www.ceramicbasin.com\/wp-content\/uploads\/2024\/09\/Wholesale-manufacturerceramic-drop-in-sink-5.webp\" alt=\"Lavabo de comptoir en gros, \u00e9viers en c\u00e9ramique \u00e0 poser-1\" class=\"wp-image-5117\" srcset=\"https:\/\/www.ceramicbasin.com\/wp-content\/uploads\/2024\/09\/Wholesale-manufacturerceramic-drop-in-sink-5.webp 612w, https:\/\/www.ceramicbasin.com\/wp-content\/uploads\/2024\/09\/Wholesale-manufacturerceramic-drop-in-sink-5-230x300.webp 230w, https:\/\/www.ceramicbasin.com\/wp-content\/uploads\/2024\/09\/Wholesale-manufacturerceramic-drop-in-sink-5-9x12.webp 9w, https:\/\/www.ceramicbasin.com\/wp-content\/uploads\/2024\/09\/Wholesale-manufacturerceramic-drop-in-sink-5-285x373.webp 285w, https:\/\/www.ceramicbasin.com\/wp-content\/uploads\/2024\/09\/Wholesale-manufacturerceramic-drop-in-sink-5-505x660.webp 505w, https:\/\/www.ceramicbasin.com\/wp-content\/uploads\/2024\/09\/Wholesale-manufacturerceramic-drop-in-sink-5-115x150.webp 115w\" sizes=\"(max-width: 612px) 100vw, 612px\" \/><\/figure>\n<\/div>\n<\/div>\n\n\n\n<p><\/p>","protected":false},"excerpt":{"rendered":"<p>La surface de ce lavabo de comptoir est lisse et d\u00e9licate, r\u00e9sistante aux taches et \u00e0 la moisissure, facile \u00e0 nettoyer et facile \u00e0 garder propre comme neuf.En tant que fabricant d'\u00e9vier en c\u00e9ramique, nous offrons des prix de gros tr\u00e8s comp\u00e9titifs,notre usine avec un inventaire solide et un r\u00e9seau logistique,quelle que soit la taille de la commande, nous pouvons garantir une livraison dans les d\u00e9lais.<\/p>\n<table style=\"border-collapse: collapse; width: 358.52pt;\" border=\"0\" width=\"478\" cellspacing=\"0\" cellpadding=\"0\">\n<tbody>\n<tr style=\"height: 17.25pt;\">\n<td class=\"et3\" style=\"height: 17.25pt; width: 125.00pt;\" width=\"166\" height=\"23\">Fabricant<\/td>\n<td class=\"et3\" style=\"width: 234.15pt;\" width=\"312\">HanYu<\/td>\n<\/tr>\n<tr style=\"height: 17.25pt;\">\n<td class=\"et3\" style=\"height: 17.25pt;\" height=\"23\">Num\u00e9ro de mod\u00e8le.<\/td>\n<td class=\"et4\">HY-5009<\/td>\n<\/tr>\n<tr style=\"height: 17.25pt;\">\n<td class=\"et3\" style=\"height: 17.25pt;\" height=\"23\">Type<\/td>\n<td class=\"et5\" style=\"width: 234.15pt;\" width=\"312\">Eviers \u00e0 poser<\/td>\n<\/tr>\n<tr style=\"height: 18.00pt;\">\n<td class=\"et3\" style=\"height: 18.00pt;\" height=\"24\">Forme<\/td>\n<td class=\"et3\">Forme ronde<\/td>\n<\/tr>\n<tr style=\"height: 34.50pt;\">\n<td class=\"et4\" style=\"height: 34.50pt;\" height=\"46\">Couleur<\/td>\n<td class=\"et5\" style=\"width: 234.15pt;\" width=\"312\">noir\/blanc\/bleu\/gris\/rose\/vert\/marron\/kaki<\/td>\n<\/tr>\n<tr style=\"height: 18.00pt;\">\n<td class=\"et3\" style=\"height: 18.00pt;\" height=\"24\">Dimension<\/td>\n<td class=\"et5\" style=\"width: 234.15pt;\" width=\"312\">40*40*11<\/td>\n<\/tr>\n<tr style=\"height: 17.25pt;\">\n<td class=\"et3\" style=\"height: 17.25pt;\" height=\"23\">N.W \/SET<\/td>\n<td class=\"et3\">8.5KGS\/PCS<\/td>\n<\/tr>\n<tr style=\"height: 17.25pt;\">\n<td class=\"et3\" style=\"height: 17.25pt;\" height=\"23\">MOQ<\/td>\n<td class=\"et3\">20pcs<\/td>\n<\/tr>\n<tr style=\"height: 17.25pt;\">\n<td class=\"et3\" style=\"height: 17.25pt;\" height=\"23\">Option personnalis\u00e9e<\/td>\n<td class=\"et3\">Couleur\/Pattenue\/Taille\/Logo\/Emballage<\/td>\n<\/tr>\n<\/tbody>\n<\/table>","protected":false},"featured_media":5116,"comment_status":"closed","ping_status":"closed","template":"","meta":{"_acf_changed":false},"product_brand":[],"product_cat":[51],"product_tag":[],"class_list":{"0":"post-5126","1":"product","2":"type-product","3":"status-publish","4":"has-post-thumbnail","6":"product_cat-wholesale-drop-in-sinks","8":"first","9":"instock","10":"shipping-taxable","11":"product-type-simple"},"acf":[],"_links":{"self":[{"href":"https:\/\/www.ceramicbasin.com\/fr\/wp-json\/wp\/v2\/product\/5126","targetHints":{"allow":["GET"]}}],"collection":[{"href":"https:\/\/www.ceramicbasin.com\/fr\/wp-json\/wp\/v2\/product"}],"about":[{"href":"https:\/\/www.ceramicbasin.com\/fr\/wp-json\/wp\/v2\/types\/product"}],"replies":[{"embeddable":true,"href":"https:\/\/www.ceramicbasin.com\/fr\/wp-json\/wp\/v2\/comments?post=5126"}],"wp:featuredmedia":[{"embeddable":true,"href":"https:\/\/www.ceramicbasin.com\/fr\/wp-json\/wp\/v2\/media\/5116"}],"wp:attachment":[{"href":"https:\/\/www.ceramicbasin.com\/fr\/wp-json\/wp\/v2\/media?parent=5126"}],"wp:term":[{"taxonomy":"product_brand","embeddable":true,"href":"https:\/\/www.ceramicbasin.com\/fr\/wp-json\/wp\/v2\/product_brand?post=5126"},{"taxonomy":"product_cat","embeddable":true,"href":"https:\/\/www.ceramicbasin.com\/fr\/wp-json\/wp\/v2\/product_cat?post=5126"},{"taxonomy":"product_tag","embeddable":true,"href":"https:\/\/www.ceramicbasin.com\/fr\/wp-json\/wp\/v2\/product_tag?post=5126"}],"curies":[{"name":"wp","href":"https:\/\/api.w.org\/{rel}","templated":true}]}}