{"id":5136,"date":"2024-09-18T08:10:31","date_gmt":"2024-09-18T08:10:31","guid":{"rendered":"https:\/\/www.ceramicbasin.com\/?post_type=product&#038;p=5136"},"modified":"2024-09-19T08:37:51","modified_gmt":"2024-09-19T08:37:51","slug":"wall-mount-bathroom-sinks-wholesale","status":"publish","type":"product","link":"https:\/\/www.ceramicbasin.com\/fr\/produit\/wall-mount-bathroom-sinks-wholesale\/","title":{"rendered":"Tiny Wall Mount Bathroom Sinks Wholesale, High Grade Basins (lavabos de qualit\u00e9 sup\u00e9rieure)"},"content":{"rendered":"<div class=\"wp-block-columns is-layout-flex wp-container-core-columns-is-layout-9d6595d7 wp-block-columns-is-layout-flex\">\n<div class=\"wp-block-column is-layout-flow wp-block-column-is-layout-flow\">\n<div class=\"wp-block-columns is-layout-flex wp-container-core-columns-is-layout-9d6595d7 wp-block-columns-is-layout-flex\">\n<div class=\"wp-block-column is-layout-flow wp-block-column-is-layout-flow\" style=\"flex-basis:100%\">\n<div class=\"wp-block-columns is-layout-flex wp-container-core-columns-is-layout-9d6595d7 wp-block-columns-is-layout-flex\">\n<div class=\"wp-block-column is-layout-flow wp-block-column-is-layout-flow\">\n<h2 class=\"wp-block-heading\">Premium Wall Mount Bathroom Sinks Wholesale Caract\u00e9ristiques :<\/h2>\n\n\n\n<ul class=\"wp-block-list\">\n<li><strong>Montage par le haut :<\/strong> Ces petits lavabos muraux de haute qualit\u00e9 permettent non seulement d'\u00e9conomiser de l'espace, mais aussi d'ajouter une touche de modernit\u00e9 \u00e0 la salle de bains et de s'adapter \u00e0 diff\u00e9rents styles de d\u00e9coration.<\/li>\n\n\n\n<li><strong>Vente directe \u00e0 l'usine :<\/strong>&nbsp;Les lavabos en c\u00e9ramique de HanYu sont vendus en gros directement par l'usine, ce qui \u00e9limine la diff\u00e9rence de prix des interm\u00e9diaires. L'achat en gros de lavabos de salle de bain vous assure d'acheter des lavabos de salle de bain de haute qualit\u00e9 en gros au prix le plus bas.<\/li>\n\n\n\n<li><strong>Avantage du prix de gros :\u00a0<\/strong>En tant que fabricant d'\u00e9vier de salle de bain en c\u00e9ramique, nous offrons des prix tr\u00e8s comp\u00e9titifs pour les petits \u00e9viers de salle de bain muraux en gros, les achats en vrac b\u00e9n\u00e9ficient de plus de r\u00e9ductions, faisant des accessoires de salle de bain de haute qualit\u00e9 votre choix id\u00e9al sous le contr\u00f4le des co\u00fbts.<\/li>\n\n\n\n<li> <strong>Qualit\u00e9 sup\u00e9rieure :<\/strong> Fabriqu\u00e9es en c\u00e9ramique de haute qualit\u00e9, ces cuvettes d'\u00e9vier de salle de bains en gros offrent une durabilit\u00e9, une surface lisse et une r\u00e9sistance aux taches et aux rayures, garantissant ainsi une beaut\u00e9 durable.<\/li>\n<\/ul>\n<\/div>\n\n\n\n<div class=\"wp-block-column is-layout-flow wp-block-column-is-layout-flow\">\n<figure class=\"wp-block-image size-full\"><img fetchpriority=\"high\" decoding=\"async\" width=\"800\" height=\"800\" src=\"https:\/\/www.ceramicbasin.com\/wp-content\/uploads\/2024\/09\/wall-mounted-wash-basin\uff0csink-ceramic\uff0cbathroom-vanity-sinks1.webp\" alt=\"Minuscules lavabos de salle de bain \u00e0 montage mural Wholesale, High Grade Basins-6\" class=\"wp-image-5137\" srcset=\"https:\/\/www.ceramicbasin.com\/wp-content\/uploads\/2024\/09\/wall-mounted-wash-basin\uff0csink-ceramic\uff0cbathroom-vanity-sinks1.webp 800w, https:\/\/www.ceramicbasin.com\/wp-content\/uploads\/2024\/09\/wall-mounted-wash-basin\uff0csink-ceramic\uff0cbathroom-vanity-sinks1-300x300.webp 300w, https:\/\/www.ceramicbasin.com\/wp-content\/uploads\/2024\/09\/wall-mounted-wash-basin\uff0csink-ceramic\uff0cbathroom-vanity-sinks1-150x150.webp 150w, https:\/\/www.ceramicbasin.com\/wp-content\/uploads\/2024\/09\/wall-mounted-wash-basin\uff0csink-ceramic\uff0cbathroom-vanity-sinks1-768x768.webp 768w, https:\/\/www.ceramicbasin.com\/wp-content\/uploads\/2024\/09\/wall-mounted-wash-basin\uff0csink-ceramic\uff0cbathroom-vanity-sinks1-12x12.webp 12w, https:\/\/www.ceramicbasin.com\/wp-content\/uploads\/2024\/09\/wall-mounted-wash-basin\uff0csink-ceramic\uff0cbathroom-vanity-sinks1-285x285.webp 285w, https:\/\/www.ceramicbasin.com\/wp-content\/uploads\/2024\/09\/wall-mounted-wash-basin\uff0csink-ceramic\uff0cbathroom-vanity-sinks1-270x270.webp 270w, https:\/\/www.ceramicbasin.com\/wp-content\/uploads\/2024\/09\/wall-mounted-wash-basin\uff0csink-ceramic\uff0cbathroom-vanity-sinks1-540x540.webp 540w, https:\/\/www.ceramicbasin.com\/wp-content\/uploads\/2024\/09\/wall-mounted-wash-basin\uff0csink-ceramic\uff0cbathroom-vanity-sinks1-660x660.webp 660w\" sizes=\"(max-width: 800px) 100vw, 800px\" \/><\/figure>\n<\/div>\n<\/div>\n<\/div>\n<\/div>\n<\/div>\n<\/div>\n\n\n\n<p><\/p>","protected":false},"excerpt":{"rendered":"<p>Les petits lavabos muraux de HanYu sont stables, peu encombrants et s'adaptent \u00e0 diff\u00e9rents styles de d\u00e9coration tout en am\u00e9liorant l'esth\u00e9tique moderne. Vendus directement par l'usine, ces lavabos \u00e9liminent les co\u00fbts des interm\u00e9diaires, ce qui permet d'obtenir des prix de gros comp\u00e9titifs, en particulier pour les achats en gros.\u00a0<\/p>\n<table style=\"border-collapse: collapse; width: 311.02pt;\" border=\"0\" width=\"311\" cellspacing=\"0\" cellpadding=\"0\">\n<tbody>\n<tr style=\"height: 17.60pt;\">\n<td class=\"et3\" style=\"height: 17.60pt; width: 108.35pt;\" width=\"108\" height=\"17\">Fabricant<\/td>\n<td class=\"et3\" style=\"width: 202.95pt;\" width=\"202\">HanYu<\/td>\n<\/tr>\n<tr style=\"height: 17.60pt;\">\n<td class=\"et3\" style=\"height: 17.60pt;\" height=\"17\">Num\u00e9ro de mod\u00e8le.<\/td>\n<td class=\"et4\">HY3108<\/td>\n<\/tr>\n<tr style=\"height: 17.60pt;\">\n<td class=\"et3\" style=\"height: 17.60pt;\" height=\"17\">Type<\/td>\n<td class=\"et3\">Cuvette murale<\/td>\n<\/tr>\n<tr style=\"height: 17.60pt;\">\n<td class=\"et3\" style=\"height: 17.60pt;\" height=\"17\">Forme<\/td>\n<td class=\"et3\">Forme rectangulaire<\/td>\n<\/tr>\n<tr style=\"height: 17.60pt;\">\n<td class=\"et4\" style=\"height: 17.60pt;\" height=\"17\">Couleur<\/td>\n<td class=\"et3\">Blanc<\/td>\n<\/tr>\n<tr style=\"height: 18.00pt;\">\n<td class=\"et3\" style=\"height: 18.00pt;\" height=\"18\">Dimension<\/td>\n<td class=\"et6\" style=\"width: 202.95pt;\" width=\"202\">50.5*22*11<\/td>\n<\/tr>\n<tr style=\"height: 17.60pt;\">\n<td class=\"et3\" style=\"height: 17.60pt;\" height=\"17\">N.W \/SET<\/td>\n<td class=\"et3\">11KGS\/PCS<\/td>\n<\/tr>\n<tr style=\"height: 17.60pt;\">\n<td class=\"et3\" style=\"height: 17.60pt;\" height=\"17\">MOQ<\/td>\n<td class=\"et3\">20pcs<\/td>\n<\/tr>\n<tr style=\"height: 17.60pt;\">\n<td class=\"et3\" style=\"height: 17.60pt;\" height=\"17\">Option personnalis\u00e9e<\/td>\n<td class=\"et3\">Couleur\/Pattenue\/Taille\/Logo\/Emballage<\/td>\n<\/tr>\n<\/tbody>\n<\/table>","protected":false},"featured_media":5138,"comment_status":"closed","ping_status":"closed","template":"","meta":{"_acf_changed":false},"product_brand":[],"product_cat":[56],"product_tag":[],"class_list":{"0":"post-5136","1":"product","2":"type-product","3":"status-publish","4":"has-post-thumbnail","6":"product_cat-wholesale-small-bathroom-sinks","8":"first","9":"instock","10":"shipping-taxable","11":"product-type-simple"},"acf":[],"_links":{"self":[{"href":"https:\/\/www.ceramicbasin.com\/fr\/wp-json\/wp\/v2\/product\/5136","targetHints":{"allow":["GET"]}}],"collection":[{"href":"https:\/\/www.ceramicbasin.com\/fr\/wp-json\/wp\/v2\/product"}],"about":[{"href":"https:\/\/www.ceramicbasin.com\/fr\/wp-json\/wp\/v2\/types\/product"}],"replies":[{"embeddable":true,"href":"https:\/\/www.ceramicbasin.com\/fr\/wp-json\/wp\/v2\/comments?post=5136"}],"wp:featuredmedia":[{"embeddable":true,"href":"https:\/\/www.ceramicbasin.com\/fr\/wp-json\/wp\/v2\/media\/5138"}],"wp:attachment":[{"href":"https:\/\/www.ceramicbasin.com\/fr\/wp-json\/wp\/v2\/media?parent=5136"}],"wp:term":[{"taxonomy":"product_brand","embeddable":true,"href":"https:\/\/www.ceramicbasin.com\/fr\/wp-json\/wp\/v2\/product_brand?post=5136"},{"taxonomy":"product_cat","embeddable":true,"href":"https:\/\/www.ceramicbasin.com\/fr\/wp-json\/wp\/v2\/product_cat?post=5136"},{"taxonomy":"product_tag","embeddable":true,"href":"https:\/\/www.ceramicbasin.com\/fr\/wp-json\/wp\/v2\/product_tag?post=5136"}],"curies":[{"name":"wp","href":"https:\/\/api.w.org\/{rel}","templated":true}]}}