{"id":5143,"date":"2024-09-18T08:36:41","date_gmt":"2024-09-18T08:36:41","guid":{"rendered":"https:\/\/www.ceramicbasin.com\/?post_type=product&#038;p=5143"},"modified":"2024-11-05T01:33:54","modified_gmt":"2024-11-05T01:33:54","slug":"wall-mounted-bathroom-sinks-wholesale","status":"publish","type":"product","link":"https:\/\/www.ceramicbasin.com\/fr\/produit\/wall-mounted-bathroom-sinks-wholesale\/","title":{"rendered":"Lavabos de salle de bain en porcelaine avec robinetterie Wholesale"},"content":{"rendered":"<div class=\"wp-block-columns is-layout-flex wp-container-core-columns-is-layout-9d6595d7 wp-block-columns-is-layout-flex\">\n<div class=\"wp-block-column is-layout-flow wp-block-column-is-layout-flow\">\n<div class=\"wp-block-columns is-layout-flex wp-container-core-columns-is-layout-9d6595d7 wp-block-columns-is-layout-flex\">\n<div class=\"wp-block-column is-layout-flow wp-block-column-is-layout-flow\" style=\"flex-basis:100%\">\n<div class=\"wp-block-columns is-layout-flex wp-container-core-columns-is-layout-9d6595d7 wp-block-columns-is-layout-flex\">\n<div class=\"wp-block-column is-layout-flow wp-block-column-is-layout-flow\">\n<h2 class=\"wp-block-heading\">Premium Wall Mounted Bathroom Sinks Wholesale Caract\u00e9ristiques :<\/h2>\n\n\n\n<ul class=\"wp-block-list\">\n<li><strong>Design carr\u00e9 \u00e0 la mode : <\/strong>Tous ces lavabos muraux ont une forme carr\u00e9e. Ils ajoutent non seulement un effet visuel simple et \u00e9l\u00e9gant \u00e0 la salle de bains, mais utilisent aussi pleinement l'espace int\u00e9rieur, am\u00e9liorent le confort d'utilisation et conviennent \u00e0 divers styles de d\u00e9coration de salle de bains haut de gamme.<\/li>\n\n\n\n<li><strong>C\u00e9ramique de haute qualit\u00e9 Mat\u00e9riau :<\/strong> Nos \u00e9viers sur mesure pour salles de bains sont fabriqu\u00e9s en c\u00e9ramique de haute qualit\u00e9, dont la surface est lisse, tendre, r\u00e9sistante aux taches et durable. Les bonnes propri\u00e9t\u00e9s anti-humidit\u00e9 et antibact\u00e9riennes permettent de garder la salle de bains propre et hygi\u00e9nique.<\/li>\n\n\n\n<li><strong>Montage mural \u00e0 faible encombrement : <\/strong>Ces \u00e9viers de salle de bains sont fix\u00e9s au mur, ce qui permet d'\u00e9conomiser de l'espace au sol. Ils conviennent parfaitement aux petits m\u00e9nages ou aux utilisateurs qui souhaitent conserver une salle de bains simple, faciliter le nettoyage quotidien, am\u00e9liorer l'utilisation de l'espace et cr\u00e9er un effet visuel l\u00e9ger.<\/li>\n\n\n\n<li><strong>Associ\u00e9 \u00e0 des robinets de qualit\u00e9 sup\u00e9rieure :<\/strong> Ces lavabos muraux pour salle de bains sont parfaitement adapt\u00e9s les uns aux autres et s'accordent parfaitement avec les robinets de haute qualit\u00e9 pour offrir une exp\u00e9rience de l'eau tout en douceur. Le design du robinet est exquis et ergonomique, pratique pour une utilisation quotidienne, et ajoute une beaut\u00e9 globale \u00e0 la salle de bains.<\/li>\n<\/ul>\n<\/div>\n\n\n\n<div class=\"wp-block-column is-layout-flow wp-block-column-is-layout-flow\">\n<figure class=\"wp-block-image size-full\"><img fetchpriority=\"high\" decoding=\"async\" width=\"800\" height=\"800\" src=\"https:\/\/www.ceramicbasin.com\/wp-content\/uploads\/2024\/09\/ceramic-sink-bathroomwhite-basin-sinkwall-mounted-vanity6.webp\" alt=\"Lavabos muraux en porcelaine avec robinetterie-1\" class=\"wp-image-5149\" srcset=\"https:\/\/www.ceramicbasin.com\/wp-content\/uploads\/2024\/09\/ceramic-sink-bathroomwhite-basin-sinkwall-mounted-vanity6.webp 800w, https:\/\/www.ceramicbasin.com\/wp-content\/uploads\/2024\/09\/ceramic-sink-bathroomwhite-basin-sinkwall-mounted-vanity6-300x300.webp 300w, https:\/\/www.ceramicbasin.com\/wp-content\/uploads\/2024\/09\/ceramic-sink-bathroomwhite-basin-sinkwall-mounted-vanity6-150x150.webp 150w, https:\/\/www.ceramicbasin.com\/wp-content\/uploads\/2024\/09\/ceramic-sink-bathroomwhite-basin-sinkwall-mounted-vanity6-768x768.webp 768w, https:\/\/www.ceramicbasin.com\/wp-content\/uploads\/2024\/09\/ceramic-sink-bathroomwhite-basin-sinkwall-mounted-vanity6-12x12.webp 12w, https:\/\/www.ceramicbasin.com\/wp-content\/uploads\/2024\/09\/ceramic-sink-bathroomwhite-basin-sinkwall-mounted-vanity6-285x285.webp 285w, https:\/\/www.ceramicbasin.com\/wp-content\/uploads\/2024\/09\/ceramic-sink-bathroomwhite-basin-sinkwall-mounted-vanity6-270x270.webp 270w, https:\/\/www.ceramicbasin.com\/wp-content\/uploads\/2024\/09\/ceramic-sink-bathroomwhite-basin-sinkwall-mounted-vanity6-540x540.webp 540w, https:\/\/www.ceramicbasin.com\/wp-content\/uploads\/2024\/09\/ceramic-sink-bathroomwhite-basin-sinkwall-mounted-vanity6-660x660.webp 660w\" sizes=\"(max-width: 800px) 100vw, 800px\" \/><\/figure>\n<\/div>\n<\/div>\n<\/div>\n<\/div>\n<\/div>\n<\/div>","protected":false},"excerpt":{"rendered":"<p>Bienvenue pour l'achat de lavabos muraux. Nos lavabos muraux en c\u00e9ramique sont les pr\u00e9f\u00e9r\u00e9s du march\u00e9 en raison de leur durabilit\u00e9, de leur couleur uniforme, de leur facilit\u00e9 d'entretien et de leur excellent rapport qualit\u00e9-prix. La conception murale permet d'\u00e9conomiser de l'espace et de simplifier le nettoyage en dessous, ce qui permet de garder la salle de bain bien rang\u00e9e et de cr\u00e9er un environnement rafra\u00eechissant.<\/p>\n<table style=\"border-collapse: collapse; width: 311.02pt;\" border=\"0\" width=\"311\" cellspacing=\"0\" cellpadding=\"0\">\n<tbody>\n<tr style=\"height: 17.60pt;\">\n<td class=\"et3\" style=\"height: 17.60pt; width: 108.35pt;\" width=\"108\" height=\"17\">Fabricant<\/td>\n<td class=\"et3\" style=\"width: 202.95pt;\" width=\"202\">HanYu<\/td>\n<\/tr>\n<tr style=\"height: 17.60pt;\">\n<td class=\"et3\" style=\"height: 17.60pt;\" height=\"17\">Num\u00e9ro de mod\u00e8le.<\/td>\n<td class=\"et4\">HY3122<\/td>\n<\/tr>\n<tr style=\"height: 17.60pt;\">\n<td class=\"et3\" style=\"height: 17.60pt;\" height=\"17\">Type<\/td>\n<td class=\"et3\">Cuvette murale<\/td>\n<\/tr>\n<tr style=\"height: 17.60pt;\">\n<td class=\"et3\" style=\"height: 17.60pt;\" height=\"17\">Forme<\/td>\n<td class=\"et3\">Forme rectangulaire<\/td>\n<\/tr>\n<tr style=\"height: 17.60pt;\">\n<td class=\"et4\" style=\"height: 17.60pt;\" height=\"17\">Couleur<\/td>\n<td class=\"et3\">Blanc<\/td>\n<\/tr>\n<tr style=\"height: 18.00pt;\">\n<td class=\"et3\" style=\"height: 18.00pt;\" height=\"18\">Dimension<\/td>\n<td class=\"et6\" style=\"width: 202.95pt;\" width=\"202\">50*35*13<\/td>\n<\/tr>\n<tr style=\"height: 17.60pt;\">\n<td class=\"et3\" style=\"height: 17.60pt;\" height=\"17\">N.W \/SET<\/td>\n<td class=\"et3\">11.5KGS\/PCS<\/td>\n<\/tr>\n<tr style=\"height: 17.60pt;\">\n<td class=\"et3\" style=\"height: 17.60pt;\" height=\"17\">MOQ<\/td>\n<td class=\"et3\">20pcs<\/td>\n<\/tr>\n<tr style=\"height: 17.60pt;\">\n<td class=\"et3\" style=\"height: 17.60pt;\" height=\"17\">Option personnalis\u00e9e<\/td>\n<td class=\"et3\">Couleur\/Pattenue\/Taille\/Logo\/Emballage<\/td>\n<\/tr>\n<\/tbody>\n<\/table>","protected":false},"featured_media":5144,"comment_status":"closed","ping_status":"closed","template":"","meta":{"_acf_changed":false},"product_brand":[],"product_cat":[57],"product_tag":[],"class_list":{"0":"post-5143","1":"product","2":"type-product","3":"status-publish","4":"has-post-thumbnail","6":"product_cat-wholesale-wall-mounted-sinks","8":"first","9":"instock","10":"shipping-taxable","11":"product-type-simple"},"acf":[],"_links":{"self":[{"href":"https:\/\/www.ceramicbasin.com\/fr\/wp-json\/wp\/v2\/product\/5143","targetHints":{"allow":["GET"]}}],"collection":[{"href":"https:\/\/www.ceramicbasin.com\/fr\/wp-json\/wp\/v2\/product"}],"about":[{"href":"https:\/\/www.ceramicbasin.com\/fr\/wp-json\/wp\/v2\/types\/product"}],"replies":[{"embeddable":true,"href":"https:\/\/www.ceramicbasin.com\/fr\/wp-json\/wp\/v2\/comments?post=5143"}],"wp:featuredmedia":[{"embeddable":true,"href":"https:\/\/www.ceramicbasin.com\/fr\/wp-json\/wp\/v2\/media\/5144"}],"wp:attachment":[{"href":"https:\/\/www.ceramicbasin.com\/fr\/wp-json\/wp\/v2\/media?parent=5143"}],"wp:term":[{"taxonomy":"product_brand","embeddable":true,"href":"https:\/\/www.ceramicbasin.com\/fr\/wp-json\/wp\/v2\/product_brand?post=5143"},{"taxonomy":"product_cat","embeddable":true,"href":"https:\/\/www.ceramicbasin.com\/fr\/wp-json\/wp\/v2\/product_cat?post=5143"},{"taxonomy":"product_tag","embeddable":true,"href":"https:\/\/www.ceramicbasin.com\/fr\/wp-json\/wp\/v2\/product_tag?post=5143"}],"curies":[{"name":"wp","href":"https:\/\/api.w.org\/{rel}","templated":true}]}}