{"id":5150,"date":"2024-09-18T09:09:38","date_gmt":"2024-09-18T09:09:38","guid":{"rendered":"https:\/\/www.ceramicbasin.com\/?post_type=product&#038;p=5150"},"modified":"2024-09-19T08:23:41","modified_gmt":"2024-09-19T08:23:41","slug":"tiniest-bathroom-sink-wholesale","status":"publish","type":"product","link":"https:\/\/www.ceramicbasin.com\/fr\/produit\/tiniest-bathroom-sink-wholesale\/","title":{"rendered":"Premium Tiniest Bathroom Sink Wholesale For Small Bathroom"},"content":{"rendered":"<div class=\"wp-block-columns is-layout-flex wp-container-core-columns-is-layout-9d6595d7 wp-block-columns-is-layout-flex\">\n<div class=\"wp-block-column is-layout-flow wp-block-column-is-layout-flow\">\n<div class=\"wp-block-columns is-layout-flex wp-container-core-columns-is-layout-9d6595d7 wp-block-columns-is-layout-flex\">\n<div class=\"wp-block-column is-layout-flow wp-block-column-is-layout-flow\" style=\"flex-basis:100%\">\n<div class=\"wp-block-columns is-layout-flex wp-container-core-columns-is-layout-9d6595d7 wp-block-columns-is-layout-flex\">\n<div class=\"wp-block-column is-layout-flow wp-block-column-is-layout-flow\">\n<h2 class=\"wp-block-heading\">Premium Tiniest Bathroom Sink Wholesale Caract\u00e9ristiques :<\/h2>\n\n\n\n<ul class=\"wp-block-list\">\n<li><strong>S\u00e9lection vari\u00e9e :<\/strong>\u00a0Nous proposons une vari\u00e9t\u00e9 de styles, de tailles et de couleurs de nos plus petits lavabos de salle de bain en gros, r\u00e9pondant aux besoins de diff\u00e9rents styles de salle de bain et s'int\u00e9grant facilement dans divers designs de d\u00e9coration.<\/li>\n\n\n\n<li><strong>Design \u00e9l\u00e9gant :<\/strong> Nos petits lavabos de salle de bain en gros ajoutent une touche d'\u00e9l\u00e9gance et de modernit\u00e9 \u00e0 toute salle de bain et en font un point focal styl\u00e9.<\/li>\n\n\n\n<li><strong>Avantage du prix de gros :\u00a0<\/strong>En tant que fabricant d'\u00e9vier de salle de bain en c\u00e9ramique, HanYu propose des prix de gros tr\u00e8s comp\u00e9titifs pour l'\u00e9vier de salle de bain mural le plus petit, les achats en gros b\u00e9n\u00e9ficient de plus de remises, faisant des accessoires de salle de bain de haute qualit\u00e9 votre choix id\u00e9al sous le contr\u00f4le des co\u00fbts.<\/li>\n\n\n\n<li><strong>Installation murale :<\/strong> La conception murale de nos \u00e9viers de salle de bains sur mesure permet non seulement d'\u00e9conomiser de l'espace, mais aussi de faciliter le nettoyage du sol en dessous, ce qui permet de garder la salle de bains en ordre et de cr\u00e9er un environnement d'utilisation rafra\u00eechissant.<\/li>\n<\/ul>\n<\/div>\n\n\n\n<div class=\"wp-block-column is-layout-flow wp-block-column-is-layout-flow\">\n<figure class=\"wp-block-image size-full\"><img fetchpriority=\"high\" decoding=\"async\" width=\"800\" height=\"800\" src=\"https:\/\/www.ceramicbasin.com\/wp-content\/uploads\/2024\/09\/washroom-sink\uff0cporcelain-sinks-for-bathroom\uff0cwall-hung-basin6.webp\" alt=\"Premium Tiniest Bathroom Sink Wholesale For Small Bathroom-1\" class=\"wp-image-5156\" srcset=\"https:\/\/www.ceramicbasin.com\/wp-content\/uploads\/2024\/09\/washroom-sink\uff0cporcelain-sinks-for-bathroom\uff0cwall-hung-basin6.webp 800w, https:\/\/www.ceramicbasin.com\/wp-content\/uploads\/2024\/09\/washroom-sink\uff0cporcelain-sinks-for-bathroom\uff0cwall-hung-basin6-300x300.webp 300w, https:\/\/www.ceramicbasin.com\/wp-content\/uploads\/2024\/09\/washroom-sink\uff0cporcelain-sinks-for-bathroom\uff0cwall-hung-basin6-150x150.webp 150w, https:\/\/www.ceramicbasin.com\/wp-content\/uploads\/2024\/09\/washroom-sink\uff0cporcelain-sinks-for-bathroom\uff0cwall-hung-basin6-768x768.webp 768w, https:\/\/www.ceramicbasin.com\/wp-content\/uploads\/2024\/09\/washroom-sink\uff0cporcelain-sinks-for-bathroom\uff0cwall-hung-basin6-12x12.webp 12w, https:\/\/www.ceramicbasin.com\/wp-content\/uploads\/2024\/09\/washroom-sink\uff0cporcelain-sinks-for-bathroom\uff0cwall-hung-basin6-285x285.webp 285w, https:\/\/www.ceramicbasin.com\/wp-content\/uploads\/2024\/09\/washroom-sink\uff0cporcelain-sinks-for-bathroom\uff0cwall-hung-basin6-270x270.webp 270w, https:\/\/www.ceramicbasin.com\/wp-content\/uploads\/2024\/09\/washroom-sink\uff0cporcelain-sinks-for-bathroom\uff0cwall-hung-basin6-540x540.webp 540w, https:\/\/www.ceramicbasin.com\/wp-content\/uploads\/2024\/09\/washroom-sink\uff0cporcelain-sinks-for-bathroom\uff0cwall-hung-basin6-660x660.webp 660w\" sizes=\"(max-width: 800px) 100vw, 800px\" \/><\/figure>\n<\/div>\n<\/div>\n<\/div>\n<\/div>\n<\/div>\n<\/div>","protected":false},"excerpt":{"rendered":"<p>Bienvenue pour l'achat de lavabos de salle de bain minuscules. Nous offrons une s\u00e9lection vari\u00e9e de petits lavabos de salle de bain en gros dans diff\u00e9rents styles, tailles et couleurs pour s'adapter aux diff\u00e9rents designs de salle de bain. Nos lavabos ajoutent de l'\u00e9l\u00e9gance et de la modernit\u00e9, servant de point focal styl\u00e9 dans n'importe quel espace.<\/p>\n<table style=\"border-collapse: collapse; width: 311.02pt;\" border=\"0\" width=\"311\" cellspacing=\"0\" cellpadding=\"0\">\n<tbody>\n<tr style=\"height: 17.60pt;\">\n<td class=\"et3\" style=\"height: 17.60pt; width: 108.35pt;\" width=\"108\" height=\"17\">Fabricant<\/td>\n<td class=\"et3\" style=\"width: 202.95pt;\" width=\"202\">HanYu<\/td>\n<\/tr>\n<tr style=\"height: 17.60pt;\">\n<td class=\"et3\" style=\"height: 17.60pt;\" height=\"17\">Num\u00e9ro de mod\u00e8le.<\/td>\n<td class=\"et4\">HY3124<\/td>\n<\/tr>\n<tr style=\"height: 17.60pt;\">\n<td class=\"et3\" style=\"height: 17.60pt;\" height=\"17\">Type<\/td>\n<td class=\"et3\">Cuvette murale, Petit lavabo<\/td>\n<\/tr>\n<tr style=\"height: 17.60pt;\">\n<td class=\"et3\" style=\"height: 17.60pt;\" height=\"17\">Forme<\/td>\n<td class=\"et3\">Forme rectangulaire<\/td>\n<\/tr>\n<tr style=\"height: 17.60pt;\">\n<td class=\"et4\" style=\"height: 17.60pt;\" height=\"17\">Couleur<\/td>\n<td class=\"et3\">Blanc<\/td>\n<\/tr>\n<tr style=\"height: 18.00pt;\">\n<td class=\"et3\" style=\"height: 18.00pt;\" height=\"18\">Dimension<\/td>\n<td class=\"et6\" style=\"width: 202.95pt;\" width=\"202\">46*28.5*14<\/td>\n<\/tr>\n<tr style=\"height: 17.60pt;\">\n<td class=\"et3\" style=\"height: 17.60pt;\" height=\"17\">\n<p>N.W \/SET<\/p>\n<\/td>\n<td class=\"et3\">12KGS\/PCS<\/td>\n<\/tr>\n<tr style=\"height: 17.60pt;\">\n<td class=\"et3\" style=\"height: 17.60pt;\" height=\"17\">MOQ<\/td>\n<td class=\"et3\">20pcs<\/td>\n<\/tr>\n<tr style=\"height: 17.60pt;\">\n<td class=\"et3\" style=\"height: 17.60pt;\" height=\"17\">Option personnalis\u00e9e<\/td>\n<td class=\"et3\">Couleur\/Pattenue\/Taille\/Logo\/Emballage<\/td>\n<\/tr>\n<\/tbody>\n<\/table>","protected":false},"featured_media":5152,"comment_status":"closed","ping_status":"closed","template":"","meta":{"_acf_changed":false},"product_brand":[],"product_cat":[56],"product_tag":[],"class_list":{"0":"post-5150","1":"product","2":"type-product","3":"status-publish","4":"has-post-thumbnail","6":"product_cat-wholesale-small-bathroom-sinks","8":"first","9":"instock","10":"shipping-taxable","11":"product-type-simple"},"acf":[],"_links":{"self":[{"href":"https:\/\/www.ceramicbasin.com\/fr\/wp-json\/wp\/v2\/product\/5150","targetHints":{"allow":["GET"]}}],"collection":[{"href":"https:\/\/www.ceramicbasin.com\/fr\/wp-json\/wp\/v2\/product"}],"about":[{"href":"https:\/\/www.ceramicbasin.com\/fr\/wp-json\/wp\/v2\/types\/product"}],"replies":[{"embeddable":true,"href":"https:\/\/www.ceramicbasin.com\/fr\/wp-json\/wp\/v2\/comments?post=5150"}],"wp:featuredmedia":[{"embeddable":true,"href":"https:\/\/www.ceramicbasin.com\/fr\/wp-json\/wp\/v2\/media\/5152"}],"wp:attachment":[{"href":"https:\/\/www.ceramicbasin.com\/fr\/wp-json\/wp\/v2\/media?parent=5150"}],"wp:term":[{"taxonomy":"product_brand","embeddable":true,"href":"https:\/\/www.ceramicbasin.com\/fr\/wp-json\/wp\/v2\/product_brand?post=5150"},{"taxonomy":"product_cat","embeddable":true,"href":"https:\/\/www.ceramicbasin.com\/fr\/wp-json\/wp\/v2\/product_cat?post=5150"},{"taxonomy":"product_tag","embeddable":true,"href":"https:\/\/www.ceramicbasin.com\/fr\/wp-json\/wp\/v2\/product_tag?post=5150"}],"curies":[{"name":"wp","href":"https:\/\/api.w.org\/{rel}","templated":true}]}}