{"id":5184,"date":"2024-09-25T06:22:11","date_gmt":"2024-09-25T06:22:11","guid":{"rendered":"https:\/\/www.ceramicbasin.com\/?post_type=product&#038;p=5184"},"modified":"2024-09-25T08:33:51","modified_gmt":"2024-09-25T08:33:51","slug":"hotel-bathroom-sinks-wholesale","status":"publish","type":"product","link":"https:\/\/www.ceramicbasin.com\/fr\/produit\/hotel-bathroom-sinks-wholesale\/","title":{"rendered":"Luxury Hotel Bathroom Sinks Wholesale, Marble Color Ceramic Rectangular Sink (lavabo rectangulaire en c\u00e9ramique de couleur marbr\u00e9e)"},"content":{"rendered":"<div class=\"wp-block-columns is-layout-flex wp-container-core-columns-is-layout-9d6595d7 wp-block-columns-is-layout-flex\">\n<div class=\"wp-block-column is-layout-flow wp-block-column-is-layout-flow\">\n<h2 class=\"wp-block-heading\">Premium Hotel Bathroom Sinks Wholesale Caract\u00e9ristiques :<\/h2>\n\n\n\n<ul class=\"wp-block-list\">\n<li><strong>Large champ d'application : <\/strong>Nos \u00e9viers de salle de bains pour h\u00f4tels conviennent aux salles de bains haut de gamme, telles que les centres commerciaux, les salles de bains des restaurants, les h\u00f4pitaux et d'autres lieux.<\/li>\n\n\n\n<li><strong>Color\u00e9e : <\/strong>Ces lavabos de couleur marbre sont fabriqu\u00e9s par transfert d'eau \u00e0 partir d'un lavabo ordinaire blanc brillant, qui est beau et durable. Nous proposons plus de 100 couleurs et motifs au choix, et tous les mod\u00e8les de lavabos en gros peuvent \u00eatre personnalis\u00e9s en termes de couleur et de texture.<\/li>\n\n\n\n<li><strong>Installation facile :<\/strong> Con\u00e7us pour \u00eatre install\u00e9s au-dessus du comptoir, ces lavabos de salle de bains sont faciles \u00e0 installer, offrant une solution sans probl\u00e8me pour les nouvelles constructions et les r\u00e9novations de salles de bains.<\/li>\n\n\n\n<li><strong>Options personnalisables :<\/strong> Nos \u00e9viers de salle de bain pour h\u00f4tels sont disponibles en diff\u00e9rentes couleurs, finitions de surface et emballages personnalisables, ce qui vous permet d'adapter le produit aux besoins sp\u00e9cifiques de votre marque et de votre march\u00e9.<\/li>\n<\/ul>\n<\/div>\n\n\n\n<div class=\"wp-block-column is-layout-flow wp-block-column-is-layout-flow\">\n<figure class=\"wp-block-image size-full\"><img fetchpriority=\"high\" decoding=\"async\" width=\"980\" height=\"1352\" src=\"https:\/\/www.ceramicbasin.com\/wp-content\/uploads\/2024\/09\/Ceramic-Rectangular-Design-Art-Sink-6.webp\" alt=\"Lavabo de salle de bain d&#039;h\u00f4tel de luxe Wholesale, Marble Color Ceramic Rectangular Sink-7\" class=\"wp-image-5185\" srcset=\"https:\/\/www.ceramicbasin.com\/wp-content\/uploads\/2024\/09\/Ceramic-Rectangular-Design-Art-Sink-6.webp 980w, https:\/\/www.ceramicbasin.com\/wp-content\/uploads\/2024\/09\/Ceramic-Rectangular-Design-Art-Sink-6-217x300.webp 217w, https:\/\/www.ceramicbasin.com\/wp-content\/uploads\/2024\/09\/Ceramic-Rectangular-Design-Art-Sink-6-768x1060.webp 768w, https:\/\/www.ceramicbasin.com\/wp-content\/uploads\/2024\/09\/Ceramic-Rectangular-Design-Art-Sink-6-9x12.webp 9w, https:\/\/www.ceramicbasin.com\/wp-content\/uploads\/2024\/09\/Ceramic-Rectangular-Design-Art-Sink-6-285x393.webp 285w, https:\/\/www.ceramicbasin.com\/wp-content\/uploads\/2024\/09\/Ceramic-Rectangular-Design-Art-Sink-6-478x660.webp 478w, https:\/\/www.ceramicbasin.com\/wp-content\/uploads\/2024\/09\/Ceramic-Rectangular-Design-Art-Sink-6-109x150.webp 109w\" sizes=\"(max-width: 980px) 100vw, 980px\" \/><\/figure>\n<\/div>\n<\/div>","protected":false},"excerpt":{"rendered":"<p>Nous vous invitons \u00e0 acheter des lavabos de couleur marbre. Nos lavabos de salle de bain d'h\u00f4tel conviennent aux gares ferroviaires \u00e0 grande vitesse, aux stations de m\u00e9tro, ainsi qu'aux centres commerciaux, aux salles de bain des restaurants et aux h\u00f4pitaux. Nous proposons plus de 100 couleurs et motifs au choix, et tous les mod\u00e8les de lavabos en gros peuvent \u00eatre personnalis\u00e9s en termes de couleur et de texture.<\/p>\n<table style=\"border-collapse: collapse; width: 358.52pt;\" border=\"0\" width=\"478\" cellspacing=\"0\" cellpadding=\"0\">\n<tbody>\n<tr style=\"height: 17.25pt;\">\n<td class=\"et3\" style=\"height: 17.25pt; width: 125.00pt;\" width=\"166\" height=\"23\">Fabricant<\/td>\n<td class=\"et3\" style=\"width: 234.15pt;\" width=\"312\">HanYu<\/td>\n<\/tr>\n<tr style=\"height: 17.25pt;\">\n<td class=\"et3\" style=\"height: 17.25pt;\" height=\"23\">Num\u00e9ro de mod\u00e8le.<\/td>\n<td class=\"et4\">HY-8064-75D130<\/td>\n<\/tr>\n<tr style=\"height: 17.25pt;\">\n<td class=\"et3\" style=\"height: 17.25pt;\" height=\"23\">Type<\/td>\n<td class=\"et5\" style=\"width: 234.15pt;\" width=\"312\">Evier en marbre, Evier de comptoir<\/td>\n<\/tr>\n<tr style=\"height: 18.00pt;\">\n<td class=\"et3\" style=\"height: 18.00pt;\" height=\"24\">Forme<\/td>\n<td class=\"et3\">Forme rectangulaire<\/td>\n<\/tr>\n<tr style=\"height: 34.50pt;\">\n<td class=\"et4\" style=\"height: 34.50pt;\" height=\"46\">Couleur<\/td>\n<td class=\"et5\" style=\"width: 234.15pt;\" width=\"312\">Noir marbr\u00e9<\/td>\n<\/tr>\n<tr style=\"height: 18.00pt;\">\n<td class=\"et3\" style=\"height: 18.00pt;\" height=\"24\">Dimension<\/td>\n<td class=\"et5\" style=\"width: 234.15pt;\" width=\"312\">75*38*13<\/td>\n<\/tr>\n<tr style=\"height: 17.25pt;\">\n<td class=\"et3\" style=\"height: 17.25pt;\" height=\"23\">N.W \/SET<\/td>\n<td class=\"et3\">17KGS\/PCS<\/td>\n<\/tr>\n<tr style=\"height: 17.25pt;\">\n<td class=\"et3\" style=\"height: 17.25pt;\" height=\"23\">MOQ<\/td>\n<td class=\"et3\">20pcs<\/td>\n<\/tr>\n<tr style=\"height: 17.25pt;\">\n<td class=\"et3\" style=\"height: 17.25pt;\" height=\"23\">Option personnalis\u00e9e<\/td>\n<td class=\"et3\">Couleur\/Pattenue\/Taille\/Logo\/Emballage<\/td>\n<\/tr>\n<\/tbody>\n<\/table>","protected":false},"featured_media":5186,"comment_status":"closed","ping_status":"closed","template":"","meta":{"_acf_changed":false},"product_brand":[],"product_cat":[54,50],"product_tag":[],"class_list":{"0":"post-5184","1":"product","2":"type-product","3":"status-publish","4":"has-post-thumbnail","6":"product_cat-wholesale-marble-sinks","7":"product_cat-wholesale-countertop-sinks","9":"first","10":"instock","11":"shipping-taxable","12":"product-type-simple"},"acf":[],"_links":{"self":[{"href":"https:\/\/www.ceramicbasin.com\/fr\/wp-json\/wp\/v2\/product\/5184","targetHints":{"allow":["GET"]}}],"collection":[{"href":"https:\/\/www.ceramicbasin.com\/fr\/wp-json\/wp\/v2\/product"}],"about":[{"href":"https:\/\/www.ceramicbasin.com\/fr\/wp-json\/wp\/v2\/types\/product"}],"replies":[{"embeddable":true,"href":"https:\/\/www.ceramicbasin.com\/fr\/wp-json\/wp\/v2\/comments?post=5184"}],"wp:featuredmedia":[{"embeddable":true,"href":"https:\/\/www.ceramicbasin.com\/fr\/wp-json\/wp\/v2\/media\/5186"}],"wp:attachment":[{"href":"https:\/\/www.ceramicbasin.com\/fr\/wp-json\/wp\/v2\/media?parent=5184"}],"wp:term":[{"taxonomy":"product_brand","embeddable":true,"href":"https:\/\/www.ceramicbasin.com\/fr\/wp-json\/wp\/v2\/product_brand?post=5184"},{"taxonomy":"product_cat","embeddable":true,"href":"https:\/\/www.ceramicbasin.com\/fr\/wp-json\/wp\/v2\/product_cat?post=5184"},{"taxonomy":"product_tag","embeddable":true,"href":"https:\/\/www.ceramicbasin.com\/fr\/wp-json\/wp\/v2\/product_tag?post=5184"}],"curies":[{"name":"wp","href":"https:\/\/api.w.org\/{rel}","templated":true}]}}