{"id":5215,"date":"2024-09-25T08:55:58","date_gmt":"2024-09-25T08:55:58","guid":{"rendered":"https:\/\/www.ceramicbasin.com\/?post_type=product&#038;p=5215"},"modified":"2024-09-26T07:36:18","modified_gmt":"2024-09-26T07:36:18","slug":"wholesale-above-counter-basin","status":"publish","type":"product","link":"https:\/\/www.ceramicbasin.com\/fr\/produit\/wholesale-above-counter-basin\/","title":{"rendered":"Vasque de comptoir en gros, vasque d'art en c\u00e9ramique en forme de bol"},"content":{"rendered":"<div class=\"wp-block-columns is-layout-flex wp-container-core-columns-is-layout-9d6595d7 wp-block-columns-is-layout-flex\">\n<div class=\"wp-block-column is-layout-flow wp-block-column-is-layout-flow\">\n<h2 class=\"wp-block-heading\">Premium Wholesale Above Counter Basin Features :<\/h2>\n\n\n\n<ul class=\"wp-block-list\">\n<li><strong>Conception \u00e9l\u00e9gante et unique du bol :<\/strong> Cette vasque \u00e0 poser utilise une forme d\u00e9licate, une atmosph\u00e8re artistique unique, pour rompre le design monotone de la vasque de salle de bain traditionnelle. Ses lignes rondes et douces ajoutent de l'\u00e9l\u00e9gance et du style \u00e0 la salle de bains.<\/li>\n\n\n\n<li><strong>Mat\u00e9riaux c\u00e9ramiques de haute qualit\u00e9 pour une plus grande durabilit\u00e9 : <\/strong>Nos r\u00e9cipients en c\u00e9ramique sinls wholesale utilisent des c\u00e9ramiques s\u00e9lectionn\u00e9es de haute qualit\u00e9, cuites \u00e0 haute temp\u00e9rature pour garantir une duret\u00e9 et une durabilit\u00e9 excellentes. Sa gla\u00e7ure lisse n'est pas seulement belle, elle a aussi des caract\u00e9ristiques anti-salissures et anti-rayures, ce qui permet de r\u00e9sister efficacement \u00e0 l'usure quotidienne.<\/li>\n\n\n\n<li><strong>S'adapter \u00e0 diff\u00e9rents styles : <\/strong>Pour r\u00e9pondre aux besoins des diff\u00e9rents styles de finition de la salle de bain, la vasque \u00e0 poser est disponible dans une vari\u00e9t\u00e9 de tailles et de couleurs. Qu'il s'agisse d'une simplicit\u00e9 moderne, d'un luxe europ\u00e9en ou d'un style personnalis\u00e9, vous pouvez trouver les produits ad\u00e9quats.<\/li>\n\n\n\n<li><strong>Installation facile : <\/strong>En tant que bassin, le processus d'installation de nos r\u00e9cipients en c\u00e9ramique est simple et rapide, et convient \u00e0 une grande vari\u00e9t\u00e9 de mat\u00e9riaux de surface et d'agencements. Qu'il s'agisse d'une salle de bains domestique, h\u00f4teli\u00e8re ou commerciale, elle peut \u00eatre facilement install\u00e9e et rapidement mise en service.<\/li>\n<\/ul>\n<\/div>\n\n\n\n<div class=\"wp-block-column is-layout-flow wp-block-column-is-layout-flow\">\n<figure class=\"wp-block-image size-full\"><img fetchpriority=\"high\" decoding=\"async\" width=\"980\" height=\"1352\" src=\"https:\/\/www.ceramicbasin.com\/wp-content\/uploads\/2024\/09\/Bowl-Art-Table-Top-Wash-Basin-6.webp\" alt=\"Vasque de comptoir en gros, vasque d&#039;art en c\u00e9ramique en forme de bol-1\" class=\"wp-image-5237\" srcset=\"https:\/\/www.ceramicbasin.com\/wp-content\/uploads\/2024\/09\/Bowl-Art-Table-Top-Wash-Basin-6.webp 980w, https:\/\/www.ceramicbasin.com\/wp-content\/uploads\/2024\/09\/Bowl-Art-Table-Top-Wash-Basin-6-217x300.webp 217w, https:\/\/www.ceramicbasin.com\/wp-content\/uploads\/2024\/09\/Bowl-Art-Table-Top-Wash-Basin-6-768x1060.webp 768w, https:\/\/www.ceramicbasin.com\/wp-content\/uploads\/2024\/09\/Bowl-Art-Table-Top-Wash-Basin-6-9x12.webp 9w, https:\/\/www.ceramicbasin.com\/wp-content\/uploads\/2024\/09\/Bowl-Art-Table-Top-Wash-Basin-6-285x393.webp 285w, https:\/\/www.ceramicbasin.com\/wp-content\/uploads\/2024\/09\/Bowl-Art-Table-Top-Wash-Basin-6-478x660.webp 478w, https:\/\/www.ceramicbasin.com\/wp-content\/uploads\/2024\/09\/Bowl-Art-Table-Top-Wash-Basin-6-109x150.webp 109w\" sizes=\"(max-width: 980px) 100vw, 980px\" \/><\/figure>\n<\/div>\n<\/div>\n\n\n\n<p><\/p>","protected":false},"excerpt":{"rendered":"<p>Bienvenue \u00e0 l'achat en gros de r\u00e9cipients en c\u00e9ramique, notre bassin au-dessus du comptoir qui combine beaut\u00e9 artistique et fonction pratique, avec un design \u00e9l\u00e9gant en forme de bol et des mat\u00e9riaux en c\u00e9ramique de haute qualit\u00e9 qui sont r\u00e9sistants aux taches, durables et faciles \u00e0 nettoyer. Id\u00e9al pour les familles, les h\u00f4tels et les entreprises.<\/p>\n<table style=\"border-collapse: collapse; width: 311.02pt;\" border=\"0\" width=\"311\" cellspacing=\"0\" cellpadding=\"0\">\n<tbody>\n<tr style=\"height: 17.60pt;\">\n<td class=\"et3\" style=\"height: 17.60pt; width: 108.35pt;\" width=\"108\" height=\"17\">Fabricant<\/td>\n<td class=\"et3\" style=\"width: 202.95pt;\" width=\"202\">HanYu<\/td>\n<\/tr>\n<tr style=\"height: 17.60pt;\">\n<td class=\"et3\" style=\"height: 17.60pt;\" height=\"17\">Num\u00e9ro de mod\u00e8le.<\/td>\n<td class=\"et4\">HY-8224<\/td>\n<\/tr>\n<tr style=\"height: 17.60pt;\">\n<td class=\"et3\" style=\"height: 17.60pt;\" height=\"17\">Type<\/td>\n<td class=\"et3\">Eviers de comptoir<\/td>\n<\/tr>\n<tr style=\"height: 17.60pt;\">\n<td class=\"et3\" style=\"height: 17.60pt;\" height=\"17\">Forme<\/td>\n<td class=\"et3\">\u00a0Forme carr\u00e9e<\/td>\n<\/tr>\n<tr style=\"height: 17.60pt;\">\n<td class=\"et4\" style=\"height: 17.60pt;\" height=\"17\">Couleur<\/td>\n<td class=\"et3\">Blanc<\/td>\n<\/tr>\n<tr style=\"height: 18.00pt;\">\n<td class=\"et3\" style=\"height: 18.00pt;\" height=\"18\">Dimension<\/td>\n<td class=\"et6\" style=\"width: 202.95pt;\" width=\"202\">43*45.5*12.5<\/td>\n<\/tr>\n<tr style=\"height: 17.60pt;\">\n<td class=\"et3\" style=\"height: 17.60pt;\" height=\"17\">N.W \/SET<\/td>\n<td class=\"et3\">10KGS\/PCS<\/td>\n<\/tr>\n<tr style=\"height: 17.60pt;\">\n<td class=\"et3\" style=\"height: 17.60pt;\" height=\"17\">MOQ<\/td>\n<td class=\"et3\">20pcs<\/td>\n<\/tr>\n<tr style=\"height: 17.60pt;\">\n<td class=\"et3\" style=\"height: 17.60pt;\" height=\"17\">Option personnalis\u00e9e<\/td>\n<td class=\"et3\">Couleur\/Pattenue\/Taille\/Logo\/Emballage<\/td>\n<\/tr>\n<\/tbody>\n<\/table>\n<p>&nbsp;<\/p>","protected":false},"featured_media":5238,"comment_status":"closed","ping_status":"closed","template":"","meta":{"_acf_changed":false},"product_brand":[],"product_cat":[50],"product_tag":[],"class_list":{"0":"post-5215","1":"product","2":"type-product","3":"status-publish","4":"has-post-thumbnail","6":"product_cat-wholesale-countertop-sinks","8":"first","9":"instock","10":"shipping-taxable","11":"product-type-simple"},"acf":[],"_links":{"self":[{"href":"https:\/\/www.ceramicbasin.com\/fr\/wp-json\/wp\/v2\/product\/5215","targetHints":{"allow":["GET"]}}],"collection":[{"href":"https:\/\/www.ceramicbasin.com\/fr\/wp-json\/wp\/v2\/product"}],"about":[{"href":"https:\/\/www.ceramicbasin.com\/fr\/wp-json\/wp\/v2\/types\/product"}],"replies":[{"embeddable":true,"href":"https:\/\/www.ceramicbasin.com\/fr\/wp-json\/wp\/v2\/comments?post=5215"}],"wp:featuredmedia":[{"embeddable":true,"href":"https:\/\/www.ceramicbasin.com\/fr\/wp-json\/wp\/v2\/media\/5238"}],"wp:attachment":[{"href":"https:\/\/www.ceramicbasin.com\/fr\/wp-json\/wp\/v2\/media?parent=5215"}],"wp:term":[{"taxonomy":"product_brand","embeddable":true,"href":"https:\/\/www.ceramicbasin.com\/fr\/wp-json\/wp\/v2\/product_brand?post=5215"},{"taxonomy":"product_cat","embeddable":true,"href":"https:\/\/www.ceramicbasin.com\/fr\/wp-json\/wp\/v2\/product_cat?post=5215"},{"taxonomy":"product_tag","embeddable":true,"href":"https:\/\/www.ceramicbasin.com\/fr\/wp-json\/wp\/v2\/product_tag?post=5215"}],"curies":[{"name":"wp","href":"https:\/\/api.w.org\/{rel}","templated":true}]}}