{"id":5225,"date":"2024-09-25T09:36:51","date_gmt":"2024-09-25T09:36:51","guid":{"rendered":"https:\/\/www.ceramicbasin.com\/?post_type=product&#038;p=5225"},"modified":"2024-09-26T03:50:24","modified_gmt":"2024-09-26T03:50:24","slug":"counter-top-sinks-wholesale","status":"publish","type":"product","link":"https:\/\/www.ceramicbasin.com\/fr\/produit\/counter-top-sinks-wholesale\/","title":{"rendered":"New Design White Ceramic Counter Top Sinks Wholesale For Bathroom"},"content":{"rendered":"<div class=\"wp-block-columns is-layout-flex wp-container-core-columns-is-layout-9d6595d7 wp-block-columns-is-layout-flex\">\n<div class=\"wp-block-column is-layout-flow wp-block-column-is-layout-flow\">\n<h2 class=\"wp-block-heading\">Premium Counter Top Sinks Wholesale Caract\u00e9ristiques :<\/h2>\n\n\n\n<ul class=\"wp-block-list\">\n<li><strong>Avantage de prix :<\/strong> Nous fournissons des services de commande en gros pour ces \u00e9viers de comptoir en c\u00e9ramique, qui sont non seulement abordables, mais aussi livr\u00e9s rapidement, adapt\u00e9s aux projets commerciaux et \u00e0 la d\u00e9coration r\u00e9sidentielle \u00e0 grande \u00e9chelle, r\u00e9pondant aux besoins de haute efficacit\u00e9 et de faible co\u00fbt.<\/li>\n\n\n\n<li><strong>Grande capacit\u00e9 de production : <\/strong>Nous disposons d'un grand entrep\u00f4t pour contenir ces \u00e9viers en c\u00e9ramique en gros. Choisissez les articles qui vous int\u00e9ressent et demandez-nous, la plupart des \u00e9viers blancs en c\u00e9ramique sont en stock, le d\u00e9lai d'exp\u00e9dition sera donc beaucoup plus court.<\/li>\n\n\n\n<li><strong>Belle surface : <\/strong>La surface de nos \u00e9viers de comptoir en c\u00e9ramique est lisse et peut \u00eatre mate ou brillante selon les besoins. Touchez-la et sentez-la, elle est soyeuse et exquise.<\/li>\n\n\n\n<li><strong>Cr\u00e9ation de mode : <\/strong>Notre lavabo rond en gros, au design moderne et \u00e0 la mode avec des lignes douces, convient \u00e0 divers agencements de salles de bains et rehausse la beaut\u00e9 g\u00e9n\u00e9rale et la qualit\u00e9 de l'espace.<\/li>\n<\/ul>\n<\/div>\n\n\n\n<div class=\"wp-block-column is-layout-flow wp-block-column-is-layout-flow\">\n<figure class=\"wp-block-image size-full\"><img fetchpriority=\"high\" decoding=\"async\" width=\"827\" height=\"1200\" src=\"https:\/\/www.ceramicbasin.com\/wp-content\/uploads\/2024\/09\/Counter-Top-Hand-Wash-Basin-6-1.webp\" alt=\"New Design White Ceramic Counter Top Sinks Wholesale For Bathroom-1\" class=\"wp-image-5232\" srcset=\"https:\/\/www.ceramicbasin.com\/wp-content\/uploads\/2024\/09\/Counter-Top-Hand-Wash-Basin-6-1.webp 827w, https:\/\/www.ceramicbasin.com\/wp-content\/uploads\/2024\/09\/Counter-Top-Hand-Wash-Basin-6-1-207x300.webp 207w, https:\/\/www.ceramicbasin.com\/wp-content\/uploads\/2024\/09\/Counter-Top-Hand-Wash-Basin-6-1-768x1114.webp 768w, https:\/\/www.ceramicbasin.com\/wp-content\/uploads\/2024\/09\/Counter-Top-Hand-Wash-Basin-6-1-8x12.webp 8w, https:\/\/www.ceramicbasin.com\/wp-content\/uploads\/2024\/09\/Counter-Top-Hand-Wash-Basin-6-1-285x414.webp 285w, https:\/\/www.ceramicbasin.com\/wp-content\/uploads\/2024\/09\/Counter-Top-Hand-Wash-Basin-6-1-455x660.webp 455w, https:\/\/www.ceramicbasin.com\/wp-content\/uploads\/2024\/09\/Counter-Top-Hand-Wash-Basin-6-1-103x150.webp 103w\" sizes=\"(max-width: 827px) 100vw, 827px\" \/><figcaption class=\"wp-element-caption\">New Design White Ceramic Counter Top Sinks Wholesale For Bathroom-1<\/figcaption><\/figure>\n<\/div>\n<\/div>","protected":false},"excerpt":{"rendered":"<p>Bienvenue \u00e0 l'achat d'\u00e9viers en porcelaine. Nos \u00e9viers de comptoir en c\u00e9ramique de forme ronde ont un design moderne et \u00e0 la mode avec des lignes douces, touchez-les et sentez-les, ils sont soyeux et exquis. La surface est lisse et peut \u00eatre mate ou brillante selon les besoins.<\/p>\n<table style=\"border-collapse: collapse; width: 311.02pt;\" border=\"0\" width=\"311\" cellspacing=\"0\" cellpadding=\"0\">\n<tbody>\n<tr style=\"height: 17.60pt;\">\n<td class=\"et3\" style=\"height: 17.60pt; width: 108.35pt;\" width=\"108\" height=\"17\">Fabricant<\/td>\n<td class=\"et3\" style=\"width: 202.95pt;\" width=\"202\">HanYu<\/td>\n<\/tr>\n<tr style=\"height: 17.60pt;\">\n<td class=\"et3\" style=\"height: 17.60pt;\" height=\"17\">Num\u00e9ro de mod\u00e8le.<\/td>\n<td class=\"et4\">HY-8182<\/td>\n<\/tr>\n<tr style=\"height: 17.60pt;\">\n<td class=\"et3\" style=\"height: 17.60pt;\" height=\"17\">Type<\/td>\n<td class=\"et3\">Eviers de comptoir<\/td>\n<\/tr>\n<tr style=\"height: 17.60pt;\">\n<td class=\"et3\" style=\"height: 17.60pt;\" height=\"17\">Forme<\/td>\n<td class=\"et3\">\u00a0Forme ronde<\/td>\n<\/tr>\n<tr style=\"height: 17.60pt;\">\n<td class=\"et4\" style=\"height: 17.60pt;\" height=\"17\">Couleur<\/td>\n<td class=\"et3\">Blanc<\/td>\n<\/tr>\n<tr style=\"height: 18.00pt;\">\n<td class=\"et3\" style=\"height: 18.00pt;\" height=\"18\">Dimension<\/td>\n<td class=\"et6\" style=\"width: 202.95pt;\" width=\"202\">35*35*12<\/td>\n<\/tr>\n<tr style=\"height: 17.60pt;\">\n<td class=\"et3\" style=\"height: 17.60pt;\" height=\"17\">N.W \/SET<\/td>\n<td class=\"et3\">5.5KGS\/PCS<\/td>\n<\/tr>\n<tr style=\"height: 17.60pt;\">\n<td class=\"et3\" style=\"height: 17.60pt;\" height=\"17\">MOQ<\/td>\n<td class=\"et3\">20pcs<\/td>\n<\/tr>\n<tr style=\"height: 17.60pt;\">\n<td class=\"et3\" style=\"height: 17.60pt;\" height=\"17\">Option personnalis\u00e9e<\/td>\n<td class=\"et3\">Couleur\/Pattenue\/Taille\/Logo\/Emballage<\/td>\n<\/tr>\n<\/tbody>\n<\/table>\n<p>&nbsp;<\/p>","protected":false},"featured_media":5227,"comment_status":"closed","ping_status":"closed","template":"","meta":{"_acf_changed":false},"product_brand":[],"product_cat":[50],"product_tag":[],"class_list":{"0":"post-5225","1":"product","2":"type-product","3":"status-publish","4":"has-post-thumbnail","6":"product_cat-wholesale-countertop-sinks","8":"first","9":"instock","10":"shipping-taxable","11":"product-type-simple"},"acf":[],"_links":{"self":[{"href":"https:\/\/www.ceramicbasin.com\/fr\/wp-json\/wp\/v2\/product\/5225","targetHints":{"allow":["GET"]}}],"collection":[{"href":"https:\/\/www.ceramicbasin.com\/fr\/wp-json\/wp\/v2\/product"}],"about":[{"href":"https:\/\/www.ceramicbasin.com\/fr\/wp-json\/wp\/v2\/types\/product"}],"replies":[{"embeddable":true,"href":"https:\/\/www.ceramicbasin.com\/fr\/wp-json\/wp\/v2\/comments?post=5225"}],"wp:featuredmedia":[{"embeddable":true,"href":"https:\/\/www.ceramicbasin.com\/fr\/wp-json\/wp\/v2\/media\/5227"}],"wp:attachment":[{"href":"https:\/\/www.ceramicbasin.com\/fr\/wp-json\/wp\/v2\/media?parent=5225"}],"wp:term":[{"taxonomy":"product_brand","embeddable":true,"href":"https:\/\/www.ceramicbasin.com\/fr\/wp-json\/wp\/v2\/product_brand?post=5225"},{"taxonomy":"product_cat","embeddable":true,"href":"https:\/\/www.ceramicbasin.com\/fr\/wp-json\/wp\/v2\/product_cat?post=5225"},{"taxonomy":"product_tag","embeddable":true,"href":"https:\/\/www.ceramicbasin.com\/fr\/wp-json\/wp\/v2\/product_tag?post=5225"}],"curies":[{"name":"wp","href":"https:\/\/api.w.org\/{rel}","templated":true}]}}