{"id":5260,"date":"2024-10-08T07:17:24","date_gmt":"2024-10-08T07:17:24","guid":{"rendered":"https:\/\/www.ceramicbasin.com\/?post_type=product&#038;p=5260"},"modified":"2024-10-08T07:17:27","modified_gmt":"2024-10-08T07:17:27","slug":"wholesale-vessel-sinks","status":"publish","type":"product","link":"https:\/\/www.ceramicbasin.com\/fr\/produit\/wholesale-vessel-sinks\/","title":{"rendered":"Petits lavabos carr\u00e9s en gros, lavabos au-dessus du comptoir"},"content":{"rendered":"<div class=\"wp-block-columns is-layout-flex wp-container-core-columns-is-layout-9d6595d7 wp-block-columns-is-layout-flex\">\n<div class=\"wp-block-column is-layout-flow wp-block-column-is-layout-flow\">\n<h2 class=\"wp-block-heading\">Premium Wholesale Vessel Sinks Caract\u00e9ristiques :<\/h2>\n\n\n\n<ul class=\"wp-block-list\">\n<li><strong>Design exquis :<\/strong> Ces \u00e9viers en gros adoptent un design \u00e9pur\u00e9, des bords arrondis et des lignes douces, ce qui leur conf\u00e8re une grande valeur esth\u00e9tique et ajoute une touche de raffinement et d'\u00e9l\u00e9gance \u00e0 l'espace de la salle de bains.<\/li>\n\n\n\n<li><strong>C\u00e9ramique de haute qualit\u00e9 :<\/strong> Les mati\u00e8res premi\u00e8res c\u00e9ramiques de haute qualit\u00e9 s\u00e9lectionn\u00e9es, fritt\u00e9es \u00e0 haute temp\u00e9rature, garantissent que nos \u00e9viers sur mesure en gros ont une structure solide, une surface d\u00e9licate et lisse, facile \u00e0 nettoyer et durable comme un neuf.<\/li>\n\n\n\n<li><strong>Installation sup\u00e9rieure :<\/strong> Cet \u00e9vier en c\u00e9ramique adopte une m\u00e9thode d'installation par le haut, facile \u00e0 installer, stable et fiable, qui permet non seulement d'\u00e9conomiser de l'espace, mais aussi de faciliter l'entretien et le nettoyage quotidiens, et d'am\u00e9liorer l'exp\u00e9rience de l'utilisateur.<\/li>\n\n\n\n<li><strong>\u00c9conomies sur les achats en gros :<\/strong> En tant que fabricant de bassins en c\u00e9ramique en gros, HanYu peut fournir des \u00e9viers sur mesure en gros avec des prix d'achat comp\u00e9titifs pour vous aider \u00e0 contr\u00f4ler efficacement les co\u00fbts de d\u00e9coration sans sacrifier la qualit\u00e9.<\/li>\n<\/ul>\n<\/div>\n\n\n\n<div class=\"wp-block-column is-layout-flow wp-block-column-is-layout-flow\">\n<figure class=\"wp-block-image size-full\"><img fetchpriority=\"high\" decoding=\"async\" width=\"1000\" height=\"1000\" src=\"https:\/\/www.ceramicbasin.com\/wp-content\/uploads\/2024\/10\/Customized-Square-White-Bathroom-Single-Vessel-Sink-Ceramic-Above-Counter-Small-Wash-Basin-5.webp\" alt=\"Petits lavabos carr\u00e9s en gros, lavabos au-dessus du comptoir-1\" class=\"wp-image-5266\" srcset=\"https:\/\/www.ceramicbasin.com\/wp-content\/uploads\/2024\/10\/Customized-Square-White-Bathroom-Single-Vessel-Sink-Ceramic-Above-Counter-Small-Wash-Basin-5.webp 1000w, https:\/\/www.ceramicbasin.com\/wp-content\/uploads\/2024\/10\/Customized-Square-White-Bathroom-Single-Vessel-Sink-Ceramic-Above-Counter-Small-Wash-Basin-5-300x300.webp 300w, https:\/\/www.ceramicbasin.com\/wp-content\/uploads\/2024\/10\/Customized-Square-White-Bathroom-Single-Vessel-Sink-Ceramic-Above-Counter-Small-Wash-Basin-5-150x150.webp 150w, https:\/\/www.ceramicbasin.com\/wp-content\/uploads\/2024\/10\/Customized-Square-White-Bathroom-Single-Vessel-Sink-Ceramic-Above-Counter-Small-Wash-Basin-5-768x768.webp 768w, https:\/\/www.ceramicbasin.com\/wp-content\/uploads\/2024\/10\/Customized-Square-White-Bathroom-Single-Vessel-Sink-Ceramic-Above-Counter-Small-Wash-Basin-5-12x12.webp 12w, https:\/\/www.ceramicbasin.com\/wp-content\/uploads\/2024\/10\/Customized-Square-White-Bathroom-Single-Vessel-Sink-Ceramic-Above-Counter-Small-Wash-Basin-5-285x285.webp 285w, https:\/\/www.ceramicbasin.com\/wp-content\/uploads\/2024\/10\/Customized-Square-White-Bathroom-Single-Vessel-Sink-Ceramic-Above-Counter-Small-Wash-Basin-5-270x270.webp 270w, https:\/\/www.ceramicbasin.com\/wp-content\/uploads\/2024\/10\/Customized-Square-White-Bathroom-Single-Vessel-Sink-Ceramic-Above-Counter-Small-Wash-Basin-5-540x540.webp 540w, https:\/\/www.ceramicbasin.com\/wp-content\/uploads\/2024\/10\/Customized-Square-White-Bathroom-Single-Vessel-Sink-Ceramic-Above-Counter-Small-Wash-Basin-5-660x660.webp 660w\" sizes=\"(max-width: 1000px) 100vw, 1000px\" \/><\/figure>\n<\/div>\n<\/div>","protected":false},"excerpt":{"rendered":"<p>Nous vous invitons \u00e0 acheter des \u00e9viers en gros. Ces vasques en c\u00e9ramique sont directement fournies par notre usine, ce qui r\u00e9duit consid\u00e9rablement vos co\u00fbts d'achat. Nos vasques en c\u00e9ramique sont fabriqu\u00e9es en c\u00e9ramique de haute qualit\u00e9 et cuites \u00e0 haute temp\u00e9rature. Nous offrons des rabais de gros sur ce design populaire pour r\u00e9pondre aux besoins des projets commerciaux ou des grandes r\u00e9novations r\u00e9sidentielles.<\/p>\n<table style=\"border-collapse: collapse; width: 358.52pt;\" border=\"0\" width=\"478\" cellspacing=\"0\" cellpadding=\"0\">\n<tbody>\n<tr style=\"height: 17.25pt;\">\n<td class=\"et3\" style=\"height: 17.25pt; width: 125.00pt;\" width=\"166\" height=\"23\">Fabricant<\/td>\n<td class=\"et3\" style=\"width: 234.15pt;\" width=\"312\">HanYu<\/td>\n<\/tr>\n<tr style=\"height: 17.25pt;\">\n<td class=\"et3\" style=\"height: 17.25pt;\" height=\"23\">Num\u00e9ro de mod\u00e8le.<\/td>\n<td class=\"et4\">HY-8198<\/td>\n<\/tr>\n<tr style=\"height: 17.25pt;\">\n<td class=\"et3\" style=\"height: 17.25pt;\" height=\"23\">Type<\/td>\n<td class=\"et5\" style=\"width: 234.15pt;\" width=\"312\">Bassins de comptoir<\/td>\n<\/tr>\n<tr style=\"height: 18.00pt;\">\n<td class=\"et3\" style=\"height: 18.00pt;\" height=\"24\">Forme<\/td>\n<td class=\"et3\">Forme carr\u00e9e<\/td>\n<\/tr>\n<tr style=\"height: 34.50pt;\">\n<td class=\"et4\" style=\"height: 34.50pt;\" height=\"46\">Couleur<\/td>\n<td class=\"et5\" style=\"width: 234.15pt;\" width=\"312\">noir\/blanc\/bleu\/gris\/rose\/vert\/marron\/kaki<\/td>\n<\/tr>\n<tr style=\"height: 18.00pt;\">\n<td class=\"et3\" style=\"height: 18.00pt;\" height=\"24\">Dimension<\/td>\n<td class=\"et5\" style=\"width: 234.15pt;\" width=\"312\">37.5*37.5*13.5<\/td>\n<\/tr>\n<tr style=\"height: 17.25pt;\">\n<td class=\"et3\" style=\"height: 17.25pt;\" height=\"23\">N.W \/SET<\/td>\n<td class=\"et3\">7 KGS\/PCS<\/td>\n<\/tr>\n<tr style=\"height: 17.25pt;\">\n<td class=\"et3\" style=\"height: 17.25pt;\" height=\"23\">MOQ<\/td>\n<td class=\"et3\">20pcs<\/td>\n<\/tr>\n<tr style=\"height: 17.25pt;\">\n<td class=\"et3\" style=\"height: 17.25pt;\" height=\"23\">Option personnalis\u00e9e<\/td>\n<td class=\"et3\">Couleur\/Pattenue\/Taille\/Logo\/Emballage<\/td>\n<\/tr>\n<\/tbody>\n<\/table>\n<p>&nbsp;<\/p>","protected":false},"featured_media":5265,"comment_status":"closed","ping_status":"closed","template":"","meta":{"_acf_changed":false},"product_brand":[],"product_cat":[50,56],"product_tag":[],"class_list":{"0":"post-5260","1":"product","2":"type-product","3":"status-publish","4":"has-post-thumbnail","6":"product_cat-wholesale-countertop-sinks","7":"product_cat-wholesale-small-bathroom-sinks","9":"first","10":"instock","11":"shipping-taxable","12":"product-type-simple"},"acf":[],"_links":{"self":[{"href":"https:\/\/www.ceramicbasin.com\/fr\/wp-json\/wp\/v2\/product\/5260","targetHints":{"allow":["GET"]}}],"collection":[{"href":"https:\/\/www.ceramicbasin.com\/fr\/wp-json\/wp\/v2\/product"}],"about":[{"href":"https:\/\/www.ceramicbasin.com\/fr\/wp-json\/wp\/v2\/types\/product"}],"replies":[{"embeddable":true,"href":"https:\/\/www.ceramicbasin.com\/fr\/wp-json\/wp\/v2\/comments?post=5260"}],"wp:featuredmedia":[{"embeddable":true,"href":"https:\/\/www.ceramicbasin.com\/fr\/wp-json\/wp\/v2\/media\/5265"}],"wp:attachment":[{"href":"https:\/\/www.ceramicbasin.com\/fr\/wp-json\/wp\/v2\/media?parent=5260"}],"wp:term":[{"taxonomy":"product_brand","embeddable":true,"href":"https:\/\/www.ceramicbasin.com\/fr\/wp-json\/wp\/v2\/product_brand?post=5260"},{"taxonomy":"product_cat","embeddable":true,"href":"https:\/\/www.ceramicbasin.com\/fr\/wp-json\/wp\/v2\/product_cat?post=5260"},{"taxonomy":"product_tag","embeddable":true,"href":"https:\/\/www.ceramicbasin.com\/fr\/wp-json\/wp\/v2\/product_tag?post=5260"}],"curies":[{"name":"wp","href":"https:\/\/api.w.org\/{rel}","templated":true}]}}