{"id":5268,"date":"2024-10-06T07:55:18","date_gmt":"2024-10-06T07:55:18","guid":{"rendered":"https:\/\/www.ceramicbasin.com\/?post_type=product&#038;p=5268"},"modified":"2024-10-06T07:55:20","modified_gmt":"2024-10-06T07:55:20","slug":"wholesale-vessel-sinks-2","status":"publish","type":"product","link":"https:\/\/www.ceramicbasin.com\/fr\/produit\/wholesale-vessel-sinks-2\/","title":{"rendered":"Lavabo - Lavabo - Lavabo - Lavabo - Lavabo - Lavabo - Lavabo - Lavabo - Lavabo - Lavabo - Lavabo - Lavabo - Lavabo - Lavabo - Lavabo - Lavabo"},"content":{"rendered":"<div class=\"wp-block-columns is-layout-flex wp-container-core-columns-is-layout-9d6595d7 wp-block-columns-is-layout-flex\">\n<div class=\"wp-block-column is-layout-flow wp-block-column-is-layout-flow\">\n<h2 class=\"wp-block-heading\">Premium Wholesale Vessel Sinks Caract\u00e9ristiques :<\/h2>\n\n\n\n<ul class=\"wp-block-list\">\n<li><strong>Cr\u00e9ation de mode :<\/strong> Nos \u00e9viers en porcelaine ont un design moderne et \u00e0 la mode avec des lignes douces. Ils conviennent \u00e0 divers agencements de salles de bains et rehaussent la beaut\u00e9 g\u00e9n\u00e9rale et la qualit\u00e9 de l'espace.<\/li>\n\n\n\n<li><strong>Vente directe \u00e0 l'usine :<\/strong>&nbsp;Les lavabos en c\u00e9ramique de HanYu sont vendus en gros directement par l'usine, ce qui \u00e9limine la diff\u00e9rence de prix des interm\u00e9diaires. L'achat en gros de lavabos de salle de bain vous assure d'acheter des lavabos de salle de bain de haute qualit\u00e9 en gros au prix le plus bas.<\/li>\n\n\n\n<li><strong>Mat\u00e9riau c\u00e9ramique de haute qualit\u00e9 :<\/strong>\u00a0Les \u00e9viers en gros de HanYu sont fabriqu\u00e9s \u00e0 partir de mati\u00e8res premi\u00e8res c\u00e9ramiques de haute qualit\u00e9, cuites \u00e0 haute temp\u00e9rature, avec une texture solide et une surface lisse, emp\u00eachant efficacement la salet\u00e9 d'adh\u00e9rer.<\/li>\n\n\n\n<li><strong>Remise sur les achats en gros :<\/strong>\u00a0Nous proposons des remises en gros pour les \u00e9viers en c\u00e9ramique personnalis\u00e9s en vrac afin de r\u00e9pondre aux besoins des projets commerciaux ou de d\u00e9coration r\u00e9sidentielle \u00e0 grande \u00e9chelle.<\/li>\n<\/ul>\n<\/div>\n\n\n\n<div class=\"wp-block-column is-layout-flow wp-block-column-is-layout-flow\">\n<figure class=\"wp-block-image size-full\"><img fetchpriority=\"high\" decoding=\"async\" width=\"1000\" height=\"1000\" src=\"https:\/\/www.ceramicbasin.com\/wp-content\/uploads\/2024\/10\/Modern-Washroom-Glossy-White-Lavabo-Ceramic-Wudu-Basin-Bathroom-Sinks-Countertop-Wash-Hand-Basin-5.webp\" alt=\"Vasques de grosseur \u00e9l\u00e9gante, comptoir blanc brillant Lavabo-1\" class=\"wp-image-5273\" srcset=\"https:\/\/www.ceramicbasin.com\/wp-content\/uploads\/2024\/10\/Modern-Washroom-Glossy-White-Lavabo-Ceramic-Wudu-Basin-Bathroom-Sinks-Countertop-Wash-Hand-Basin-5.webp 1000w, https:\/\/www.ceramicbasin.com\/wp-content\/uploads\/2024\/10\/Modern-Washroom-Glossy-White-Lavabo-Ceramic-Wudu-Basin-Bathroom-Sinks-Countertop-Wash-Hand-Basin-5-300x300.webp 300w, https:\/\/www.ceramicbasin.com\/wp-content\/uploads\/2024\/10\/Modern-Washroom-Glossy-White-Lavabo-Ceramic-Wudu-Basin-Bathroom-Sinks-Countertop-Wash-Hand-Basin-5-150x150.webp 150w, https:\/\/www.ceramicbasin.com\/wp-content\/uploads\/2024\/10\/Modern-Washroom-Glossy-White-Lavabo-Ceramic-Wudu-Basin-Bathroom-Sinks-Countertop-Wash-Hand-Basin-5-768x768.webp 768w, https:\/\/www.ceramicbasin.com\/wp-content\/uploads\/2024\/10\/Modern-Washroom-Glossy-White-Lavabo-Ceramic-Wudu-Basin-Bathroom-Sinks-Countertop-Wash-Hand-Basin-5-12x12.webp 12w, https:\/\/www.ceramicbasin.com\/wp-content\/uploads\/2024\/10\/Modern-Washroom-Glossy-White-Lavabo-Ceramic-Wudu-Basin-Bathroom-Sinks-Countertop-Wash-Hand-Basin-5-285x285.webp 285w, https:\/\/www.ceramicbasin.com\/wp-content\/uploads\/2024\/10\/Modern-Washroom-Glossy-White-Lavabo-Ceramic-Wudu-Basin-Bathroom-Sinks-Countertop-Wash-Hand-Basin-5-270x270.webp 270w, https:\/\/www.ceramicbasin.com\/wp-content\/uploads\/2024\/10\/Modern-Washroom-Glossy-White-Lavabo-Ceramic-Wudu-Basin-Bathroom-Sinks-Countertop-Wash-Hand-Basin-5-540x540.webp 540w, https:\/\/www.ceramicbasin.com\/wp-content\/uploads\/2024\/10\/Modern-Washroom-Glossy-White-Lavabo-Ceramic-Wudu-Basin-Bathroom-Sinks-Countertop-Wash-Hand-Basin-5-660x660.webp 660w\" sizes=\"(max-width: 1000px) 100vw, 1000px\" \/><\/figure>\n<\/div>\n<\/div>\n\n\n\n<p><\/p>","protected":false},"excerpt":{"rendered":"<p>Nous vous invitons \u00e0 acheter des \u00e9viers en gros. Ces lavabos en c\u00e9ramique sont directement fournis par notre usine, ce qui r\u00e9duit consid\u00e9rablement vos co\u00fbts d'achat. Nos vasques en c\u00e9ramique sont fabriqu\u00e9es en c\u00e9ramique de haute qualit\u00e9 et cuites \u00e0 haute temp\u00e9rature. Ces vasques de salle de bain en gros sont faciles \u00e0 installer, offrant une solution sans tracas pour les nouvelles constructions et les r\u00e9novations de salle de bain.<\/p>\n<table style=\"border-collapse: collapse; width: 358.52pt;\" border=\"0\" width=\"478\" cellspacing=\"0\" cellpadding=\"0\">\n<tbody>\n<tr style=\"height: 17.25pt;\">\n<td class=\"et3\" style=\"height: 17.25pt; width: 125.00pt;\" width=\"166\" height=\"23\">Fabricant<\/td>\n<td class=\"et3\" style=\"width: 234.15pt;\" width=\"312\">HanYu<\/td>\n<\/tr>\n<tr style=\"height: 17.25pt;\">\n<td class=\"et3\" style=\"height: 17.25pt;\" height=\"23\">Num\u00e9ro de mod\u00e8le.<\/td>\n<td class=\"et4\">HY-8201<\/td>\n<\/tr>\n<tr style=\"height: 17.25pt;\">\n<td class=\"et3\" style=\"height: 17.25pt;\" height=\"23\">Type<\/td>\n<td class=\"et5\" style=\"width: 234.15pt;\" width=\"312\">Bassins de comptoir<\/td>\n<\/tr>\n<tr style=\"height: 18.00pt;\">\n<td class=\"et3\" style=\"height: 18.00pt;\" height=\"24\">Forme<\/td>\n<td class=\"et3\">Forme rectangulaire<\/td>\n<\/tr>\n<tr style=\"height: 34.50pt;\">\n<td class=\"et4\" style=\"height: 34.50pt;\" height=\"46\">Couleur<\/td>\n<td class=\"et5\" style=\"width: 234.15pt;\" width=\"312\">noir\/blanc\/bleu\/gris\/rose\/vert\/marron\/kaki<\/td>\n<\/tr>\n<tr style=\"height: 18.00pt;\">\n<td class=\"et3\" style=\"height: 18.00pt;\" height=\"24\">Dimension<\/td>\n<td class=\"et5\" style=\"width: 234.15pt;\" width=\"312\">50*38*13.5<\/td>\n<\/tr>\n<tr style=\"height: 17.25pt;\">\n<td class=\"et3\" style=\"height: 17.25pt;\" height=\"23\">N.W \/SET<\/td>\n<td class=\"et3\">10KGS\/PCS<\/td>\n<\/tr>\n<tr style=\"height: 17.25pt;\">\n<td class=\"et3\" style=\"height: 17.25pt;\" height=\"23\">MOQ<\/td>\n<td class=\"et3\">20pcs<\/td>\n<\/tr>\n<tr style=\"height: 17.25pt;\">\n<td class=\"et3\" style=\"height: 17.25pt;\" height=\"23\">Option personnalis\u00e9e<\/td>\n<td class=\"et3\">Couleur\/Pattenue\/Taille\/Logo\/Emballage<\/td>\n<\/tr>\n<\/tbody>\n<\/table>","protected":false},"featured_media":5269,"comment_status":"closed","ping_status":"closed","template":"","meta":{"_acf_changed":false},"product_brand":[],"product_cat":[50],"product_tag":[],"class_list":{"0":"post-5268","1":"product","2":"type-product","3":"status-publish","4":"has-post-thumbnail","6":"product_cat-wholesale-countertop-sinks","8":"first","9":"instock","10":"shipping-taxable","11":"product-type-simple"},"acf":[],"_links":{"self":[{"href":"https:\/\/www.ceramicbasin.com\/fr\/wp-json\/wp\/v2\/product\/5268","targetHints":{"allow":["GET"]}}],"collection":[{"href":"https:\/\/www.ceramicbasin.com\/fr\/wp-json\/wp\/v2\/product"}],"about":[{"href":"https:\/\/www.ceramicbasin.com\/fr\/wp-json\/wp\/v2\/types\/product"}],"replies":[{"embeddable":true,"href":"https:\/\/www.ceramicbasin.com\/fr\/wp-json\/wp\/v2\/comments?post=5268"}],"wp:featuredmedia":[{"embeddable":true,"href":"https:\/\/www.ceramicbasin.com\/fr\/wp-json\/wp\/v2\/media\/5269"}],"wp:attachment":[{"href":"https:\/\/www.ceramicbasin.com\/fr\/wp-json\/wp\/v2\/media?parent=5268"}],"wp:term":[{"taxonomy":"product_brand","embeddable":true,"href":"https:\/\/www.ceramicbasin.com\/fr\/wp-json\/wp\/v2\/product_brand?post=5268"},{"taxonomy":"product_cat","embeddable":true,"href":"https:\/\/www.ceramicbasin.com\/fr\/wp-json\/wp\/v2\/product_cat?post=5268"},{"taxonomy":"product_tag","embeddable":true,"href":"https:\/\/www.ceramicbasin.com\/fr\/wp-json\/wp\/v2\/product_tag?post=5268"}],"curies":[{"name":"wp","href":"https:\/\/api.w.org\/{rel}","templated":true}]}}