{"id":5322,"date":"2024-10-11T02:57:34","date_gmt":"2024-10-11T02:57:34","guid":{"rendered":"https:\/\/www.ceramicbasin.com\/?post_type=product&#038;p=5322"},"modified":"2024-10-11T02:57:36","modified_gmt":"2024-10-11T02:57:36","slug":"semi-recessed-wholesale-sinks","status":"publish","type":"product","link":"https:\/\/www.ceramicbasin.com\/fr\/produit\/semi-recessed-wholesale-sinks\/","title":{"rendered":"\u00c9viers en gros semi-encastr\u00e9s de qualit\u00e9 sup\u00e9rieure, bassins en c\u00e9ramique en gros"},"content":{"rendered":"<div class=\"wp-block-columns is-layout-flex wp-container-core-columns-is-layout-9d6595d7 wp-block-columns-is-layout-flex\">\n<div class=\"wp-block-column is-layout-flow wp-block-column-is-layout-flow\">\n<h2 class=\"wp-block-heading\">Premium Semi-Recessed Wholesale Sinks Caract\u00e9ristiques :<\/h2>\n\n\n\n<ul class=\"wp-block-list\">\n<li><strong>Mat\u00e9riau c\u00e9ramique, excellente qualit\u00e9 :<\/strong>\u00a0Ces \u00e9viers semi-encastr\u00e9s en gros sont fabriqu\u00e9s en c\u00e9ramique de haute qualit\u00e9, qui pr\u00e9sente les caract\u00e9ristiques d'une grande solidit\u00e9 et d'une grande r\u00e9sistance \u00e0 l'usure. La surface de la c\u00e9ramique est lisse et d\u00e9licate, la couleur est durable, elle n'est pas facile \u00e0 d\u00e9colorer et peut conserver sa beaut\u00e9 pendant longtemps.<\/li>\n\n\n\n<li><strong>Nouveau design, \u00e0 la pointe de la tendance :<\/strong>\u00a0En combinant les derniers concepts de design et la demande du march\u00e9 pour les \u00e9viers semi-encastr\u00e9s en c\u00e9ramique, nous avons lanc\u00e9 une s\u00e9rie de nouveaux styles. Ces mod\u00e8les ne suivent pas seulement les tendances de la mode, mais prennent \u00e9galement en compte la combinaison de la praticit\u00e9 et de l'esth\u00e9tique, et peuvent r\u00e9pondre aux exigences \u00e9lev\u00e9es de la d\u00e9coration des salles de bains modernes.<\/li>\n\n\n\n<li><strong>Robuste et durable :<\/strong>&nbsp;Notre \u00e9vier en c\u00e9ramique est fabriqu\u00e9 \u00e0 partir de mat\u00e9riaux c\u00e9ramiques de haute qualit\u00e9 et cuit \u00e0 haute temp\u00e9rature pour garantir que le produit est durable, r\u00e9sistant aux taches et aux rayures. La surface lisse est non seulement facile \u00e0 nettoyer, mais elle conserve \u00e9galement sa beaut\u00e9 et son \u00e9clat pendant longtemps.<\/li>\n\n\n\n<li><strong>Prix comp\u00e9titif :\u00a0<\/strong>En tant que fabricant principal d'\u00e9viers de salle de bain, Hanyu vous fournit des \u00e9viers semi-encastr\u00e9s de haute qualit\u00e9 en gros aux prix les plus comp\u00e9titifs pour augmenter vos marges de profit.<\/li>\n<\/ul>\n<\/div>\n\n\n\n<div class=\"wp-block-column is-layout-flow wp-block-column-is-layout-flow\">\n<figure class=\"wp-block-image size-full\"><img fetchpriority=\"high\" decoding=\"async\" width=\"679\" height=\"931\" src=\"https:\/\/www.ceramicbasin.com\/wp-content\/uploads\/2024\/10\/Wholesale-basin-supplier-semi-counter-hand-washing-basin-1.webp\" alt=\"\u00c9viers en gros semi-encastr\u00e9s de qualit\u00e9 sup\u00e9rieure, bassins en c\u00e9ramique en gros-1\" class=\"wp-image-5295\" srcset=\"https:\/\/www.ceramicbasin.com\/wp-content\/uploads\/2024\/10\/Wholesale-basin-supplier-semi-counter-hand-washing-basin-1.webp 679w, https:\/\/www.ceramicbasin.com\/wp-content\/uploads\/2024\/10\/Wholesale-basin-supplier-semi-counter-hand-washing-basin-1-219x300.webp 219w, https:\/\/www.ceramicbasin.com\/wp-content\/uploads\/2024\/10\/Wholesale-basin-supplier-semi-counter-hand-washing-basin-1-9x12.webp 9w, https:\/\/www.ceramicbasin.com\/wp-content\/uploads\/2024\/10\/Wholesale-basin-supplier-semi-counter-hand-washing-basin-1-285x391.webp 285w, https:\/\/www.ceramicbasin.com\/wp-content\/uploads\/2024\/10\/Wholesale-basin-supplier-semi-counter-hand-washing-basin-1-481x660.webp 481w, https:\/\/www.ceramicbasin.com\/wp-content\/uploads\/2024\/10\/Wholesale-basin-supplier-semi-counter-hand-washing-basin-1-109x150.webp 109w\" sizes=\"(max-width: 679px) 100vw, 679px\" \/><figcaption class=\"wp-element-caption\">\u00c9viers en gros semi-encastr\u00e9s de qualit\u00e9 sup\u00e9rieure, bassins en c\u00e9ramique en gros-1<\/figcaption><\/figure>\n<\/div>\n<\/div>","protected":false},"excerpt":{"rendered":"<p>Ces \u00e9viers de gros semi-encastr\u00e9s sont fabriqu\u00e9s en c\u00e9ramique haut de gamme, avec une texture lisse, une excellente durabilit\u00e9 et une r\u00e9sistance aux taches. Le design semi-encastr\u00e9 allie mode et fonctionnalit\u00e9, ce qui permet d'\u00e9conomiser de l'espace et de rehausser l'aspect moderne de la salle de bains. Ils conviennent \u00e0 toutes sortes de projets r\u00e9sidentiels, h\u00f4teliers et commerciaux haut de gamme. Les grossistes peuvent fournir une vari\u00e9t\u00e9 de tailles et de couleurs en fonction des besoins des clients.<\/p>\n<table style=\"border-collapse: collapse; width: 358.52pt;\" border=\"0\" width=\"478\" cellspacing=\"0\" cellpadding=\"0\">\n<tbody>\n<tr style=\"height: 17.25pt;\">\n<td class=\"et3\" style=\"height: 17.25pt; width: 125.00pt;\" width=\"166\" height=\"23\">Fabricant<\/td>\n<td class=\"et3\" style=\"width: 234.15pt;\" width=\"312\">HanYu<\/td>\n<\/tr>\n<tr style=\"height: 17.25pt;\">\n<td class=\"et3\" style=\"height: 17.25pt;\" height=\"23\">Num\u00e9ro de mod\u00e8le.<\/td>\n<td class=\"et4\">HY-409<\/td>\n<\/tr>\n<tr style=\"height: 17.25pt;\">\n<td class=\"et3\" style=\"height: 17.25pt;\" height=\"23\">Type<\/td>\n<td class=\"et5\" style=\"width: 234.15pt;\" width=\"312\">Eviers semi-encastr\u00e9s<\/td>\n<\/tr>\n<tr style=\"height: 18.00pt;\">\n<td class=\"et3\" style=\"height: 18.00pt;\" height=\"24\">Forme<\/td>\n<td class=\"et3\">Forme ronde<\/td>\n<\/tr>\n<tr style=\"height: 34.50pt;\">\n<td class=\"et4\" style=\"height: 34.50pt;\" height=\"46\">Couleur<\/td>\n<td class=\"et5\" style=\"width: 234.15pt;\" width=\"312\">noir\/blanc\/bleu\/gris\/rose\/vert\/marron\/kaki<\/td>\n<\/tr>\n<tr style=\"height: 18.00pt;\">\n<td class=\"et3\" style=\"height: 18.00pt;\" height=\"24\">Dimension<\/td>\n<td class=\"et5\" style=\"width: 234.15pt;\" width=\"312\">43.5*43.5*15.5<\/td>\n<\/tr>\n<tr style=\"height: 17.25pt;\">\n<td class=\"et3\" style=\"height: 17.25pt;\" height=\"23\">N.W \/SET<\/td>\n<td class=\"et3\">8KGS\/PCS<\/td>\n<\/tr>\n<tr style=\"height: 17.25pt;\">\n<td class=\"et3\" style=\"height: 17.25pt;\" height=\"23\">MOQ<\/td>\n<td class=\"et3\">20pcs<\/td>\n<\/tr>\n<tr style=\"height: 17.25pt;\">\n<td class=\"et3\" style=\"height: 17.25pt;\" height=\"23\">Option personnalis\u00e9e<\/td>\n<td class=\"et3\">Couleur\/Pattenue\/Taille\/Logo\/Emballage<\/td>\n<\/tr>\n<\/tbody>\n<\/table>","protected":false},"featured_media":5301,"comment_status":"closed","ping_status":"closed","template":"","meta":{"_acf_changed":false},"product_brand":[],"product_cat":[58],"product_tag":[],"class_list":{"0":"post-5322","1":"product","2":"type-product","3":"status-publish","4":"has-post-thumbnail","6":"product_cat-wholesale-semi-recessed-sinks","8":"first","9":"instock","10":"shipping-taxable","11":"product-type-simple"},"acf":[],"_links":{"self":[{"href":"https:\/\/www.ceramicbasin.com\/fr\/wp-json\/wp\/v2\/product\/5322","targetHints":{"allow":["GET"]}}],"collection":[{"href":"https:\/\/www.ceramicbasin.com\/fr\/wp-json\/wp\/v2\/product"}],"about":[{"href":"https:\/\/www.ceramicbasin.com\/fr\/wp-json\/wp\/v2\/types\/product"}],"replies":[{"embeddable":true,"href":"https:\/\/www.ceramicbasin.com\/fr\/wp-json\/wp\/v2\/comments?post=5322"}],"wp:featuredmedia":[{"embeddable":true,"href":"https:\/\/www.ceramicbasin.com\/fr\/wp-json\/wp\/v2\/media\/5301"}],"wp:attachment":[{"href":"https:\/\/www.ceramicbasin.com\/fr\/wp-json\/wp\/v2\/media?parent=5322"}],"wp:term":[{"taxonomy":"product_brand","embeddable":true,"href":"https:\/\/www.ceramicbasin.com\/fr\/wp-json\/wp\/v2\/product_brand?post=5322"},{"taxonomy":"product_cat","embeddable":true,"href":"https:\/\/www.ceramicbasin.com\/fr\/wp-json\/wp\/v2\/product_cat?post=5322"},{"taxonomy":"product_tag","embeddable":true,"href":"https:\/\/www.ceramicbasin.com\/fr\/wp-json\/wp\/v2\/product_tag?post=5322"}],"curies":[{"name":"wp","href":"https:\/\/api.w.org\/{rel}","templated":true}]}}