{"id":5327,"date":"2024-10-25T01:38:19","date_gmt":"2024-10-25T01:38:19","guid":{"rendered":"https:\/\/www.ceramicbasin.com\/?post_type=product&#038;p=5327"},"modified":"2024-10-25T01:38:21","modified_gmt":"2024-10-25T01:38:21","slug":"wholesale-sink","status":"publish","type":"product","link":"https:\/\/www.ceramicbasin.com\/fr\/produit\/wholesale-sink\/","title":{"rendered":"Factory Wholesale Sink, Semi Recessed Custom Wash Basins With Top Hole (Lavabo semi-encastr\u00e9 sur mesure avec trou sup\u00e9rieur)"},"content":{"rendered":"<div class=\"wp-block-columns is-layout-flex wp-container-core-columns-is-layout-9d6595d7 wp-block-columns-is-layout-flex\">\n<div class=\"wp-block-column is-layout-flow wp-block-column-is-layout-flow\">\n<h2 class=\"wp-block-heading\">Premium Wholesale Sink Caract\u00e9ristiques :<\/h2>\n\n\n\n<ul class=\"wp-block-list\">\n<li><strong>Grande capacit\u00e9 de production :\u00a0<\/strong>Un grand entrep\u00f4t pour contenir ces \u00e9viers en c\u00e9ramique en gros. Choisissez les articles qui vous int\u00e9ressent et demandez-nous, la plupart des \u00e9viers en c\u00e9ramique blanche en gros sont en stock, le d\u00e9lai de livraison sera donc beaucoup plus court.<\/li>\n\n\n\n<li><strong>Belle surface :\u00a0<\/strong>La surface de nos lavabos semi-encastr\u00e9s en c\u00e9ramique est lisse et peut \u00eatre mate ou brillante selon les besoins. Touchez-la et sentez-la, elle est soyeuse et exquise.<\/li>\n\n\n\n<li><strong>R\u00e9duction des co\u00fbts :\u00a0<\/strong>Nous fournissons des \u00e9viers en c\u00e9ramique en gros et en direct de l'usine pour garantir que vous pouvez fournir des produits de haute qualit\u00e9 aux prix les plus comp\u00e9titifs. Les achats en gros peuvent b\u00e9n\u00e9ficier de remises suppl\u00e9mentaires et aider les propri\u00e9taires d'h\u00f4tels \u00e0 \u00e9conomiser sur les co\u00fbts de d\u00e9coration.<\/li>\n\n\n\n<li><strong>Sant\u00e9 et s\u00e9curit\u00e9 :<\/strong>\u00a0Nos lavabos semi-encastr\u00e9s en c\u00e9ramique adoptent des processus de production respectueux de l'environnement et ne contiennent pas de substances nocives pour garantir que les produits sont inoffensifs pour le corps humain. HanYu s'engage \u00e0 fournir des produits de salle de bain s\u00fbrs et \u00e9cologiques pour votre h\u00f4tel.<\/li>\n<\/ul>\n<\/div>\n\n\n\n<div class=\"wp-block-column is-layout-flow wp-block-column-is-layout-flow\">\n<figure class=\"wp-block-image size-full\"><img fetchpriority=\"high\" decoding=\"async\" width=\"682\" height=\"967\" src=\"https:\/\/www.ceramicbasin.com\/wp-content\/uploads\/2024\/10\/Ceramic-wash-basin-supplier-semi-recessed-basin-with-tap-hole-5.webp\" alt=\"Factory Wholesale Sink, Semi Recessed Custom Wash Basins With Top Hole-1 (\u00e9vier semi-encastr\u00e9 sur mesure avec trou sup\u00e9rieur)\" class=\"wp-image-5316\" srcset=\"https:\/\/www.ceramicbasin.com\/wp-content\/uploads\/2024\/10\/Ceramic-wash-basin-supplier-semi-recessed-basin-with-tap-hole-5.webp 682w, https:\/\/www.ceramicbasin.com\/wp-content\/uploads\/2024\/10\/Ceramic-wash-basin-supplier-semi-recessed-basin-with-tap-hole-5-212x300.webp 212w, https:\/\/www.ceramicbasin.com\/wp-content\/uploads\/2024\/10\/Ceramic-wash-basin-supplier-semi-recessed-basin-with-tap-hole-5-8x12.webp 8w, https:\/\/www.ceramicbasin.com\/wp-content\/uploads\/2024\/10\/Ceramic-wash-basin-supplier-semi-recessed-basin-with-tap-hole-5-285x404.webp 285w, https:\/\/www.ceramicbasin.com\/wp-content\/uploads\/2024\/10\/Ceramic-wash-basin-supplier-semi-recessed-basin-with-tap-hole-5-465x660.webp 465w, https:\/\/www.ceramicbasin.com\/wp-content\/uploads\/2024\/10\/Ceramic-wash-basin-supplier-semi-recessed-basin-with-tap-hole-5-106x150.webp 106w\" sizes=\"(max-width: 682px) 100vw, 682px\" \/><\/figure>\n<\/div>\n<\/div>\n\n\n\n<p><\/p>","protected":false},"excerpt":{"rendered":"<p>Bienvenue sur le site d'achat de lavabos. Hanyu fournit des \u00e9viers en c\u00e9ramique semi-encastr\u00e9s en gros et des fournitures directement de l'usine pour s'assurer que vous pouvez commander des produits de haute qualit\u00e9 aux prix les plus comp\u00e9titifs. Les achats en gros peuvent b\u00e9n\u00e9ficier de remises suppl\u00e9mentaires et aider les propri\u00e9taires d'h\u00f4tels \u00e0 \u00e9conomiser sur les co\u00fbts de d\u00e9coration.<\/p>\n<table style=\"border-collapse: collapse; width: 358.52pt;\" border=\"0\" width=\"478\" cellspacing=\"0\" cellpadding=\"0\">\n<tbody>\n<tr style=\"height: 17.25pt;\">\n<td class=\"et3\" style=\"height: 17.25pt; width: 125.00pt;\" width=\"166\" height=\"23\">Fabricant<\/td>\n<td class=\"et3\" style=\"width: 234.15pt;\" width=\"312\">HanYu<\/td>\n<\/tr>\n<tr style=\"height: 17.25pt;\">\n<td class=\"et3\" style=\"height: 17.25pt;\" height=\"23\">Num\u00e9ro de mod\u00e8le.<\/td>\n<td class=\"et4\">HY-5078<\/td>\n<\/tr>\n<tr style=\"height: 17.25pt;\">\n<td class=\"et3\" style=\"height: 17.25pt;\" height=\"23\">Type<\/td>\n<td class=\"et5\" style=\"width: 234.15pt;\" width=\"312\">Eviers semi-encastr\u00e9s<\/td>\n<\/tr>\n<tr style=\"height: 18.00pt;\">\n<td class=\"et3\" style=\"height: 18.00pt;\" height=\"24\">Forme<\/td>\n<td class=\"et3\">Forme ovale<\/td>\n<\/tr>\n<tr style=\"height: 34.50pt;\">\n<td class=\"et4\" style=\"height: 34.50pt;\" height=\"46\">Couleur<\/td>\n<td class=\"et5\" style=\"width: 234.15pt;\" width=\"312\">noir\/blanc\/bleu\/gris\/rose\/vert\/marron\/kaki<\/td>\n<\/tr>\n<tr style=\"height: 18.00pt;\">\n<td class=\"et3\" style=\"height: 18.00pt;\" height=\"24\">Dimension<\/td>\n<td class=\"et5\" style=\"width: 234.15pt;\" width=\"312\">50*43*17<\/td>\n<\/tr>\n<tr style=\"height: 17.25pt;\">\n<td class=\"et3\" style=\"height: 17.25pt;\" height=\"23\">N.W \/SET<\/td>\n<td class=\"et3\">9KGS\/PCS<\/td>\n<\/tr>\n<tr style=\"height: 17.25pt;\">\n<td class=\"et3\" style=\"height: 17.25pt;\" height=\"23\">MOQ<\/td>\n<td class=\"et3\">20pcs<\/td>\n<\/tr>\n<tr style=\"height: 17.25pt;\">\n<td class=\"et3\" style=\"height: 17.25pt;\" height=\"23\">Option personnalis\u00e9e<\/td>\n<td class=\"et3\">Couleur\/Pattenue\/Taille\/Logo\/Emballage<\/td>\n<\/tr>\n<\/tbody>\n<\/table>","protected":false},"featured_media":5315,"comment_status":"closed","ping_status":"closed","template":"","meta":{"_acf_changed":false},"product_brand":[],"product_cat":[58],"product_tag":[],"class_list":{"0":"post-5327","1":"product","2":"type-product","3":"status-publish","4":"has-post-thumbnail","6":"product_cat-wholesale-semi-recessed-sinks","8":"first","9":"instock","10":"shipping-taxable","11":"product-type-simple"},"acf":[],"_links":{"self":[{"href":"https:\/\/www.ceramicbasin.com\/fr\/wp-json\/wp\/v2\/product\/5327","targetHints":{"allow":["GET"]}}],"collection":[{"href":"https:\/\/www.ceramicbasin.com\/fr\/wp-json\/wp\/v2\/product"}],"about":[{"href":"https:\/\/www.ceramicbasin.com\/fr\/wp-json\/wp\/v2\/types\/product"}],"replies":[{"embeddable":true,"href":"https:\/\/www.ceramicbasin.com\/fr\/wp-json\/wp\/v2\/comments?post=5327"}],"wp:featuredmedia":[{"embeddable":true,"href":"https:\/\/www.ceramicbasin.com\/fr\/wp-json\/wp\/v2\/media\/5315"}],"wp:attachment":[{"href":"https:\/\/www.ceramicbasin.com\/fr\/wp-json\/wp\/v2\/media?parent=5327"}],"wp:term":[{"taxonomy":"product_brand","embeddable":true,"href":"https:\/\/www.ceramicbasin.com\/fr\/wp-json\/wp\/v2\/product_brand?post=5327"},{"taxonomy":"product_cat","embeddable":true,"href":"https:\/\/www.ceramicbasin.com\/fr\/wp-json\/wp\/v2\/product_cat?post=5327"},{"taxonomy":"product_tag","embeddable":true,"href":"https:\/\/www.ceramicbasin.com\/fr\/wp-json\/wp\/v2\/product_tag?post=5327"}],"curies":[{"name":"wp","href":"https:\/\/api.w.org\/{rel}","templated":true}]}}