{"id":5328,"date":"2024-10-25T01:06:25","date_gmt":"2024-10-25T01:06:25","guid":{"rendered":"https:\/\/www.ceramicbasin.com\/?post_type=product&#038;p=5328"},"modified":"2024-10-25T01:06:30","modified_gmt":"2024-10-25T01:06:30","slug":"wholesale-wash-basin-semi-recessed-2","status":"publish","type":"product","link":"https:\/\/www.ceramicbasin.com\/fr\/produit\/wholesale-wash-basin-semi-recessed-2\/","title":{"rendered":"Wholesale Wash Basin Semi Recessed Ceramic Bathroom Sink"},"content":{"rendered":"<div class=\"wp-block-columns is-layout-flex wp-container-core-columns-is-layout-9d6595d7 wp-block-columns-is-layout-flex\">\n<div class=\"wp-block-column is-layout-flow wp-block-column-is-layout-flow\">\n<h2 class=\"wp-block-heading\">Premium Wholesale Wash Basin Semi Recessed Features :<\/h2>\n\n\n\n<ul class=\"wp-block-list\">\n<li><strong>Personnalisation illimit\u00e9e :\u00a0<\/strong>En tant que fabricant professionnel de lavabos en c\u00e9ramique, HanYu fournit une gamme compl\u00e8te de lavabos semi-encastr\u00e9s en gros, y compris les formes, les tailles, les couleurs, etc. pour r\u00e9pondre \u00e0 vos besoins commerciaux.<\/li>\n\n\n\n<li><strong>Qualit\u00e9 sup\u00e9rieure :&nbsp;<\/strong>Nos \u00e9viers de salle de bain en porcelaine sont fabriqu\u00e9s en argile porcelaine de haute qualit\u00e9, avec une texture fine et une haute brillance, montrant une excellente qualit\u00e9.<\/li>\n\n\n\n<li><strong>Avantage de prix :\u00a0<\/strong>Nous fournissons des services de commande en gros pour les lavabos semi-encastr\u00e9s, qui sont non seulement abordables, mais aussi livr\u00e9s rapidement, adapt\u00e9s aux projets commerciaux et \u00e0 la d\u00e9coration r\u00e9sidentielle \u00e0 grande \u00e9chelle, r\u00e9pondant aux besoins de haute efficacit\u00e9 et de faible co\u00fbt.<\/li>\n\n\n\n<li><strong>Livraison rapide :\u00a0<\/strong>Nos \u00e9viers de salle de bain en porcelaine sont en stock, sans attendre un long cycle de production. Apr\u00e8s avoir pass\u00e9 une commande, la livraison peut \u00eatre organis\u00e9e rapidement, ce qui r\u00e9duit consid\u00e9rablement le temps de r\u00e9alisation de votre projet et r\u00e9pond aux besoins urgents.<\/li>\n<\/ul>\n<\/div>\n\n\n\n<div class=\"wp-block-column is-layout-flow wp-block-column-is-layout-flow\">\n<figure class=\"wp-block-image size-full is-resized\"><img fetchpriority=\"high\" decoding=\"async\" width=\"1804\" height=\"1665\" src=\"https:\/\/www.ceramicbasin.com\/wp-content\/uploads\/2024\/10\/Fashion-design-ceramic-basin-factory-hot-sale-semi-recessed-sink-5.webp\" alt=\"Wholesale Wash Basin Semi Recessed Ceramic Bathroom Sink-1\" class=\"wp-image-5321\" style=\"width:404px;height:auto\" srcset=\"https:\/\/www.ceramicbasin.com\/wp-content\/uploads\/2024\/10\/Fashion-design-ceramic-basin-factory-hot-sale-semi-recessed-sink-5.webp 1804w, https:\/\/www.ceramicbasin.com\/wp-content\/uploads\/2024\/10\/Fashion-design-ceramic-basin-factory-hot-sale-semi-recessed-sink-5-300x277.webp 300w, https:\/\/www.ceramicbasin.com\/wp-content\/uploads\/2024\/10\/Fashion-design-ceramic-basin-factory-hot-sale-semi-recessed-sink-5-768x709.webp 768w, https:\/\/www.ceramicbasin.com\/wp-content\/uploads\/2024\/10\/Fashion-design-ceramic-basin-factory-hot-sale-semi-recessed-sink-5-13x12.webp 13w, https:\/\/www.ceramicbasin.com\/wp-content\/uploads\/2024\/10\/Fashion-design-ceramic-basin-factory-hot-sale-semi-recessed-sink-5-285x263.webp 285w, https:\/\/www.ceramicbasin.com\/wp-content\/uploads\/2024\/10\/Fashion-design-ceramic-basin-factory-hot-sale-semi-recessed-sink-5-1600x1477.webp 1600w, https:\/\/www.ceramicbasin.com\/wp-content\/uploads\/2024\/10\/Fashion-design-ceramic-basin-factory-hot-sale-semi-recessed-sink-5-660x609.webp 660w, https:\/\/www.ceramicbasin.com\/wp-content\/uploads\/2024\/10\/Fashion-design-ceramic-basin-factory-hot-sale-semi-recessed-sink-5-150x138.webp 150w\" sizes=\"(max-width: 1804px) 100vw, 1804px\" \/><\/figure>\n<\/div>\n<\/div>\n\n\n\n<p><\/p>","protected":false},"excerpt":{"rendered":"<p>Bienvenue pour acheter en gros des lavabos semi-encastr\u00e9s. Nos \u00e9viers de salle de bain en porcelaine sont fabriqu\u00e9s en argile porcelaine de haute qualit\u00e9, avec une texture fine et une haute brillance, montrant une excellente qualit\u00e9. Nos \u00e9viers de salle de bain en porcelaine sont en stock, sans attendre un long cycle de production.\u00a0<\/p>\n<table style=\"border-collapse: collapse; width: 358.52pt;\" border=\"0\" width=\"478\" cellspacing=\"0\" cellpadding=\"0\">\n<tbody>\n<tr style=\"height: 17.25pt;\">\n<td class=\"et3\" style=\"height: 17.25pt; width: 125.00pt;\" width=\"166\" height=\"23\">Fabricant<\/td>\n<td class=\"et3\" style=\"width: 234.15pt;\" width=\"312\">HanYu<\/td>\n<\/tr>\n<tr style=\"height: 17.25pt;\">\n<td class=\"et3\" style=\"height: 17.25pt;\" height=\"23\">Num\u00e9ro de mod\u00e8le.<\/td>\n<td class=\"et4\">HY-5091<\/td>\n<\/tr>\n<tr style=\"height: 17.25pt;\">\n<td class=\"et3\" style=\"height: 17.25pt;\" height=\"23\">Type<\/td>\n<td class=\"et5\" style=\"width: 234.15pt;\" width=\"312\">Eviers semi-encastr\u00e9s<\/td>\n<\/tr>\n<tr style=\"height: 18.00pt;\">\n<td class=\"et3\" style=\"height: 18.00pt;\" height=\"24\">Forme<\/td>\n<td class=\"et3\">Forme ovale<\/td>\n<\/tr>\n<tr style=\"height: 34.50pt;\">\n<td class=\"et4\" style=\"height: 34.50pt;\" height=\"46\">Couleur<\/td>\n<td class=\"et5\" style=\"width: 234.15pt;\" width=\"312\">noir\/blanc\/bleu\/gris\/rose\/vert\/marron\/kaki<\/td>\n<\/tr>\n<tr style=\"height: 18.00pt;\">\n<td class=\"et3\" style=\"height: 18.00pt;\" height=\"24\">Dimension<\/td>\n<td class=\"et5\" style=\"width: 234.15pt;\" width=\"312\">50*40*16.5<\/td>\n<\/tr>\n<tr style=\"height: 17.25pt;\">\n<td class=\"et3\" style=\"height: 17.25pt;\" height=\"23\">N.W \/SET<\/td>\n<td class=\"et3\">10KGS\/PCS<\/td>\n<\/tr>\n<tr style=\"height: 17.25pt;\">\n<td class=\"et3\" style=\"height: 17.25pt;\" height=\"23\">MOQ<\/td>\n<td class=\"et3\">20pcs<\/td>\n<\/tr>\n<tr style=\"height: 17.25pt;\">\n<td class=\"et3\" style=\"height: 17.25pt;\" height=\"23\">Option personnalis\u00e9e<\/td>\n<td class=\"et3\">Couleur\/Pattenue\/Taille\/Logo\/Emballage<\/td>\n<\/tr>\n<\/tbody>\n<\/table>","protected":false},"featured_media":5320,"comment_status":"closed","ping_status":"closed","template":"","meta":{"_acf_changed":false},"product_brand":[],"product_cat":[58],"product_tag":[],"class_list":{"0":"post-5328","1":"product","2":"type-product","3":"status-publish","4":"has-post-thumbnail","6":"product_cat-wholesale-semi-recessed-sinks","8":"first","9":"instock","10":"shipping-taxable","11":"product-type-simple"},"acf":[],"_links":{"self":[{"href":"https:\/\/www.ceramicbasin.com\/fr\/wp-json\/wp\/v2\/product\/5328","targetHints":{"allow":["GET"]}}],"collection":[{"href":"https:\/\/www.ceramicbasin.com\/fr\/wp-json\/wp\/v2\/product"}],"about":[{"href":"https:\/\/www.ceramicbasin.com\/fr\/wp-json\/wp\/v2\/types\/product"}],"replies":[{"embeddable":true,"href":"https:\/\/www.ceramicbasin.com\/fr\/wp-json\/wp\/v2\/comments?post=5328"}],"wp:featuredmedia":[{"embeddable":true,"href":"https:\/\/www.ceramicbasin.com\/fr\/wp-json\/wp\/v2\/media\/5320"}],"wp:attachment":[{"href":"https:\/\/www.ceramicbasin.com\/fr\/wp-json\/wp\/v2\/media?parent=5328"}],"wp:term":[{"taxonomy":"product_brand","embeddable":true,"href":"https:\/\/www.ceramicbasin.com\/fr\/wp-json\/wp\/v2\/product_brand?post=5328"},{"taxonomy":"product_cat","embeddable":true,"href":"https:\/\/www.ceramicbasin.com\/fr\/wp-json\/wp\/v2\/product_cat?post=5328"},{"taxonomy":"product_tag","embeddable":true,"href":"https:\/\/www.ceramicbasin.com\/fr\/wp-json\/wp\/v2\/product_tag?post=5328"}],"curies":[{"name":"wp","href":"https:\/\/api.w.org\/{rel}","templated":true}]}}