{"id":5358,"date":"2024-10-17T03:21:19","date_gmt":"2024-10-17T03:21:19","guid":{"rendered":"https:\/\/www.ceramicbasin.com\/?post_type=product&#038;p=5358"},"modified":"2024-10-17T09:27:30","modified_gmt":"2024-10-17T09:27:30","slug":"vessel-sinks-wholesale","status":"publish","type":"product","link":"https:\/\/www.ceramicbasin.com\/fr\/produit\/vessel-sinks-wholesale\/","title":{"rendered":"New Glossy Ceramic Vessel Sinks Wholesale, Countertop Basin (vasque en c\u00e9ramique brillante)"},"content":{"rendered":"<div class=\"wp-block-columns is-layout-flex wp-container-core-columns-is-layout-9d6595d7 wp-block-columns-is-layout-flex\">\n<div class=\"wp-block-column is-layout-flow wp-block-column-is-layout-flow\">\n<h2 class=\"wp-block-heading\">Premium Vessel Sinks Wholesale Caract\u00e9ristiques :<\/h2>\n\n\n\n<ul class=\"wp-block-list\">\n<li><strong>Design \u00e9l\u00e9gant :<\/strong> Nos lavabos au-dessus du comptoir ajoutent une touche d'\u00e9l\u00e9gance et de modernit\u00e9 \u00e0 n'importe quelle salle de bains et en font un point de mire stylis\u00e9.<\/li>\n\n\n\n<li><strong>Mat\u00e9riau c\u00e9ramique de haute qualit\u00e9 :<\/strong> Ces vasques de comptoir personnalis\u00e9es en gros sont fabriqu\u00e9es en verre de haute qualit\u00e9, avec une transparence \u00e9lev\u00e9e et une texture d\u00e9licate, qui a d'excellents effets visuels et un sens moderne, assurant la durabilit\u00e9 et la beaut\u00e9 du produit.<\/li>\n\n\n\n<li><strong>Installation facile :<\/strong> Con\u00e7us pour \u00eatre install\u00e9s au-dessus du comptoir, ces \u00e9viers blancs sont faciles \u00e0 installer, offrant une solution sans probl\u00e8me pour les nouvelles constructions et les r\u00e9novations de salles de bains.<\/li>\n\n\n\n<li><strong>Grande capacit\u00e9 de production :<\/strong> Notre grand entrep\u00f4t contient divers types de lavabos de salle de bain en gros. Choisissez les articles qui sont en production, nous avons assez de lavabos blancs pour faire des lavabos de comptoir personnalis\u00e9s en gros, le d\u00e9lai d'exp\u00e9dition sera beaucoup plus court.<\/li>\n<\/ul>\n<\/div>\n\n\n\n<div class=\"wp-block-column is-layout-flow wp-block-column-is-layout-flow\">\n<figure class=\"wp-block-image size-full\"><img fetchpriority=\"high\" decoding=\"async\" width=\"1345\" height=\"1787\" src=\"https:\/\/www.ceramicbasin.com\/wp-content\/uploads\/2024\/10\/Counter-Top-Hand-Wash-Basin-6.webp\" alt=\"New Glossy Ceramic Vessel Sinks Wholesale, Countertop Basin-1 (\u00e9viers de cuve en c\u00e9ramique brillante)\" class=\"wp-image-5359\" srcset=\"https:\/\/www.ceramicbasin.com\/wp-content\/uploads\/2024\/10\/Counter-Top-Hand-Wash-Basin-6.webp 1345w, https:\/\/www.ceramicbasin.com\/wp-content\/uploads\/2024\/10\/Counter-Top-Hand-Wash-Basin-6-226x300.webp 226w, https:\/\/www.ceramicbasin.com\/wp-content\/uploads\/2024\/10\/Counter-Top-Hand-Wash-Basin-6-768x1020.webp 768w, https:\/\/www.ceramicbasin.com\/wp-content\/uploads\/2024\/10\/Counter-Top-Hand-Wash-Basin-6-9x12.webp 9w, https:\/\/www.ceramicbasin.com\/wp-content\/uploads\/2024\/10\/Counter-Top-Hand-Wash-Basin-6-285x379.webp 285w, https:\/\/www.ceramicbasin.com\/wp-content\/uploads\/2024\/10\/Counter-Top-Hand-Wash-Basin-6-497x660.webp 497w, https:\/\/www.ceramicbasin.com\/wp-content\/uploads\/2024\/10\/Counter-Top-Hand-Wash-Basin-6-113x150.webp 113w\" sizes=\"(max-width: 1345px) 100vw, 1345px\" \/><\/figure>\n<\/div>\n<\/div>\n\n\n\n<p><\/p>","protected":false},"excerpt":{"rendered":"<p>Bienvenue sur notre site de vente en gros de lavabos \u00e0 poser. Nos lavabos au-dessus du comptoir ont un design moderne et \u00e0 la mode avec des lignes douces, ils conviennent \u00e0 divers am\u00e9nagements de salle de bains, ces lavabos blancs brillants sont faciles \u00e0 installer.<\/p>\n<table style=\"border-collapse: collapse; width: 358.52pt;\" border=\"0\" width=\"478\" cellspacing=\"0\" cellpadding=\"0\">\n<tbody>\n<tr style=\"height: 17.25pt;\">\n<td class=\"et3\" style=\"height: 17.25pt; width: 125.00pt;\" width=\"166\" height=\"23\">Fabricant<\/td>\n<td class=\"et3\" style=\"width: 234.15pt;\" width=\"312\">HanYu<\/td>\n<\/tr>\n<tr style=\"height: 17.25pt;\">\n<td class=\"et3\" style=\"height: 17.25pt;\" height=\"23\">Num\u00e9ro de mod\u00e8le.<\/td>\n<td class=\"et4\">HY-8137<\/td>\n<\/tr>\n<tr style=\"height: 17.25pt;\">\n<td class=\"et3\" style=\"height: 17.25pt;\" height=\"23\">Type<\/td>\n<td class=\"et5\" style=\"width: 234.15pt;\" width=\"312\">Evier de comptoir<\/td>\n<\/tr>\n<tr style=\"height: 18.00pt;\">\n<td class=\"et3\" style=\"height: 18.00pt;\" height=\"24\">Forme<\/td>\n<td class=\"et3\">Forme rectangulaire<\/td>\n<\/tr>\n<tr style=\"height: 34.50pt;\">\n<td class=\"et4\" style=\"height: 34.50pt;\" height=\"46\">Couleur<\/td>\n<td class=\"et5\" style=\"width: 234.15pt;\" width=\"312\">Blanc<\/td>\n<\/tr>\n<tr style=\"height: 18.00pt;\">\n<td class=\"et3\" style=\"height: 18.00pt;\" height=\"24\">Dimension<\/td>\n<td class=\"et5\" style=\"width: 234.15pt;\" width=\"312\">47*35.5*14<\/td>\n<\/tr>\n<tr style=\"height: 17.25pt;\">\n<td class=\"et3\" style=\"height: 17.25pt;\" height=\"23\">N.W \/SET<\/td>\n<td class=\"et3\">11 KGS\/PCS<\/td>\n<\/tr>\n<tr style=\"height: 17.25pt;\">\n<td class=\"et3\" style=\"height: 17.25pt;\" height=\"23\">MOQ<\/td>\n<td class=\"et3\">20pcs<\/td>\n<\/tr>\n<tr style=\"height: 17.25pt;\">\n<td class=\"et3\" style=\"height: 17.25pt;\" height=\"23\">Option personnalis\u00e9e<\/td>\n<td class=\"et3\">Couleur\/Pattenue\/Taille\/Logo\/Emballage<\/td>\n<\/tr>\n<\/tbody>\n<\/table>","protected":false},"featured_media":5360,"comment_status":"closed","ping_status":"closed","template":"","meta":{"_acf_changed":false},"product_brand":[],"product_cat":[50],"product_tag":[],"class_list":{"0":"post-5358","1":"product","2":"type-product","3":"status-publish","4":"has-post-thumbnail","6":"product_cat-wholesale-countertop-sinks","8":"first","9":"instock","10":"shipping-taxable","11":"product-type-simple"},"acf":[],"_links":{"self":[{"href":"https:\/\/www.ceramicbasin.com\/fr\/wp-json\/wp\/v2\/product\/5358","targetHints":{"allow":["GET"]}}],"collection":[{"href":"https:\/\/www.ceramicbasin.com\/fr\/wp-json\/wp\/v2\/product"}],"about":[{"href":"https:\/\/www.ceramicbasin.com\/fr\/wp-json\/wp\/v2\/types\/product"}],"replies":[{"embeddable":true,"href":"https:\/\/www.ceramicbasin.com\/fr\/wp-json\/wp\/v2\/comments?post=5358"}],"wp:featuredmedia":[{"embeddable":true,"href":"https:\/\/www.ceramicbasin.com\/fr\/wp-json\/wp\/v2\/media\/5360"}],"wp:attachment":[{"href":"https:\/\/www.ceramicbasin.com\/fr\/wp-json\/wp\/v2\/media?parent=5358"}],"wp:term":[{"taxonomy":"product_brand","embeddable":true,"href":"https:\/\/www.ceramicbasin.com\/fr\/wp-json\/wp\/v2\/product_brand?post=5358"},{"taxonomy":"product_cat","embeddable":true,"href":"https:\/\/www.ceramicbasin.com\/fr\/wp-json\/wp\/v2\/product_cat?post=5358"},{"taxonomy":"product_tag","embeddable":true,"href":"https:\/\/www.ceramicbasin.com\/fr\/wp-json\/wp\/v2\/product_tag?post=5358"}],"curies":[{"name":"wp","href":"https:\/\/api.w.org\/{rel}","templated":true}]}}