{"id":5374,"date":"2024-10-17T06:55:20","date_gmt":"2024-10-17T06:55:20","guid":{"rendered":"https:\/\/www.ceramicbasin.com\/?post_type=product&#038;p=5374"},"modified":"2024-10-17T09:44:05","modified_gmt":"2024-10-17T09:44:05","slug":"bespoke-sinks-for-bathroom","status":"publish","type":"product","link":"https:\/\/www.ceramicbasin.com\/fr\/produit\/bespoke-sinks-for-bathroom\/","title":{"rendered":"Lavabos en c\u00e9ramique sur mesure pour salle de bains, lavabos \u00e0 poser"},"content":{"rendered":"<div class=\"wp-block-columns is-layout-flex wp-container-core-columns-is-layout-9d6595d7 wp-block-columns-is-layout-flex\">\n<div class=\"wp-block-column is-layout-flow wp-block-column-is-layout-flow\">\n<h2 class=\"wp-block-heading\">Premium Bespoke Sinks For Bathroom Caract\u00e9ristiques :<\/h2>\n\n\n\n<ul class=\"wp-block-list\">\n<li><strong>Dentelle exquise : <\/strong>Nos \u00e9viers en c\u00e9ramique pour la salle de bains adoptent un design unique en forme de dentelle. La d\u00e9licatesse du travail artisanal ajoute \u00e0 la beaut\u00e9 g\u00e9n\u00e9rale, en faisant preuve d'\u00e9l\u00e9gance et de personnalit\u00e9. Il peut ajouter une atmosph\u00e8re artistique unique \u00e0 l'espace de la salle de bains et attirer l'attention.<\/li>\n\n\n\n<li><strong>Service sur mesure et conception personnalis\u00e9e : <\/strong>Nous proposons des services flexibles de fabrication d'\u00e9viers sur mesure, qui peuvent \u00eatre personnalis\u00e9s en fonction des besoins du client en termes de taille, de couleur et de style de dentelle, s'adaptant parfaitement au style de d\u00e9coration des diff\u00e9rentes salles de bains et r\u00e9pondant aux besoins uniques des clients.<\/li>\n\n\n\n<li><strong>Installation facile :<\/strong> Con\u00e7us pour \u00eatre mont\u00e9s au-dessus du comptoir, ces lavabos sur mesure pour salle de bains sont faciles \u00e0 installer et constituent une solution sans probl\u00e8me pour les nouvelles constructions et les r\u00e9novations de salles de bains.<\/li>\n\n\n\n<li><strong>Surface lisse facile \u00e0 nettoyer : <\/strong>Ces \u00e9viers sur mesure pour la salle de bains ont une surface lisse et d\u00e9licate, avec un traitement de gla\u00e7age de haute qualit\u00e9, une bonne r\u00e9sistance aux taches et une bonne imperm\u00e9abilit\u00e9. Ils sont tr\u00e8s faciles \u00e0 nettoyer et \u00e0 entretenir, ce qui garantit l'hygi\u00e8ne et la propret\u00e9 de l'environnement de la salle de bains.<\/li>\n<\/ul>\n<\/div>\n\n\n\n<div class=\"wp-block-column is-layout-flow wp-block-column-is-layout-flow\">\n<figure class=\"wp-block-image size-full\"><img fetchpriority=\"high\" decoding=\"async\" width=\"980\" height=\"1348\" src=\"https:\/\/www.ceramicbasin.com\/wp-content\/uploads\/2024\/10\/Round-Shape-New-Style-basin-6.webp\" alt=\"Lavabos en c\u00e9ramique sur mesure pour salle de bains, lavabos \u00e0 poser-1\" class=\"wp-image-5375\" srcset=\"https:\/\/www.ceramicbasin.com\/wp-content\/uploads\/2024\/10\/Round-Shape-New-Style-basin-6.webp 980w, https:\/\/www.ceramicbasin.com\/wp-content\/uploads\/2024\/10\/Round-Shape-New-Style-basin-6-218x300.webp 218w, https:\/\/www.ceramicbasin.com\/wp-content\/uploads\/2024\/10\/Round-Shape-New-Style-basin-6-768x1056.webp 768w, https:\/\/www.ceramicbasin.com\/wp-content\/uploads\/2024\/10\/Round-Shape-New-Style-basin-6-9x12.webp 9w, https:\/\/www.ceramicbasin.com\/wp-content\/uploads\/2024\/10\/Round-Shape-New-Style-basin-6-285x392.webp 285w, https:\/\/www.ceramicbasin.com\/wp-content\/uploads\/2024\/10\/Round-Shape-New-Style-basin-6-480x660.webp 480w, https:\/\/www.ceramicbasin.com\/wp-content\/uploads\/2024\/10\/Round-Shape-New-Style-basin-6-109x150.webp 109w\" sizes=\"(max-width: 980px) 100vw, 980px\" \/><\/figure>\n<\/div>\n<\/div>\n\n\n\n<p><\/p>","protected":false},"excerpt":{"rendered":"<p>Bienvenue \u00e0 l'\u00e9vier sur mesure pour votre projet. Cet \u00e9vier en c\u00e9ramique sur mesure pour la salle de bains se distingue par son design en dentelle exquis, qui t\u00e9moigne d'un sens de l'art unique. Fabriqu\u00e9 en c\u00e9ramique de haute qualit\u00e9, il est durable, lisse et facile \u00e0 nettoyer. Nous fournissons des services complets d'\u00e9vier de salle de bain sur mesure pour r\u00e9pondre aux besoins personnalis\u00e9s des clients en mati\u00e8re de taille et de design.<\/p>\n<table style=\"border-collapse: collapse; width: 358.52pt;\" border=\"0\" width=\"478\" cellspacing=\"0\" cellpadding=\"0\">\n<tbody>\n<tr style=\"height: 17.25pt;\">\n<td class=\"et3\" style=\"height: 17.25pt; width: 125.00pt;\" width=\"166\" height=\"23\">Fabricant<\/td>\n<td class=\"et3\" style=\"width: 234.15pt;\" width=\"312\">HanYu<\/td>\n<\/tr>\n<tr style=\"height: 17.25pt;\">\n<td class=\"et3\" style=\"height: 17.25pt;\" height=\"23\">Num\u00e9ro de mod\u00e8le.<\/td>\n<td class=\"et4\">HY-8239<\/td>\n<\/tr>\n<tr style=\"height: 17.25pt;\">\n<td class=\"et3\" style=\"height: 17.25pt;\" height=\"23\">Type<\/td>\n<td class=\"et5\" style=\"width: 234.15pt;\" width=\"312\">Evier de comptoir<\/td>\n<\/tr>\n<tr style=\"height: 18.00pt;\">\n<td class=\"et3\" style=\"height: 18.00pt;\" height=\"24\">Forme<\/td>\n<td class=\"et3\">Forme ronde<\/td>\n<\/tr>\n<tr style=\"height: 34.50pt;\">\n<td class=\"et4\" style=\"height: 34.50pt;\" height=\"46\">Couleur<\/td>\n<td class=\"et5\" style=\"width: 234.15pt;\" width=\"312\">blanc<\/td>\n<\/tr>\n<tr style=\"height: 18.00pt;\">\n<td class=\"et3\" style=\"height: 18.00pt;\" height=\"24\">Dimension<\/td>\n<td class=\"et5\" style=\"width: 234.15pt;\" width=\"312\">38*38*11<\/td>\n<\/tr>\n<tr style=\"height: 17.25pt;\">\n<td class=\"et3\" style=\"height: 17.25pt;\" height=\"23\">N.W \/SET<\/td>\n<td class=\"et3\">8 KGS\/PCS<\/td>\n<\/tr>\n<tr style=\"height: 17.25pt;\">\n<td class=\"et3\" style=\"height: 17.25pt;\" height=\"23\">MOQ<\/td>\n<td class=\"et3\">20pcs<\/td>\n<\/tr>\n<tr style=\"height: 17.25pt;\">\n<td class=\"et3\" style=\"height: 17.25pt;\" height=\"23\">Option personnalis\u00e9e<\/td>\n<td class=\"et3\">Couleur\/Pattenue\/Taille\/Logo\/Emballage<\/td>\n<\/tr>\n<\/tbody>\n<\/table>","protected":false},"featured_media":5376,"comment_status":"closed","ping_status":"closed","template":"","meta":{"_acf_changed":false},"product_brand":[],"product_cat":[50],"product_tag":[],"class_list":{"0":"post-5374","1":"product","2":"type-product","3":"status-publish","4":"has-post-thumbnail","6":"product_cat-wholesale-countertop-sinks","8":"first","9":"instock","10":"shipping-taxable","11":"product-type-simple"},"acf":[],"_links":{"self":[{"href":"https:\/\/www.ceramicbasin.com\/fr\/wp-json\/wp\/v2\/product\/5374","targetHints":{"allow":["GET"]}}],"collection":[{"href":"https:\/\/www.ceramicbasin.com\/fr\/wp-json\/wp\/v2\/product"}],"about":[{"href":"https:\/\/www.ceramicbasin.com\/fr\/wp-json\/wp\/v2\/types\/product"}],"replies":[{"embeddable":true,"href":"https:\/\/www.ceramicbasin.com\/fr\/wp-json\/wp\/v2\/comments?post=5374"}],"wp:featuredmedia":[{"embeddable":true,"href":"https:\/\/www.ceramicbasin.com\/fr\/wp-json\/wp\/v2\/media\/5376"}],"wp:attachment":[{"href":"https:\/\/www.ceramicbasin.com\/fr\/wp-json\/wp\/v2\/media?parent=5374"}],"wp:term":[{"taxonomy":"product_brand","embeddable":true,"href":"https:\/\/www.ceramicbasin.com\/fr\/wp-json\/wp\/v2\/product_brand?post=5374"},{"taxonomy":"product_cat","embeddable":true,"href":"https:\/\/www.ceramicbasin.com\/fr\/wp-json\/wp\/v2\/product_cat?post=5374"},{"taxonomy":"product_tag","embeddable":true,"href":"https:\/\/www.ceramicbasin.com\/fr\/wp-json\/wp\/v2\/product_tag?post=5374"}],"curies":[{"name":"wp","href":"https:\/\/api.w.org\/{rel}","templated":true}]}}